{"id":76573,"date":"2026-03-11T09:58:12","date_gmt":"2026-03-11T09:58:12","guid":{"rendered":"https:\/\/servifibal.cat\/?post_type=product&#038;p=76573"},"modified":"2026-03-11T09:58:12","modified_gmt":"2026-03-11T09:58:12","slug":"balanzas-pc-cs-2250-neo-ux-doble-cuerpo-tickets-3","status":"publish","type":"product","link":"https:\/\/servifibal.cat\/es\/prod\/balanzas-pc-cs-2250-neo-ux-doble-cuerpo-tickets-3\/","title":{"rendered":"Balanzas PC CS-2250 Neo UX Doble Cuerpo Tickets 3&#8243;"},"content":{"rendered":"<h3>Caracter\u00edsticas principales<\/h3>\n<ul>\n<li><strong>Balanza comercial con arquitectura PC de altas prestaciones con doble TFT a color.<\/strong><\/li>\n<li><strong>Modelos con 1 impresora de tickets de 3&#8243; con autocutter.<\/strong><\/li>\n<li><strong>Dise\u00f1o moderno, compacto y de f\u00e1cil limpieza.<\/strong><\/li>\n<li><strong>Manejo intuitivo.<\/strong><\/li>\n<li><strong>Pantalla de vendedor configurable y personalizable.<\/strong><\/li>\n<li><strong>Pantalla de comprador como soporte publicitario din\u00e1mico y m\u00e1s est\u00e9tico.<\/strong><\/li>\n<li><strong>Cumple con el reglamento UE 1169\/2011 referente a la informaci\u00f3n alimentaria obligatoria.<\/strong><\/li>\n<li><strong>Software de facturaci\u00f3n certificado para Verifactu: Cumple con los requisitos del sistema Verifactu y se integra f\u00e1cilmente en tu negocio.<\/strong><\/li>\n<\/ul>\n<h3>Prestaciones<\/h3>\n<ul>\n<li><strong>Funciones disponibles con el software integrado:<\/strong>\n<ul>\n<li>Configuraci\u00f3n de la balanza en 5 pasos.<\/li>\n<li>Configuraci\u00f3n de pantallas de usuario (tanto para venta asistida como para autoservicio). Cada usuario puede tener acceso a sus propias plantillas de venta, que pueden estar asociadas a los permisos de acceso previamente definidos.<\/li>\n<li>Pantallas operativas modernas, sencillas y muy intuitivas que facilitan el uso y mejoran la experiencia del vendedor.<\/li>\n<li>Ticket flotante: Ticket compartido entre los diferentes equipos en red.<\/li>\n<li>N_Equipos: Sincronizaci\u00f3n de datos entre equipos.<\/li>\n<li>Acceso web a la balanza.<\/li>\n<li>Soporte para la venta cruzada: Asociaci\u00f3n de la venta de un producto a la imagen de otro producto complementario cuya imagen se muestra en la pantalla del comprador.<\/li>\n<li>Biblioteca de v\u00eddeos incluida en la balanza para apoyo promocional.<\/li>\n<li>N\u00famero ilimitado de teclas de art\u00edculo (mediante pantallas sucesivas).<\/li>\n<li>Todos los botones pueden incluir textos, iconos, fotos, etc.<\/li>\n<li>Posibilidad de ordenaci\u00f3n autom\u00e1tica de los botones por distintos criterios: c\u00f3digo, nombre, descripci\u00f3n y tecla directa.<\/li>\n<li>Teclado configurable seg\u00fan preferencias: PLUs, secciones, vendedores, teclado QWERTY o ABC, etc.<\/li>\n<li>Acceso r\u00e1pido para alta de art\u00edculos, vendedores y secciones.<\/li>\n<li>Visualizaci\u00f3n opcional del ticket o la etiqueta en pantalla de vendedor.<\/li>\n<li>Ticket en display comprador.<\/li>\n<li>F\u00e1cil cancelaci\u00f3n de l\u00edneas de ticket.<\/li>\n<li>F\u00e1cil rectificaci\u00f3n de ticket.<\/li>\n<li>Impresi\u00f3n de tickets y etiquetas con fuentes de letra TrueType.<\/li>\n<li>Dise\u00f1o de tickets y etiquetas.<\/li>\n<li>Personalizaci\u00f3n de cabecera y logos en tickets.<\/li>\n<li>Cierre de caja.<\/li>\n<li>Generaci\u00f3n de listados de ventas, totales o detalladas (por art\u00edculo, cliente, vendedor, periodo\u2026) con triple posibilidad de salida: en pantalla, en la impresora de la balanza o exportables.<\/li>\n<li>Gesti\u00f3n de trazabilidad.<\/li>\n<li>Opci\u00f3n de grabar precio de reposici\u00f3n y precio de oferta por art\u00edculo.<\/li>\n<li>Tarifas asociadas a cada tienda o cliente.<\/li>\n<li>Migraci\u00f3n de datos.<\/li>\n<li>Copias de seguridad.<\/li>\n<li>Arranque autom\u00e1tico.<\/li>\n<li>Teamviewer.<\/li>\n<\/ul>\n<\/li>\n<\/ul>\n<h3>Alcance \/ Precisi\u00f3n<\/h3>\n<ul>\n<li><strong>Espa\u00f1a: Mono-rango (3.000 divisiones): 15 kg \/ 5 g.<\/strong><\/li>\n<li><strong>Opcional:\u00a0<\/strong>\n<ul>\n<li>Mono-rango (3.000 divisiones): 30 kg \/ 10 g.<\/li>\n<li>Multi-rango (3.000 divisiones): 6 kg \/ 2 g &#8211; 15 kg \/ 5 g o 15 kg \/ 5 g &#8211; 30 kg \/ 10 g<strong>.<\/strong><\/li>\n<\/ul>\n<\/li>\n<li><strong>Exportaci\u00f3n: Multi-rango (3.000 divisiones): 6 kg \/ 2 g &#8211; 15 kg \/ 5 g.<\/strong><\/li>\n<li><strong>Opcional:<\/strong>\n<ul>\n<li>Mono-rango (3.000 divisiones): 15 kg \/ 5 g o 30 kg \/ 10 g.<\/li>\n<li>Multi-rango (3.000 divisiones): 15 kg \/ 5 g &#8211; 30 kg \/ 10 g.<\/li>\n<li>Mono-rango (6.000 divisiones): 12 kg \/ 2 g o 30 kg \/ 5 g.<\/li>\n<\/ul>\n<\/li>\n<\/ul>\n","protected":false},"excerpt":{"rendered":"<h3>CS-2250 NEO UX DOBLE CUERPO 15+15 TICKETS 3&#8243;<\/h3>\n<div class=\"ref\"><strong>Referencia:<\/strong>\u00a07I1TGDGLGN_ _<\/div>\n<ul>\n<li>Display vendedor: TFT T\u00e1ctil 15\u201d capacitivo proyectado.<\/li>\n<li>Display comprador:\u00a0TFT 15&#8243;.<\/li>\n<li>Impresora: 3&#8243; Tickets con autocutter.<\/li>\n<li>Sistema Operativo:\u00a0Linux.<\/li>\n<li>Alimentacion:\u00a0Red.<\/li>\n<\/ul>\n","protected":false},"featured_media":76574,"template":"","meta":{"_joinchat":[]},"product_brand":[470],"product_cat":[517],"product_tag":[],"class_list":{"0":"post-76573","1":"product","2":"type-product","3":"status-publish","4":"has-post-thumbnail","6":"product_brand-dibal","7":"product_cat-balanzas-doble-cuerpo-pc-serie-cs-2200","9":"first","10":"instock","11":"shipping-taxable","12":"product-type-simple"},"yoast_head":"<!-- This site is optimized with the Yoast SEO plugin v27.5 - https:\/\/yoast.com\/product\/yoast-seo-wordpress\/ -->\n<title>Balanzas PC CS-2250 Neo UX Doble Cuerpo Tickets 3&quot; - Servifibal<\/title>\n<meta name=\"robots\" content=\"index, follow, max-snippet:-1, max-image-preview:large, max-video-preview:-1\" \/>\n<link rel=\"canonical\" href=\"https:\/\/servifibal.cat\/es\/prod\/balanzas-pc-cs-2250-neo-ux-doble-cuerpo-tickets-3\/\" \/>\n<meta property=\"og:locale\" content=\"es_ES\" \/>\n<meta property=\"og:type\" content=\"article\" \/>\n<meta property=\"og:title\" content=\"Balanzas PC CS-2250 Neo UX Doble Cuerpo Tickets 3&quot; - Servifibal\" \/>\n<meta property=\"og:description\" content=\"CS-2250 NEO UX DOBLE CUERPO 15+15 TICKETS 3&quot; Referencia:\u00a07I1TGDGLGN_ _   Display vendedor: TFT T\u00e1ctil 15\u201d capacitivo proyectado.  Display comprador:\u00a0TFT 15&quot;.  Impresora: 3&quot; Tickets con autocutter.  Sistema Operativo:\u00a0Linux.  Alimentacion:\u00a0Red.\" \/>\n<meta property=\"og:url\" content=\"https:\/\/servifibal.cat\/es\/prod\/balanzas-pc-cs-2250-neo-ux-doble-cuerpo-tickets-3\/\" \/>\n<meta property=\"og:site_name\" content=\"Servifibal\" \/>\n<meta property=\"og:image\" content=\"https:\/\/servifibal.cat\/wp-content\/uploads\/2026\/03\/CS-2250_DC_TICKET_3P_15-15.png\" \/>\n\t<meta property=\"og:image:width\" content=\"650\" \/>\n\t<meta property=\"og:image:height\" content=\"650\" \/>\n\t<meta property=\"og:image:type\" content=\"image\/png\" \/>\n<meta name=\"twitter:card\" content=\"summary_large_image\" \/>\n<meta name=\"twitter:label1\" content=\"Tiempo de lectura\" \/>\n\t<meta name=\"twitter:data1\" content=\"3 minutos\" \/>\n<script type=\"application\/ld+json\" class=\"yoast-schema-graph\">{\"@context\":\"https:\\\/\\\/schema.org\",\"@graph\":[{\"@type\":\"WebPage\",\"@id\":\"https:\\\/\\\/servifibal.cat\\\/es\\\/prod\\\/balanzas-pc-cs-2250-neo-ux-doble-cuerpo-tickets-3\\\/\",\"url\":\"https:\\\/\\\/servifibal.cat\\\/es\\\/prod\\\/balanzas-pc-cs-2250-neo-ux-doble-cuerpo-tickets-3\\\/\",\"name\":\"Balanzas PC CS-2250 Neo UX Doble Cuerpo Tickets 3\\\" - Servifibal\",\"isPartOf\":{\"@id\":\"https:\\\/\\\/servifibal.cat\\\/es\\\/#website\"},\"primaryImageOfPage\":{\"@id\":\"https:\\\/\\\/servifibal.cat\\\/es\\\/prod\\\/balanzas-pc-cs-2250-neo-ux-doble-cuerpo-tickets-3\\\/#primaryimage\"},\"image\":{\"@id\":\"https:\\\/\\\/servifibal.cat\\\/es\\\/prod\\\/balanzas-pc-cs-2250-neo-ux-doble-cuerpo-tickets-3\\\/#primaryimage\"},\"thumbnailUrl\":\"https:\\\/\\\/servifibal.cat\\\/wp-content\\\/uploads\\\/2026\\\/03\\\/CS-2250_DC_TICKET_3P_15-15.png\",\"datePublished\":\"2026-03-11T09:58:12+00:00\",\"breadcrumb\":{\"@id\":\"https:\\\/\\\/servifibal.cat\\\/es\\\/prod\\\/balanzas-pc-cs-2250-neo-ux-doble-cuerpo-tickets-3\\\/#breadcrumb\"},\"inLanguage\":\"es\",\"potentialAction\":[{\"@type\":\"ReadAction\",\"target\":[\"https:\\\/\\\/servifibal.cat\\\/es\\\/prod\\\/balanzas-pc-cs-2250-neo-ux-doble-cuerpo-tickets-3\\\/\"]}]},{\"@type\":\"ImageObject\",\"inLanguage\":\"es\",\"@id\":\"https:\\\/\\\/servifibal.cat\\\/es\\\/prod\\\/balanzas-pc-cs-2250-neo-ux-doble-cuerpo-tickets-3\\\/#primaryimage\",\"url\":\"https:\\\/\\\/servifibal.cat\\\/wp-content\\\/uploads\\\/2026\\\/03\\\/CS-2250_DC_TICKET_3P_15-15.png\",\"contentUrl\":\"https:\\\/\\\/servifibal.cat\\\/wp-content\\\/uploads\\\/2026\\\/03\\\/CS-2250_DC_TICKET_3P_15-15.png\",\"width\":650,\"height\":650},{\"@type\":\"BreadcrumbList\",\"@id\":\"https:\\\/\\\/servifibal.cat\\\/es\\\/prod\\\/balanzas-pc-cs-2250-neo-ux-doble-cuerpo-tickets-3\\\/#breadcrumb\",\"itemListElement\":[{\"@type\":\"ListItem\",\"position\":1,\"name\":\"Portada\",\"item\":\"https:\\\/\\\/servifibal.cat\\\/es\\\/inicio\\\/\"},{\"@type\":\"ListItem\",\"position\":2,\"name\":\"Tienda\",\"item\":\"https:\\\/\\\/servifibal.cat\\\/es\\\/tienda\\\/\"},{\"@type\":\"ListItem\",\"position\":3,\"name\":\"Balanzas PC CS-2250 Neo UX Doble Cuerpo Tickets 3&#8243;\"}]},{\"@type\":\"WebSite\",\"@id\":\"https:\\\/\\\/servifibal.cat\\\/es\\\/#website\",\"url\":\"https:\\\/\\\/servifibal.cat\\\/es\\\/\",\"name\":\"Servifibal\",\"description\":\"Solucions per al petit comer\u00e7\",\"publisher\":{\"@id\":\"https:\\\/\\\/servifibal.cat\\\/es\\\/#organization\"},\"potentialAction\":[{\"@type\":\"SearchAction\",\"target\":{\"@type\":\"EntryPoint\",\"urlTemplate\":\"https:\\\/\\\/servifibal.cat\\\/es\\\/?s={search_term_string}\"},\"query-input\":{\"@type\":\"PropertyValueSpecification\",\"valueRequired\":true,\"valueName\":\"search_term_string\"}}],\"inLanguage\":\"es\"},{\"@type\":\"Organization\",\"@id\":\"https:\\\/\\\/servifibal.cat\\\/es\\\/#organization\",\"name\":\"Servifibal\",\"url\":\"https:\\\/\\\/servifibal.cat\\\/es\\\/\",\"logo\":{\"@type\":\"ImageObject\",\"inLanguage\":\"es\",\"@id\":\"https:\\\/\\\/servifibal.cat\\\/es\\\/#\\\/schema\\\/logo\\\/image\\\/\",\"url\":\"https:\\\/\\\/servifibal.cat\\\/wp-content\\\/uploads\\\/2025\\\/11\\\/00-Logo-nou-blanc.png\",\"contentUrl\":\"https:\\\/\\\/servifibal.cat\\\/wp-content\\\/uploads\\\/2025\\\/11\\\/00-Logo-nou-blanc.png\",\"width\":176,\"height\":38,\"caption\":\"Servifibal\"},\"image\":{\"@id\":\"https:\\\/\\\/servifibal.cat\\\/es\\\/#\\\/schema\\\/logo\\\/image\\\/\"}}]}<\/script>\n<!-- \/ Yoast SEO plugin. -->","yoast_head_json":{"title":"Balanzas PC CS-2250 Neo UX Doble Cuerpo Tickets 3\" - Servifibal","robots":{"index":"index","follow":"follow","max-snippet":"max-snippet:-1","max-image-preview":"max-image-preview:large","max-video-preview":"max-video-preview:-1"},"canonical":"https:\/\/servifibal.cat\/es\/prod\/balanzas-pc-cs-2250-neo-ux-doble-cuerpo-tickets-3\/","og_locale":"es_ES","og_type":"article","og_title":"Balanzas PC CS-2250 Neo UX Doble Cuerpo Tickets 3\" - Servifibal","og_description":"CS-2250 NEO UX DOBLE CUERPO 15+15 TICKETS 3\" Referencia:\u00a07I1TGDGLGN_ _   Display vendedor: TFT T\u00e1ctil 15\u201d capacitivo proyectado.  Display comprador:\u00a0TFT 15\".  Impresora: 3\" Tickets con autocutter.  Sistema Operativo:\u00a0Linux.  Alimentacion:\u00a0Red.","og_url":"https:\/\/servifibal.cat\/es\/prod\/balanzas-pc-cs-2250-neo-ux-doble-cuerpo-tickets-3\/","og_site_name":"Servifibal","og_image":[{"width":650,"height":650,"url":"https:\/\/servifibal.cat\/wp-content\/uploads\/2026\/03\/CS-2250_DC_TICKET_3P_15-15.png","type":"image\/png"}],"twitter_card":"summary_large_image","twitter_misc":{"Tiempo de lectura":"3 minutos"},"schema":{"@context":"https:\/\/schema.org","@graph":[{"@type":"WebPage","@id":"https:\/\/servifibal.cat\/es\/prod\/balanzas-pc-cs-2250-neo-ux-doble-cuerpo-tickets-3\/","url":"https:\/\/servifibal.cat\/es\/prod\/balanzas-pc-cs-2250-neo-ux-doble-cuerpo-tickets-3\/","name":"Balanzas PC CS-2250 Neo UX Doble Cuerpo Tickets 3\" - Servifibal","isPartOf":{"@id":"https:\/\/servifibal.cat\/es\/#website"},"primaryImageOfPage":{"@id":"https:\/\/servifibal.cat\/es\/prod\/balanzas-pc-cs-2250-neo-ux-doble-cuerpo-tickets-3\/#primaryimage"},"image":{"@id":"https:\/\/servifibal.cat\/es\/prod\/balanzas-pc-cs-2250-neo-ux-doble-cuerpo-tickets-3\/#primaryimage"},"thumbnailUrl":"https:\/\/servifibal.cat\/wp-content\/uploads\/2026\/03\/CS-2250_DC_TICKET_3P_15-15.png","datePublished":"2026-03-11T09:58:12+00:00","breadcrumb":{"@id":"https:\/\/servifibal.cat\/es\/prod\/balanzas-pc-cs-2250-neo-ux-doble-cuerpo-tickets-3\/#breadcrumb"},"inLanguage":"es","potentialAction":[{"@type":"ReadAction","target":["https:\/\/servifibal.cat\/es\/prod\/balanzas-pc-cs-2250-neo-ux-doble-cuerpo-tickets-3\/"]}]},{"@type":"ImageObject","inLanguage":"es","@id":"https:\/\/servifibal.cat\/es\/prod\/balanzas-pc-cs-2250-neo-ux-doble-cuerpo-tickets-3\/#primaryimage","url":"https:\/\/servifibal.cat\/wp-content\/uploads\/2026\/03\/CS-2250_DC_TICKET_3P_15-15.png","contentUrl":"https:\/\/servifibal.cat\/wp-content\/uploads\/2026\/03\/CS-2250_DC_TICKET_3P_15-15.png","width":650,"height":650},{"@type":"BreadcrumbList","@id":"https:\/\/servifibal.cat\/es\/prod\/balanzas-pc-cs-2250-neo-ux-doble-cuerpo-tickets-3\/#breadcrumb","itemListElement":[{"@type":"ListItem","position":1,"name":"Portada","item":"https:\/\/servifibal.cat\/es\/inicio\/"},{"@type":"ListItem","position":2,"name":"Tienda","item":"https:\/\/servifibal.cat\/es\/tienda\/"},{"@type":"ListItem","position":3,"name":"Balanzas PC CS-2250 Neo UX Doble Cuerpo Tickets 3&#8243;"}]},{"@type":"WebSite","@id":"https:\/\/servifibal.cat\/es\/#website","url":"https:\/\/servifibal.cat\/es\/","name":"Servifibal","description":"Solucions per al petit comer\u00e7","publisher":{"@id":"https:\/\/servifibal.cat\/es\/#organization"},"potentialAction":[{"@type":"SearchAction","target":{"@type":"EntryPoint","urlTemplate":"https:\/\/servifibal.cat\/es\/?s={search_term_string}"},"query-input":{"@type":"PropertyValueSpecification","valueRequired":true,"valueName":"search_term_string"}}],"inLanguage":"es"},{"@type":"Organization","@id":"https:\/\/servifibal.cat\/es\/#organization","name":"Servifibal","url":"https:\/\/servifibal.cat\/es\/","logo":{"@type":"ImageObject","inLanguage":"es","@id":"https:\/\/servifibal.cat\/es\/#\/schema\/logo\/image\/","url":"https:\/\/servifibal.cat\/wp-content\/uploads\/2025\/11\/00-Logo-nou-blanc.png","contentUrl":"https:\/\/servifibal.cat\/wp-content\/uploads\/2025\/11\/00-Logo-nou-blanc.png","width":176,"height":38,"caption":"Servifibal"},"image":{"@id":"https:\/\/servifibal.cat\/es\/#\/schema\/logo\/image\/"}}]}},"_links":{"self":[{"href":"https:\/\/servifibal.cat\/es\/wp-json\/wp\/v2\/product\/76573","targetHints":{"allow":["GET"]}}],"collection":[{"href":"https:\/\/servifibal.cat\/es\/wp-json\/wp\/v2\/product"}],"about":[{"href":"https:\/\/servifibal.cat\/es\/wp-json\/wp\/v2\/types\/product"}],"wp:featuredmedia":[{"embeddable":true,"href":"https:\/\/servifibal.cat\/es\/wp-json\/wp\/v2\/media\/76574"}],"wp:attachment":[{"href":"https:\/\/servifibal.cat\/es\/wp-json\/wp\/v2\/media?parent=76573"}],"wp:term":[{"taxonomy":"product_brand","embeddable":true,"href":"https:\/\/servifibal.cat\/es\/wp-json\/wp\/v2\/product_brand?post=76573"},{"taxonomy":"product_cat","embeddable":true,"href":"https:\/\/servifibal.cat\/es\/wp-json\/wp\/v2\/product_cat?post=76573"},{"taxonomy":"product_tag","embeddable":true,"href":"https:\/\/servifibal.cat\/es\/wp-json\/wp\/v2\/product_tag?post=76573"}],"curies":[{"name":"wp","href":"https:\/\/api.w.org\/{rel}","templated":true}]}}