{"id":76528,"date":"2026-02-24T23:33:14","date_gmt":"2026-02-24T23:33:14","guid":{"rendered":"https:\/\/servifibal.cat\/?post_type=product&#038;p=76528"},"modified":"2026-02-24T23:33:14","modified_gmt":"2026-02-24T23:33:14","slug":"balanzas-solo-peso-g-305","status":"publish","type":"product","link":"https:\/\/servifibal.cat\/es\/prod\/balanzas-solo-peso-g-305\/","title":{"rendered":"Balanzas Solo Peso G-305"},"content":{"rendered":"<h3>Caracter\u00edsticas principales<\/h3>\n<ul>\n<li><strong>Balanza solo peso sin impresora.<\/strong><\/li>\n<li><strong>Bater\u00eda interna recargable en G-305 B:<\/strong>\n<ul>\n<li>Hasta 120 horas de autonom\u00eda, con bater\u00eda a plena carga y retroiluminaci\u00f3n desconectada (datos aproximados).<\/li>\n<\/ul>\n<\/li>\n<li><strong>V\u00e1lida para metrolog\u00eda legal.<\/strong><\/li>\n<\/ul>\n<h3>Prestaciones<\/h3>\n<ul>\n<li><strong>Peso.<\/strong><\/li>\n<li><strong>Tara y fijaci\u00f3n de tara.<\/strong><\/li>\n<li><strong>Cero manual.<\/strong><\/li>\n<\/ul>\n<h3>Alcance \/ Precisi\u00f3n<\/h3>\n<ul>\n<li><strong>Multi-rango (3.000 divisiones):<\/strong>\n<ul>\n<li>6 kg \/ 2 g &#8211; 15 kg \/ 5 g.<\/li>\n<li>15 kg \/ 5 g &#8211; 30 kg \/ 10 g.<\/li>\n<\/ul>\n<\/li>\n<\/ul>\n<h3>Formatos disponibles<\/h3>\n<ul>\n<li><strong>Plano.<\/strong><\/li>\n<\/ul>\n<h3>Construcci\u00f3n<\/h3>\n<ul>\n<li><strong>Estructura:<\/strong>\n<ul>\n<li>Carcasa de pl\u00e1stico ABS.<\/li>\n<\/ul>\n<\/li>\n<li><strong>Display:<\/strong>\n<ul>\n<li>LCD de segmentos retroiluminado de 5 d\u00edgitos.<\/li>\n<\/ul>\n<\/li>\n<li><strong>Teclado de 5 teclas.<\/strong><\/li>\n<li><strong>Plato:<\/strong>\n<ul>\n<li>Tipo: Liso.<\/li>\n<li>Material: Acero inoxidable.<\/li>\n<\/ul>\n<\/li>\n<\/ul>\n<h3>Comunicaciones a PC \/ TPV \/ Caja registradora<\/h3>\n<ul>\n<li><strong>Interface RS-232.<\/strong><\/li>\n<li><strong>Protocolos de comunicaci\u00f3n disponibles para los\u00a0principales modelos de TPV y cajas registradoras del\u00a0<\/strong><strong>mercado.<\/strong><\/li>\n<li><strong>Multi-protocolo: El protocolo de comunicaci\u00f3n se\u00a0selecciona en la propia balanza (40 protocolos\u00a0disponibles).Posibilidad de incorporar m\u00e1s protocolos\u00a0mediante telecarga desde PC (m\u00e1ximo: 60 protocolos\u00a0m\u00e1s).<\/strong><\/li>\n<li><strong>Driver \u201cOPOS\u201d.<\/strong><\/li>\n<\/ul>\n<h3>Alimentaci\u00f3n el\u00e9ctrica<\/h3>\n<ul>\n<li><strong>Red: 220 VAC con adaptador AC\/DC 12 V \/ 500 mA.<\/strong><\/li>\n<li><strong>Bater\u00eda interna recargable 6 VDC \/ 4,5 Ah (solo en G-305 B).<\/strong><\/li>\n<\/ul>\n<h3>Consumo de energ\u00eda<\/h3>\n<ul>\n<li><strong>G-305: 3 W (aprox.).<\/strong><\/li>\n<li><strong>G-305 B: 3,5 W (aprox.).<\/strong><\/li>\n<\/ul>\n","protected":false},"excerpt":{"rendered":"<p>Balanzas s\u00f3lo peso sin impresora, con comunicaciones RS-232 para conexi\u00f3n a PC o caja registradora.<\/p>\n<div class=\"col-xs-6 col-sm-4 model\">\n<h4>G-305<\/h4>\n<div class=\"ref\"><strong>Referencia:<\/strong>\u00a070301S00N_ _ _<\/div>\n<ul>\n<li>Display:\u00a0LCD de segmentos.<\/li>\n<li>Protocolos de comunicaci\u00f3n:\u00a0Hasta 100.<\/li>\n<\/ul>\n<\/div>\n<div class=\"col-xs-6 col-sm-4 model\">\n<h4>G-305 B<\/h4>\n<div class=\"ref\"><strong>Referencia:<\/strong>\u00a070301S02N_ _ _<\/div>\n<ul>\n<li>Display: LCD de segmentos.<\/li>\n<li>Protocolos de comunicaci\u00f3n:\u00a0Hasta 100.<\/li>\n<li>Con bater\u00eda interna recargable.<\/li>\n<\/ul>\n<\/div>\n","protected":false},"featured_media":76529,"template":"","meta":{"_joinchat":[]},"product_brand":[470],"product_cat":[575],"product_tag":[],"class_list":{"0":"post-76528","1":"product","2":"type-product","3":"status-publish","4":"has-post-thumbnail","6":"product_brand-dibal","7":"product_cat-balanzas-checkout","9":"first","10":"instock","11":"shipping-taxable","12":"product-type-simple"},"yoast_head":"<!-- This site is optimized with the Yoast SEO plugin v27.1.1 - https:\/\/yoast.com\/product\/yoast-seo-wordpress\/ -->\n<title>Balanzas Solo Peso G-305 - Servifibal<\/title>\n<meta name=\"robots\" content=\"index, follow, max-snippet:-1, max-image-preview:large, max-video-preview:-1\" \/>\n<link rel=\"canonical\" href=\"https:\/\/servifibal.cat\/es\/prod\/balanzas-solo-peso-g-305\/\" \/>\n<meta property=\"og:locale\" content=\"es_ES\" \/>\n<meta property=\"og:type\" content=\"article\" \/>\n<meta property=\"og:title\" content=\"Balanzas Solo Peso G-305 - Servifibal\" \/>\n<meta property=\"og:description\" content=\"Balanzas s\u00f3lo peso sin impresora, con comunicaciones RS-232 para conexi\u00f3n a PC o caja registradora.  G-305 Referencia:\u00a070301S00N_ _ _   Display:\u00a0LCD de segmentos.  Protocolos de comunicaci\u00f3n:\u00a0Hasta 100.    G-305 B Referencia:\u00a070301S02N_ _ _   Display: LCD de segmentos.  Protocolos de comunicaci\u00f3n:\u00a0Hasta 100.  Con bater\u00eda interna recargable.\" \/>\n<meta property=\"og:url\" content=\"https:\/\/servifibal.cat\/es\/prod\/balanzas-solo-peso-g-305\/\" \/>\n<meta property=\"og:site_name\" content=\"Servifibal\" \/>\n<meta property=\"og:image\" content=\"https:\/\/servifibal.cat\/wp-content\/uploads\/2026\/02\/c1-G-30011.png\" \/>\n\t<meta property=\"og:image:width\" content=\"650\" \/>\n\t<meta property=\"og:image:height\" content=\"650\" \/>\n\t<meta property=\"og:image:type\" content=\"image\/png\" \/>\n<meta name=\"twitter:card\" content=\"summary_large_image\" \/>\n<meta name=\"twitter:label1\" content=\"Tiempo de lectura\" \/>\n\t<meta name=\"twitter:data1\" content=\"2 minutos\" \/>\n<script type=\"application\/ld+json\" class=\"yoast-schema-graph\">{\"@context\":\"https:\/\/schema.org\",\"@graph\":[{\"@type\":\"WebPage\",\"@id\":\"https:\/\/servifibal.cat\/es\/prod\/balanzas-solo-peso-g-305\/\",\"url\":\"https:\/\/servifibal.cat\/es\/prod\/balanzas-solo-peso-g-305\/\",\"name\":\"Balanzas Solo Peso G-305 - Servifibal\",\"isPartOf\":{\"@id\":\"https:\/\/servifibal.cat\/es\/#website\"},\"primaryImageOfPage\":{\"@id\":\"https:\/\/servifibal.cat\/es\/prod\/balanzas-solo-peso-g-305\/#primaryimage\"},\"image\":{\"@id\":\"https:\/\/servifibal.cat\/es\/prod\/balanzas-solo-peso-g-305\/#primaryimage\"},\"thumbnailUrl\":\"https:\/\/servifibal.cat\/wp-content\/uploads\/2026\/02\/c1-G-30011.png\",\"datePublished\":\"2026-02-24T23:33:14+00:00\",\"breadcrumb\":{\"@id\":\"https:\/\/servifibal.cat\/es\/prod\/balanzas-solo-peso-g-305\/#breadcrumb\"},\"inLanguage\":\"es\",\"potentialAction\":[{\"@type\":\"ReadAction\",\"target\":[\"https:\/\/servifibal.cat\/es\/prod\/balanzas-solo-peso-g-305\/\"]}]},{\"@type\":\"ImageObject\",\"inLanguage\":\"es\",\"@id\":\"https:\/\/servifibal.cat\/es\/prod\/balanzas-solo-peso-g-305\/#primaryimage\",\"url\":\"https:\/\/servifibal.cat\/wp-content\/uploads\/2026\/02\/c1-G-30011.png\",\"contentUrl\":\"https:\/\/servifibal.cat\/wp-content\/uploads\/2026\/02\/c1-G-30011.png\",\"width\":650,\"height\":650},{\"@type\":\"BreadcrumbList\",\"@id\":\"https:\/\/servifibal.cat\/es\/prod\/balanzas-solo-peso-g-305\/#breadcrumb\",\"itemListElement\":[{\"@type\":\"ListItem\",\"position\":1,\"name\":\"Portada\",\"item\":\"https:\/\/servifibal.cat\/es\/inicio\/\"},{\"@type\":\"ListItem\",\"position\":2,\"name\":\"Tienda\",\"item\":\"https:\/\/servifibal.cat\/es\/tienda\/\"},{\"@type\":\"ListItem\",\"position\":3,\"name\":\"Balanzas Solo Peso G-305\"}]},{\"@type\":\"WebSite\",\"@id\":\"https:\/\/servifibal.cat\/es\/#website\",\"url\":\"https:\/\/servifibal.cat\/es\/\",\"name\":\"Servifibal\",\"description\":\"Solucions per al petit comer\u00e7\",\"publisher\":{\"@id\":\"https:\/\/servifibal.cat\/es\/#organization\"},\"potentialAction\":[{\"@type\":\"SearchAction\",\"target\":{\"@type\":\"EntryPoint\",\"urlTemplate\":\"https:\/\/servifibal.cat\/es\/?s={search_term_string}\"},\"query-input\":{\"@type\":\"PropertyValueSpecification\",\"valueRequired\":true,\"valueName\":\"search_term_string\"}}],\"inLanguage\":\"es\"},{\"@type\":\"Organization\",\"@id\":\"https:\/\/servifibal.cat\/es\/#organization\",\"name\":\"Servifibal\",\"url\":\"https:\/\/servifibal.cat\/es\/\",\"logo\":{\"@type\":\"ImageObject\",\"inLanguage\":\"es\",\"@id\":\"https:\/\/servifibal.cat\/es\/#\/schema\/logo\/image\/\",\"url\":\"https:\/\/servifibal.cat\/wp-content\/uploads\/2025\/11\/00-Logo-nou-blanc.png\",\"contentUrl\":\"https:\/\/servifibal.cat\/wp-content\/uploads\/2025\/11\/00-Logo-nou-blanc.png\",\"width\":176,\"height\":38,\"caption\":\"Servifibal\"},\"image\":{\"@id\":\"https:\/\/servifibal.cat\/es\/#\/schema\/logo\/image\/\"}}]}<\/script>\n<!-- \/ Yoast SEO plugin. -->","yoast_head_json":{"title":"Balanzas Solo Peso G-305 - Servifibal","robots":{"index":"index","follow":"follow","max-snippet":"max-snippet:-1","max-image-preview":"max-image-preview:large","max-video-preview":"max-video-preview:-1"},"canonical":"https:\/\/servifibal.cat\/es\/prod\/balanzas-solo-peso-g-305\/","og_locale":"es_ES","og_type":"article","og_title":"Balanzas Solo Peso G-305 - Servifibal","og_description":"Balanzas s\u00f3lo peso sin impresora, con comunicaciones RS-232 para conexi\u00f3n a PC o caja registradora.  G-305 Referencia:\u00a070301S00N_ _ _   Display:\u00a0LCD de segmentos.  Protocolos de comunicaci\u00f3n:\u00a0Hasta 100.    G-305 B Referencia:\u00a070301S02N_ _ _   Display: LCD de segmentos.  Protocolos de comunicaci\u00f3n:\u00a0Hasta 100.  Con bater\u00eda interna recargable.","og_url":"https:\/\/servifibal.cat\/es\/prod\/balanzas-solo-peso-g-305\/","og_site_name":"Servifibal","og_image":[{"width":650,"height":650,"url":"https:\/\/servifibal.cat\/wp-content\/uploads\/2026\/02\/c1-G-30011.png","type":"image\/png"}],"twitter_card":"summary_large_image","twitter_misc":{"Tiempo de lectura":"2 minutos"},"schema":{"@context":"https:\/\/schema.org","@graph":[{"@type":"WebPage","@id":"https:\/\/servifibal.cat\/es\/prod\/balanzas-solo-peso-g-305\/","url":"https:\/\/servifibal.cat\/es\/prod\/balanzas-solo-peso-g-305\/","name":"Balanzas Solo Peso G-305 - Servifibal","isPartOf":{"@id":"https:\/\/servifibal.cat\/es\/#website"},"primaryImageOfPage":{"@id":"https:\/\/servifibal.cat\/es\/prod\/balanzas-solo-peso-g-305\/#primaryimage"},"image":{"@id":"https:\/\/servifibal.cat\/es\/prod\/balanzas-solo-peso-g-305\/#primaryimage"},"thumbnailUrl":"https:\/\/servifibal.cat\/wp-content\/uploads\/2026\/02\/c1-G-30011.png","datePublished":"2026-02-24T23:33:14+00:00","breadcrumb":{"@id":"https:\/\/servifibal.cat\/es\/prod\/balanzas-solo-peso-g-305\/#breadcrumb"},"inLanguage":"es","potentialAction":[{"@type":"ReadAction","target":["https:\/\/servifibal.cat\/es\/prod\/balanzas-solo-peso-g-305\/"]}]},{"@type":"ImageObject","inLanguage":"es","@id":"https:\/\/servifibal.cat\/es\/prod\/balanzas-solo-peso-g-305\/#primaryimage","url":"https:\/\/servifibal.cat\/wp-content\/uploads\/2026\/02\/c1-G-30011.png","contentUrl":"https:\/\/servifibal.cat\/wp-content\/uploads\/2026\/02\/c1-G-30011.png","width":650,"height":650},{"@type":"BreadcrumbList","@id":"https:\/\/servifibal.cat\/es\/prod\/balanzas-solo-peso-g-305\/#breadcrumb","itemListElement":[{"@type":"ListItem","position":1,"name":"Portada","item":"https:\/\/servifibal.cat\/es\/inicio\/"},{"@type":"ListItem","position":2,"name":"Tienda","item":"https:\/\/servifibal.cat\/es\/tienda\/"},{"@type":"ListItem","position":3,"name":"Balanzas Solo Peso G-305"}]},{"@type":"WebSite","@id":"https:\/\/servifibal.cat\/es\/#website","url":"https:\/\/servifibal.cat\/es\/","name":"Servifibal","description":"Solucions per al petit comer\u00e7","publisher":{"@id":"https:\/\/servifibal.cat\/es\/#organization"},"potentialAction":[{"@type":"SearchAction","target":{"@type":"EntryPoint","urlTemplate":"https:\/\/servifibal.cat\/es\/?s={search_term_string}"},"query-input":{"@type":"PropertyValueSpecification","valueRequired":true,"valueName":"search_term_string"}}],"inLanguage":"es"},{"@type":"Organization","@id":"https:\/\/servifibal.cat\/es\/#organization","name":"Servifibal","url":"https:\/\/servifibal.cat\/es\/","logo":{"@type":"ImageObject","inLanguage":"es","@id":"https:\/\/servifibal.cat\/es\/#\/schema\/logo\/image\/","url":"https:\/\/servifibal.cat\/wp-content\/uploads\/2025\/11\/00-Logo-nou-blanc.png","contentUrl":"https:\/\/servifibal.cat\/wp-content\/uploads\/2025\/11\/00-Logo-nou-blanc.png","width":176,"height":38,"caption":"Servifibal"},"image":{"@id":"https:\/\/servifibal.cat\/es\/#\/schema\/logo\/image\/"}}]}},"_links":{"self":[{"href":"https:\/\/servifibal.cat\/es\/wp-json\/wp\/v2\/product\/76528","targetHints":{"allow":["GET"]}}],"collection":[{"href":"https:\/\/servifibal.cat\/es\/wp-json\/wp\/v2\/product"}],"about":[{"href":"https:\/\/servifibal.cat\/es\/wp-json\/wp\/v2\/types\/product"}],"wp:featuredmedia":[{"embeddable":true,"href":"https:\/\/servifibal.cat\/es\/wp-json\/wp\/v2\/media\/76529"}],"wp:attachment":[{"href":"https:\/\/servifibal.cat\/es\/wp-json\/wp\/v2\/media?parent=76528"}],"wp:term":[{"taxonomy":"product_brand","embeddable":true,"href":"https:\/\/servifibal.cat\/es\/wp-json\/wp\/v2\/product_brand?post=76528"},{"taxonomy":"product_cat","embeddable":true,"href":"https:\/\/servifibal.cat\/es\/wp-json\/wp\/v2\/product_cat?post=76528"},{"taxonomy":"product_tag","embeddable":true,"href":"https:\/\/servifibal.cat\/es\/wp-json\/wp\/v2\/product_tag?post=76528"}],"curies":[{"name":"wp","href":"https:\/\/api.w.org\/{rel}","templated":true}]}}