{"id":76524,"date":"2026-02-24T23:22:24","date_gmt":"2026-02-24T23:22:24","guid":{"rendered":"https:\/\/servifibal.cat\/?post_type=product&#038;p=76524"},"modified":"2026-02-24T23:23:12","modified_gmt":"2026-02-24T23:23:12","slug":"balanzas-peso-precio-importe-g-325","status":"publish","type":"product","link":"https:\/\/servifibal.cat\/es\/prod\/balanzas-peso-precio-importe-g-325\/","title":{"rendered":"Balanzas Peso-Precio-Importe G-325"},"content":{"rendered":"<h3>Caracter\u00edsticas principales<\/h3>\n<ul>\n<li><strong>Balanza electr\u00f3nica peso-precio-importe sin impresora.<\/strong><\/li>\n<li><strong>Comunicaciones RS-232: Firmware y protocolos de\u00a0<\/strong><strong>comunicaci\u00f3n actualizables desde PC.<\/strong><\/li>\n<li><strong>Bater\u00eda interna recargable:<\/strong>\n<ul>\n<li>Hasta 120 horas de autonom\u00eda con bater\u00eda a plena carga\u00a0y retroiluminaci\u00f3n desconectada (datos aproximados).<\/li>\n<\/ul>\n<\/li>\n<li><strong>V\u00e1lida para metrolog\u00eda legal.<\/strong><\/li>\n<\/ul>\n<h3>Prestaciones<\/h3>\n<ul>\n<li><strong>Programaci\u00f3n de la cabecera EAN (seg\u00fan protocolo de\u00a0<\/strong><strong>comunicaci\u00f3n).<\/strong><\/li>\n<li><strong>Tara, fijaci\u00f3n de tara y cero manual.<\/strong><\/li>\n<li><strong>Fijaci\u00f3n de precio: para realizar varias operaciones con\u00a0<\/strong><strong>el mismo art\u00edculo.<\/strong><\/li>\n<li><strong>Visualizaci\u00f3n del importe en moneda secundaria.<\/strong><\/li>\n<li><strong>Ahorro de energ\u00eda mediante el apagado y encendido\u00a0<\/strong><strong>de la retroiluminaci\u00f3n y la desconexi\u00f3n autom\u00e1tica\u00a0<\/strong><strong>(programables).<\/strong><\/li>\n<\/ul>\n<h3>Alcance \/ Precisi\u00f3n<\/h3>\n<ul>\n<li><strong>Multi-rango (3.000 divisiones): 6 kg \/ 2 g &#8211; 15 kg \/ 5 g.<\/strong><\/li>\n<li><strong>Opcional:<\/strong>\n<ul>\n<li>Multi-rango (3.000 divisiones): 15 kg \/ 5 g &#8211; 30 kg \/ 10 g.<\/li>\n<\/ul>\n<\/li>\n<\/ul>\n<h3>Formatos disponibles<\/h3>\n<ul>\n<li><strong>Plano y torre en la misma balanza: La torre est\u00e1 incluida\u00a0<\/strong><strong>en el embalaje y es f\u00e1cilmente instalable.<\/strong><\/li>\n<\/ul>\n<h3>Construcci\u00f3n<\/h3>\n<ul>\n<li><strong>Estructura:<\/strong><\/li>\n<li><strong>Carcasa de pl\u00e1stico ABS.<\/strong><\/li>\n<li><strong>Displays:<\/strong>\n<ul>\n<li>LCD de segmentos retroiluminado de 5 d\u00edgitos\u00a0(vendedor y comprador).<\/li>\n<li>Muestra la informaci\u00f3n de peso, precio\/kg e importe.<\/li>\n<\/ul>\n<\/li>\n<li><strong>Teclado de 32 teclas.<\/strong><\/li>\n<li><strong>Plato:<\/strong>\n<ul>\n<li>Tipo: Liso.<\/li>\n<li>Material: Acero inoxidable.<\/li>\n<\/ul>\n<\/li>\n<\/ul>\n<h3>Comunicaciones a PC \/ TPV \/ Caja registradora<\/h3>\n<ul>\n<li><strong>Interface RS-232.<\/strong><\/li>\n<li><strong>Protocolos de comunicaci\u00f3n disponibles para los\u00a0<\/strong><strong>principales modelos de TPV y cajas registradoras del\u00a0<\/strong><strong>mercado.<\/strong><\/li>\n<li><strong>Multi-protocolo: El protocolo de comunicaci\u00f3n se\u00a0<\/strong><strong>selecciona en la propia balanza (40 protocolos\u00a0<\/strong><strong>disponibles). Posibilidad de incorporar m\u00e1s protocolos\u00a0<\/strong><strong>mediante telecarga desde PC (m\u00e1ximo: 60 protocolos m\u00e1s).<\/strong><\/li>\n<li><strong>Driver \u201cOPOS\u201d.<\/strong><\/li>\n<\/ul>\n<h3>Alimentaci\u00f3n el\u00e9ctrica<\/h3>\n<ul>\n<li><strong>Red: 220 VAC con adaptador AC\/DC 12 V \/ 500 mA.<\/strong><\/li>\n<li><strong>Bater\u00eda interna recargable 6 VDC \/ 4,5 Ah en modelo\u00a0<\/strong><strong>G-325 B P\/T y conexi\u00f3n a bater\u00eda externa.<\/strong><\/li>\n<\/ul>\n<h3>Consumo de energ\u00eda<\/h3>\n<ul>\n<li><strong>G-325: 3 W (aprox.).<\/strong><\/li>\n<li><strong>G-325 B: 3,5 W (aprox.).<\/strong><\/li>\n<\/ul>\n","protected":false},"excerpt":{"rendered":"<p>Balanzas peso-precio-importe en formato plano o torre en la misma balanza, sin impresora y con comunicaciones RS-232 para conexi\u00f3n a PC o caja registradora.<\/p>\n<div class=\"col-xs-6 col-sm-4 model\">\n<h4>G-325<\/h4>\n<div class=\"ref\"><strong>Referencia:<\/strong>\u00a070321S00N_ _ _<\/div>\n<ul>\n<li>Displays:\u00a0LCD de segmentos.<\/li>\n<li>PLUs:\u00a0100.<\/li>\n<li>PLUs directos:\u00a09&#215;2.<\/li>\n<li>Protocolos de comunicaci\u00f3n:\u00a0Hasta 100.<\/li>\n<\/ul>\n<\/div>\n<div class=\"col-xs-6 col-sm-4 model\">\n<h4>G-325 B<\/h4>\n<div class=\"ref\"><strong>Referencia:<\/strong>\u00a070321S02N_ _ _<\/div>\n<ul>\n<li>Displays:\u00a0LCD de segmentos.<\/li>\n<li>PLUs:\u00a0100.<\/li>\n<li>PLUs directos:\u00a09&#215;2.<\/li>\n<li>Protocolos de comunicaci\u00f3n:\u00a0Hasta 100.<\/li>\n<li>Con bater\u00eda interna recargable.<\/li>\n<\/ul>\n<\/div>\n","protected":false},"featured_media":76525,"template":"","meta":{"_joinchat":[]},"product_brand":[470],"product_cat":[575],"product_tag":[],"class_list":{"0":"post-76524","1":"product","2":"type-product","3":"status-publish","4":"has-post-thumbnail","6":"product_brand-dibal","7":"product_cat-balanzas-checkout","9":"first","10":"instock","11":"shipping-taxable","12":"product-type-simple"},"yoast_head":"<!-- This site is optimized with the Yoast SEO plugin v27.1.1 - https:\/\/yoast.com\/product\/yoast-seo-wordpress\/ -->\n<title>Balanzas Peso-Precio-Importe G-325 - Servifibal<\/title>\n<meta name=\"robots\" content=\"index, follow, max-snippet:-1, max-image-preview:large, max-video-preview:-1\" \/>\n<link rel=\"canonical\" href=\"https:\/\/servifibal.cat\/es\/prod\/balanzas-peso-precio-importe-g-325\/\" \/>\n<meta property=\"og:locale\" content=\"es_ES\" \/>\n<meta property=\"og:type\" content=\"article\" \/>\n<meta property=\"og:title\" content=\"Balanzas Peso-Precio-Importe G-325 - Servifibal\" \/>\n<meta property=\"og:description\" content=\"Balanzas peso-precio-importe en formato plano o torre en la misma balanza, sin impresora y con comunicaciones RS-232 para conexi\u00f3n a PC o caja registradora.  G-325 Referencia:\u00a070321S00N_ _ _   Displays:\u00a0LCD de segmentos.  PLUs:\u00a0100.  PLUs directos:\u00a09x2.  Protocolos de comunicaci\u00f3n:\u00a0Hasta 100.    G-325 B Referencia:\u00a070321S02N_ _ _   Displays:\u00a0LCD de segmentos.  PLUs:\u00a0100.  PLUs directos:\u00a09x2.  Protocolos de comunicaci\u00f3n:\u00a0Hasta 100.  Con bater\u00eda interna recargable.\" \/>\n<meta property=\"og:url\" content=\"https:\/\/servifibal.cat\/es\/prod\/balanzas-peso-precio-importe-g-325\/\" \/>\n<meta property=\"og:site_name\" content=\"Servifibal\" \/>\n<meta property=\"article:modified_time\" content=\"2026-02-24T23:23:12+00:00\" \/>\n<meta property=\"og:image\" content=\"https:\/\/servifibal.cat\/wp-content\/uploads\/2026\/02\/b1-G-310-320_P1.png\" \/>\n\t<meta property=\"og:image:width\" content=\"650\" \/>\n\t<meta property=\"og:image:height\" content=\"650\" \/>\n\t<meta property=\"og:image:type\" content=\"image\/png\" \/>\n<meta name=\"twitter:card\" content=\"summary_large_image\" \/>\n<meta name=\"twitter:label1\" content=\"Tiempo de lectura\" \/>\n\t<meta name=\"twitter:data1\" content=\"2 minutos\" \/>\n<script type=\"application\/ld+json\" class=\"yoast-schema-graph\">{\"@context\":\"https:\/\/schema.org\",\"@graph\":[{\"@type\":\"WebPage\",\"@id\":\"https:\/\/servifibal.cat\/es\/prod\/balanzas-peso-precio-importe-g-325\/\",\"url\":\"https:\/\/servifibal.cat\/es\/prod\/balanzas-peso-precio-importe-g-325\/\",\"name\":\"Balanzas Peso-Precio-Importe G-325 - Servifibal\",\"isPartOf\":{\"@id\":\"https:\/\/servifibal.cat\/es\/#website\"},\"primaryImageOfPage\":{\"@id\":\"https:\/\/servifibal.cat\/es\/prod\/balanzas-peso-precio-importe-g-325\/#primaryimage\"},\"image\":{\"@id\":\"https:\/\/servifibal.cat\/es\/prod\/balanzas-peso-precio-importe-g-325\/#primaryimage\"},\"thumbnailUrl\":\"https:\/\/servifibal.cat\/wp-content\/uploads\/2026\/02\/b1-G-310-320_P1.png\",\"datePublished\":\"2026-02-24T23:22:24+00:00\",\"dateModified\":\"2026-02-24T23:23:12+00:00\",\"breadcrumb\":{\"@id\":\"https:\/\/servifibal.cat\/es\/prod\/balanzas-peso-precio-importe-g-325\/#breadcrumb\"},\"inLanguage\":\"es\",\"potentialAction\":[{\"@type\":\"ReadAction\",\"target\":[\"https:\/\/servifibal.cat\/es\/prod\/balanzas-peso-precio-importe-g-325\/\"]}]},{\"@type\":\"ImageObject\",\"inLanguage\":\"es\",\"@id\":\"https:\/\/servifibal.cat\/es\/prod\/balanzas-peso-precio-importe-g-325\/#primaryimage\",\"url\":\"https:\/\/servifibal.cat\/wp-content\/uploads\/2026\/02\/b1-G-310-320_P1.png\",\"contentUrl\":\"https:\/\/servifibal.cat\/wp-content\/uploads\/2026\/02\/b1-G-310-320_P1.png\",\"width\":650,\"height\":650},{\"@type\":\"BreadcrumbList\",\"@id\":\"https:\/\/servifibal.cat\/es\/prod\/balanzas-peso-precio-importe-g-325\/#breadcrumb\",\"itemListElement\":[{\"@type\":\"ListItem\",\"position\":1,\"name\":\"Portada\",\"item\":\"https:\/\/servifibal.cat\/es\/inicio\/\"},{\"@type\":\"ListItem\",\"position\":2,\"name\":\"Tienda\",\"item\":\"https:\/\/servifibal.cat\/es\/tienda\/\"},{\"@type\":\"ListItem\",\"position\":3,\"name\":\"Balanzas Peso-Precio-Importe G-325\"}]},{\"@type\":\"WebSite\",\"@id\":\"https:\/\/servifibal.cat\/es\/#website\",\"url\":\"https:\/\/servifibal.cat\/es\/\",\"name\":\"Servifibal\",\"description\":\"Solucions per al petit comer\u00e7\",\"publisher\":{\"@id\":\"https:\/\/servifibal.cat\/es\/#organization\"},\"potentialAction\":[{\"@type\":\"SearchAction\",\"target\":{\"@type\":\"EntryPoint\",\"urlTemplate\":\"https:\/\/servifibal.cat\/es\/?s={search_term_string}\"},\"query-input\":{\"@type\":\"PropertyValueSpecification\",\"valueRequired\":true,\"valueName\":\"search_term_string\"}}],\"inLanguage\":\"es\"},{\"@type\":\"Organization\",\"@id\":\"https:\/\/servifibal.cat\/es\/#organization\",\"name\":\"Servifibal\",\"url\":\"https:\/\/servifibal.cat\/es\/\",\"logo\":{\"@type\":\"ImageObject\",\"inLanguage\":\"es\",\"@id\":\"https:\/\/servifibal.cat\/es\/#\/schema\/logo\/image\/\",\"url\":\"https:\/\/servifibal.cat\/wp-content\/uploads\/2025\/11\/00-Logo-nou-blanc.png\",\"contentUrl\":\"https:\/\/servifibal.cat\/wp-content\/uploads\/2025\/11\/00-Logo-nou-blanc.png\",\"width\":176,\"height\":38,\"caption\":\"Servifibal\"},\"image\":{\"@id\":\"https:\/\/servifibal.cat\/es\/#\/schema\/logo\/image\/\"}}]}<\/script>\n<!-- \/ Yoast SEO plugin. -->","yoast_head_json":{"title":"Balanzas Peso-Precio-Importe G-325 - Servifibal","robots":{"index":"index","follow":"follow","max-snippet":"max-snippet:-1","max-image-preview":"max-image-preview:large","max-video-preview":"max-video-preview:-1"},"canonical":"https:\/\/servifibal.cat\/es\/prod\/balanzas-peso-precio-importe-g-325\/","og_locale":"es_ES","og_type":"article","og_title":"Balanzas Peso-Precio-Importe G-325 - Servifibal","og_description":"Balanzas peso-precio-importe en formato plano o torre en la misma balanza, sin impresora y con comunicaciones RS-232 para conexi\u00f3n a PC o caja registradora.  G-325 Referencia:\u00a070321S00N_ _ _   Displays:\u00a0LCD de segmentos.  PLUs:\u00a0100.  PLUs directos:\u00a09x2.  Protocolos de comunicaci\u00f3n:\u00a0Hasta 100.    G-325 B Referencia:\u00a070321S02N_ _ _   Displays:\u00a0LCD de segmentos.  PLUs:\u00a0100.  PLUs directos:\u00a09x2.  Protocolos de comunicaci\u00f3n:\u00a0Hasta 100.  Con bater\u00eda interna recargable.","og_url":"https:\/\/servifibal.cat\/es\/prod\/balanzas-peso-precio-importe-g-325\/","og_site_name":"Servifibal","article_modified_time":"2026-02-24T23:23:12+00:00","og_image":[{"width":650,"height":650,"url":"https:\/\/servifibal.cat\/wp-content\/uploads\/2026\/02\/b1-G-310-320_P1.png","type":"image\/png"}],"twitter_card":"summary_large_image","twitter_misc":{"Tiempo de lectura":"2 minutos"},"schema":{"@context":"https:\/\/schema.org","@graph":[{"@type":"WebPage","@id":"https:\/\/servifibal.cat\/es\/prod\/balanzas-peso-precio-importe-g-325\/","url":"https:\/\/servifibal.cat\/es\/prod\/balanzas-peso-precio-importe-g-325\/","name":"Balanzas Peso-Precio-Importe G-325 - Servifibal","isPartOf":{"@id":"https:\/\/servifibal.cat\/es\/#website"},"primaryImageOfPage":{"@id":"https:\/\/servifibal.cat\/es\/prod\/balanzas-peso-precio-importe-g-325\/#primaryimage"},"image":{"@id":"https:\/\/servifibal.cat\/es\/prod\/balanzas-peso-precio-importe-g-325\/#primaryimage"},"thumbnailUrl":"https:\/\/servifibal.cat\/wp-content\/uploads\/2026\/02\/b1-G-310-320_P1.png","datePublished":"2026-02-24T23:22:24+00:00","dateModified":"2026-02-24T23:23:12+00:00","breadcrumb":{"@id":"https:\/\/servifibal.cat\/es\/prod\/balanzas-peso-precio-importe-g-325\/#breadcrumb"},"inLanguage":"es","potentialAction":[{"@type":"ReadAction","target":["https:\/\/servifibal.cat\/es\/prod\/balanzas-peso-precio-importe-g-325\/"]}]},{"@type":"ImageObject","inLanguage":"es","@id":"https:\/\/servifibal.cat\/es\/prod\/balanzas-peso-precio-importe-g-325\/#primaryimage","url":"https:\/\/servifibal.cat\/wp-content\/uploads\/2026\/02\/b1-G-310-320_P1.png","contentUrl":"https:\/\/servifibal.cat\/wp-content\/uploads\/2026\/02\/b1-G-310-320_P1.png","width":650,"height":650},{"@type":"BreadcrumbList","@id":"https:\/\/servifibal.cat\/es\/prod\/balanzas-peso-precio-importe-g-325\/#breadcrumb","itemListElement":[{"@type":"ListItem","position":1,"name":"Portada","item":"https:\/\/servifibal.cat\/es\/inicio\/"},{"@type":"ListItem","position":2,"name":"Tienda","item":"https:\/\/servifibal.cat\/es\/tienda\/"},{"@type":"ListItem","position":3,"name":"Balanzas Peso-Precio-Importe G-325"}]},{"@type":"WebSite","@id":"https:\/\/servifibal.cat\/es\/#website","url":"https:\/\/servifibal.cat\/es\/","name":"Servifibal","description":"Solucions per al petit comer\u00e7","publisher":{"@id":"https:\/\/servifibal.cat\/es\/#organization"},"potentialAction":[{"@type":"SearchAction","target":{"@type":"EntryPoint","urlTemplate":"https:\/\/servifibal.cat\/es\/?s={search_term_string}"},"query-input":{"@type":"PropertyValueSpecification","valueRequired":true,"valueName":"search_term_string"}}],"inLanguage":"es"},{"@type":"Organization","@id":"https:\/\/servifibal.cat\/es\/#organization","name":"Servifibal","url":"https:\/\/servifibal.cat\/es\/","logo":{"@type":"ImageObject","inLanguage":"es","@id":"https:\/\/servifibal.cat\/es\/#\/schema\/logo\/image\/","url":"https:\/\/servifibal.cat\/wp-content\/uploads\/2025\/11\/00-Logo-nou-blanc.png","contentUrl":"https:\/\/servifibal.cat\/wp-content\/uploads\/2025\/11\/00-Logo-nou-blanc.png","width":176,"height":38,"caption":"Servifibal"},"image":{"@id":"https:\/\/servifibal.cat\/es\/#\/schema\/logo\/image\/"}}]}},"_links":{"self":[{"href":"https:\/\/servifibal.cat\/es\/wp-json\/wp\/v2\/product\/76524","targetHints":{"allow":["GET"]}}],"collection":[{"href":"https:\/\/servifibal.cat\/es\/wp-json\/wp\/v2\/product"}],"about":[{"href":"https:\/\/servifibal.cat\/es\/wp-json\/wp\/v2\/types\/product"}],"wp:featuredmedia":[{"embeddable":true,"href":"https:\/\/servifibal.cat\/es\/wp-json\/wp\/v2\/media\/76525"}],"wp:attachment":[{"href":"https:\/\/servifibal.cat\/es\/wp-json\/wp\/v2\/media?parent=76524"}],"wp:term":[{"taxonomy":"product_brand","embeddable":true,"href":"https:\/\/servifibal.cat\/es\/wp-json\/wp\/v2\/product_brand?post=76524"},{"taxonomy":"product_cat","embeddable":true,"href":"https:\/\/servifibal.cat\/es\/wp-json\/wp\/v2\/product_cat?post=76524"},{"taxonomy":"product_tag","embeddable":true,"href":"https:\/\/servifibal.cat\/es\/wp-json\/wp\/v2\/product_tag?post=76524"}],"curies":[{"name":"wp","href":"https:\/\/api.w.org\/{rel}","templated":true}]}}