{"id":76514,"date":"2026-02-24T23:15:30","date_gmt":"2026-02-24T23:15:30","guid":{"rendered":"https:\/\/servifibal.cat\/?post_type=product&#038;p=76514"},"modified":"2026-02-24T23:15:30","modified_gmt":"2026-02-24T23:15:30","slug":"balanzas-solo-peso-o-peso-precio-importe-dpos-400","status":"publish","type":"product","link":"https:\/\/servifibal.cat\/es\/prod\/balanzas-solo-peso-o-peso-precio-importe-dpos-400\/","title":{"rendered":"Balanzas Solo Peso o Peso-Precio-Importe DPOS-400"},"content":{"rendered":"<h3>Caracter\u00edsticas principales<\/h3>\n<ul>\n<li><strong>Balanza solo peso o peso-precio-importe para conexi\u00f3n a caja registradora o TPV.<\/strong><\/li>\n<li><strong>Dise\u00f1o modular y moderno.<\/strong><\/li>\n<li><strong>F\u00e1cil integraci\u00f3n en el mostrador.<\/strong><\/li>\n<li><strong>V\u00e1lida para metrolog\u00eda legal.<\/strong><\/li>\n<\/ul>\n<h3>Prestaciones<\/h3>\n<ul>\n<li><strong>Tara, fijaci\u00f3n de tara y cero manual.<\/strong><\/li>\n<li><strong>Visualizaci\u00f3n del importe en moneda secundaria.<\/strong><\/li>\n<li><strong>Ahorro de energ\u00eda mediante el apagado y encendido de la retroiluminaci\u00f3n y la desconexi\u00f3n autom\u00e1tica (programables).<\/strong><\/li>\n<li><strong>Alimentaci\u00f3n el\u00e9ctrica y comunicaciones a trav\u00e9s de un \u00fanico cable USB.<\/strong><\/li>\n<\/ul>\n<h3>Alcance \/ precisi\u00f3n<\/h3>\n<div>\n<ul>\n<li><strong>Espa\u00f1a: Mono-rango (3.000 divisiones): 15 kg \/ 5 g.<\/strong><\/li>\n<li><strong>Opcional:<\/strong>\n<ul>\n<li>Multi-rango (3.000 divisiones): 6 kg \/ 2 g &#8211; 15 kg \/ 5 g.<\/li>\n<\/ul>\n<\/li>\n<\/ul>\n<ul>\n<li><strong>Exportaci\u00f3n: Multi-rango (3.000 divisiones): 6 kg \/ 2 g &#8211; 15 kg \/ 5 g.<\/strong><\/li>\n<li><strong>Opcional:<\/strong>\n<ul>\n<li>Mono-rango (3.000 divisiones): 15 kg \/ 5 g.<\/li>\n<\/ul>\n<\/li>\n<\/ul>\n<\/div>\n<h3>Formatos disponibles<\/h3>\n<ul>\n<li><strong>Plano.<\/strong><\/li>\n<li><strong>Torre.<\/strong><\/li>\n<\/ul>\n<h3>Construcci\u00f3n<\/h3>\n<ul>\n<li><strong>Estructura:<\/strong>\n<ul>\n<li>Carcasa de pl\u00e1stico ABS.<\/li>\n<\/ul>\n<\/li>\n<li><strong>Displays:<\/strong>\n<ul>\n<li>1 o 2 f\u00e1cilmente instalables en m\u00faltiples posiciones.<\/li>\n<li>LCD gr\u00e1fico matricial retroiluminado.<\/li>\n<li>5 d\u00edgitos de hasta 20 mm de altura por display.<\/li>\n<li>Muestra la informaci\u00f3n de peso o de peso, precio \/ kg e importe (conectada a TPV y seg\u00fan el protocolo de comunicaci\u00f3n).<\/li>\n<\/ul>\n<\/li>\n<li><strong>Teclado de 3 teclas.<\/strong><\/li>\n<li><strong>Plato:<\/strong>\n<ul>\n<li>Tipo: Liso.<\/li>\n<li>Material: Acero inoxidable.<\/li>\n<\/ul>\n<\/li>\n<\/ul>\n<h3>Comunicaciones a PC \/ TPV \/ Caja registradora<\/h3>\n<ul>\n<li><strong>Interface USB y RS-232.<\/strong><\/li>\n<li><strong>Protocolos de comunicaci\u00f3n disponibles para los principales modelos de TPV y cajas registradoras del mercado.<\/strong><\/li>\n<li><strong>Multi-protocolo: El protocolo de comunicaci\u00f3n se selecciona en la propia balanza (m\u00e1s de 50 protocolos disponibles).<\/strong><\/li>\n<\/ul>\n<h3>Alimentaci\u00f3n el\u00e9ctrica<\/h3>\n<ul>\n<li><strong>Alimentaci\u00f3n por conexi\u00f3n USB desde un PC, TPV, caja registradora, etc.<\/strong><\/li>\n<\/ul>\n<h3>Consumo de energ\u00eda<\/h3>\n<ul>\n<li><strong>1 W (aprox.).<\/strong><\/li>\n<\/ul>\n","protected":false},"excerpt":{"rendered":"<p>Balanzas solo peso o peso-precio-importe sin impresora y con conexi\u00f3n a TPV o caja registradora. Uno o dos displays instalables en plataforma o en torre.<\/p>\n<div class=\"col-xs-6 col-sm-4 model\">\n<h4>DPOS-400 PLANA 1 DISP.<\/h4>\n<div class=\"ref\"><strong>Referencia:<\/strong>\u00a07POSP00LN_ _ _<\/div>\n<ul>\n<li>Display vendedor:\u00a0LCD gr\u00e1fico matricial.<\/li>\n<li>Protocolos de comunicaci\u00f3n:\u00a0Hasta 100.<\/li>\n<li>Alimentaci\u00f3n:\u00a0USB.<\/li>\n<\/ul>\n<\/div>\n<div class=\"col-xs-6 col-sm-4 model\">\n<h4>DPOS-400 PLANA 2 DISP.<\/h4>\n<div class=\"ref\"><strong>Referencia:<\/strong>\u00a07POSPP0LN_ _ _<\/div>\n<ul>\n<li>Display vendedor:\u00a0LCD gr\u00e1fico matricial.<\/li>\n<li>Display comprador:\u00a0LCD gr\u00e1fico matricial.<\/li>\n<li>Protocolos de comunicaci\u00f3n:\u00a0Hasta 100.<\/li>\n<li>Alimentaci\u00f3n:\u00a0USB.<\/li>\n<\/ul>\n<\/div>\n<div class=\"col-xs-6 col-sm-4 model\">\n<h4>DPOS-400 TORRE 1 DISP.<\/h4>\n<div class=\"ref\"><strong>Referencia:<\/strong>\u00a07POST00LN_ _ _<\/div>\n<ul>\n<li>Display vendedor:\u00a0LCD gr\u00e1fico matricial.<\/li>\n<li>Protocolos de comunicaci\u00f3n:\u00a0Hasta 100.<\/li>\n<li>Alimentaci\u00f3n:\u00a0USB.<\/li>\n<\/ul>\n<\/div>\n<div class=\"col-xs-6 col-sm-4 model\">\n<h4>DPOS-400 TORRE 2 DISP.<\/h4>\n<div class=\"ref\"><strong>Referencia:<\/strong>\u00a07POSTT0LN_ _ _<\/div>\n<ul>\n<li>Display vendedor:\u00a0LCD gr\u00e1fico matricial.<\/li>\n<li>Display comprador:\u00a0LCD gr\u00e1fico matricial.<\/li>\n<li>Protocolos de comunicaci\u00f3n:\u00a0Hasta 100.<\/li>\n<li>Alimentaci\u00f3n:\u00a0USB.<\/li>\n<\/ul>\n<\/div>\n<div class=\"col-xs-6 col-sm-4 model\">\n<h4>DPOS-400 TORRE 2 DISP. (1 en base y 1 en torre)<\/h4>\n<div class=\"ref\"><strong>Referencia:<\/strong>\u00a07POSPT0LN_ _ _<\/div>\n<ul>\n<li>Display vendedor:\u00a0LCD gr\u00e1fico matricial.<\/li>\n<li>Display comprador:\u00a0LCD gr\u00e1fico matricial.<\/li>\n<li>Protocolos de comunicaci\u00f3n:\u00a0Hasta 100.<\/li>\n<li>Alimentaci\u00f3n:\u00a0USB.<\/li>\n<\/ul>\n<\/div>\n","protected":false},"featured_media":76517,"template":"","meta":{"_joinchat":[]},"product_brand":[470],"product_cat":[575],"product_tag":[],"class_list":{"0":"post-76514","1":"product","2":"type-product","3":"status-publish","4":"has-post-thumbnail","6":"product_brand-dibal","7":"product_cat-balanzas-checkout","9":"first","10":"instock","11":"shipping-taxable","12":"product-type-simple"},"yoast_head":"<!-- This site is optimized with the Yoast SEO plugin v27.1.1 - https:\/\/yoast.com\/product\/yoast-seo-wordpress\/ -->\n<title>Balanzas Solo Peso o Peso-Precio-Importe DPOS-400 - Servifibal<\/title>\n<meta name=\"robots\" content=\"index, follow, max-snippet:-1, max-image-preview:large, max-video-preview:-1\" \/>\n<link rel=\"canonical\" href=\"https:\/\/servifibal.cat\/es\/prod\/balanzas-solo-peso-o-peso-precio-importe-dpos-400\/\" \/>\n<meta property=\"og:locale\" content=\"es_ES\" \/>\n<meta property=\"og:type\" content=\"article\" \/>\n<meta property=\"og:title\" content=\"Balanzas Solo Peso o Peso-Precio-Importe DPOS-400 - Servifibal\" \/>\n<meta property=\"og:description\" content=\"Balanzas solo peso o peso-precio-importe sin impresora y con conexi\u00f3n a TPV o caja registradora. Uno o dos displays instalables en plataforma o en torre.  DPOS-400 PLANA 1 DISP. Referencia:\u00a07POSP00LN_ _ _   Display vendedor:\u00a0LCD gr\u00e1fico matricial.  Protocolos de comunicaci\u00f3n:\u00a0Hasta 100.  Alimentaci\u00f3n:\u00a0USB.    DPOS-400 PLANA 2 DISP. Referencia:\u00a07POSPP0LN_ _ _   Display vendedor:\u00a0LCD gr\u00e1fico matricial.  Display comprador:\u00a0LCD gr\u00e1fico matricial.  Protocolos de comunicaci\u00f3n:\u00a0Hasta 100.  Alimentaci\u00f3n:\u00a0USB.    DPOS-400 TORRE 1 DISP. Referencia:\u00a07POST00LN_ _ _   Display vendedor:\u00a0LCD gr\u00e1fico matricial.  Protocolos de comunicaci\u00f3n:\u00a0Hasta 100.  Alimentaci\u00f3n:\u00a0USB.    DPOS-400 TORRE 2 DISP. Referencia:\u00a07POSTT0LN_ _ _   Display vendedor:\u00a0LCD gr\u00e1fico matricial.  Display comprador:\u00a0LCD gr\u00e1fico matricial.  Protocolos de comunicaci\u00f3n:\u00a0Hasta 100.  Alimentaci\u00f3n:\u00a0USB.    DPOS-400 TORRE 2 DISP. (1 en base y 1 en torre) Referencia:\u00a07POSPT0LN_ _ _   Display vendedor:\u00a0LCD gr\u00e1fico matricial.  Display comprador:\u00a0LCD gr\u00e1fico matricial.  Protocolos de comunicaci\u00f3n:\u00a0Hasta 100.  Alimentaci\u00f3n:\u00a0USB.\" \/>\n<meta property=\"og:url\" content=\"https:\/\/servifibal.cat\/es\/prod\/balanzas-solo-peso-o-peso-precio-importe-dpos-400\/\" \/>\n<meta property=\"og:site_name\" content=\"Servifibal\" \/>\n<meta property=\"og:image\" content=\"https:\/\/servifibal.cat\/wp-content\/uploads\/2026\/02\/a1-DPOS-400_P_1-DISP2.png\" \/>\n\t<meta property=\"og:image:width\" content=\"650\" \/>\n\t<meta property=\"og:image:height\" content=\"650\" \/>\n\t<meta property=\"og:image:type\" content=\"image\/png\" \/>\n<meta name=\"twitter:card\" content=\"summary_large_image\" \/>\n<meta name=\"twitter:label1\" content=\"Tiempo de lectura\" \/>\n\t<meta name=\"twitter:data1\" content=\"2 minutos\" \/>\n<script type=\"application\/ld+json\" class=\"yoast-schema-graph\">{\"@context\":\"https:\/\/schema.org\",\"@graph\":[{\"@type\":\"WebPage\",\"@id\":\"https:\/\/servifibal.cat\/es\/prod\/balanzas-solo-peso-o-peso-precio-importe-dpos-400\/\",\"url\":\"https:\/\/servifibal.cat\/es\/prod\/balanzas-solo-peso-o-peso-precio-importe-dpos-400\/\",\"name\":\"Balanzas Solo Peso o Peso-Precio-Importe DPOS-400 - Servifibal\",\"isPartOf\":{\"@id\":\"https:\/\/servifibal.cat\/es\/#website\"},\"primaryImageOfPage\":{\"@id\":\"https:\/\/servifibal.cat\/es\/prod\/balanzas-solo-peso-o-peso-precio-importe-dpos-400\/#primaryimage\"},\"image\":{\"@id\":\"https:\/\/servifibal.cat\/es\/prod\/balanzas-solo-peso-o-peso-precio-importe-dpos-400\/#primaryimage\"},\"thumbnailUrl\":\"https:\/\/servifibal.cat\/wp-content\/uploads\/2026\/02\/a1-DPOS-400_P_1-DISP2.png\",\"datePublished\":\"2026-02-24T23:15:30+00:00\",\"breadcrumb\":{\"@id\":\"https:\/\/servifibal.cat\/es\/prod\/balanzas-solo-peso-o-peso-precio-importe-dpos-400\/#breadcrumb\"},\"inLanguage\":\"es\",\"potentialAction\":[{\"@type\":\"ReadAction\",\"target\":[\"https:\/\/servifibal.cat\/es\/prod\/balanzas-solo-peso-o-peso-precio-importe-dpos-400\/\"]}]},{\"@type\":\"ImageObject\",\"inLanguage\":\"es\",\"@id\":\"https:\/\/servifibal.cat\/es\/prod\/balanzas-solo-peso-o-peso-precio-importe-dpos-400\/#primaryimage\",\"url\":\"https:\/\/servifibal.cat\/wp-content\/uploads\/2026\/02\/a1-DPOS-400_P_1-DISP2.png\",\"contentUrl\":\"https:\/\/servifibal.cat\/wp-content\/uploads\/2026\/02\/a1-DPOS-400_P_1-DISP2.png\",\"width\":650,\"height\":650},{\"@type\":\"BreadcrumbList\",\"@id\":\"https:\/\/servifibal.cat\/es\/prod\/balanzas-solo-peso-o-peso-precio-importe-dpos-400\/#breadcrumb\",\"itemListElement\":[{\"@type\":\"ListItem\",\"position\":1,\"name\":\"Portada\",\"item\":\"https:\/\/servifibal.cat\/es\/inicio\/\"},{\"@type\":\"ListItem\",\"position\":2,\"name\":\"Tienda\",\"item\":\"https:\/\/servifibal.cat\/es\/tienda\/\"},{\"@type\":\"ListItem\",\"position\":3,\"name\":\"Balanzas Solo Peso o Peso-Precio-Importe DPOS-400\"}]},{\"@type\":\"WebSite\",\"@id\":\"https:\/\/servifibal.cat\/es\/#website\",\"url\":\"https:\/\/servifibal.cat\/es\/\",\"name\":\"Servifibal\",\"description\":\"Solucions per al petit comer\u00e7\",\"publisher\":{\"@id\":\"https:\/\/servifibal.cat\/es\/#organization\"},\"potentialAction\":[{\"@type\":\"SearchAction\",\"target\":{\"@type\":\"EntryPoint\",\"urlTemplate\":\"https:\/\/servifibal.cat\/es\/?s={search_term_string}\"},\"query-input\":{\"@type\":\"PropertyValueSpecification\",\"valueRequired\":true,\"valueName\":\"search_term_string\"}}],\"inLanguage\":\"es\"},{\"@type\":\"Organization\",\"@id\":\"https:\/\/servifibal.cat\/es\/#organization\",\"name\":\"Servifibal\",\"url\":\"https:\/\/servifibal.cat\/es\/\",\"logo\":{\"@type\":\"ImageObject\",\"inLanguage\":\"es\",\"@id\":\"https:\/\/servifibal.cat\/es\/#\/schema\/logo\/image\/\",\"url\":\"https:\/\/servifibal.cat\/wp-content\/uploads\/2025\/11\/00-Logo-nou-blanc.png\",\"contentUrl\":\"https:\/\/servifibal.cat\/wp-content\/uploads\/2025\/11\/00-Logo-nou-blanc.png\",\"width\":176,\"height\":38,\"caption\":\"Servifibal\"},\"image\":{\"@id\":\"https:\/\/servifibal.cat\/es\/#\/schema\/logo\/image\/\"}}]}<\/script>\n<!-- \/ Yoast SEO plugin. -->","yoast_head_json":{"title":"Balanzas Solo Peso o Peso-Precio-Importe DPOS-400 - Servifibal","robots":{"index":"index","follow":"follow","max-snippet":"max-snippet:-1","max-image-preview":"max-image-preview:large","max-video-preview":"max-video-preview:-1"},"canonical":"https:\/\/servifibal.cat\/es\/prod\/balanzas-solo-peso-o-peso-precio-importe-dpos-400\/","og_locale":"es_ES","og_type":"article","og_title":"Balanzas Solo Peso o Peso-Precio-Importe DPOS-400 - Servifibal","og_description":"Balanzas solo peso o peso-precio-importe sin impresora y con conexi\u00f3n a TPV o caja registradora. Uno o dos displays instalables en plataforma o en torre.  DPOS-400 PLANA 1 DISP. Referencia:\u00a07POSP00LN_ _ _   Display vendedor:\u00a0LCD gr\u00e1fico matricial.  Protocolos de comunicaci\u00f3n:\u00a0Hasta 100.  Alimentaci\u00f3n:\u00a0USB.    DPOS-400 PLANA 2 DISP. Referencia:\u00a07POSPP0LN_ _ _   Display vendedor:\u00a0LCD gr\u00e1fico matricial.  Display comprador:\u00a0LCD gr\u00e1fico matricial.  Protocolos de comunicaci\u00f3n:\u00a0Hasta 100.  Alimentaci\u00f3n:\u00a0USB.    DPOS-400 TORRE 1 DISP. Referencia:\u00a07POST00LN_ _ _   Display vendedor:\u00a0LCD gr\u00e1fico matricial.  Protocolos de comunicaci\u00f3n:\u00a0Hasta 100.  Alimentaci\u00f3n:\u00a0USB.    DPOS-400 TORRE 2 DISP. Referencia:\u00a07POSTT0LN_ _ _   Display vendedor:\u00a0LCD gr\u00e1fico matricial.  Display comprador:\u00a0LCD gr\u00e1fico matricial.  Protocolos de comunicaci\u00f3n:\u00a0Hasta 100.  Alimentaci\u00f3n:\u00a0USB.    DPOS-400 TORRE 2 DISP. (1 en base y 1 en torre) Referencia:\u00a07POSPT0LN_ _ _   Display vendedor:\u00a0LCD gr\u00e1fico matricial.  Display comprador:\u00a0LCD gr\u00e1fico matricial.  Protocolos de comunicaci\u00f3n:\u00a0Hasta 100.  Alimentaci\u00f3n:\u00a0USB.","og_url":"https:\/\/servifibal.cat\/es\/prod\/balanzas-solo-peso-o-peso-precio-importe-dpos-400\/","og_site_name":"Servifibal","og_image":[{"width":650,"height":650,"url":"https:\/\/servifibal.cat\/wp-content\/uploads\/2026\/02\/a1-DPOS-400_P_1-DISP2.png","type":"image\/png"}],"twitter_card":"summary_large_image","twitter_misc":{"Tiempo de lectura":"2 minutos"},"schema":{"@context":"https:\/\/schema.org","@graph":[{"@type":"WebPage","@id":"https:\/\/servifibal.cat\/es\/prod\/balanzas-solo-peso-o-peso-precio-importe-dpos-400\/","url":"https:\/\/servifibal.cat\/es\/prod\/balanzas-solo-peso-o-peso-precio-importe-dpos-400\/","name":"Balanzas Solo Peso o Peso-Precio-Importe DPOS-400 - Servifibal","isPartOf":{"@id":"https:\/\/servifibal.cat\/es\/#website"},"primaryImageOfPage":{"@id":"https:\/\/servifibal.cat\/es\/prod\/balanzas-solo-peso-o-peso-precio-importe-dpos-400\/#primaryimage"},"image":{"@id":"https:\/\/servifibal.cat\/es\/prod\/balanzas-solo-peso-o-peso-precio-importe-dpos-400\/#primaryimage"},"thumbnailUrl":"https:\/\/servifibal.cat\/wp-content\/uploads\/2026\/02\/a1-DPOS-400_P_1-DISP2.png","datePublished":"2026-02-24T23:15:30+00:00","breadcrumb":{"@id":"https:\/\/servifibal.cat\/es\/prod\/balanzas-solo-peso-o-peso-precio-importe-dpos-400\/#breadcrumb"},"inLanguage":"es","potentialAction":[{"@type":"ReadAction","target":["https:\/\/servifibal.cat\/es\/prod\/balanzas-solo-peso-o-peso-precio-importe-dpos-400\/"]}]},{"@type":"ImageObject","inLanguage":"es","@id":"https:\/\/servifibal.cat\/es\/prod\/balanzas-solo-peso-o-peso-precio-importe-dpos-400\/#primaryimage","url":"https:\/\/servifibal.cat\/wp-content\/uploads\/2026\/02\/a1-DPOS-400_P_1-DISP2.png","contentUrl":"https:\/\/servifibal.cat\/wp-content\/uploads\/2026\/02\/a1-DPOS-400_P_1-DISP2.png","width":650,"height":650},{"@type":"BreadcrumbList","@id":"https:\/\/servifibal.cat\/es\/prod\/balanzas-solo-peso-o-peso-precio-importe-dpos-400\/#breadcrumb","itemListElement":[{"@type":"ListItem","position":1,"name":"Portada","item":"https:\/\/servifibal.cat\/es\/inicio\/"},{"@type":"ListItem","position":2,"name":"Tienda","item":"https:\/\/servifibal.cat\/es\/tienda\/"},{"@type":"ListItem","position":3,"name":"Balanzas Solo Peso o Peso-Precio-Importe DPOS-400"}]},{"@type":"WebSite","@id":"https:\/\/servifibal.cat\/es\/#website","url":"https:\/\/servifibal.cat\/es\/","name":"Servifibal","description":"Solucions per al petit comer\u00e7","publisher":{"@id":"https:\/\/servifibal.cat\/es\/#organization"},"potentialAction":[{"@type":"SearchAction","target":{"@type":"EntryPoint","urlTemplate":"https:\/\/servifibal.cat\/es\/?s={search_term_string}"},"query-input":{"@type":"PropertyValueSpecification","valueRequired":true,"valueName":"search_term_string"}}],"inLanguage":"es"},{"@type":"Organization","@id":"https:\/\/servifibal.cat\/es\/#organization","name":"Servifibal","url":"https:\/\/servifibal.cat\/es\/","logo":{"@type":"ImageObject","inLanguage":"es","@id":"https:\/\/servifibal.cat\/es\/#\/schema\/logo\/image\/","url":"https:\/\/servifibal.cat\/wp-content\/uploads\/2025\/11\/00-Logo-nou-blanc.png","contentUrl":"https:\/\/servifibal.cat\/wp-content\/uploads\/2025\/11\/00-Logo-nou-blanc.png","width":176,"height":38,"caption":"Servifibal"},"image":{"@id":"https:\/\/servifibal.cat\/es\/#\/schema\/logo\/image\/"}}]}},"_links":{"self":[{"href":"https:\/\/servifibal.cat\/es\/wp-json\/wp\/v2\/product\/76514","targetHints":{"allow":["GET"]}}],"collection":[{"href":"https:\/\/servifibal.cat\/es\/wp-json\/wp\/v2\/product"}],"about":[{"href":"https:\/\/servifibal.cat\/es\/wp-json\/wp\/v2\/types\/product"}],"wp:featuredmedia":[{"embeddable":true,"href":"https:\/\/servifibal.cat\/es\/wp-json\/wp\/v2\/media\/76517"}],"wp:attachment":[{"href":"https:\/\/servifibal.cat\/es\/wp-json\/wp\/v2\/media?parent=76514"}],"wp:term":[{"taxonomy":"product_brand","embeddable":true,"href":"https:\/\/servifibal.cat\/es\/wp-json\/wp\/v2\/product_brand?post=76514"},{"taxonomy":"product_cat","embeddable":true,"href":"https:\/\/servifibal.cat\/es\/wp-json\/wp\/v2\/product_cat?post=76514"},{"taxonomy":"product_tag","embeddable":true,"href":"https:\/\/servifibal.cat\/es\/wp-json\/wp\/v2\/product_tag?post=76514"}],"curies":[{"name":"wp","href":"https:\/\/api.w.org\/{rel}","templated":true}]}}