{"id":76506,"date":"2026-02-24T23:04:30","date_gmt":"2026-02-24T23:04:30","guid":{"rendered":"https:\/\/servifibal.cat\/?post_type=product&#038;p=76506"},"modified":"2026-02-24T23:04:30","modified_gmt":"2026-02-24T23:04:30","slug":"balanzas-pc-cs-2255-colgante-inox-etiquetas-o-tickets-2","status":"publish","type":"product","link":"https:\/\/servifibal.cat\/es\/prod\/balanzas-pc-cs-2255-colgante-inox-etiquetas-o-tickets-2\/","title":{"rendered":"Balanzas PC CS-2255 Colgante Inox Etiquetas (o Tickets) 2&#8243;"},"content":{"rendered":"<h3>Caracter\u00edsticas principales<\/h3>\n<ul>\n<li><strong>Balanza comercial con arquitectura PC de altas\u00a0prestaciones con doble TFT a color.<\/strong><\/li>\n<li><strong>Impresora de etiquetas (apta\u00a0tambi\u00e9n para tickets) de 2&#8243;.<\/strong><\/li>\n<li><strong>Dise\u00f1o moderno, compacto y de f\u00e1cil limpieza.<\/strong><\/li>\n<li><strong>Manejo intuitivo.<\/strong><\/li>\n<li><strong>Pantalla de vendedor configurable y personalizable.<\/strong><\/li>\n<li><strong>Pantalla de comprador como soporte publicitario\u00a0din\u00e1mico y m\u00e1s est\u00e9tico.<\/strong><\/li>\n<li><strong>Cumple con el reglamento UE 1169\/2011 referente a la\u00a0informaci\u00f3n alimentaria obligatoria.<\/strong><\/li>\n<\/ul>\n<h3>Prestaciones<\/h3>\n<ul>\n<li><strong>Integraci\u00f3n con aplicaciones inform\u00e1ticas y sistemas\u00a0<\/strong><strong>ERP de terceros.<\/strong><\/li>\n<li><strong>Funciones disponibles con el Software para Windows CS\u00a0<\/strong><strong>4.0 pre-instalado:<\/strong>\n<ul>\n<li>Configuraci\u00f3n de la balanza desde operativa: configuraci\u00f3n r\u00e1pida de maestra en 6 pasos, configuraci\u00f3n de esclava en 2 pasos y alta de datos variables.<\/li>\n<li>Dise\u00f1o de pantallas de usuario (tanto para venta asistida como para autoservicio). Cada usuario puede tener acceso a sus propias plantillas de venta, que pueden estar asociadas a los permisos de acceso previamente definidos.<\/li>\n<li>Amplia colecci\u00f3n de plantillas para pantallas de venta, bases de datos de art\u00edculos y fotograf\u00edas de alimentos (carne\/charcuter\u00eda, frutas\/verduras, pescados\/mariscos, congelados, bebidas, etc.).<\/li>\n<li>Pantallas operativas modernas, sencillas y muy intuitivas que facilitan el uso y mejoran la experiencia del vendedor.<\/li>\n<li>Soporte para la venta cruzada: Asociaci\u00f3n de la venta de un producto a la imagen de otro producto complementario cuya imagen se muestra en la pantalla del comprador.<\/li>\n<li>Biblioteca de im\u00e1genes y v\u00eddeos incluida en la balanza para apoyo promocional.<\/li>\n<li>N\u00famero ilimitado de teclas de art\u00edculo (mediante pantallas sucesivas).<\/li>\n<li>Todos los botones pueden incluir textos, iconos, fotos, etc.<\/li>\n<li>Posibilidad de ordenaci\u00f3n autom\u00e1tica de los botones por distintos criterios: c\u00f3digo, nombre, productos m\u00e1s vendidos, etc.<\/li>\n<li>Teclado configurable seg\u00fan preferencias: PLUs, secciones, vendedores, teclado QWERTY o ABC, etc.<\/li>\n<li>Acceso r\u00e1pido para alta de art\u00edculos, vendedores y secciones.<\/li>\n<li>Cambio r\u00e1pido del documento a generar: albar\u00e1n, ticket o factura.<\/li>\n<li>Visualizaci\u00f3n opcional del ticket o la etiqueta en pantalla de vendedor.<\/li>\n<li>F\u00e1cil anulaci\u00f3n de l\u00edneas de ticket \/ f\u00e1cil reapertura de ticket.<\/li>\n<li>Personalizaci\u00f3n de cabecera y logos en tickets.<\/li>\n<li>Emisi\u00f3n de facturas y albaranes.<\/li>\n<li>Facturaci\u00f3n de albaranes.<\/li>\n<li>Cierre de caja.<\/li>\n<li>Generaci\u00f3n de listados y gr\u00e1ficos de ventas, totales o detalladas (por art\u00edculo, cliente, vendedor, periodo\u2026) con triple posibilidad de salida: en pantalla, en la impresora de la balanza o en una impresora externa.<\/li>\n<li>Gesti\u00f3n de stocks, de clientes y de proveedores en la balanza.<\/li>\n<li>Borrado de stocks negativos.<\/li>\n<li>Gesti\u00f3n de trazabilidad.<\/li>\n<li>Opci\u00f3n de grabar precio de reposici\u00f3n y precio de oferta por art\u00edculo.<\/li>\n<li>Tarifas asociadas a cada tienda o cliente.<\/li>\n<li>Gesti\u00f3n de inventarios y pedidos de art\u00edculos.<\/li>\n<li>Migraci\u00f3n de datos.<\/li>\n<li>Copias de seguridad.<\/li>\n<li>Arranque autom\u00e1tico.<\/li>\n<li>Ajuste autom\u00e1tico del opto.<\/li>\n<li>Teamviewer.<\/li>\n<li>Funci\u00f3n de turnomatic propio en display comprador.<\/li>\n<li>Imagen de art\u00edculo y al\u00e9rgenos en display comprador (bajo licencia).<\/li>\n<li>Ticket en display comprador (bajo licencia).<\/li>\n<li>Gesti\u00f3n de pedidos (bajo licencia).<\/li>\n<li>Redsys, pago con tarjeta (bajo licencia).<\/li>\n<li>Cashdrawers: cajones de cobro (bajo licencia).<\/li>\n<li>Sistema All_Connected: gesti\u00f3n de turnos integrado\u00a0con soluciones de se\u00f1alizaci\u00f3n digital, consultar (bajo\u00a0pedido).<\/li>\n<\/ul>\n<\/li>\n<li><strong>Disponible tambi\u00e9n con soluci\u00f3n abierta para la\u00a0<\/strong><strong>instalaci\u00f3n de alguna de las aplicaciones de TPV m\u00e1s\u00a0<\/strong><strong>populares del mercado.<\/strong><\/li>\n<\/ul>\n<h3>Alcance \/ Precisi\u00f3n<\/h3>\n<ul>\n<li><strong>Espa\u00f1a: Mono-rango (3.000 divisiones): 15 kg \/ 5 g.<\/strong><\/li>\n<li><strong>Opcional:<\/strong>\n<ul>\n<li>Mono-rango (3.000 divisiones): 30 kg \/ 10 g.<\/li>\n<li>Multi-rango (3.000 divisiones): 6 kg \/ 2 g &#8211; 15 kg \/ 5g o 15 kg \/ 5 g &#8211; 30 kg \/ 10 g.<\/li>\n<\/ul>\n<\/li>\n<li><strong>Exportaci\u00f3n: Multi-rango (3.000 divisiones): 6 kg \/ 2 g &#8211; 15 kg \/ 5 g.<\/strong><\/li>\n<li><strong>Opcional:<\/strong>\n<ul>\n<li>Mono-rango (3.000 divisiones): 15 kg \/ 5 g o 30 kg \/ 10 g.<\/li>\n<li>Multi-rango (3.000 divisiones): 15 kg \/ 5 g &#8211; 30 kg \/ 10 g.<\/li>\n<li>Mono-rango (6.000 divisiones): 12 kg \/ 2 g o 30 kg \/ 5 g.<\/li>\n<\/ul>\n<\/li>\n<\/ul>\n","protected":false},"excerpt":{"rendered":"<p>Balanzas PC en formato colgante de acero inoxidable con impresora de etiquetas de 2&#8243; (apta tambi\u00e9n para tickets). Pantalla t\u00e1ctil de 15&#8243; para el vendedor y TFT de 7&#8243; o 15&#8243; en el lado del comprador.<\/p>\n<div class=\"col-xs-6 col-sm-4 model\">\n<h4>CS-2255 COLGANTE 15+7 ETIQUETAS (O TICKETS) 2&#8243; &#8211; RESISTIVO<\/h4>\n<div class=\"ref\"><strong>Referencia:<\/strong>\u00a07IANBCGSG_ _ _ \/ 7IBNBCGSG_ _ _<\/div>\n<ul>\n<li>Display vendedor: TFT T\u00e1ctil 15\u201d resistivo.<\/li>\n<li>Display comprador:\u00a0TFT 7&#8243;.<\/li>\n<li>Impresora: 2&#8243; Etiquetas (o Tickets).<\/li>\n<li>Sistema Operativo:\u00a0Windows 10 (embebido).<\/li>\n<li>Software de Venta: CS 4.0 o Soluci\u00f3n abierta.<\/li>\n<li>Alimentacion:\u00a0Red.<\/li>\n<\/ul>\n<\/div>\n<div class=\"col-xs-6 col-sm-4 model\">\n<h4>CS-2255 COLGANTE 15+7 ETIQUETAS (O TICKETS) 2&#8243; &#8211; CAPACITIVO<\/h4>\n<div class=\"ref\"><strong>Referencia:<\/strong>\u00a07IANFCGSG_ _ _ \/ 7IBNFCGSG_ _ _<\/div>\n<ul>\n<li>Display vendedor: TFT T\u00e1ctil 15\u201d capacitivo proyectado.<\/li>\n<li>Display comprador:\u00a0TFT 7&#8243;.<\/li>\n<li>Impresora: 2&#8243; Etiquetas (o Tickets).<\/li>\n<li>Sistema Operativo:\u00a0Windows 10 (embebido).<\/li>\n<li>Software de Venta: CS 4.0 o Soluci\u00f3n abierta.<\/li>\n<li>Alimentacion:\u00a0Red.<\/li>\n<\/ul>\n<\/div>\n<div class=\"col-xs-6 col-sm-4 model\">\n<h4>CS-2255 COLGANTE 15+15 ETIQUETAS (O TICKETS) 2&#8243; &#8211; RESISTIVO<\/h4>\n<div class=\"ref\"><strong>Referencia:<\/strong>\u00a07IANCCGSG_ _ _ \/ 7IBNCCGSG_ _ _<\/div>\n<ul>\n<li>Display vendedor: TFT T\u00e1ctil 15\u201d resistivo.<\/li>\n<li>Display comprador:\u00a0TFT 15&#8243;.<\/li>\n<li>Impresora: 2&#8243; Etiquetas (o Tickets).<\/li>\n<li>Sistema Operativo:\u00a0Windows 10 (embebido).<\/li>\n<li>Software de Venta: CS 4.0 o Soluci\u00f3n abierta.<\/li>\n<li>Alimentacion:\u00a0Red.<\/li>\n<\/ul>\n<\/div>\n<div class=\"col-xs-6 col-sm-4 model\">\n<h4>CS-2255 COLGANTE 15+15 ETIQUETAS (O TICKETS) 2&#8243; &#8211; CAPACITIVO<\/h4>\n<div class=\"ref\"><strong>Referencia:<\/strong>\u00a07IANGCGSG_ _ _ \/ 7IBNGCGSG_ _ _<\/div>\n<ul>\n<li>Display vendedor: TFT T\u00e1ctil 15\u201d capacitivo proyectado.<\/li>\n<li>Display comprador:\u00a0TFT 15&#8243;.<\/li>\n<li>Impresora: 2&#8243; Etiquetas (o Tickets).<\/li>\n<li>Sistema Operativo:\u00a0Windows 10 (embebido).<\/li>\n<li>Software de Venta: CS 4.0 o Soluci\u00f3n abierta.<\/li>\n<li>Alimentacion:\u00a0Red.<\/li>\n<\/ul>\n<\/div>\n","protected":false},"featured_media":76507,"template":"","meta":{"_joinchat":[]},"product_brand":[470],"product_cat":[522],"product_tag":[],"class_list":{"0":"post-76506","1":"product","2":"type-product","3":"status-publish","4":"has-post-thumbnail","6":"product_brand-dibal","7":"product_cat-balanzas-colgantes-pc-serie-cs-2200","9":"first","10":"instock","11":"shipping-taxable","12":"product-type-simple"},"yoast_head":"<!-- This site is optimized with the Yoast SEO plugin v27.1.1 - https:\/\/yoast.com\/product\/yoast-seo-wordpress\/ -->\n<title>Balanzas PC CS-2255 Colgante Inox Etiquetas (o Tickets) 2&quot; - Servifibal<\/title>\n<meta name=\"robots\" content=\"index, follow, max-snippet:-1, max-image-preview:large, max-video-preview:-1\" \/>\n<link rel=\"canonical\" href=\"https:\/\/servifibal.cat\/es\/prod\/balanzas-pc-cs-2255-colgante-inox-etiquetas-o-tickets-2\/\" \/>\n<meta property=\"og:locale\" content=\"es_ES\" \/>\n<meta property=\"og:type\" content=\"article\" \/>\n<meta property=\"og:title\" content=\"Balanzas PC CS-2255 Colgante Inox Etiquetas (o Tickets) 2&quot; - Servifibal\" \/>\n<meta property=\"og:description\" content=\"Balanzas PC en formato colgante de acero inoxidable con impresora de etiquetas de 2&quot; (apta tambi\u00e9n para tickets). Pantalla t\u00e1ctil de 15&quot; para el vendedor y TFT de 7&quot; o 15&quot; en el lado del comprador.  CS-2255 COLGANTE 15+7 ETIQUETAS (O TICKETS) 2&quot; - RESISTIVO Referencia:\u00a07IANBCGSG_ _ _ \/ 7IBNBCGSG_ _ _   Display vendedor: TFT T\u00e1ctil 15\u201d resistivo.  Display comprador:\u00a0TFT 7&quot;.  Impresora: 2&quot; Etiquetas (o Tickets).  Sistema Operativo:\u00a0Windows 10 (embebido).  Software de Venta: CS 4.0 o Soluci\u00f3n abierta.  Alimentacion:\u00a0Red.    CS-2255 COLGANTE 15+7 ETIQUETAS (O TICKETS) 2&quot; - CAPACITIVO Referencia:\u00a07IANFCGSG_ _ _ \/ 7IBNFCGSG_ _ _   Display vendedor: TFT T\u00e1ctil 15\u201d capacitivo proyectado.  Display comprador:\u00a0TFT 7&quot;.  Impresora: 2&quot; Etiquetas (o Tickets).  Sistema Operativo:\u00a0Windows 10 (embebido).  Software de Venta: CS 4.0 o Soluci\u00f3n abierta.  Alimentacion:\u00a0Red.    CS-2255 COLGANTE 15+15 ETIQUETAS (O TICKETS) 2&quot; - RESISTIVO Referencia:\u00a07IANCCGSG_ _ _ \/ 7IBNCCGSG_ _ _   Display vendedor: TFT T\u00e1ctil 15\u201d resistivo.  Display comprador:\u00a0TFT 15&quot;.  Impresora: 2&quot; Etiquetas (o Tickets).  Sistema Operativo:\u00a0Windows 10 (embebido).  Software de Venta: CS 4.0 o Soluci\u00f3n abierta.  Alimentacion:\u00a0Red.    CS-2255 COLGANTE 15+15 ETIQUETAS (O TICKETS) 2&quot; - CAPACITIVO Referencia:\u00a07IANGCGSG_ _ _ \/ 7IBNGCGSG_ _ _   Display vendedor: TFT T\u00e1ctil 15\u201d capacitivo proyectado.  Display comprador:\u00a0TFT 15&quot;.  Impresora: 2&quot; Etiquetas (o Tickets).  Sistema Operativo:\u00a0Windows 10 (embebido).  Software de Venta: CS 4.0 o Soluci\u00f3n abierta.  Alimentacion:\u00a0Red.\" \/>\n<meta property=\"og:url\" content=\"https:\/\/servifibal.cat\/es\/prod\/balanzas-pc-cs-2255-colgante-inox-etiquetas-o-tickets-2\/\" \/>\n<meta property=\"og:site_name\" content=\"Servifibal\" \/>\n<meta property=\"og:image\" content=\"https:\/\/servifibal.cat\/wp-content\/uploads\/2026\/02\/001_CS-2255_C_ETIQ_O_TICKET_15-7.png\" \/>\n\t<meta property=\"og:image:width\" content=\"650\" \/>\n\t<meta property=\"og:image:height\" content=\"650\" \/>\n\t<meta property=\"og:image:type\" content=\"image\/png\" \/>\n<meta name=\"twitter:card\" content=\"summary_large_image\" \/>\n<meta name=\"twitter:label1\" content=\"Tiempo de lectura\" \/>\n\t<meta name=\"twitter:data1\" content=\"4 minutos\" \/>\n<script type=\"application\/ld+json\" class=\"yoast-schema-graph\">{\"@context\":\"https:\/\/schema.org\",\"@graph\":[{\"@type\":\"WebPage\",\"@id\":\"https:\/\/servifibal.cat\/es\/prod\/balanzas-pc-cs-2255-colgante-inox-etiquetas-o-tickets-2\/\",\"url\":\"https:\/\/servifibal.cat\/es\/prod\/balanzas-pc-cs-2255-colgante-inox-etiquetas-o-tickets-2\/\",\"name\":\"Balanzas PC CS-2255 Colgante Inox Etiquetas (o Tickets) 2\\\" - Servifibal\",\"isPartOf\":{\"@id\":\"https:\/\/servifibal.cat\/es\/#website\"},\"primaryImageOfPage\":{\"@id\":\"https:\/\/servifibal.cat\/es\/prod\/balanzas-pc-cs-2255-colgante-inox-etiquetas-o-tickets-2\/#primaryimage\"},\"image\":{\"@id\":\"https:\/\/servifibal.cat\/es\/prod\/balanzas-pc-cs-2255-colgante-inox-etiquetas-o-tickets-2\/#primaryimage\"},\"thumbnailUrl\":\"https:\/\/servifibal.cat\/wp-content\/uploads\/2026\/02\/001_CS-2255_C_ETIQ_O_TICKET_15-7.png\",\"datePublished\":\"2026-02-24T23:04:30+00:00\",\"breadcrumb\":{\"@id\":\"https:\/\/servifibal.cat\/es\/prod\/balanzas-pc-cs-2255-colgante-inox-etiquetas-o-tickets-2\/#breadcrumb\"},\"inLanguage\":\"es\",\"potentialAction\":[{\"@type\":\"ReadAction\",\"target\":[\"https:\/\/servifibal.cat\/es\/prod\/balanzas-pc-cs-2255-colgante-inox-etiquetas-o-tickets-2\/\"]}]},{\"@type\":\"ImageObject\",\"inLanguage\":\"es\",\"@id\":\"https:\/\/servifibal.cat\/es\/prod\/balanzas-pc-cs-2255-colgante-inox-etiquetas-o-tickets-2\/#primaryimage\",\"url\":\"https:\/\/servifibal.cat\/wp-content\/uploads\/2026\/02\/001_CS-2255_C_ETIQ_O_TICKET_15-7.png\",\"contentUrl\":\"https:\/\/servifibal.cat\/wp-content\/uploads\/2026\/02\/001_CS-2255_C_ETIQ_O_TICKET_15-7.png\",\"width\":650,\"height\":650},{\"@type\":\"BreadcrumbList\",\"@id\":\"https:\/\/servifibal.cat\/es\/prod\/balanzas-pc-cs-2255-colgante-inox-etiquetas-o-tickets-2\/#breadcrumb\",\"itemListElement\":[{\"@type\":\"ListItem\",\"position\":1,\"name\":\"Portada\",\"item\":\"https:\/\/servifibal.cat\/es\/inicio\/\"},{\"@type\":\"ListItem\",\"position\":2,\"name\":\"Tienda\",\"item\":\"https:\/\/servifibal.cat\/es\/tienda\/\"},{\"@type\":\"ListItem\",\"position\":3,\"name\":\"Balanzas PC CS-2255 Colgante Inox Etiquetas (o Tickets) 2&#8243;\"}]},{\"@type\":\"WebSite\",\"@id\":\"https:\/\/servifibal.cat\/es\/#website\",\"url\":\"https:\/\/servifibal.cat\/es\/\",\"name\":\"Servifibal\",\"description\":\"Solucions per al petit comer\u00e7\",\"publisher\":{\"@id\":\"https:\/\/servifibal.cat\/es\/#organization\"},\"potentialAction\":[{\"@type\":\"SearchAction\",\"target\":{\"@type\":\"EntryPoint\",\"urlTemplate\":\"https:\/\/servifibal.cat\/es\/?s={search_term_string}\"},\"query-input\":{\"@type\":\"PropertyValueSpecification\",\"valueRequired\":true,\"valueName\":\"search_term_string\"}}],\"inLanguage\":\"es\"},{\"@type\":\"Organization\",\"@id\":\"https:\/\/servifibal.cat\/es\/#organization\",\"name\":\"Servifibal\",\"url\":\"https:\/\/servifibal.cat\/es\/\",\"logo\":{\"@type\":\"ImageObject\",\"inLanguage\":\"es\",\"@id\":\"https:\/\/servifibal.cat\/es\/#\/schema\/logo\/image\/\",\"url\":\"https:\/\/servifibal.cat\/wp-content\/uploads\/2025\/11\/00-Logo-nou-blanc.png\",\"contentUrl\":\"https:\/\/servifibal.cat\/wp-content\/uploads\/2025\/11\/00-Logo-nou-blanc.png\",\"width\":176,\"height\":38,\"caption\":\"Servifibal\"},\"image\":{\"@id\":\"https:\/\/servifibal.cat\/es\/#\/schema\/logo\/image\/\"}}]}<\/script>\n<!-- \/ Yoast SEO plugin. -->","yoast_head_json":{"title":"Balanzas PC CS-2255 Colgante Inox Etiquetas (o Tickets) 2\" - Servifibal","robots":{"index":"index","follow":"follow","max-snippet":"max-snippet:-1","max-image-preview":"max-image-preview:large","max-video-preview":"max-video-preview:-1"},"canonical":"https:\/\/servifibal.cat\/es\/prod\/balanzas-pc-cs-2255-colgante-inox-etiquetas-o-tickets-2\/","og_locale":"es_ES","og_type":"article","og_title":"Balanzas PC CS-2255 Colgante Inox Etiquetas (o Tickets) 2\" - Servifibal","og_description":"Balanzas PC en formato colgante de acero inoxidable con impresora de etiquetas de 2\" (apta tambi\u00e9n para tickets). Pantalla t\u00e1ctil de 15\" para el vendedor y TFT de 7\" o 15\" en el lado del comprador.  CS-2255 COLGANTE 15+7 ETIQUETAS (O TICKETS) 2\" - RESISTIVO Referencia:\u00a07IANBCGSG_ _ _ \/ 7IBNBCGSG_ _ _   Display vendedor: TFT T\u00e1ctil 15\u201d resistivo.  Display comprador:\u00a0TFT 7\".  Impresora: 2\" Etiquetas (o Tickets).  Sistema Operativo:\u00a0Windows 10 (embebido).  Software de Venta: CS 4.0 o Soluci\u00f3n abierta.  Alimentacion:\u00a0Red.    CS-2255 COLGANTE 15+7 ETIQUETAS (O TICKETS) 2\" - CAPACITIVO Referencia:\u00a07IANFCGSG_ _ _ \/ 7IBNFCGSG_ _ _   Display vendedor: TFT T\u00e1ctil 15\u201d capacitivo proyectado.  Display comprador:\u00a0TFT 7\".  Impresora: 2\" Etiquetas (o Tickets).  Sistema Operativo:\u00a0Windows 10 (embebido).  Software de Venta: CS 4.0 o Soluci\u00f3n abierta.  Alimentacion:\u00a0Red.    CS-2255 COLGANTE 15+15 ETIQUETAS (O TICKETS) 2\" - RESISTIVO Referencia:\u00a07IANCCGSG_ _ _ \/ 7IBNCCGSG_ _ _   Display vendedor: TFT T\u00e1ctil 15\u201d resistivo.  Display comprador:\u00a0TFT 15\".  Impresora: 2\" Etiquetas (o Tickets).  Sistema Operativo:\u00a0Windows 10 (embebido).  Software de Venta: CS 4.0 o Soluci\u00f3n abierta.  Alimentacion:\u00a0Red.    CS-2255 COLGANTE 15+15 ETIQUETAS (O TICKETS) 2\" - CAPACITIVO Referencia:\u00a07IANGCGSG_ _ _ \/ 7IBNGCGSG_ _ _   Display vendedor: TFT T\u00e1ctil 15\u201d capacitivo proyectado.  Display comprador:\u00a0TFT 15\".  Impresora: 2\" Etiquetas (o Tickets).  Sistema Operativo:\u00a0Windows 10 (embebido).  Software de Venta: CS 4.0 o Soluci\u00f3n abierta.  Alimentacion:\u00a0Red.","og_url":"https:\/\/servifibal.cat\/es\/prod\/balanzas-pc-cs-2255-colgante-inox-etiquetas-o-tickets-2\/","og_site_name":"Servifibal","og_image":[{"width":650,"height":650,"url":"https:\/\/servifibal.cat\/wp-content\/uploads\/2026\/02\/001_CS-2255_C_ETIQ_O_TICKET_15-7.png","type":"image\/png"}],"twitter_card":"summary_large_image","twitter_misc":{"Tiempo de lectura":"4 minutos"},"schema":{"@context":"https:\/\/schema.org","@graph":[{"@type":"WebPage","@id":"https:\/\/servifibal.cat\/es\/prod\/balanzas-pc-cs-2255-colgante-inox-etiquetas-o-tickets-2\/","url":"https:\/\/servifibal.cat\/es\/prod\/balanzas-pc-cs-2255-colgante-inox-etiquetas-o-tickets-2\/","name":"Balanzas PC CS-2255 Colgante Inox Etiquetas (o Tickets) 2\" - Servifibal","isPartOf":{"@id":"https:\/\/servifibal.cat\/es\/#website"},"primaryImageOfPage":{"@id":"https:\/\/servifibal.cat\/es\/prod\/balanzas-pc-cs-2255-colgante-inox-etiquetas-o-tickets-2\/#primaryimage"},"image":{"@id":"https:\/\/servifibal.cat\/es\/prod\/balanzas-pc-cs-2255-colgante-inox-etiquetas-o-tickets-2\/#primaryimage"},"thumbnailUrl":"https:\/\/servifibal.cat\/wp-content\/uploads\/2026\/02\/001_CS-2255_C_ETIQ_O_TICKET_15-7.png","datePublished":"2026-02-24T23:04:30+00:00","breadcrumb":{"@id":"https:\/\/servifibal.cat\/es\/prod\/balanzas-pc-cs-2255-colgante-inox-etiquetas-o-tickets-2\/#breadcrumb"},"inLanguage":"es","potentialAction":[{"@type":"ReadAction","target":["https:\/\/servifibal.cat\/es\/prod\/balanzas-pc-cs-2255-colgante-inox-etiquetas-o-tickets-2\/"]}]},{"@type":"ImageObject","inLanguage":"es","@id":"https:\/\/servifibal.cat\/es\/prod\/balanzas-pc-cs-2255-colgante-inox-etiquetas-o-tickets-2\/#primaryimage","url":"https:\/\/servifibal.cat\/wp-content\/uploads\/2026\/02\/001_CS-2255_C_ETIQ_O_TICKET_15-7.png","contentUrl":"https:\/\/servifibal.cat\/wp-content\/uploads\/2026\/02\/001_CS-2255_C_ETIQ_O_TICKET_15-7.png","width":650,"height":650},{"@type":"BreadcrumbList","@id":"https:\/\/servifibal.cat\/es\/prod\/balanzas-pc-cs-2255-colgante-inox-etiquetas-o-tickets-2\/#breadcrumb","itemListElement":[{"@type":"ListItem","position":1,"name":"Portada","item":"https:\/\/servifibal.cat\/es\/inicio\/"},{"@type":"ListItem","position":2,"name":"Tienda","item":"https:\/\/servifibal.cat\/es\/tienda\/"},{"@type":"ListItem","position":3,"name":"Balanzas PC CS-2255 Colgante Inox Etiquetas (o Tickets) 2&#8243;"}]},{"@type":"WebSite","@id":"https:\/\/servifibal.cat\/es\/#website","url":"https:\/\/servifibal.cat\/es\/","name":"Servifibal","description":"Solucions per al petit comer\u00e7","publisher":{"@id":"https:\/\/servifibal.cat\/es\/#organization"},"potentialAction":[{"@type":"SearchAction","target":{"@type":"EntryPoint","urlTemplate":"https:\/\/servifibal.cat\/es\/?s={search_term_string}"},"query-input":{"@type":"PropertyValueSpecification","valueRequired":true,"valueName":"search_term_string"}}],"inLanguage":"es"},{"@type":"Organization","@id":"https:\/\/servifibal.cat\/es\/#organization","name":"Servifibal","url":"https:\/\/servifibal.cat\/es\/","logo":{"@type":"ImageObject","inLanguage":"es","@id":"https:\/\/servifibal.cat\/es\/#\/schema\/logo\/image\/","url":"https:\/\/servifibal.cat\/wp-content\/uploads\/2025\/11\/00-Logo-nou-blanc.png","contentUrl":"https:\/\/servifibal.cat\/wp-content\/uploads\/2025\/11\/00-Logo-nou-blanc.png","width":176,"height":38,"caption":"Servifibal"},"image":{"@id":"https:\/\/servifibal.cat\/es\/#\/schema\/logo\/image\/"}}]}},"_links":{"self":[{"href":"https:\/\/servifibal.cat\/es\/wp-json\/wp\/v2\/product\/76506","targetHints":{"allow":["GET"]}}],"collection":[{"href":"https:\/\/servifibal.cat\/es\/wp-json\/wp\/v2\/product"}],"about":[{"href":"https:\/\/servifibal.cat\/es\/wp-json\/wp\/v2\/types\/product"}],"wp:featuredmedia":[{"embeddable":true,"href":"https:\/\/servifibal.cat\/es\/wp-json\/wp\/v2\/media\/76507"}],"wp:attachment":[{"href":"https:\/\/servifibal.cat\/es\/wp-json\/wp\/v2\/media?parent=76506"}],"wp:term":[{"taxonomy":"product_brand","embeddable":true,"href":"https:\/\/servifibal.cat\/es\/wp-json\/wp\/v2\/product_brand?post=76506"},{"taxonomy":"product_cat","embeddable":true,"href":"https:\/\/servifibal.cat\/es\/wp-json\/wp\/v2\/product_cat?post=76506"},{"taxonomy":"product_tag","embeddable":true,"href":"https:\/\/servifibal.cat\/es\/wp-json\/wp\/v2\/product_tag?post=76506"}],"curies":[{"name":"wp","href":"https:\/\/api.w.org\/{rel}","templated":true}]}}