{"id":76482,"date":"2026-02-24T22:47:39","date_gmt":"2026-02-24T22:47:39","guid":{"rendered":"https:\/\/servifibal.cat\/?post_type=product&#038;p=76482"},"modified":"2026-02-24T22:47:39","modified_gmt":"2026-02-24T22:47:39","slug":"balanzas-tactiles-d-955-colgante-inox-etiquetas-o-tickets-linerless-autocutter","status":"publish","type":"product","link":"https:\/\/servifibal.cat\/es\/prod\/balanzas-tactiles-d-955-colgante-inox-etiquetas-o-tickets-linerless-autocutter\/","title":{"rendered":"Balanzas T\u00e1ctiles D-955 Colgante Inox Etiquetas (o Tickets) Linerless Autocutter"},"content":{"rendered":"<h3>Caracter\u00edsticas principales<\/h3>\n<ul>\n<li><strong>Balanza t\u00e1ctil de electr\u00f3nica convencional (no PC).<\/strong><\/li>\n<li><strong>Modelos con impresora de tickets, de etiquetas (apta tambi\u00e9n para tickets) o con dos impresoras (para tickets y etiquetas).<\/strong><\/li>\n<li><strong>Variedad de formatos.<\/strong><\/li>\n<li><strong>Dise\u00f1o moderno, compacto y de f\u00e1cil limpieza.<\/strong><\/li>\n<li><strong>Men\u00fas de usuario intuitivos.<\/strong><\/li>\n<li><strong>Pantalla de comprador como soporte publicitario din\u00e1mico y m\u00e1s est\u00e9tico.<\/strong><\/li>\n<li><strong>Pantalla de vendedor configurable y personalizable.<\/strong><\/li>\n<li><strong>Cumple con el reglamento UE 1169\/2011 referente a la informaci\u00f3n alimentaria obligatoria.<\/strong><\/li>\n<\/ul>\n<h3>Prestaciones<\/h3>\n<ul>\n<li><strong>Amplia informaci\u00f3n por PLU: precio de reposici\u00f3n y de oferta, precio por tramos de peso y por kg\/100 g, 3 nombres de 20 caracteres o 2 nombres de 30 caracteres, 20 textos libres de 24 caracteres, 1 texto de 3.000 caracteres (en D-955 y D-957), etc.<\/strong><\/li>\n<li><strong>B\u00fasqueda de PLUs por n\u00famero o por nombre.<\/strong><\/li>\n<li><strong>Acceso a todas las funciones de los men\u00fas de Usuario y T\u00e9cnico desde la pantalla de vendedor (posibilidad de programar claves de seguridad).<\/strong><\/li>\n<li><strong>Personalizaci\u00f3n total de las pantallas de trabajo:<\/strong>\n<ul>\n<li>Selecci\u00f3n de las funciones m\u00e1s habituales en \u201cFavoritos\u201d.<\/li>\n<li>Caracterizaci\u00f3n de las pantallas con colores y logos corporativos.<\/li>\n<li>Asignaci\u00f3n de teclas directas independientes por secci\u00f3n, y ordenaci\u00f3n alfab\u00e9tica de los PLUs.<\/li>\n<li>Teclas directas de PLUs, Secciones y Vendedores, configurables en imagen, cantidad y tama\u00f1o.<\/li>\n<\/ul>\n<\/li>\n<li><strong>Carga directa de im\u00e1genes desde memoria USB (formato bmp 8 bits sin compresi\u00f3n RLE).<\/strong><\/li>\n<li><strong>Informes de venta y gesti\u00f3n: ventas (por art\u00edculo, vendedor, tramos horarios, \u00faltimo mes\u2026), m\u00e1rgenes, saldo disponible en el caj\u00f3n de monedas, PLUs modificados, etc.<\/strong><\/li>\n<li><strong>Exportaci\u00f3n de listados a memoria USB (totales de venta por: empleado, por modo de pago o por modalidad de IVA).<\/strong><\/li>\n<li><strong>Exportaci\u00f3n de tickets a memoria USB.<\/strong><\/li>\n<li><strong>Soporte para la venta cruzada: Asociaci\u00f3n de la venta de un producto a la imagen de otro producto complementario cuya imagen se muestra en la pantalla de comprador.<\/strong><\/li>\n<li><strong>Comunicaciones r\u00e1pidas y fiables entre balanzas, con PC y con dispositivos m\u00f3viles (mediante DWS).<\/strong><\/li>\n<li><strong>Gesti\u00f3n de inventarios de art\u00edculos en la balanza.<\/strong><\/li>\n<li><strong>Opci\u00f3n de grabar precio de reposici\u00f3n y precio de oferta por art\u00edculo.<\/strong><\/li>\n<li><strong>Aviso de nivel bajo de etiquetas en la misma balanza, y activando se\u00f1ales luminosas y ac\u00fasticas (para formatos autoservicio).<\/strong><\/li>\n<li><strong>Incluye Turnomatic propio, visible en el display comprador.<\/strong><\/li>\n<\/ul>\n<h3>Alcance \/ precisi\u00f3n<\/h3>\n<ul>\n<li><strong>Espa\u00f1a: Mono-rango (3.000 divisiones): 15 kg \/ 5 g.<\/strong><\/li>\n<li><strong>Opcional:<\/strong>\n<ul>\n<li>Mono-rango (3.000 divisiones): 30 kg \/ 10 g.<\/li>\n<li>Multi-rango (3.000 divisiones): 6 kg \/ 2 g &#8211; 15 kg \/ 5 g o 15 kg \/ 5 g &#8211; 30 kg \/ 10 g.<\/li>\n<\/ul>\n<\/li>\n<\/ul>\n<ul>\n<li><strong>Exportaci\u00f3n: Multi-rango (3.000 divisiones): 6 kg \/ 2 g &#8211; 15 kg \/ 5 g.<\/strong><\/li>\n<li><strong>Opcional:<\/strong>\n<ul>\n<li>Mono-rango (3.000 divisiones): 15 kg \/ 5 g o 30 kg \/ 10 g.<\/li>\n<li>Multi-rango (3.000 divisiones): 15 kg \/ 5 g &#8211; 30 kg \/ 10 g.<\/li>\n<li>Mono-rango (6.000 divisiones): 12 kg \/ 2 g o 30 kg \/ 5 g.<\/li>\n<\/ul>\n<\/li>\n<\/ul>\n","protected":false},"excerpt":{"rendered":"<p>Balanzas electr\u00f3nicas en formato colgante de acero inoxidable con impresora de etiquetas linerless con autocutter (apta tambi\u00e9n para tickets). Pantalla t\u00e1ctil de 12&#8243; para el vendedor y TFT de 7&#8243; o 12&#8243; en el lado del comprador.<\/p>\n<div class=\"col-xs-6 col-sm-4 model\">\n<h4>D-955 COLGANTE ETIQUETA O TICKET LINERLESS 12-7<\/h4>\n<div class=\"ref\"><strong>Referencia:<\/strong>\u00a07D7N5C2SI_ _ _<\/div>\n<ul>\n<li>Display vendedor: TFT T\u00e1ctil 12,1\u201d.<\/li>\n<li>Display comprador:\u00a0TFT 7&#8243;.<\/li>\n<li>Impresora: Etiquetas (o Tickets) linerless con autocutter.<\/li>\n<li>PLUs: 10.000.<\/li>\n<li>PLUs directos: 999.<\/li>\n<li>Vendedores: 20.<\/li>\n<li>Alimentacion:\u00a0Red.<\/li>\n<\/ul>\n<\/div>\n<div class=\"col-xs-6 col-sm-4 model\">\n<h4>D-955 COLGANTE ETIQUETA O TICKET LINERLESS 12-12<\/h4>\n<div class=\"ref\"><strong>Referencia:<\/strong>\u00a07D7N6C2SI_ _ _<\/div>\n<ul>\n<li>Display vendedor: TFT T\u00e1ctil 12,1\u201d.<\/li>\n<li>Display comprador:\u00a0TFT 12,1&#8243;.<\/li>\n<li>Impresora: Etiquetas (o Tickets).<\/li>\n<li>PLUs: 10.000.<\/li>\n<li>PLUs directos: 999.<\/li>\n<li>Vendedores: 20.<\/li>\n<li>Alimentacion:\u00a0Red.<\/li>\n<\/ul>\n<\/div>\n","protected":false},"featured_media":76483,"template":"","meta":{"_joinchat":[]},"product_brand":[470],"product_cat":[573],"product_tag":[],"class_list":{"0":"post-76482","1":"product","2":"type-product","3":"status-publish","4":"has-post-thumbnail","6":"product_brand-dibal","7":"product_cat-balanzas-colgantes-tactiles-serie-d-900","9":"first","10":"instock","11":"shipping-taxable","12":"product-type-simple"},"yoast_head":"<!-- This site is optimized with the Yoast SEO plugin v27.1.1 - https:\/\/yoast.com\/product\/yoast-seo-wordpress\/ -->\n<title>Balanzas T\u00e1ctiles D-955 Colgante Inox Etiquetas (o Tickets) Linerless Autocutter - Servifibal<\/title>\n<meta name=\"robots\" content=\"index, follow, max-snippet:-1, max-image-preview:large, max-video-preview:-1\" \/>\n<link rel=\"canonical\" href=\"https:\/\/servifibal.cat\/es\/prod\/balanzas-tactiles-d-955-colgante-inox-etiquetas-o-tickets-linerless-autocutter\/\" \/>\n<meta property=\"og:locale\" content=\"es_ES\" \/>\n<meta property=\"og:type\" content=\"article\" \/>\n<meta property=\"og:title\" content=\"Balanzas T\u00e1ctiles D-955 Colgante Inox Etiquetas (o Tickets) Linerless Autocutter - Servifibal\" \/>\n<meta property=\"og:description\" content=\"Balanzas electr\u00f3nicas en formato colgante de acero inoxidable con impresora de etiquetas linerless con autocutter (apta tambi\u00e9n para tickets). Pantalla t\u00e1ctil de 12&quot; para el vendedor y TFT de 7&quot; o 12&quot; en el lado del comprador.  D-955 COLGANTE ETIQUETA O TICKET LINERLESS 12-7 Referencia:\u00a07D7N5C2SI_ _ _   Display vendedor: TFT T\u00e1ctil 12,1\u201d.  Display comprador:\u00a0TFT 7&quot;.  Impresora: Etiquetas (o Tickets) linerless con autocutter.  PLUs: 10.000.  PLUs directos: 999.  Vendedores: 20.  Alimentacion:\u00a0Red.    D-955 COLGANTE ETIQUETA O TICKET LINERLESS 12-12 Referencia:\u00a07D7N6C2SI_ _ _   Display vendedor: TFT T\u00e1ctil 12,1\u201d.  Display comprador:\u00a0TFT 12,1&quot;.  Impresora: Etiquetas (o Tickets).  PLUs: 10.000.  PLUs directos: 999.  Vendedores: 20.  Alimentacion:\u00a0Red.\" \/>\n<meta property=\"og:url\" content=\"https:\/\/servifibal.cat\/es\/prod\/balanzas-tactiles-d-955-colgante-inox-etiquetas-o-tickets-linerless-autocutter\/\" \/>\n<meta property=\"og:site_name\" content=\"Servifibal\" \/>\n<meta property=\"og:image\" content=\"https:\/\/servifibal.cat\/wp-content\/uploads\/2026\/02\/5_D-900_C-INOX_ETIQ_127_LINERLESS.png\" \/>\n\t<meta property=\"og:image:width\" content=\"650\" \/>\n\t<meta property=\"og:image:height\" content=\"650\" \/>\n\t<meta property=\"og:image:type\" content=\"image\/png\" \/>\n<meta name=\"twitter:card\" content=\"summary_large_image\" \/>\n<meta name=\"twitter:label1\" content=\"Tiempo de lectura\" \/>\n\t<meta name=\"twitter:data1\" content=\"3 minutos\" \/>\n<script type=\"application\/ld+json\" class=\"yoast-schema-graph\">{\"@context\":\"https:\/\/schema.org\",\"@graph\":[{\"@type\":\"WebPage\",\"@id\":\"https:\/\/servifibal.cat\/es\/prod\/balanzas-tactiles-d-955-colgante-inox-etiquetas-o-tickets-linerless-autocutter\/\",\"url\":\"https:\/\/servifibal.cat\/es\/prod\/balanzas-tactiles-d-955-colgante-inox-etiquetas-o-tickets-linerless-autocutter\/\",\"name\":\"Balanzas T\u00e1ctiles D-955 Colgante Inox Etiquetas (o Tickets) Linerless Autocutter - Servifibal\",\"isPartOf\":{\"@id\":\"https:\/\/servifibal.cat\/es\/#website\"},\"primaryImageOfPage\":{\"@id\":\"https:\/\/servifibal.cat\/es\/prod\/balanzas-tactiles-d-955-colgante-inox-etiquetas-o-tickets-linerless-autocutter\/#primaryimage\"},\"image\":{\"@id\":\"https:\/\/servifibal.cat\/es\/prod\/balanzas-tactiles-d-955-colgante-inox-etiquetas-o-tickets-linerless-autocutter\/#primaryimage\"},\"thumbnailUrl\":\"https:\/\/servifibal.cat\/wp-content\/uploads\/2026\/02\/5_D-900_C-INOX_ETIQ_127_LINERLESS.png\",\"datePublished\":\"2026-02-24T22:47:39+00:00\",\"breadcrumb\":{\"@id\":\"https:\/\/servifibal.cat\/es\/prod\/balanzas-tactiles-d-955-colgante-inox-etiquetas-o-tickets-linerless-autocutter\/#breadcrumb\"},\"inLanguage\":\"es\",\"potentialAction\":[{\"@type\":\"ReadAction\",\"target\":[\"https:\/\/servifibal.cat\/es\/prod\/balanzas-tactiles-d-955-colgante-inox-etiquetas-o-tickets-linerless-autocutter\/\"]}]},{\"@type\":\"ImageObject\",\"inLanguage\":\"es\",\"@id\":\"https:\/\/servifibal.cat\/es\/prod\/balanzas-tactiles-d-955-colgante-inox-etiquetas-o-tickets-linerless-autocutter\/#primaryimage\",\"url\":\"https:\/\/servifibal.cat\/wp-content\/uploads\/2026\/02\/5_D-900_C-INOX_ETIQ_127_LINERLESS.png\",\"contentUrl\":\"https:\/\/servifibal.cat\/wp-content\/uploads\/2026\/02\/5_D-900_C-INOX_ETIQ_127_LINERLESS.png\",\"width\":650,\"height\":650},{\"@type\":\"BreadcrumbList\",\"@id\":\"https:\/\/servifibal.cat\/es\/prod\/balanzas-tactiles-d-955-colgante-inox-etiquetas-o-tickets-linerless-autocutter\/#breadcrumb\",\"itemListElement\":[{\"@type\":\"ListItem\",\"position\":1,\"name\":\"Portada\",\"item\":\"https:\/\/servifibal.cat\/es\/inicio\/\"},{\"@type\":\"ListItem\",\"position\":2,\"name\":\"Tienda\",\"item\":\"https:\/\/servifibal.cat\/es\/tienda\/\"},{\"@type\":\"ListItem\",\"position\":3,\"name\":\"Balanzas T\u00e1ctiles D-955 Colgante Inox Etiquetas (o Tickets) Linerless Autocutter\"}]},{\"@type\":\"WebSite\",\"@id\":\"https:\/\/servifibal.cat\/es\/#website\",\"url\":\"https:\/\/servifibal.cat\/es\/\",\"name\":\"Servifibal\",\"description\":\"Solucions per al petit comer\u00e7\",\"publisher\":{\"@id\":\"https:\/\/servifibal.cat\/es\/#organization\"},\"potentialAction\":[{\"@type\":\"SearchAction\",\"target\":{\"@type\":\"EntryPoint\",\"urlTemplate\":\"https:\/\/servifibal.cat\/es\/?s={search_term_string}\"},\"query-input\":{\"@type\":\"PropertyValueSpecification\",\"valueRequired\":true,\"valueName\":\"search_term_string\"}}],\"inLanguage\":\"es\"},{\"@type\":\"Organization\",\"@id\":\"https:\/\/servifibal.cat\/es\/#organization\",\"name\":\"Servifibal\",\"url\":\"https:\/\/servifibal.cat\/es\/\",\"logo\":{\"@type\":\"ImageObject\",\"inLanguage\":\"es\",\"@id\":\"https:\/\/servifibal.cat\/es\/#\/schema\/logo\/image\/\",\"url\":\"https:\/\/servifibal.cat\/wp-content\/uploads\/2025\/11\/00-Logo-nou-blanc.png\",\"contentUrl\":\"https:\/\/servifibal.cat\/wp-content\/uploads\/2025\/11\/00-Logo-nou-blanc.png\",\"width\":176,\"height\":38,\"caption\":\"Servifibal\"},\"image\":{\"@id\":\"https:\/\/servifibal.cat\/es\/#\/schema\/logo\/image\/\"}}]}<\/script>\n<!-- \/ Yoast SEO plugin. -->","yoast_head_json":{"title":"Balanzas T\u00e1ctiles D-955 Colgante Inox Etiquetas (o Tickets) Linerless Autocutter - Servifibal","robots":{"index":"index","follow":"follow","max-snippet":"max-snippet:-1","max-image-preview":"max-image-preview:large","max-video-preview":"max-video-preview:-1"},"canonical":"https:\/\/servifibal.cat\/es\/prod\/balanzas-tactiles-d-955-colgante-inox-etiquetas-o-tickets-linerless-autocutter\/","og_locale":"es_ES","og_type":"article","og_title":"Balanzas T\u00e1ctiles D-955 Colgante Inox Etiquetas (o Tickets) Linerless Autocutter - Servifibal","og_description":"Balanzas electr\u00f3nicas en formato colgante de acero inoxidable con impresora de etiquetas linerless con autocutter (apta tambi\u00e9n para tickets). Pantalla t\u00e1ctil de 12\" para el vendedor y TFT de 7\" o 12\" en el lado del comprador.  D-955 COLGANTE ETIQUETA O TICKET LINERLESS 12-7 Referencia:\u00a07D7N5C2SI_ _ _   Display vendedor: TFT T\u00e1ctil 12,1\u201d.  Display comprador:\u00a0TFT 7\".  Impresora: Etiquetas (o Tickets) linerless con autocutter.  PLUs: 10.000.  PLUs directos: 999.  Vendedores: 20.  Alimentacion:\u00a0Red.    D-955 COLGANTE ETIQUETA O TICKET LINERLESS 12-12 Referencia:\u00a07D7N6C2SI_ _ _   Display vendedor: TFT T\u00e1ctil 12,1\u201d.  Display comprador:\u00a0TFT 12,1\".  Impresora: Etiquetas (o Tickets).  PLUs: 10.000.  PLUs directos: 999.  Vendedores: 20.  Alimentacion:\u00a0Red.","og_url":"https:\/\/servifibal.cat\/es\/prod\/balanzas-tactiles-d-955-colgante-inox-etiquetas-o-tickets-linerless-autocutter\/","og_site_name":"Servifibal","og_image":[{"width":650,"height":650,"url":"https:\/\/servifibal.cat\/wp-content\/uploads\/2026\/02\/5_D-900_C-INOX_ETIQ_127_LINERLESS.png","type":"image\/png"}],"twitter_card":"summary_large_image","twitter_misc":{"Tiempo de lectura":"3 minutos"},"schema":{"@context":"https:\/\/schema.org","@graph":[{"@type":"WebPage","@id":"https:\/\/servifibal.cat\/es\/prod\/balanzas-tactiles-d-955-colgante-inox-etiquetas-o-tickets-linerless-autocutter\/","url":"https:\/\/servifibal.cat\/es\/prod\/balanzas-tactiles-d-955-colgante-inox-etiquetas-o-tickets-linerless-autocutter\/","name":"Balanzas T\u00e1ctiles D-955 Colgante Inox Etiquetas (o Tickets) Linerless Autocutter - Servifibal","isPartOf":{"@id":"https:\/\/servifibal.cat\/es\/#website"},"primaryImageOfPage":{"@id":"https:\/\/servifibal.cat\/es\/prod\/balanzas-tactiles-d-955-colgante-inox-etiquetas-o-tickets-linerless-autocutter\/#primaryimage"},"image":{"@id":"https:\/\/servifibal.cat\/es\/prod\/balanzas-tactiles-d-955-colgante-inox-etiquetas-o-tickets-linerless-autocutter\/#primaryimage"},"thumbnailUrl":"https:\/\/servifibal.cat\/wp-content\/uploads\/2026\/02\/5_D-900_C-INOX_ETIQ_127_LINERLESS.png","datePublished":"2026-02-24T22:47:39+00:00","breadcrumb":{"@id":"https:\/\/servifibal.cat\/es\/prod\/balanzas-tactiles-d-955-colgante-inox-etiquetas-o-tickets-linerless-autocutter\/#breadcrumb"},"inLanguage":"es","potentialAction":[{"@type":"ReadAction","target":["https:\/\/servifibal.cat\/es\/prod\/balanzas-tactiles-d-955-colgante-inox-etiquetas-o-tickets-linerless-autocutter\/"]}]},{"@type":"ImageObject","inLanguage":"es","@id":"https:\/\/servifibal.cat\/es\/prod\/balanzas-tactiles-d-955-colgante-inox-etiquetas-o-tickets-linerless-autocutter\/#primaryimage","url":"https:\/\/servifibal.cat\/wp-content\/uploads\/2026\/02\/5_D-900_C-INOX_ETIQ_127_LINERLESS.png","contentUrl":"https:\/\/servifibal.cat\/wp-content\/uploads\/2026\/02\/5_D-900_C-INOX_ETIQ_127_LINERLESS.png","width":650,"height":650},{"@type":"BreadcrumbList","@id":"https:\/\/servifibal.cat\/es\/prod\/balanzas-tactiles-d-955-colgante-inox-etiquetas-o-tickets-linerless-autocutter\/#breadcrumb","itemListElement":[{"@type":"ListItem","position":1,"name":"Portada","item":"https:\/\/servifibal.cat\/es\/inicio\/"},{"@type":"ListItem","position":2,"name":"Tienda","item":"https:\/\/servifibal.cat\/es\/tienda\/"},{"@type":"ListItem","position":3,"name":"Balanzas T\u00e1ctiles D-955 Colgante Inox Etiquetas (o Tickets) Linerless Autocutter"}]},{"@type":"WebSite","@id":"https:\/\/servifibal.cat\/es\/#website","url":"https:\/\/servifibal.cat\/es\/","name":"Servifibal","description":"Solucions per al petit comer\u00e7","publisher":{"@id":"https:\/\/servifibal.cat\/es\/#organization"},"potentialAction":[{"@type":"SearchAction","target":{"@type":"EntryPoint","urlTemplate":"https:\/\/servifibal.cat\/es\/?s={search_term_string}"},"query-input":{"@type":"PropertyValueSpecification","valueRequired":true,"valueName":"search_term_string"}}],"inLanguage":"es"},{"@type":"Organization","@id":"https:\/\/servifibal.cat\/es\/#organization","name":"Servifibal","url":"https:\/\/servifibal.cat\/es\/","logo":{"@type":"ImageObject","inLanguage":"es","@id":"https:\/\/servifibal.cat\/es\/#\/schema\/logo\/image\/","url":"https:\/\/servifibal.cat\/wp-content\/uploads\/2025\/11\/00-Logo-nou-blanc.png","contentUrl":"https:\/\/servifibal.cat\/wp-content\/uploads\/2025\/11\/00-Logo-nou-blanc.png","width":176,"height":38,"caption":"Servifibal"},"image":{"@id":"https:\/\/servifibal.cat\/es\/#\/schema\/logo\/image\/"}}]}},"_links":{"self":[{"href":"https:\/\/servifibal.cat\/es\/wp-json\/wp\/v2\/product\/76482","targetHints":{"allow":["GET"]}}],"collection":[{"href":"https:\/\/servifibal.cat\/es\/wp-json\/wp\/v2\/product"}],"about":[{"href":"https:\/\/servifibal.cat\/es\/wp-json\/wp\/v2\/types\/product"}],"wp:featuredmedia":[{"embeddable":true,"href":"https:\/\/servifibal.cat\/es\/wp-json\/wp\/v2\/media\/76483"}],"wp:attachment":[{"href":"https:\/\/servifibal.cat\/es\/wp-json\/wp\/v2\/media?parent=76482"}],"wp:term":[{"taxonomy":"product_brand","embeddable":true,"href":"https:\/\/servifibal.cat\/es\/wp-json\/wp\/v2\/product_brand?post=76482"},{"taxonomy":"product_cat","embeddable":true,"href":"https:\/\/servifibal.cat\/es\/wp-json\/wp\/v2\/product_cat?post=76482"},{"taxonomy":"product_tag","embeddable":true,"href":"https:\/\/servifibal.cat\/es\/wp-json\/wp\/v2\/product_tag?post=76482"}],"curies":[{"name":"wp","href":"https:\/\/api.w.org\/{rel}","templated":true}]}}