{"id":76434,"date":"2026-02-24T15:28:58","date_gmt":"2026-02-24T15:28:58","guid":{"rendered":"https:\/\/servifibal.cat\/?post_type=product&#038;p=76434"},"modified":"2026-02-24T15:28:58","modified_gmt":"2026-02-24T15:28:58","slug":"balanzas-electronicas-d-545-torre-etiquetas-o-tickets","status":"publish","type":"product","link":"https:\/\/servifibal.cat\/es\/prod\/balanzas-electronicas-d-545-torre-etiquetas-o-tickets\/","title":{"rendered":"Balanzas Electr\u00f3nicas D-545 Torre Etiquetas (o Tickets)"},"content":{"rendered":"<h3>Caracter\u00edsticas principales<\/h3>\n<ul>\n<li><strong>Balanza electr\u00f3nica con diferentes opciones de display de alta visibilidad.<\/strong><\/li>\n<li><strong>Impresora de etiquetas (apta tambi\u00e9n para tickets)<\/strong><strong>.<\/strong><\/li>\n<li><strong>Dise\u00f1o funcional y robusto.<\/strong><\/li>\n<li><strong>Teclado mec\u00e1nico (hasta 20 vendedores, 99 PLUs directos y 999 por c\u00f3digo r\u00e1pido).<\/strong><\/li>\n<li><strong>Gran capacidad de memoria, funciones, comunicaciones e interconexiones.<\/strong><\/li>\n<li><strong>Cumple con el reglamento UE 1169\/2011 referente a la informaci\u00f3n alimentaria obligatoria.<\/strong><\/li>\n<\/ul>\n<h3>Prestaciones<\/h3>\n<ul>\n<li><strong>Amplia informaci\u00f3n por cada PLU, incluyendo: precio\u00a0normal y de oferta, por tramos de peso y por kg\/100 g, 3 nombres de 20 caracteres o 2 nombres de 30 caracteres,\u00a020 textos libres de 24 caracteres, 1 texto de 3.072\u00a0<\/strong><strong>caracteres, etc.<\/strong><\/li>\n<li><strong>B\u00fasqueda de PLUs por n\u00famero o por nombre.\u00a0<\/strong><\/li>\n<li><strong>Teclas directas de acceso a los men\u00fas de programaci\u00f3n:\u00a0para cambiar precios, dar de alta PLUs o vendedores,\u00a0<\/strong><strong>etc.<\/strong><\/li>\n<li><strong>Acceso directo a 999 PLUs desde el teclado.<\/strong><\/li>\n<li><strong>Men\u00fas \u201cdrill down\u201d.<\/strong><\/li>\n<li><strong>Impresi\u00f3n de los men\u00fas en la balanza.<\/strong><\/li>\n<li><strong>\u201cMacros\u201d programables: grabaci\u00f3n de una secuencia de\u00a0teclas para crear un acceso directo a cualquier tarea\u00a0(reapertura de ticket, listados, cambio de n\u00famero de\u00a0lote\u2026).<\/strong><\/li>\n<li><strong>Informes de venta y gesti\u00f3n: ventas (por art\u00edculo,\u00a0vendedor, tramos horarios, \u00faltimo mes\u2026), saldo\u00a0<\/strong><strong>disponible en el caj\u00f3n de monedas, PLUs modificados,\u00a0etc.<\/strong><\/li>\n<li><strong>Comunicaciones r\u00e1pidas y fiables entre balanzas, con PC\u00a0y con dispositivos m\u00f3viles (mediante DWS).<\/strong><\/li>\n<li><strong>Gesti\u00f3n de stocks en la balanza.<\/strong><\/li>\n<li><strong>Modo inventario \/ pedido.<\/strong><\/li>\n<li><strong>10 tipos de trazabilidad gen\u00e9rica (para carne, pescado,\u00a0frutas, verduras, etc.) y hasta 99 productos. Incluida la\u00a0<\/strong><strong>regulaci\u00f3n europea vigente sobre trazabilidad de vacuno.<\/strong><\/li>\n<\/ul>\n<h3>Alcance \/ Precisi\u00f3n<\/h3>\n<ul>\n<li><strong>Espa\u00f1a: Mono-rango (3.000 divisiones): 15 kg \/ 5 g.<\/strong><\/li>\n<li><strong>Opcional:<\/strong>\n<ul>\n<li>Mono-rango (3.000 divisiones): 30 kg \/ 10 g.<\/li>\n<li>Multi-rango (3.000 divisiones): 6 kg \/ 2 g &#8211; 15 kg \/ 5g o 15 kg \/ 5 g &#8211; 30 kg \/ 10 g.<\/li>\n<\/ul>\n<\/li>\n<li><strong>Exportaci\u00f3n: Multi-rango (3.000 divisiones): 6 kg \/ 2 g &#8211; 15 kg \/ 5 g.<\/strong><\/li>\n<li><strong>Opcional:<\/strong>\n<ul>\n<li>Mono-rango (3.000 divisiones): 15 kg \/ 5 g o 30 kg \/ 10 g.<\/li>\n<li>Multi-rango (3.000 divisiones): 15 kg \/ 5 g &#8211; 30 kg \/ 10 g.<\/li>\n<li>Mono-rango (6.000 divisiones): 12 kg \/ 2 g o 30 kg \/ 5 g.<\/li>\n<\/ul>\n<\/li>\n<\/ul>\n","protected":false},"excerpt":{"rendered":"<p>Balanzas electr\u00f3nicas en formato torre con impresora de etiquetas (apta tambi\u00e9n para tickets). Hasta 10.000 PLUs y 20 vendedores.<\/p>\n<h3>D-545 TORRE ETIQUETA (O TICKET)<\/h3>\n<div class=\"ref\"><strong>Referencia:<\/strong>\u00a07D051T2LGE_ _<\/div>\n<ul>\n<li>Displays:\u00a0LCD de segmentos.<\/li>\n<li>Impresora: Etiquetas (o Tickets).<\/li>\n<li>PLUs: 10.000.<\/li>\n<li>PLUs directos: 40&#215;2 + 9&#215;2*.<\/li>\n<li>Vendedores: 20.<\/li>\n<li>Alimentaci\u00f3n:\u00a0Red.<\/li>\n<\/ul>\n<p>* Utilizando la tecla Shift y las de Vendedor.<\/p>\n","protected":false},"featured_media":76435,"template":"","meta":{"_joinchat":[]},"product_brand":[470],"product_cat":[514],"product_tag":[],"class_list":{"0":"post-76434","1":"product","2":"type-product","3":"status-publish","4":"has-post-thumbnail","6":"product_brand-dibal","7":"product_cat-balanzas-doble-cuerpo-d500","9":"first","10":"instock","11":"shipping-taxable","12":"product-type-simple"},"yoast_head":"<!-- This site is optimized with the Yoast SEO plugin v27.1.1 - https:\/\/yoast.com\/product\/yoast-seo-wordpress\/ -->\n<title>Balanzas Electr\u00f3nicas D-545 Torre Etiquetas (o Tickets) - Servifibal<\/title>\n<meta name=\"robots\" content=\"index, follow, max-snippet:-1, max-image-preview:large, max-video-preview:-1\" \/>\n<link rel=\"canonical\" href=\"https:\/\/servifibal.cat\/es\/prod\/balanzas-electronicas-d-545-torre-etiquetas-o-tickets\/\" \/>\n<meta property=\"og:locale\" content=\"es_ES\" \/>\n<meta property=\"og:type\" content=\"article\" \/>\n<meta property=\"og:title\" content=\"Balanzas Electr\u00f3nicas D-545 Torre Etiquetas (o Tickets) - Servifibal\" \/>\n<meta property=\"og:description\" content=\"Balanzas electr\u00f3nicas en formato torre con impresora de etiquetas (apta tambi\u00e9n para tickets). Hasta 10.000 PLUs y 20 vendedores. D-545 TORRE ETIQUETA (O TICKET) Referencia:\u00a07D051T2LGE_ _   Displays:\u00a0LCD de segmentos.  Impresora: Etiquetas (o Tickets).  PLUs: 10.000.  PLUs directos: 40x2 + 9x2*.  Vendedores: 20.  Alimentaci\u00f3n:\u00a0Red.  * Utilizando la tecla Shift y las de Vendedor.\" \/>\n<meta property=\"og:url\" content=\"https:\/\/servifibal.cat\/es\/prod\/balanzas-electronicas-d-545-torre-etiquetas-o-tickets\/\" \/>\n<meta property=\"og:site_name\" content=\"Servifibal\" \/>\n<meta property=\"og:image\" content=\"https:\/\/servifibal.cat\/wp-content\/uploads\/2026\/02\/D-545_T_ETIQ.png\" \/>\n\t<meta property=\"og:image:width\" content=\"650\" \/>\n\t<meta property=\"og:image:height\" content=\"650\" \/>\n\t<meta property=\"og:image:type\" content=\"image\/png\" \/>\n<meta name=\"twitter:card\" content=\"summary_large_image\" \/>\n<meta name=\"twitter:label1\" content=\"Tiempo de lectura\" \/>\n\t<meta name=\"twitter:data1\" content=\"3 minutos\" \/>\n<script type=\"application\/ld+json\" class=\"yoast-schema-graph\">{\"@context\":\"https:\/\/schema.org\",\"@graph\":[{\"@type\":\"WebPage\",\"@id\":\"https:\/\/servifibal.cat\/es\/prod\/balanzas-electronicas-d-545-torre-etiquetas-o-tickets\/\",\"url\":\"https:\/\/servifibal.cat\/es\/prod\/balanzas-electronicas-d-545-torre-etiquetas-o-tickets\/\",\"name\":\"Balanzas Electr\u00f3nicas D-545 Torre Etiquetas (o Tickets) - Servifibal\",\"isPartOf\":{\"@id\":\"https:\/\/servifibal.cat\/es\/#website\"},\"primaryImageOfPage\":{\"@id\":\"https:\/\/servifibal.cat\/es\/prod\/balanzas-electronicas-d-545-torre-etiquetas-o-tickets\/#primaryimage\"},\"image\":{\"@id\":\"https:\/\/servifibal.cat\/es\/prod\/balanzas-electronicas-d-545-torre-etiquetas-o-tickets\/#primaryimage\"},\"thumbnailUrl\":\"https:\/\/servifibal.cat\/wp-content\/uploads\/2026\/02\/D-545_T_ETIQ.png\",\"datePublished\":\"2026-02-24T15:28:58+00:00\",\"breadcrumb\":{\"@id\":\"https:\/\/servifibal.cat\/es\/prod\/balanzas-electronicas-d-545-torre-etiquetas-o-tickets\/#breadcrumb\"},\"inLanguage\":\"es\",\"potentialAction\":[{\"@type\":\"ReadAction\",\"target\":[\"https:\/\/servifibal.cat\/es\/prod\/balanzas-electronicas-d-545-torre-etiquetas-o-tickets\/\"]}]},{\"@type\":\"ImageObject\",\"inLanguage\":\"es\",\"@id\":\"https:\/\/servifibal.cat\/es\/prod\/balanzas-electronicas-d-545-torre-etiquetas-o-tickets\/#primaryimage\",\"url\":\"https:\/\/servifibal.cat\/wp-content\/uploads\/2026\/02\/D-545_T_ETIQ.png\",\"contentUrl\":\"https:\/\/servifibal.cat\/wp-content\/uploads\/2026\/02\/D-545_T_ETIQ.png\",\"width\":650,\"height\":650},{\"@type\":\"BreadcrumbList\",\"@id\":\"https:\/\/servifibal.cat\/es\/prod\/balanzas-electronicas-d-545-torre-etiquetas-o-tickets\/#breadcrumb\",\"itemListElement\":[{\"@type\":\"ListItem\",\"position\":1,\"name\":\"Portada\",\"item\":\"https:\/\/servifibal.cat\/es\/inicio\/\"},{\"@type\":\"ListItem\",\"position\":2,\"name\":\"Tienda\",\"item\":\"https:\/\/servifibal.cat\/es\/tienda\/\"},{\"@type\":\"ListItem\",\"position\":3,\"name\":\"Balanzas Electr\u00f3nicas D-545 Torre Etiquetas (o Tickets)\"}]},{\"@type\":\"WebSite\",\"@id\":\"https:\/\/servifibal.cat\/es\/#website\",\"url\":\"https:\/\/servifibal.cat\/es\/\",\"name\":\"Servifibal\",\"description\":\"Solucions per al petit comer\u00e7\",\"publisher\":{\"@id\":\"https:\/\/servifibal.cat\/es\/#organization\"},\"potentialAction\":[{\"@type\":\"SearchAction\",\"target\":{\"@type\":\"EntryPoint\",\"urlTemplate\":\"https:\/\/servifibal.cat\/es\/?s={search_term_string}\"},\"query-input\":{\"@type\":\"PropertyValueSpecification\",\"valueRequired\":true,\"valueName\":\"search_term_string\"}}],\"inLanguage\":\"es\"},{\"@type\":\"Organization\",\"@id\":\"https:\/\/servifibal.cat\/es\/#organization\",\"name\":\"Servifibal\",\"url\":\"https:\/\/servifibal.cat\/es\/\",\"logo\":{\"@type\":\"ImageObject\",\"inLanguage\":\"es\",\"@id\":\"https:\/\/servifibal.cat\/es\/#\/schema\/logo\/image\/\",\"url\":\"https:\/\/servifibal.cat\/wp-content\/uploads\/2025\/11\/00-Logo-nou-blanc.png\",\"contentUrl\":\"https:\/\/servifibal.cat\/wp-content\/uploads\/2025\/11\/00-Logo-nou-blanc.png\",\"width\":176,\"height\":38,\"caption\":\"Servifibal\"},\"image\":{\"@id\":\"https:\/\/servifibal.cat\/es\/#\/schema\/logo\/image\/\"}}]}<\/script>\n<!-- \/ Yoast SEO plugin. -->","yoast_head_json":{"title":"Balanzas Electr\u00f3nicas D-545 Torre Etiquetas (o Tickets) - Servifibal","robots":{"index":"index","follow":"follow","max-snippet":"max-snippet:-1","max-image-preview":"max-image-preview:large","max-video-preview":"max-video-preview:-1"},"canonical":"https:\/\/servifibal.cat\/es\/prod\/balanzas-electronicas-d-545-torre-etiquetas-o-tickets\/","og_locale":"es_ES","og_type":"article","og_title":"Balanzas Electr\u00f3nicas D-545 Torre Etiquetas (o Tickets) - Servifibal","og_description":"Balanzas electr\u00f3nicas en formato torre con impresora de etiquetas (apta tambi\u00e9n para tickets). Hasta 10.000 PLUs y 20 vendedores. D-545 TORRE ETIQUETA (O TICKET) Referencia:\u00a07D051T2LGE_ _   Displays:\u00a0LCD de segmentos.  Impresora: Etiquetas (o Tickets).  PLUs: 10.000.  PLUs directos: 40x2 + 9x2*.  Vendedores: 20.  Alimentaci\u00f3n:\u00a0Red.  * Utilizando la tecla Shift y las de Vendedor.","og_url":"https:\/\/servifibal.cat\/es\/prod\/balanzas-electronicas-d-545-torre-etiquetas-o-tickets\/","og_site_name":"Servifibal","og_image":[{"width":650,"height":650,"url":"https:\/\/servifibal.cat\/wp-content\/uploads\/2026\/02\/D-545_T_ETIQ.png","type":"image\/png"}],"twitter_card":"summary_large_image","twitter_misc":{"Tiempo de lectura":"3 minutos"},"schema":{"@context":"https:\/\/schema.org","@graph":[{"@type":"WebPage","@id":"https:\/\/servifibal.cat\/es\/prod\/balanzas-electronicas-d-545-torre-etiquetas-o-tickets\/","url":"https:\/\/servifibal.cat\/es\/prod\/balanzas-electronicas-d-545-torre-etiquetas-o-tickets\/","name":"Balanzas Electr\u00f3nicas D-545 Torre Etiquetas (o Tickets) - Servifibal","isPartOf":{"@id":"https:\/\/servifibal.cat\/es\/#website"},"primaryImageOfPage":{"@id":"https:\/\/servifibal.cat\/es\/prod\/balanzas-electronicas-d-545-torre-etiquetas-o-tickets\/#primaryimage"},"image":{"@id":"https:\/\/servifibal.cat\/es\/prod\/balanzas-electronicas-d-545-torre-etiquetas-o-tickets\/#primaryimage"},"thumbnailUrl":"https:\/\/servifibal.cat\/wp-content\/uploads\/2026\/02\/D-545_T_ETIQ.png","datePublished":"2026-02-24T15:28:58+00:00","breadcrumb":{"@id":"https:\/\/servifibal.cat\/es\/prod\/balanzas-electronicas-d-545-torre-etiquetas-o-tickets\/#breadcrumb"},"inLanguage":"es","potentialAction":[{"@type":"ReadAction","target":["https:\/\/servifibal.cat\/es\/prod\/balanzas-electronicas-d-545-torre-etiquetas-o-tickets\/"]}]},{"@type":"ImageObject","inLanguage":"es","@id":"https:\/\/servifibal.cat\/es\/prod\/balanzas-electronicas-d-545-torre-etiquetas-o-tickets\/#primaryimage","url":"https:\/\/servifibal.cat\/wp-content\/uploads\/2026\/02\/D-545_T_ETIQ.png","contentUrl":"https:\/\/servifibal.cat\/wp-content\/uploads\/2026\/02\/D-545_T_ETIQ.png","width":650,"height":650},{"@type":"BreadcrumbList","@id":"https:\/\/servifibal.cat\/es\/prod\/balanzas-electronicas-d-545-torre-etiquetas-o-tickets\/#breadcrumb","itemListElement":[{"@type":"ListItem","position":1,"name":"Portada","item":"https:\/\/servifibal.cat\/es\/inicio\/"},{"@type":"ListItem","position":2,"name":"Tienda","item":"https:\/\/servifibal.cat\/es\/tienda\/"},{"@type":"ListItem","position":3,"name":"Balanzas Electr\u00f3nicas D-545 Torre Etiquetas (o Tickets)"}]},{"@type":"WebSite","@id":"https:\/\/servifibal.cat\/es\/#website","url":"https:\/\/servifibal.cat\/es\/","name":"Servifibal","description":"Solucions per al petit comer\u00e7","publisher":{"@id":"https:\/\/servifibal.cat\/es\/#organization"},"potentialAction":[{"@type":"SearchAction","target":{"@type":"EntryPoint","urlTemplate":"https:\/\/servifibal.cat\/es\/?s={search_term_string}"},"query-input":{"@type":"PropertyValueSpecification","valueRequired":true,"valueName":"search_term_string"}}],"inLanguage":"es"},{"@type":"Organization","@id":"https:\/\/servifibal.cat\/es\/#organization","name":"Servifibal","url":"https:\/\/servifibal.cat\/es\/","logo":{"@type":"ImageObject","inLanguage":"es","@id":"https:\/\/servifibal.cat\/es\/#\/schema\/logo\/image\/","url":"https:\/\/servifibal.cat\/wp-content\/uploads\/2025\/11\/00-Logo-nou-blanc.png","contentUrl":"https:\/\/servifibal.cat\/wp-content\/uploads\/2025\/11\/00-Logo-nou-blanc.png","width":176,"height":38,"caption":"Servifibal"},"image":{"@id":"https:\/\/servifibal.cat\/es\/#\/schema\/logo\/image\/"}}]}},"_links":{"self":[{"href":"https:\/\/servifibal.cat\/es\/wp-json\/wp\/v2\/product\/76434","targetHints":{"allow":["GET"]}}],"collection":[{"href":"https:\/\/servifibal.cat\/es\/wp-json\/wp\/v2\/product"}],"about":[{"href":"https:\/\/servifibal.cat\/es\/wp-json\/wp\/v2\/types\/product"}],"wp:featuredmedia":[{"embeddable":true,"href":"https:\/\/servifibal.cat\/es\/wp-json\/wp\/v2\/media\/76435"}],"wp:attachment":[{"href":"https:\/\/servifibal.cat\/es\/wp-json\/wp\/v2\/media?parent=76434"}],"wp:term":[{"taxonomy":"product_brand","embeddable":true,"href":"https:\/\/servifibal.cat\/es\/wp-json\/wp\/v2\/product_brand?post=76434"},{"taxonomy":"product_cat","embeddable":true,"href":"https:\/\/servifibal.cat\/es\/wp-json\/wp\/v2\/product_cat?post=76434"},{"taxonomy":"product_tag","embeddable":true,"href":"https:\/\/servifibal.cat\/es\/wp-json\/wp\/v2\/product_tag?post=76434"}],"curies":[{"name":"wp","href":"https:\/\/api.w.org\/{rel}","templated":true}]}}