{"id":76428,"date":"2026-01-12T18:22:24","date_gmt":"2026-01-12T18:22:24","guid":{"rendered":"https:\/\/servifibal.cat\/prod\/balanzas-pc-cs-2155-planes-etiquetas-o-tickets-2\/"},"modified":"2026-01-12T18:22:24","modified_gmt":"2026-01-12T18:22:24","slug":"balanzas-pc-cs-2155-planes-etiquetas-o-tickets-2","status":"publish","type":"product","link":"https:\/\/servifibal.cat\/es\/prod\/balanzas-pc-cs-2155-planes-etiquetas-o-tickets-2\/","title":{"rendered":"Balanzas PC CS-2155 Planes Etiquetas (o Tickets) 2&#8243;"},"content":{"rendered":"<p data-start=\"0\" data-end=\"456\"><strong data-start=\"0\" data-end=\"31\">Caracter\u00edsticas principales<\/strong><br data-start=\"31\" data-end=\"34\"> Balanza comercial con arquitectura PC de altas prestaciones con doble TFT en color.<br data-start=\"115\" data-end=\"118\"> Impresora de etiquetas (apta tambi\u00e9n para tiques).<br data-start=\"168\" data-end=\"171\"> Dise\u00f1o moderno, compacto y de f\u00e1cil limpieza. <br data-start=\"214\" data-end=\"217\" data-is-only-node=\"\"> Funcionamiento intuitivo.<br data-start=\"239\" data-end=\"242\"> Pantalla del vendedor configurable y personalizable.<br data-start=\"294\" data-end=\"297\"> Pantalla del comprador como soporte publicitario din\u00e1mico y m\u00e1s atractivo.<br data-start=\"368\" data-end=\"371\"> Cumple con el Reglamento UE 1169\/2011 relativo a la informaci\u00f3n alimentaria obligatoria.<\/p>\n<p data-start=\"458\" data-end=\"553\"><strong data-start=\"458\" data-end=\"473\">Prestaciones<\/strong><br data-start=\"473\" data-end=\"476\"> Integraci\u00f3n con aplicaciones inform\u00e1ticas Windows y sistemas ERP de terceros.<\/p>\n<p data-start=\"555\" data-end=\"3623\">Funciones disponibles con el software para Windows CS 4.0 pre-instalado:<br data-start=\"629\" data-end=\"632\">Configuraci\u00f3n de la balanza desde operativa: configuraci\u00f3n r\u00e1pida de maestra en 6 pasos, configuraci\u00f3n de esclava en 2 pasos y alta de datos variables.<br data-start=\"789\" data-end=\"792\">Dise\u00f1o de pantallas de usuario (tanto para venta asistida como para autoservicio). Cada usuario puede tener acceso a sus propias plantillas de venta, que pueden estar asociadas a los permisos de acceso previamente definidos. <br data-start=\"1010\" data-end=\"1013\">Amplia colecci\u00f3n de plantillas para pantallas de venta, bases de datos de art\u00edculos y fotograf\u00edas de alimentos (carne\/charcuter\u00eda, frutas\/verduras, pescados\/marisco, congelados, bebidas, etc.).<br data-start=\"1202\" data-end=\"1205\" data-is-only-node=\"\">Pantallas operativas modernas, sencillas y muy intuitivas que facilitan el uso y mejoran la experiencia del vendedor.<br data-start=\"1320\" data-end=\"1323\">Soporte para la venta cruzada: asociaci\u00f3n de la venta de un producto con la imagen de otro producto complementario, que se muestra en la pantalla del comprador.<br data-start=\"1486\" data-end=\"1489\">Biblioteca de im\u00e1genes y v\u00eddeos incluida en la balanza para soporte promocional.<br data-start=\"1565\" data-end=\"1568\">N\u00famero ilimitado de teclas de art\u00edculo (mediante pantallas sucesivas).<br data-start=\"1641\" data-end=\"1644\">Todos los botones pueden incluir textos, iconos, fotos, etc.<br data-start=\"1702\" data-end=\"1705\">Posibilidad de ordenaci\u00f3n autom\u00e1tica de los botones por distintos criterios: c\u00f3digo, nombre, productos m\u00e1s vendidos, etc.<br data-start=\"1817\" data-end=\"1820\">Teclado configurable seg\u00fan preferencias: PLUs, secciones, vendedores, teclado QWERTY o ABC, etc.<br data-start=\"1911\" data-end=\"1914\">Acceso r\u00e1pido para alta de art\u00edculos, vendedores y secciones.<br data-start=\"1971\" data-end=\"1974\">Cambio r\u00e1pido del documento a generar: albar\u00e1n, ticket o factura.<br data-start=\"2035\" data-end=\"2038\">Visualizaci\u00f3n opcional del ticket o la etiqueta en pantalla de vendedor.<br data-start=\"2114\" data-end=\"2117\">F\u00e1cil anulaci\u00f3n de l\u00edneas de ticket \/ f\u00e1cil reapertura de ticket.<br data-start=\"2184\" data-end=\"2187\">F\u00e1cil anulaci\u00f3n de l\u00edneas en tickets.<br data-start=\"2228\" data-end=\"2231\">Impresi\u00f3n de tickets y etiquetas con fuentes de letra Windows.<br data-start=\"2288\" data-end=\"2291\">Dise\u00f1o de tickets y etiquetas.<br data-start=\"2322\" data-end=\"2325\">Dise\u00f1o de facturas y albaranes.<br data-start=\"2356\" data-end=\"2359\">Formatos de etiquetas, albaranes y tickets.<br data-start=\"2399\" data-end=\"2402\">Formato de documento asociado a cliente.<br data-start=\"2440\" data-end=\"2443\">Personalizaci\u00f3n de cabecera y logos en tickets.<br data-start=\"2495\" data-end=\"2498\">Emisi\u00f3n de facturas y albaranes.<br data-start=\"2529\" data-end=\"2532\">Facturaci\u00f3n de albaranes.<br data-start=\"2554\" data-end=\"2557\">Cierre de caja.<br data-start=\"2576\" data-end=\"2579\">Generaci\u00f3n de listados y gr\u00e1ficos de ventas, totales o detalladas (por art\u00edculo, cliente, vendedor, periodo\u2026) con triple posibilidad de salida: en pantalla, en la impresora de la balanza o en una impresora externa.<br data-start=\"2788\" data-end=\"2791\">Gesti\u00f3n de stocks, de clientes y de proveedores en la balanza.<br data-start=\"2848\" data-end=\"2851\">Borrado de stocks negativos.<br data-start=\"2880\" data-end=\"2883\">Gesti\u00f3n de trazabilidad.<br data-start=\"2909\" data-end=\"2912\">Opci\u00f3n de guardar precio de reposici\u00f3n y precio de oferta por art\u00edculo.<br data-start=\"2973\" data-end=\"2976\">Tarifas asociadas a cada tienda o cliente.<br data-start=\"3018\" data-end=\"3021\">Gesti\u00f3n de inventarios y pedidos de art\u00edculos.<br data-start=\"3063\" data-end=\"3066\">Migraci\u00f3n de datos.<br data-start=\"3084\" data-end=\"3087\">Copias de seguridad.<br data-start=\"3107\" data-end=\"3110\">Arranque autom\u00e1tico.<br data-start=\"3131\" data-end=\"3134\">Ajuste autom\u00e1tico del opto.<br data-start=\"3160\" data-end=\"3163\">TeamViewer.<br data-start=\"3174\" data-end=\"3177\">Funci\u00f3n de turnomatic propio en display comprador.<br data-start=\"3229\" data-end=\"3232\">Imagen de art\u00edculo y al\u00e9rgenos en display comprador (bajo licencia).<br data-start=\"3307\" data-end=\"3310\">Ticket en display comprador (bajo licencia).<br data-start=\"3359\" data-end=\"3362\">Gesti\u00f3n de pedidos (bajo licencia).<br data-start=\"3398\" data-end=\"3401\">Redsys, pago con tarjeta (bajo licencia)<br data-start=\"3447\" data-end=\"3450\">Cashdrawers: cajones de cobro (bajo licencia).<br data-start=\"3502\" data-end=\"3505\">Sistema All_Connected: gesti\u00f3n de turnos integrado con soluciones de se\u00f1alizaci\u00f3n digital, consultar (bajo pedido).<\/p>\n<p data-start=\"3625\" data-end=\"3842\"><strong data-start=\"3625\" data-end=\"3645\">Alcance \/ Precisi\u00f3n<\/strong><br data-start=\"3645\" data-end=\"3648\"> Espa\u00f1a: Mono-rango (3.000 divisiones): 15 kg\/5 g.<br data-start=\"3698\" data-end=\"3701\"> Opcional: Mono-rango (3.000 divisiones): 30 kg\/10 g.<br data-start=\"3753\" data-end=\"3756\"> Multi-rango (3.000 divisiones): 6 kg\/2 g \u2013 15 kg\/5 go 15 kg\/5 g \u2013 30 kg\/10 g.<\/p>\n<p data-start=\"3844\" data-end=\"3913\">Exportaci\u00f3n: Multi-rango (3.000 divisiones): 6 kg\/2 g \u2013 15 kg\/5 g.<\/p>\n<p data-start=\"3915\" data-end=\"4101\" data-is-last-node=\"\" data-is-only-node=\"\">Opcional:<br data-start=\"3924\" data-end=\"3927\">Mono-rango (3.000 divisiones): 15 kg\/5 g o 30 kg\/10 g.<br data-start=\"3983\" data-end=\"3986\">Multi-rango (3.000 divisiones): 15 kg\/5 g \u2013 30 kg\/10 g.<br data-start=\"4043\" data-end=\"4046\">Mono-rango (6.000 divisiones): 12 kg\/2 g o 30 kg\/5 g.<\/p>\n","protected":false},"excerpt":{"rendered":"<p data-start=\"0\" data-end=\"163\">Balanzas PC en formato plano con impresora de etiquetas de 2&#8243; (apta tambi\u00e9n para tickets). Pantalla t\u00e1ctil de 10,4&#8243; para el vendedor y TFT de 7&#8243; junto al comprador.<\/p>\n<p data-start=\"165\" data-end=\"467\" data-is-last-node=\"\" data-is-only-node=\"\"><strong data-start=\"165\" data-end=\"180\">Referencia:<\/strong> 7FA5SPALG_ _ _ <br data-start=\"195\" data-end=\"198\" data-is-only-node=\"\"> <strong data-start=\"198\" data-end=\"222\">Display del vendedor:<\/strong> TFT t\u00e1ctil de 10,4\u201d capacitivo proyectado.<br data-start=\"263\" data-end=\"266\"> <strong data-start=\"266\" data-end=\"292\">Display del comprador:<\/strong> TFT de 7&#8243;.<br data-start=\"303\" data-end=\"306\"> <strong data-start=\"306\" data-end=\"321\">Impresora:<\/strong> Etiquetas de 2&#8243; (o tickets).<br data-start=\"350\" data-end=\"353\"> <strong data-start=\"353\" data-end=\"374\">Sistema operativo:<\/strong> Windows 10 (embebido).<br data-start=\"396\" data-end=\"399\"> <strong data-start=\"399\" data-end=\"423\">Software de venta:<\/strong> CS 4.0.<br data-start=\"431\" data-end=\"434\"> <strong data-start=\"434\" data-end=\"450\">Alimentaci\u00f3n:<\/strong> Red el\u00e9ctrica.<\/p>\n","protected":false},"featured_media":75513,"template":"","meta":{"_joinchat":[]},"product_brand":[470],"product_cat":[570],"product_tag":[],"class_list":{"0":"post-76428","1":"product","2":"type-product","3":"status-publish","4":"has-post-thumbnail","6":"product_brand-dibal","7":"product_cat-balanzas-planas","9":"first","10":"instock","11":"shipping-taxable","12":"product-type-simple"},"yoast_head":"<!-- This site is optimized with the Yoast SEO plugin v27.1.1 - https:\/\/yoast.com\/product\/yoast-seo-wordpress\/ -->\n<title>Balanzas PC CS-2155 Planes Etiquetas (o Tickets) 2&quot; - Servifibal<\/title>\n<meta name=\"robots\" content=\"index, follow, max-snippet:-1, max-image-preview:large, max-video-preview:-1\" \/>\n<link rel=\"canonical\" href=\"https:\/\/servifibal.cat\/es\/prod\/balanzas-pc-cs-2155-planes-etiquetas-o-tickets-2\/\" \/>\n<meta property=\"og:locale\" content=\"es_ES\" \/>\n<meta property=\"og:type\" content=\"article\" \/>\n<meta property=\"og:title\" content=\"Balanzas PC CS-2155 Planes Etiquetas (o Tickets) 2&quot; - Servifibal\" \/>\n<meta property=\"og:description\" content=\"Balanzas PC en formato plano con impresora de etiquetas de 2&quot; (apta tambi\u00e9n para tickets). Pantalla t\u00e1ctil de 10,4&quot; para el vendedor y TFT de 7&quot; junto al comprador. Referencia: 7FA5SPALG_ _ _ Display del vendedor: TFT t\u00e1ctil de 10,4\u201d capacitivo proyectado. Display del comprador: TFT de 7&quot;. Impresora: Etiquetas de 2&quot; (o tickets). Sistema operativo: Windows 10 (embebido). Software de venta: CS 4.0. Alimentaci\u00f3n: Red el\u00e9ctrica.\" \/>\n<meta property=\"og:url\" content=\"https:\/\/servifibal.cat\/es\/prod\/balanzas-pc-cs-2155-planes-etiquetas-o-tickets-2\/\" \/>\n<meta property=\"og:site_name\" content=\"Servifibal\" \/>\n<meta name=\"twitter:card\" content=\"summary_large_image\" \/>\n<meta name=\"twitter:label1\" content=\"Tiempo de lectura\" \/>\n\t<meta name=\"twitter:data1\" content=\"3 minutos\" \/>\n<script type=\"application\/ld+json\" class=\"yoast-schema-graph\">{\"@context\":\"https:\/\/schema.org\",\"@graph\":[{\"@type\":\"WebPage\",\"@id\":\"https:\/\/servifibal.cat\/es\/prod\/balanzas-pc-cs-2155-planes-etiquetas-o-tickets-2\/\",\"url\":\"https:\/\/servifibal.cat\/es\/prod\/balanzas-pc-cs-2155-planes-etiquetas-o-tickets-2\/\",\"name\":\"Balanzas PC CS-2155 Planes Etiquetas (o Tickets) 2\\\" - Servifibal\",\"isPartOf\":{\"@id\":\"https:\/\/servifibal.cat\/es\/#website\"},\"primaryImageOfPage\":{\"@id\":\"https:\/\/servifibal.cat\/es\/prod\/balanzas-pc-cs-2155-planes-etiquetas-o-tickets-2\/#primaryimage\"},\"image\":{\"@id\":\"https:\/\/servifibal.cat\/es\/prod\/balanzas-pc-cs-2155-planes-etiquetas-o-tickets-2\/#primaryimage\"},\"thumbnailUrl\":\"https:\/\/servifibal.cat\/wp-content\/uploads\/2026\/01\/CS-2155_P_ETIQ_O_TICKET_10-7.png\",\"datePublished\":\"2026-01-12T18:22:24+00:00\",\"breadcrumb\":{\"@id\":\"https:\/\/servifibal.cat\/es\/prod\/balanzas-pc-cs-2155-planes-etiquetas-o-tickets-2\/#breadcrumb\"},\"inLanguage\":\"es\",\"potentialAction\":[{\"@type\":\"ReadAction\",\"target\":[\"https:\/\/servifibal.cat\/es\/prod\/balanzas-pc-cs-2155-planes-etiquetas-o-tickets-2\/\"]}]},{\"@type\":\"ImageObject\",\"inLanguage\":\"es\",\"@id\":\"https:\/\/servifibal.cat\/es\/prod\/balanzas-pc-cs-2155-planes-etiquetas-o-tickets-2\/#primaryimage\",\"url\":\"https:\/\/servifibal.cat\/wp-content\/uploads\/2026\/01\/CS-2155_P_ETIQ_O_TICKET_10-7.png\",\"contentUrl\":\"https:\/\/servifibal.cat\/wp-content\/uploads\/2026\/01\/CS-2155_P_ETIQ_O_TICKET_10-7.png\",\"width\":650,\"height\":650},{\"@type\":\"BreadcrumbList\",\"@id\":\"https:\/\/servifibal.cat\/es\/prod\/balanzas-pc-cs-2155-planes-etiquetas-o-tickets-2\/#breadcrumb\",\"itemListElement\":[{\"@type\":\"ListItem\",\"position\":1,\"name\":\"Portada\",\"item\":\"https:\/\/servifibal.cat\/es\/inicio\/\"},{\"@type\":\"ListItem\",\"position\":2,\"name\":\"Tienda\",\"item\":\"https:\/\/servifibal.cat\/es\/tienda\/\"},{\"@type\":\"ListItem\",\"position\":3,\"name\":\"Balanzas PC CS-2155 Planes Etiquetas (o Tickets) 2&#8243;\"}]},{\"@type\":\"WebSite\",\"@id\":\"https:\/\/servifibal.cat\/es\/#website\",\"url\":\"https:\/\/servifibal.cat\/es\/\",\"name\":\"Servifibal\",\"description\":\"Solucions per al petit comer\u00e7\",\"publisher\":{\"@id\":\"https:\/\/servifibal.cat\/es\/#organization\"},\"potentialAction\":[{\"@type\":\"SearchAction\",\"target\":{\"@type\":\"EntryPoint\",\"urlTemplate\":\"https:\/\/servifibal.cat\/es\/?s={search_term_string}\"},\"query-input\":{\"@type\":\"PropertyValueSpecification\",\"valueRequired\":true,\"valueName\":\"search_term_string\"}}],\"inLanguage\":\"es\"},{\"@type\":\"Organization\",\"@id\":\"https:\/\/servifibal.cat\/es\/#organization\",\"name\":\"Servifibal\",\"url\":\"https:\/\/servifibal.cat\/es\/\",\"logo\":{\"@type\":\"ImageObject\",\"inLanguage\":\"es\",\"@id\":\"https:\/\/servifibal.cat\/es\/#\/schema\/logo\/image\/\",\"url\":\"https:\/\/servifibal.cat\/wp-content\/uploads\/2025\/11\/00-Logo-nou-blanc.png\",\"contentUrl\":\"https:\/\/servifibal.cat\/wp-content\/uploads\/2025\/11\/00-Logo-nou-blanc.png\",\"width\":176,\"height\":38,\"caption\":\"Servifibal\"},\"image\":{\"@id\":\"https:\/\/servifibal.cat\/es\/#\/schema\/logo\/image\/\"}}]}<\/script>\n<!-- \/ Yoast SEO plugin. -->","yoast_head_json":{"title":"Balanzas PC CS-2155 Planes Etiquetas (o Tickets) 2\" - Servifibal","robots":{"index":"index","follow":"follow","max-snippet":"max-snippet:-1","max-image-preview":"max-image-preview:large","max-video-preview":"max-video-preview:-1"},"canonical":"https:\/\/servifibal.cat\/es\/prod\/balanzas-pc-cs-2155-planes-etiquetas-o-tickets-2\/","og_locale":"es_ES","og_type":"article","og_title":"Balanzas PC CS-2155 Planes Etiquetas (o Tickets) 2\" - Servifibal","og_description":"Balanzas PC en formato plano con impresora de etiquetas de 2\" (apta tambi\u00e9n para tickets). Pantalla t\u00e1ctil de 10,4\" para el vendedor y TFT de 7\" junto al comprador. Referencia: 7FA5SPALG_ _ _ Display del vendedor: TFT t\u00e1ctil de 10,4\u201d capacitivo proyectado. Display del comprador: TFT de 7\". Impresora: Etiquetas de 2\" (o tickets). Sistema operativo: Windows 10 (embebido). Software de venta: CS 4.0. Alimentaci\u00f3n: Red el\u00e9ctrica.","og_url":"https:\/\/servifibal.cat\/es\/prod\/balanzas-pc-cs-2155-planes-etiquetas-o-tickets-2\/","og_site_name":"Servifibal","twitter_card":"summary_large_image","twitter_misc":{"Tiempo de lectura":"3 minutos"},"schema":{"@context":"https:\/\/schema.org","@graph":[{"@type":"WebPage","@id":"https:\/\/servifibal.cat\/es\/prod\/balanzas-pc-cs-2155-planes-etiquetas-o-tickets-2\/","url":"https:\/\/servifibal.cat\/es\/prod\/balanzas-pc-cs-2155-planes-etiquetas-o-tickets-2\/","name":"Balanzas PC CS-2155 Planes Etiquetas (o Tickets) 2\" - Servifibal","isPartOf":{"@id":"https:\/\/servifibal.cat\/es\/#website"},"primaryImageOfPage":{"@id":"https:\/\/servifibal.cat\/es\/prod\/balanzas-pc-cs-2155-planes-etiquetas-o-tickets-2\/#primaryimage"},"image":{"@id":"https:\/\/servifibal.cat\/es\/prod\/balanzas-pc-cs-2155-planes-etiquetas-o-tickets-2\/#primaryimage"},"thumbnailUrl":"https:\/\/servifibal.cat\/wp-content\/uploads\/2026\/01\/CS-2155_P_ETIQ_O_TICKET_10-7.png","datePublished":"2026-01-12T18:22:24+00:00","breadcrumb":{"@id":"https:\/\/servifibal.cat\/es\/prod\/balanzas-pc-cs-2155-planes-etiquetas-o-tickets-2\/#breadcrumb"},"inLanguage":"es","potentialAction":[{"@type":"ReadAction","target":["https:\/\/servifibal.cat\/es\/prod\/balanzas-pc-cs-2155-planes-etiquetas-o-tickets-2\/"]}]},{"@type":"ImageObject","inLanguage":"es","@id":"https:\/\/servifibal.cat\/es\/prod\/balanzas-pc-cs-2155-planes-etiquetas-o-tickets-2\/#primaryimage","url":"https:\/\/servifibal.cat\/wp-content\/uploads\/2026\/01\/CS-2155_P_ETIQ_O_TICKET_10-7.png","contentUrl":"https:\/\/servifibal.cat\/wp-content\/uploads\/2026\/01\/CS-2155_P_ETIQ_O_TICKET_10-7.png","width":650,"height":650},{"@type":"BreadcrumbList","@id":"https:\/\/servifibal.cat\/es\/prod\/balanzas-pc-cs-2155-planes-etiquetas-o-tickets-2\/#breadcrumb","itemListElement":[{"@type":"ListItem","position":1,"name":"Portada","item":"https:\/\/servifibal.cat\/es\/inicio\/"},{"@type":"ListItem","position":2,"name":"Tienda","item":"https:\/\/servifibal.cat\/es\/tienda\/"},{"@type":"ListItem","position":3,"name":"Balanzas PC CS-2155 Planes Etiquetas (o Tickets) 2&#8243;"}]},{"@type":"WebSite","@id":"https:\/\/servifibal.cat\/es\/#website","url":"https:\/\/servifibal.cat\/es\/","name":"Servifibal","description":"Solucions per al petit comer\u00e7","publisher":{"@id":"https:\/\/servifibal.cat\/es\/#organization"},"potentialAction":[{"@type":"SearchAction","target":{"@type":"EntryPoint","urlTemplate":"https:\/\/servifibal.cat\/es\/?s={search_term_string}"},"query-input":{"@type":"PropertyValueSpecification","valueRequired":true,"valueName":"search_term_string"}}],"inLanguage":"es"},{"@type":"Organization","@id":"https:\/\/servifibal.cat\/es\/#organization","name":"Servifibal","url":"https:\/\/servifibal.cat\/es\/","logo":{"@type":"ImageObject","inLanguage":"es","@id":"https:\/\/servifibal.cat\/es\/#\/schema\/logo\/image\/","url":"https:\/\/servifibal.cat\/wp-content\/uploads\/2025\/11\/00-Logo-nou-blanc.png","contentUrl":"https:\/\/servifibal.cat\/wp-content\/uploads\/2025\/11\/00-Logo-nou-blanc.png","width":176,"height":38,"caption":"Servifibal"},"image":{"@id":"https:\/\/servifibal.cat\/es\/#\/schema\/logo\/image\/"}}]}},"_links":{"self":[{"href":"https:\/\/servifibal.cat\/es\/wp-json\/wp\/v2\/product\/76428","targetHints":{"allow":["GET"]}}],"collection":[{"href":"https:\/\/servifibal.cat\/es\/wp-json\/wp\/v2\/product"}],"about":[{"href":"https:\/\/servifibal.cat\/es\/wp-json\/wp\/v2\/types\/product"}],"wp:featuredmedia":[{"embeddable":true,"href":"https:\/\/servifibal.cat\/es\/wp-json\/wp\/v2\/media\/75513"}],"wp:attachment":[{"href":"https:\/\/servifibal.cat\/es\/wp-json\/wp\/v2\/media?parent=76428"}],"wp:term":[{"taxonomy":"product_brand","embeddable":true,"href":"https:\/\/servifibal.cat\/es\/wp-json\/wp\/v2\/product_brand?post=76428"},{"taxonomy":"product_cat","embeddable":true,"href":"https:\/\/servifibal.cat\/es\/wp-json\/wp\/v2\/product_cat?post=76428"},{"taxonomy":"product_tag","embeddable":true,"href":"https:\/\/servifibal.cat\/es\/wp-json\/wp\/v2\/product_tag?post=76428"}],"curies":[{"name":"wp","href":"https:\/\/api.w.org\/{rel}","templated":true}]}}