{"id":76427,"date":"2026-01-12T18:27:48","date_gmt":"2026-01-12T18:27:48","guid":{"rendered":"https:\/\/servifibal.cat\/prod\/balanzas-tactiles-d-955-planas-con-impresora-de-etiquetas-o-tickets\/"},"modified":"2026-01-12T18:27:48","modified_gmt":"2026-01-12T18:27:48","slug":"balanzas-tactiles-d-955-planas-con-impresora-de-etiquetas-o-tickets","status":"publish","type":"product","link":"https:\/\/servifibal.cat\/es\/prod\/balanzas-tactiles-d-955-planas-con-impresora-de-etiquetas-o-tickets\/","title":{"rendered":"Balanzas t\u00e1ctiles D-955 planas con impresora de etiquetas (o tickets)."},"content":{"rendered":"<p data-start=\"0\" data-end=\"525\"><strong data-start=\"0\" data-end=\"31\">Caracter\u00edsticas principales<\/strong><br data-start=\"31\" data-end=\"34\"> Libra t\u00e1ctil de electr\u00f3nica convencional (no PC).<br data-start=\"84\" data-end=\"87\"> Modelos con impresora de tickets, de etiquetas (apta tambi\u00e9n para tickets) o con dos impresoras (para tickets y etiquetas).<br data-start=\"211\" data-end=\"214\"> Variedad de formatos. <br data-start=\"234\" data-end=\"237\" data-is-only-node=\"\"> Dise\u00f1o moderno, compacto y de f\u00e1cil limpieza.<br data-start=\"280\" data-end=\"283\"> Men\u00fas de usuario intuitivos.<br data-start=\"308\" data-end=\"311\"> Pantalla del comprador como soporte publicitario din\u00e1mico y m\u00e1s atractivo.<br data-start=\"382\" data-end=\"385\"> Pantalla del vendedor configurable y personalizable.<br data-start=\"437\" data-end=\"440\"> Cumple con el Reglamento UE 1169\/2011 relativo a la informaci\u00f3n alimentaria obligatoria.<\/p>\n<p data-start=\"527\" data-end=\"2286\"><strong data-start=\"527\" data-end=\"542\">Prestaciones<\/strong><br data-start=\"542\" data-end=\"545\">Amplia informaci\u00f3n por PLU: precio de reposici\u00f3n y de oferta, precio por tramos de peso y por kg\/100 g, 3 nombres de 20 caracteres o 2 nombres de 30 caracteres, 20 textos libres de 24 caracteres, 1 texto de 3.000 caracteres (en D-955 y D-957), etc.<br data-start=\"774\" data-end=\"777\">B\u00fasqueda de PLU por n\u00famero o por nombre.<br data-start=\"811\" data-end=\"814\">Acceso a todas las funciones de los men\u00fas de Usuario y T\u00e9cnico desde la pantalla de vendedor (posibilidad de programar claves de seguridad).<br data-start=\"948\" data-end=\"951\" data-is-only-node=\"\">Personalizaci\u00f3n total de las pantallas de trabajo:<br data-start=\"1001\" data-end=\"1004\"> Selecci\u00f3n de las funciones m\u00e1s habituales en Favoritos.<br data-start=\"1056\" data-end=\"1059\">Caracterizaci\u00f3n de las pantallas en colores y logotipos corporativos.<br data-start=\"1126\" data-end=\"1129\">Asignaci\u00f3n de teclas directas independientes por secci\u00f3n y ordenaci\u00f3n alfab\u00e9tica de los PLU.<br data-start=\"1215\" data-end=\"1218\">Teclas directas de PLU, secciones y vendedores, configurables en imagen, cantidad y tama\u00f1o.<br data-start=\"1305\" data-end=\"1308\">Carga directa de im\u00e1genes desde memoria USB (formato BMP 8 bits sin compresi\u00f3n RLE).<br data-start=\"1394\" data-end=\"1397\">Informes de venta y gesti\u00f3n: ventas (por art\u00edculo, vendedor, franjas horarias, \u00faltimo mes\u2026), m\u00e1rgenes, saldo disponible en el caj\u00f3n de monedas, PLU modificados, etc.<br data-start=\"1553\" data-end=\"1556\">Exportaci\u00f3n de listados en memoria USB (totales de venta por: empleado, por m\u00e9todo de pago o por modalidad de IVA).<br data-start=\"1670\" data-end=\"1673\">Exportaci\u00f3n de tickets a memoria USB.<br data-start=\"1709\" data-end=\"1712\">Soporte para la venta cruzada: Asociaci\u00f3n de la venta de un producto a la imagen de otro producto complementario cuya imagen se muestra en la pantalla de comprador.<br data-start=\"1871\" data-end=\"1874\">Comunicaciones r\u00e1pidas y fiables entre balanzas, con PC y con dispositivos m\u00f3viles (mediante DWS).<br data-start=\"1971\" data-end=\"1974\">Gesti\u00f3n de inventarios de art\u00edculos en la balanza.<br data-start=\"2018\" data-end=\"2021\">Opci\u00f3n de grabar precio de reposici\u00f3n y precio de oferta por art\u00edculo.<br data-start=\"2088\" data-end=\"2091\">Aviso de nivel bajo de etiquetas en la misma balanza, con activaci\u00f3n de se\u00f1ales luminosas y ac\u00fasticas (para formatos de autoservicio).<br data-start=\"2223\" data-end=\"2226\">Incluye tornom\u00e1tico propio, visible en el display del comprador.<\/p>\n<p data-start=\"2288\" data-end=\"2363\"><strong data-start=\"2288\" data-end=\"2308\">Alcance \/ precisi\u00f3n<\/strong><br data-start=\"2308\" data-end=\"2311\"> Espa\u00f1a: Mono-rango (3.000 divisiones): 15 kg\/5 g.<\/p>\n<p data-start=\"2365\" data-end=\"2512\"><strong data-start=\"2365\" data-end=\"2378\">Opcional:<\/strong><br data-start=\"2378\" data-end=\"2381\"> Mono-rango (3.000 divisiones): 30 kg\/10 g.<br data-start=\"2423\" data-end=\"2426\"> Multi-rango (3.000 divisiones): 6 kg\/2 g \u2013 15 kg\/5 go 15 kg\/5 g \u2013 30 kg\/10 g.<\/p>\n<p data-start=\"2514\" data-end=\"2589\"><strong data-start=\"2514\" data-end=\"2529\">Exportaci\u00f3n:<\/strong><br data-start=\"2529\" data-end=\"2532\"> Multi-rango (3.000 divisiones): 6 kg\/2 g \u2013 15 kg\/5 g.<\/p>\n<p data-start=\"2591\" data-end=\"2781\" data-is-last-node=\"\" data-is-only-node=\"\"><strong data-start=\"2591\" data-end=\"2604\">Opcional:<\/strong><br data-start=\"2604\" data-end=\"2607\"> Mono-rango (3.000 divisiones): 15 kg\/5 go 30 kg\/10 g.<br data-start=\"2663\" data-end=\"2666\"> Multi-rango (3.000 divisiones): 15 kg\/5 g \u2013 30 kg\/10 g.<br data-start=\"2723\" data-end=\"2726\"> Mono-rango (6.000 divisiones): 12 kg\/2 go 30 kg\/5 g.<\/p>\n","protected":false},"excerpt":{"rendered":"<p data-start=\"0\" data-end=\"168\">Balanzas electr\u00f3nicas en formato plano con impresora de etiquetas (apta tambi\u00e9n para tickets), pantalla t\u00e1ctil de 10,4&#8243; para el vendedor y TFT de 7&#8243; junto al comprador.<\/p>\n<p data-start=\"170\" data-end=\"461\" data-is-last-node=\"\" data-is-only-node=\"\"><strong data-start=\"170\" data-end=\"199\">D-955 PLANA ETIQUETA 10-7<\/strong><br data-start=\"199\" data-end=\"202\"><strong data-start=\"202\" data-end=\"217\">Referencia:<\/strong> 7D755P2LG_ _ _<br data-start=\"232\" data-end=\"235\"><strong data-start=\"235\" data-end=\"259\">Display del vendedor:<\/strong> TFT t\u00e1ctil de 10,4\u201d.<br data-start=\"280\" data-end=\"283\"><strong data-start=\"283\" data-end=\"309\">Display comprador<\/strong>: TFT 7&#8243;.<br data-start=\"320\" data-end=\"323\"><strong data-start=\"323\" data-end=\"338\">Impresora:<\/strong> Etiquetas (o tickets).<br data-start=\"361\" data-end=\"364\"><strong data-start=\"364\" data-end=\"372\">PLU:<\/strong> 10.000.<br data-start=\"380\" data-end=\"383\"><strong data-start=\"383\" data-end=\"400\">PLU directos:<\/strong> 999.<br data-start=\"405\" data-end=\"408\"><strong data-start=\"408\" data-end=\"421\">Vendedores:<\/strong> 20.<br data-start=\"425\" data-end=\"428\"><strong data-start=\"428\" data-end=\"444\">Alimentacion<\/strong>: Red.<\/p>\n","protected":false},"featured_media":75515,"template":"","meta":{"_joinchat":[]},"product_brand":[470],"product_cat":[570],"product_tag":[],"class_list":{"0":"post-76427","1":"product","2":"type-product","3":"status-publish","4":"has-post-thumbnail","6":"product_brand-dibal","7":"product_cat-balanzas-planas","9":"first","10":"instock","11":"shipping-taxable","12":"product-type-simple"},"yoast_head":"<!-- This site is optimized with the Yoast SEO plugin v27.1.1 - https:\/\/yoast.com\/product\/yoast-seo-wordpress\/ -->\n<title>Balanzas t\u00e1ctiles D-955 planas con impresora de etiquetas (o tickets). - Servifibal<\/title>\n<meta name=\"robots\" content=\"index, follow, max-snippet:-1, max-image-preview:large, max-video-preview:-1\" \/>\n<link rel=\"canonical\" href=\"https:\/\/servifibal.cat\/es\/prod\/balanzas-tactiles-d-955-planas-con-impresora-de-etiquetas-o-tickets\/\" \/>\n<meta property=\"og:locale\" content=\"es_ES\" \/>\n<meta property=\"og:type\" content=\"article\" \/>\n<meta property=\"og:title\" content=\"Balanzas t\u00e1ctiles D-955 planas con impresora de etiquetas (o tickets). - Servifibal\" \/>\n<meta property=\"og:description\" content=\"Balanzas electr\u00f3nicas en formato plano con impresora de etiquetas (apta tambi\u00e9n para tickets), pantalla t\u00e1ctil de 10,4&quot; para el vendedor y TFT de 7&quot; junto al comprador. D-955 PLANA ETIQUETA 10-7Referencia: 7D755P2LG_ _ _Display del vendedor: TFT t\u00e1ctil de 10,4\u201d.Display comprador: TFT 7&quot;.Impresora: Etiquetas (o tickets).PLU: 10.000.PLU directos: 999.Vendedores: 20.Alimentacion: Red.\" \/>\n<meta property=\"og:url\" content=\"https:\/\/servifibal.cat\/es\/prod\/balanzas-tactiles-d-955-planas-con-impresora-de-etiquetas-o-tickets\/\" \/>\n<meta property=\"og:site_name\" content=\"Servifibal\" \/>\n<meta name=\"twitter:card\" content=\"summary_large_image\" \/>\n<meta name=\"twitter:label1\" content=\"Tiempo de lectura\" \/>\n\t<meta name=\"twitter:data1\" content=\"2 minutos\" \/>\n<script type=\"application\/ld+json\" class=\"yoast-schema-graph\">{\"@context\":\"https:\/\/schema.org\",\"@graph\":[{\"@type\":\"WebPage\",\"@id\":\"https:\/\/servifibal.cat\/es\/prod\/balanzas-tactiles-d-955-planas-con-impresora-de-etiquetas-o-tickets\/\",\"url\":\"https:\/\/servifibal.cat\/es\/prod\/balanzas-tactiles-d-955-planas-con-impresora-de-etiquetas-o-tickets\/\",\"name\":\"Balanzas t\u00e1ctiles D-955 planas con impresora de etiquetas (o tickets). - Servifibal\",\"isPartOf\":{\"@id\":\"https:\/\/servifibal.cat\/es\/#website\"},\"primaryImageOfPage\":{\"@id\":\"https:\/\/servifibal.cat\/es\/prod\/balanzas-tactiles-d-955-planas-con-impresora-de-etiquetas-o-tickets\/#primaryimage\"},\"image\":{\"@id\":\"https:\/\/servifibal.cat\/es\/prod\/balanzas-tactiles-d-955-planas-con-impresora-de-etiquetas-o-tickets\/#primaryimage\"},\"thumbnailUrl\":\"https:\/\/servifibal.cat\/wp-content\/uploads\/2026\/01\/D-900_P_ETIQ_10-7_.png\",\"datePublished\":\"2026-01-12T18:27:48+00:00\",\"breadcrumb\":{\"@id\":\"https:\/\/servifibal.cat\/es\/prod\/balanzas-tactiles-d-955-planas-con-impresora-de-etiquetas-o-tickets\/#breadcrumb\"},\"inLanguage\":\"es\",\"potentialAction\":[{\"@type\":\"ReadAction\",\"target\":[\"https:\/\/servifibal.cat\/es\/prod\/balanzas-tactiles-d-955-planas-con-impresora-de-etiquetas-o-tickets\/\"]}]},{\"@type\":\"ImageObject\",\"inLanguage\":\"es\",\"@id\":\"https:\/\/servifibal.cat\/es\/prod\/balanzas-tactiles-d-955-planas-con-impresora-de-etiquetas-o-tickets\/#primaryimage\",\"url\":\"https:\/\/servifibal.cat\/wp-content\/uploads\/2026\/01\/D-900_P_ETIQ_10-7_.png\",\"contentUrl\":\"https:\/\/servifibal.cat\/wp-content\/uploads\/2026\/01\/D-900_P_ETIQ_10-7_.png\",\"width\":650,\"height\":650},{\"@type\":\"BreadcrumbList\",\"@id\":\"https:\/\/servifibal.cat\/es\/prod\/balanzas-tactiles-d-955-planas-con-impresora-de-etiquetas-o-tickets\/#breadcrumb\",\"itemListElement\":[{\"@type\":\"ListItem\",\"position\":1,\"name\":\"Portada\",\"item\":\"https:\/\/servifibal.cat\/es\/inicio\/\"},{\"@type\":\"ListItem\",\"position\":2,\"name\":\"Tienda\",\"item\":\"https:\/\/servifibal.cat\/es\/tienda\/\"},{\"@type\":\"ListItem\",\"position\":3,\"name\":\"Balanzas t\u00e1ctiles D-955 planas con impresora de etiquetas (o tickets).\"}]},{\"@type\":\"WebSite\",\"@id\":\"https:\/\/servifibal.cat\/es\/#website\",\"url\":\"https:\/\/servifibal.cat\/es\/\",\"name\":\"Servifibal\",\"description\":\"Solucions per al petit comer\u00e7\",\"publisher\":{\"@id\":\"https:\/\/servifibal.cat\/es\/#organization\"},\"potentialAction\":[{\"@type\":\"SearchAction\",\"target\":{\"@type\":\"EntryPoint\",\"urlTemplate\":\"https:\/\/servifibal.cat\/es\/?s={search_term_string}\"},\"query-input\":{\"@type\":\"PropertyValueSpecification\",\"valueRequired\":true,\"valueName\":\"search_term_string\"}}],\"inLanguage\":\"es\"},{\"@type\":\"Organization\",\"@id\":\"https:\/\/servifibal.cat\/es\/#organization\",\"name\":\"Servifibal\",\"url\":\"https:\/\/servifibal.cat\/es\/\",\"logo\":{\"@type\":\"ImageObject\",\"inLanguage\":\"es\",\"@id\":\"https:\/\/servifibal.cat\/es\/#\/schema\/logo\/image\/\",\"url\":\"https:\/\/servifibal.cat\/wp-content\/uploads\/2025\/11\/00-Logo-nou-blanc.png\",\"contentUrl\":\"https:\/\/servifibal.cat\/wp-content\/uploads\/2025\/11\/00-Logo-nou-blanc.png\",\"width\":176,\"height\":38,\"caption\":\"Servifibal\"},\"image\":{\"@id\":\"https:\/\/servifibal.cat\/es\/#\/schema\/logo\/image\/\"}}]}<\/script>\n<!-- \/ Yoast SEO plugin. -->","yoast_head_json":{"title":"Balanzas t\u00e1ctiles D-955 planas con impresora de etiquetas (o tickets). - Servifibal","robots":{"index":"index","follow":"follow","max-snippet":"max-snippet:-1","max-image-preview":"max-image-preview:large","max-video-preview":"max-video-preview:-1"},"canonical":"https:\/\/servifibal.cat\/es\/prod\/balanzas-tactiles-d-955-planas-con-impresora-de-etiquetas-o-tickets\/","og_locale":"es_ES","og_type":"article","og_title":"Balanzas t\u00e1ctiles D-955 planas con impresora de etiquetas (o tickets). - Servifibal","og_description":"Balanzas electr\u00f3nicas en formato plano con impresora de etiquetas (apta tambi\u00e9n para tickets), pantalla t\u00e1ctil de 10,4\" para el vendedor y TFT de 7\" junto al comprador. D-955 PLANA ETIQUETA 10-7Referencia: 7D755P2LG_ _ _Display del vendedor: TFT t\u00e1ctil de 10,4\u201d.Display comprador: TFT 7\".Impresora: Etiquetas (o tickets).PLU: 10.000.PLU directos: 999.Vendedores: 20.Alimentacion: Red.","og_url":"https:\/\/servifibal.cat\/es\/prod\/balanzas-tactiles-d-955-planas-con-impresora-de-etiquetas-o-tickets\/","og_site_name":"Servifibal","twitter_card":"summary_large_image","twitter_misc":{"Tiempo de lectura":"2 minutos"},"schema":{"@context":"https:\/\/schema.org","@graph":[{"@type":"WebPage","@id":"https:\/\/servifibal.cat\/es\/prod\/balanzas-tactiles-d-955-planas-con-impresora-de-etiquetas-o-tickets\/","url":"https:\/\/servifibal.cat\/es\/prod\/balanzas-tactiles-d-955-planas-con-impresora-de-etiquetas-o-tickets\/","name":"Balanzas t\u00e1ctiles D-955 planas con impresora de etiquetas (o tickets). - Servifibal","isPartOf":{"@id":"https:\/\/servifibal.cat\/es\/#website"},"primaryImageOfPage":{"@id":"https:\/\/servifibal.cat\/es\/prod\/balanzas-tactiles-d-955-planas-con-impresora-de-etiquetas-o-tickets\/#primaryimage"},"image":{"@id":"https:\/\/servifibal.cat\/es\/prod\/balanzas-tactiles-d-955-planas-con-impresora-de-etiquetas-o-tickets\/#primaryimage"},"thumbnailUrl":"https:\/\/servifibal.cat\/wp-content\/uploads\/2026\/01\/D-900_P_ETIQ_10-7_.png","datePublished":"2026-01-12T18:27:48+00:00","breadcrumb":{"@id":"https:\/\/servifibal.cat\/es\/prod\/balanzas-tactiles-d-955-planas-con-impresora-de-etiquetas-o-tickets\/#breadcrumb"},"inLanguage":"es","potentialAction":[{"@type":"ReadAction","target":["https:\/\/servifibal.cat\/es\/prod\/balanzas-tactiles-d-955-planas-con-impresora-de-etiquetas-o-tickets\/"]}]},{"@type":"ImageObject","inLanguage":"es","@id":"https:\/\/servifibal.cat\/es\/prod\/balanzas-tactiles-d-955-planas-con-impresora-de-etiquetas-o-tickets\/#primaryimage","url":"https:\/\/servifibal.cat\/wp-content\/uploads\/2026\/01\/D-900_P_ETIQ_10-7_.png","contentUrl":"https:\/\/servifibal.cat\/wp-content\/uploads\/2026\/01\/D-900_P_ETIQ_10-7_.png","width":650,"height":650},{"@type":"BreadcrumbList","@id":"https:\/\/servifibal.cat\/es\/prod\/balanzas-tactiles-d-955-planas-con-impresora-de-etiquetas-o-tickets\/#breadcrumb","itemListElement":[{"@type":"ListItem","position":1,"name":"Portada","item":"https:\/\/servifibal.cat\/es\/inicio\/"},{"@type":"ListItem","position":2,"name":"Tienda","item":"https:\/\/servifibal.cat\/es\/tienda\/"},{"@type":"ListItem","position":3,"name":"Balanzas t\u00e1ctiles D-955 planas con impresora de etiquetas (o tickets)."}]},{"@type":"WebSite","@id":"https:\/\/servifibal.cat\/es\/#website","url":"https:\/\/servifibal.cat\/es\/","name":"Servifibal","description":"Solucions per al petit comer\u00e7","publisher":{"@id":"https:\/\/servifibal.cat\/es\/#organization"},"potentialAction":[{"@type":"SearchAction","target":{"@type":"EntryPoint","urlTemplate":"https:\/\/servifibal.cat\/es\/?s={search_term_string}"},"query-input":{"@type":"PropertyValueSpecification","valueRequired":true,"valueName":"search_term_string"}}],"inLanguage":"es"},{"@type":"Organization","@id":"https:\/\/servifibal.cat\/es\/#organization","name":"Servifibal","url":"https:\/\/servifibal.cat\/es\/","logo":{"@type":"ImageObject","inLanguage":"es","@id":"https:\/\/servifibal.cat\/es\/#\/schema\/logo\/image\/","url":"https:\/\/servifibal.cat\/wp-content\/uploads\/2025\/11\/00-Logo-nou-blanc.png","contentUrl":"https:\/\/servifibal.cat\/wp-content\/uploads\/2025\/11\/00-Logo-nou-blanc.png","width":176,"height":38,"caption":"Servifibal"},"image":{"@id":"https:\/\/servifibal.cat\/es\/#\/schema\/logo\/image\/"}}]}},"_links":{"self":[{"href":"https:\/\/servifibal.cat\/es\/wp-json\/wp\/v2\/product\/76427","targetHints":{"allow":["GET"]}}],"collection":[{"href":"https:\/\/servifibal.cat\/es\/wp-json\/wp\/v2\/product"}],"about":[{"href":"https:\/\/servifibal.cat\/es\/wp-json\/wp\/v2\/types\/product"}],"wp:featuredmedia":[{"embeddable":true,"href":"https:\/\/servifibal.cat\/es\/wp-json\/wp\/v2\/media\/75515"}],"wp:attachment":[{"href":"https:\/\/servifibal.cat\/es\/wp-json\/wp\/v2\/media?parent=76427"}],"wp:term":[{"taxonomy":"product_brand","embeddable":true,"href":"https:\/\/servifibal.cat\/es\/wp-json\/wp\/v2\/product_brand?post=76427"},{"taxonomy":"product_cat","embeddable":true,"href":"https:\/\/servifibal.cat\/es\/wp-json\/wp\/v2\/product_cat?post=76427"},{"taxonomy":"product_tag","embeddable":true,"href":"https:\/\/servifibal.cat\/es\/wp-json\/wp\/v2\/product_tag?post=76427"}],"curies":[{"name":"wp","href":"https:\/\/api.w.org\/{rel}","templated":true}]}}