{"id":76424,"date":"2026-01-12T18:30:54","date_gmt":"2026-01-12T18:30:54","guid":{"rendered":"https:\/\/servifibal.cat\/prod\/balanzas-electronicas-d-540-planas-con-impresora-de-tickets\/"},"modified":"2026-01-12T18:30:54","modified_gmt":"2026-01-12T18:30:54","slug":"balanzas-electronicas-d-540-planas-con-impresora-de-tickets","status":"publish","type":"product","link":"https:\/\/servifibal.cat\/es\/prod\/balanzas-electronicas-d-540-planas-con-impresora-de-tickets\/","title":{"rendered":"Balanzas electr\u00f3nicas D-540 planas con impresora de tickets."},"content":{"rendered":"<p data-start=\"0\" data-end=\"398\"><strong data-start=\"0\" data-end=\"31\">Caracter\u00edsticas principales<\/strong><br data-start=\"31\" data-end=\"34\"> Libra electr\u00f3nica con diferentes opciones de display de alta visibilidad.<br data-start=\"106\" data-end=\"109\"> Impresora de tiques.<br data-start=\"131\" data-end=\"134\"> Dise\u00f1o funcional y robusto. <br data-start=\"161\" data-end=\"164\" data-is-only-node=\"\"> Teclado mec\u00e1nico (hasta 20 vendedores, 99 PLU directos y 999 por c\u00f3digo r\u00e1pido).<br data-start=\"238\" data-end=\"241\"> Gran capacidad de memoria, funciones, comunicaciones e interconexiones.<br data-start=\"310\" data-end=\"313\"> Cumple con el Reglamento UE 1169\/2011 relativo a la informaci\u00f3n alimentaria obligatoria.<\/p>\n<p data-start=\"400\" data-end=\"1527\"><strong data-start=\"400\" data-end=\"415\">Prestaciones<\/strong><br data-start=\"415\" data-end=\"418\"> Amplia informaci\u00f3n para cada PLU, incluyendo: precio normal y de oferta, por tramos de peso y por kg\/100 g, 3 nombres de 20 caracteres o 2 nombres de 30 caracteres, 20 textos libres de 24 caracteres, 1 texto de 3.072 caracteres, etc.<br data-start=\"634\" data-end=\"637\">B\u00fasqueda de PLU por n\u00famero o por nombre.<br data-start=\"671\" data-end=\"674\">Teclas directas de acceso a los men\u00fas de programaci\u00f3n: para cambiar precios, dar de alta PLU o vendedores, etc.<br data-start=\"776\" data-end=\"779\" data-is-only-node=\"\">Acceso directo a 999 PLU desde el teclado.<br data-start=\"818\" data-end=\"821\">Men\u00fas \u00abdrill down\u00bb.<br data-start=\"840\" data-end=\"843\">Impresi\u00f3n de los men\u00fas en la balanza.<br data-start=\"877\" data-end=\"880\">\u201cMacros\u201d programables: grabaci\u00f3n de una secuencia de teclas para crear un acceso directo a cualquier tarea (reapertura de ticket, listados, cambio de n\u00famero de lote\u2026).<br data-start=\"1047\" data-end=\"1050\">Informes de venta y gesti\u00f3n: ventas (por art\u00edculo, vendedor, franjas horarias, \u00faltimo mes\u2026), saldo disponible en el caj\u00f3n de monedas, PLU modificados, etc.<br data-start=\"1198\" data-end=\"1201\">Comunicaciones r\u00e1pidas y fiables entre balanzas, con PC y con dispositivos m\u00f3viles (mediante DWS).<br data-start=\"1298\" data-end=\"1301\">Gesti\u00f3n de stocks en la balanza.<br data-start=\"1330\" data-end=\"1333\">Modo inventario\/pedido.<br data-start=\"1358\" data-end=\"1361\">10 tipos de trazabilidad gen\u00e9rica (para carne, pescado, frutas, verduras, etc.) y hasta 99 productos. Incluida la normativa europea vigente sobre trazabilidad de vacuno. <\/p>\n<p data-start=\"1529\" data-end=\"1604\"><strong data-start=\"1529\" data-end=\"1549\">Alcance \/ precisi\u00f3n<\/strong><br data-start=\"1549\" data-end=\"1552\"> Espa\u00f1a: Mono-rango (3.000 divisiones): 15 kg\/5 g.<\/p>\n<p data-start=\"1606\" data-end=\"1753\"><strong data-start=\"1606\" data-end=\"1619\">Opcional:<\/strong><br data-start=\"1619\" data-end=\"1622\"> Mono-rango (3.000 divisiones): 30 kg\/10 g.<br data-start=\"1664\" data-end=\"1667\"> Multi-rango (3.000 divisiones): 6 kg\/2 g \u2013 15 kg\/5 go 15 kg\/5 g \u2013 30 kg\/10 g.<\/p>\n<p data-start=\"1755\" data-end=\"1830\"><strong data-start=\"1755\" data-end=\"1770\">Exportaci\u00f3n:<\/strong><br data-start=\"1770\" data-end=\"1773\"> Multi-rango (3.000 divisiones): 6 kg\/2 g \u2013 15 kg\/5 g.<\/p>\n<p data-start=\"1832\" data-end=\"2022\" data-is-last-node=\"\" data-is-only-node=\"\"><strong data-start=\"1832\" data-end=\"1845\">Opcional:<\/strong><br data-start=\"1845\" data-end=\"1848\"> Mono-rango (3.000 divisiones): 15 kg\/5 go 30 kg\/10 g.<br data-start=\"1904\" data-end=\"1907\"> Multi-rango (3.000 divisiones): 15 kg\/5 g \u2013 30 kg\/10 g.<br data-start=\"1964\" data-end=\"1967\"> Mono-rango (6.000 divisiones): 12 kg\/2 go 30 kg\/5 g.<\/p>\n","protected":false},"excerpt":{"rendered":"<p data-start=\"98\" data-end=\"369\"><strong data-start=\"98\" data-end=\"120\">D-540 PLANA TICKET<\/strong><br data-start=\"120\" data-end=\"123\"><strong data-start=\"123\" data-end=\"138\">Referencia:<\/strong> 7D001P2LGE_ _<br data-start=\"152\" data-end=\"155\"><strong data-start=\"155\" data-end=\"168\">Displays:<\/strong> LCD de segmentos.<br data-start=\"185\" data-end=\"188\"><strong data-start=\"188\" data-end=\"203\">Impresora:<\/strong> Tickets.<br data-start=\"212\" data-end=\"215\"><strong data-start=\"215\" data-end=\"223\">PLU:<\/strong> 10.000.<br data-start=\"231\" data-end=\"234\"><strong data-start=\"234\" data-end=\"251\">PLU directos:<\/strong> 40&#215;2 + 9&#215;2*.<br data-start=\"264\" data-end=\"267\"><strong data-start=\"267\" data-end=\"280\">Vendedores:<\/strong> 20.<br data-start=\"284\" data-end=\"287\"><strong data-start=\"287\" data-end=\"303\">Alimentaci\u00f3n:<\/strong> Red el\u00e9ctrica.<br data-start=\"320\" data-end=\"323\"> * Utilizando la tecla Shift y las de Vendedor.<\/p>\n<p data-start=\"371\" data-end=\"660\" data-is-last-node=\"\" data-is-only-node=\"\"><strong data-start=\"371\" data-end=\"401\">D-540 PLANA TICKET BATER\u00cdA<\/strong><br data-start=\"401\" data-end=\"404\"><strong data-start=\"404\" data-end=\"419\">Referencia:<\/strong> 7D011P2LGE_ _<br data-start=\"433\" data-end=\"436\"><strong data-start=\"436\" data-end=\"449\">Displays:<\/strong> LCD de segmentos.<br data-start=\"466\" data-end=\"469\"><strong data-start=\"469\" data-end=\"484\">Impresora:<\/strong> Tickets.<br data-start=\"493\" data-end=\"496\"><strong data-start=\"496\" data-end=\"504\">PLU:<\/strong> 10.000.<br data-start=\"512\" data-end=\"515\"><strong data-start=\"515\" data-end=\"532\">PLU directos:<\/strong> 40&#215;2 + 9&#215;2*.<br data-start=\"545\" data-end=\"548\"><strong data-start=\"548\" data-end=\"561\">Vendedores:<\/strong> 20.<br data-start=\"565\" data-end=\"568\"><strong data-start=\"568\" data-end=\"584\">Alimentaci\u00f3n:<\/strong> Red el\u00e9ctrica\/bater\u00eda.<br data-start=\"611\" data-end=\"614\"> * Utilizando la tecla Shift y las de Vendedor.<\/p>\n","protected":false},"featured_media":75517,"template":"","meta":{"_joinchat":[]},"product_brand":[470],"product_cat":[570],"product_tag":[],"class_list":{"0":"post-76424","1":"product","2":"type-product","3":"status-publish","4":"has-post-thumbnail","6":"product_brand-dibal","7":"product_cat-balanzas-planas","9":"first","10":"instock","11":"shipping-taxable","12":"product-type-simple"},"yoast_head":"<!-- This site is optimized with the Yoast SEO plugin v27.5 - https:\/\/yoast.com\/product\/yoast-seo-wordpress\/ -->\n<title>Balanzas electr\u00f3nicas D-540 planas con impresora de tickets. - Servifibal<\/title>\n<meta name=\"robots\" content=\"index, follow, max-snippet:-1, max-image-preview:large, max-video-preview:-1\" \/>\n<link rel=\"canonical\" href=\"https:\/\/servifibal.cat\/es\/prod\/balanzas-electronicas-d-540-planas-con-impresora-de-tickets\/\" \/>\n<meta property=\"og:locale\" content=\"es_ES\" \/>\n<meta property=\"og:type\" content=\"article\" \/>\n<meta property=\"og:title\" content=\"Balanzas electr\u00f3nicas D-540 planas con impresora de tickets. - Servifibal\" \/>\n<meta property=\"og:description\" content=\"D-540 PLANA TICKETReferencia: 7D001P2LGE_ _Displays: LCD de segmentos.Impresora: Tickets.PLU: 10.000.PLU directos: 40x2 + 9x2*.Vendedores: 20.Alimentaci\u00f3n: Red el\u00e9ctrica. * Utilizando la tecla Shift y las de Vendedor. D-540 PLANA TICKET BATER\u00cdAReferencia: 7D011P2LGE_ _Displays: LCD de segmentos.Impresora: Tickets.PLU: 10.000.PLU directos: 40x2 + 9x2*.Vendedores: 20.Alimentaci\u00f3n: Red el\u00e9ctrica\/bater\u00eda. * Utilizando la tecla Shift y las de Vendedor.\" \/>\n<meta property=\"og:url\" content=\"https:\/\/servifibal.cat\/es\/prod\/balanzas-electronicas-d-540-planas-con-impresora-de-tickets\/\" \/>\n<meta property=\"og:site_name\" content=\"Servifibal\" \/>\n<meta name=\"twitter:card\" content=\"summary_large_image\" \/>\n<meta name=\"twitter:label1\" content=\"Tiempo de lectura\" \/>\n\t<meta name=\"twitter:data1\" content=\"1 minuto\" \/>\n<script type=\"application\/ld+json\" class=\"yoast-schema-graph\">{\"@context\":\"https:\\\/\\\/schema.org\",\"@graph\":[{\"@type\":\"WebPage\",\"@id\":\"https:\\\/\\\/servifibal.cat\\\/es\\\/prod\\\/balanzas-electronicas-d-540-planas-con-impresora-de-tickets\\\/\",\"url\":\"https:\\\/\\\/servifibal.cat\\\/es\\\/prod\\\/balanzas-electronicas-d-540-planas-con-impresora-de-tickets\\\/\",\"name\":\"Balanzas electr\u00f3nicas D-540 planas con impresora de tickets. - Servifibal\",\"isPartOf\":{\"@id\":\"https:\\\/\\\/servifibal.cat\\\/es\\\/#website\"},\"primaryImageOfPage\":{\"@id\":\"https:\\\/\\\/servifibal.cat\\\/es\\\/prod\\\/balanzas-electronicas-d-540-planas-con-impresora-de-tickets\\\/#primaryimage\"},\"image\":{\"@id\":\"https:\\\/\\\/servifibal.cat\\\/es\\\/prod\\\/balanzas-electronicas-d-540-planas-con-impresora-de-tickets\\\/#primaryimage\"},\"thumbnailUrl\":\"https:\\\/\\\/servifibal.cat\\\/wp-content\\\/uploads\\\/2026\\\/01\\\/D-540_P_TICKET.png\",\"datePublished\":\"2026-01-12T18:30:54+00:00\",\"breadcrumb\":{\"@id\":\"https:\\\/\\\/servifibal.cat\\\/es\\\/prod\\\/balanzas-electronicas-d-540-planas-con-impresora-de-tickets\\\/#breadcrumb\"},\"inLanguage\":\"es\",\"potentialAction\":[{\"@type\":\"ReadAction\",\"target\":[\"https:\\\/\\\/servifibal.cat\\\/es\\\/prod\\\/balanzas-electronicas-d-540-planas-con-impresora-de-tickets\\\/\"]}]},{\"@type\":\"ImageObject\",\"inLanguage\":\"es\",\"@id\":\"https:\\\/\\\/servifibal.cat\\\/es\\\/prod\\\/balanzas-electronicas-d-540-planas-con-impresora-de-tickets\\\/#primaryimage\",\"url\":\"https:\\\/\\\/servifibal.cat\\\/wp-content\\\/uploads\\\/2026\\\/01\\\/D-540_P_TICKET.png\",\"contentUrl\":\"https:\\\/\\\/servifibal.cat\\\/wp-content\\\/uploads\\\/2026\\\/01\\\/D-540_P_TICKET.png\",\"width\":650,\"height\":650},{\"@type\":\"BreadcrumbList\",\"@id\":\"https:\\\/\\\/servifibal.cat\\\/es\\\/prod\\\/balanzas-electronicas-d-540-planas-con-impresora-de-tickets\\\/#breadcrumb\",\"itemListElement\":[{\"@type\":\"ListItem\",\"position\":1,\"name\":\"Portada\",\"item\":\"https:\\\/\\\/servifibal.cat\\\/es\\\/inicio\\\/\"},{\"@type\":\"ListItem\",\"position\":2,\"name\":\"Tienda\",\"item\":\"https:\\\/\\\/servifibal.cat\\\/es\\\/tienda\\\/\"},{\"@type\":\"ListItem\",\"position\":3,\"name\":\"Balanzas electr\u00f3nicas D-540 planas con impresora de tickets.\"}]},{\"@type\":\"WebSite\",\"@id\":\"https:\\\/\\\/servifibal.cat\\\/es\\\/#website\",\"url\":\"https:\\\/\\\/servifibal.cat\\\/es\\\/\",\"name\":\"Servifibal\",\"description\":\"Solucions per al petit comer\u00e7\",\"publisher\":{\"@id\":\"https:\\\/\\\/servifibal.cat\\\/es\\\/#organization\"},\"potentialAction\":[{\"@type\":\"SearchAction\",\"target\":{\"@type\":\"EntryPoint\",\"urlTemplate\":\"https:\\\/\\\/servifibal.cat\\\/es\\\/?s={search_term_string}\"},\"query-input\":{\"@type\":\"PropertyValueSpecification\",\"valueRequired\":true,\"valueName\":\"search_term_string\"}}],\"inLanguage\":\"es\"},{\"@type\":\"Organization\",\"@id\":\"https:\\\/\\\/servifibal.cat\\\/es\\\/#organization\",\"name\":\"Servifibal\",\"url\":\"https:\\\/\\\/servifibal.cat\\\/es\\\/\",\"logo\":{\"@type\":\"ImageObject\",\"inLanguage\":\"es\",\"@id\":\"https:\\\/\\\/servifibal.cat\\\/es\\\/#\\\/schema\\\/logo\\\/image\\\/\",\"url\":\"https:\\\/\\\/servifibal.cat\\\/wp-content\\\/uploads\\\/2025\\\/11\\\/00-Logo-nou-blanc.png\",\"contentUrl\":\"https:\\\/\\\/servifibal.cat\\\/wp-content\\\/uploads\\\/2025\\\/11\\\/00-Logo-nou-blanc.png\",\"width\":176,\"height\":38,\"caption\":\"Servifibal\"},\"image\":{\"@id\":\"https:\\\/\\\/servifibal.cat\\\/es\\\/#\\\/schema\\\/logo\\\/image\\\/\"}}]}<\/script>\n<!-- \/ Yoast SEO plugin. -->","yoast_head_json":{"title":"Balanzas electr\u00f3nicas D-540 planas con impresora de tickets. - Servifibal","robots":{"index":"index","follow":"follow","max-snippet":"max-snippet:-1","max-image-preview":"max-image-preview:large","max-video-preview":"max-video-preview:-1"},"canonical":"https:\/\/servifibal.cat\/es\/prod\/balanzas-electronicas-d-540-planas-con-impresora-de-tickets\/","og_locale":"es_ES","og_type":"article","og_title":"Balanzas electr\u00f3nicas D-540 planas con impresora de tickets. - Servifibal","og_description":"D-540 PLANA TICKETReferencia: 7D001P2LGE_ _Displays: LCD de segmentos.Impresora: Tickets.PLU: 10.000.PLU directos: 40x2 + 9x2*.Vendedores: 20.Alimentaci\u00f3n: Red el\u00e9ctrica. * Utilizando la tecla Shift y las de Vendedor. D-540 PLANA TICKET BATER\u00cdAReferencia: 7D011P2LGE_ _Displays: LCD de segmentos.Impresora: Tickets.PLU: 10.000.PLU directos: 40x2 + 9x2*.Vendedores: 20.Alimentaci\u00f3n: Red el\u00e9ctrica\/bater\u00eda. * Utilizando la tecla Shift y las de Vendedor.","og_url":"https:\/\/servifibal.cat\/es\/prod\/balanzas-electronicas-d-540-planas-con-impresora-de-tickets\/","og_site_name":"Servifibal","twitter_card":"summary_large_image","twitter_misc":{"Tiempo de lectura":"1 minuto"},"schema":{"@context":"https:\/\/schema.org","@graph":[{"@type":"WebPage","@id":"https:\/\/servifibal.cat\/es\/prod\/balanzas-electronicas-d-540-planas-con-impresora-de-tickets\/","url":"https:\/\/servifibal.cat\/es\/prod\/balanzas-electronicas-d-540-planas-con-impresora-de-tickets\/","name":"Balanzas electr\u00f3nicas D-540 planas con impresora de tickets. - Servifibal","isPartOf":{"@id":"https:\/\/servifibal.cat\/es\/#website"},"primaryImageOfPage":{"@id":"https:\/\/servifibal.cat\/es\/prod\/balanzas-electronicas-d-540-planas-con-impresora-de-tickets\/#primaryimage"},"image":{"@id":"https:\/\/servifibal.cat\/es\/prod\/balanzas-electronicas-d-540-planas-con-impresora-de-tickets\/#primaryimage"},"thumbnailUrl":"https:\/\/servifibal.cat\/wp-content\/uploads\/2026\/01\/D-540_P_TICKET.png","datePublished":"2026-01-12T18:30:54+00:00","breadcrumb":{"@id":"https:\/\/servifibal.cat\/es\/prod\/balanzas-electronicas-d-540-planas-con-impresora-de-tickets\/#breadcrumb"},"inLanguage":"es","potentialAction":[{"@type":"ReadAction","target":["https:\/\/servifibal.cat\/es\/prod\/balanzas-electronicas-d-540-planas-con-impresora-de-tickets\/"]}]},{"@type":"ImageObject","inLanguage":"es","@id":"https:\/\/servifibal.cat\/es\/prod\/balanzas-electronicas-d-540-planas-con-impresora-de-tickets\/#primaryimage","url":"https:\/\/servifibal.cat\/wp-content\/uploads\/2026\/01\/D-540_P_TICKET.png","contentUrl":"https:\/\/servifibal.cat\/wp-content\/uploads\/2026\/01\/D-540_P_TICKET.png","width":650,"height":650},{"@type":"BreadcrumbList","@id":"https:\/\/servifibal.cat\/es\/prod\/balanzas-electronicas-d-540-planas-con-impresora-de-tickets\/#breadcrumb","itemListElement":[{"@type":"ListItem","position":1,"name":"Portada","item":"https:\/\/servifibal.cat\/es\/inicio\/"},{"@type":"ListItem","position":2,"name":"Tienda","item":"https:\/\/servifibal.cat\/es\/tienda\/"},{"@type":"ListItem","position":3,"name":"Balanzas electr\u00f3nicas D-540 planas con impresora de tickets."}]},{"@type":"WebSite","@id":"https:\/\/servifibal.cat\/es\/#website","url":"https:\/\/servifibal.cat\/es\/","name":"Servifibal","description":"Solucions per al petit comer\u00e7","publisher":{"@id":"https:\/\/servifibal.cat\/es\/#organization"},"potentialAction":[{"@type":"SearchAction","target":{"@type":"EntryPoint","urlTemplate":"https:\/\/servifibal.cat\/es\/?s={search_term_string}"},"query-input":{"@type":"PropertyValueSpecification","valueRequired":true,"valueName":"search_term_string"}}],"inLanguage":"es"},{"@type":"Organization","@id":"https:\/\/servifibal.cat\/es\/#organization","name":"Servifibal","url":"https:\/\/servifibal.cat\/es\/","logo":{"@type":"ImageObject","inLanguage":"es","@id":"https:\/\/servifibal.cat\/es\/#\/schema\/logo\/image\/","url":"https:\/\/servifibal.cat\/wp-content\/uploads\/2025\/11\/00-Logo-nou-blanc.png","contentUrl":"https:\/\/servifibal.cat\/wp-content\/uploads\/2025\/11\/00-Logo-nou-blanc.png","width":176,"height":38,"caption":"Servifibal"},"image":{"@id":"https:\/\/servifibal.cat\/es\/#\/schema\/logo\/image\/"}}]}},"_links":{"self":[{"href":"https:\/\/servifibal.cat\/es\/wp-json\/wp\/v2\/product\/76424","targetHints":{"allow":["GET"]}}],"collection":[{"href":"https:\/\/servifibal.cat\/es\/wp-json\/wp\/v2\/product"}],"about":[{"href":"https:\/\/servifibal.cat\/es\/wp-json\/wp\/v2\/types\/product"}],"wp:featuredmedia":[{"embeddable":true,"href":"https:\/\/servifibal.cat\/es\/wp-json\/wp\/v2\/media\/75517"}],"wp:attachment":[{"href":"https:\/\/servifibal.cat\/es\/wp-json\/wp\/v2\/media?parent=76424"}],"wp:term":[{"taxonomy":"product_brand","embeddable":true,"href":"https:\/\/servifibal.cat\/es\/wp-json\/wp\/v2\/product_brand?post=76424"},{"taxonomy":"product_cat","embeddable":true,"href":"https:\/\/servifibal.cat\/es\/wp-json\/wp\/v2\/product_cat?post=76424"},{"taxonomy":"product_tag","embeddable":true,"href":"https:\/\/servifibal.cat\/es\/wp-json\/wp\/v2\/product_tag?post=76424"}],"curies":[{"name":"wp","href":"https:\/\/api.w.org\/{rel}","templated":true}]}}