{"id":76416,"date":"2026-01-12T22:59:55","date_gmt":"2026-01-12T22:59:55","guid":{"rendered":"https:\/\/servifibal.cat\/prod\/balanzas-pc-cs-2150-colgante-inox-tickets-2\/"},"modified":"2026-01-12T22:59:55","modified_gmt":"2026-01-12T22:59:55","slug":"balanzas-pc-cs-2150-colgante-inox-tickets-2","status":"publish","type":"product","link":"https:\/\/servifibal.cat\/es\/prod\/balanzas-pc-cs-2150-colgante-inox-tickets-2\/","title":{"rendered":"Balanzas PC CS-2150 Colgante Inox Tickets 2&#8243;"},"content":{"rendered":"<p><strong>Caracter\u00edsticas principales<\/strong><br \/>\nBalanza comercial con arquitectura PC de altas prestaciones con doble TFT a color.<br \/>\nImpresora de tickets.<br \/>\nDise\u00f1o moderno, compacto y de f\u00e1cil limpieza.<br \/>\nManejo intuitivo.<br \/>\nPantalla de vendedor configurable y personalizable.<br \/>\nPantalla de comprador como soporte publicitario din\u00e1mico y m\u00e1s est\u00e9tico.<br \/>\nCumple con el reglamento UE 1169\/2011 referente a la informaci\u00f3n alimentaria obligatoria.<\/p>\n<p><strong>Prestaciones<\/strong><br \/>\nIntegraci\u00f3n con aplicaciones inform\u00e1ticas Windows y sistemas ERP de terceros.<\/p>\n<p>Funciones disponibles con el software para Windows CS 4.0 pre-instalado:<br \/>\nConfiguraci\u00f3n de la balanza desde operativa: configuraci\u00f3n r\u00e1pida de maestra en 6 pasos, configuraci\u00f3n de esclava en 2 pasos y alta de datos variables.<br \/>\nDise\u00f1o de pantallas de usuario (tanto para venta asistida como para autoservicio). Cada usuario puede tener acceso a sus propias plantillas de venta, que pueden estar asociadas a los permisos de acceso previamente definidos.<br \/>\nAmplia colecci\u00f3n de plantillas para pantallas de venta, bases de datos de art\u00edculos y fotograf\u00edas de alimentos (carne\/charcuter\u00eda, frutas\/verduras, pescados\/mariscos, congelados, bebidas, etc.).<br \/>\nPantallas operativas modernas, sencillas y muy intuitivas que facilitan el uso y mejoran la experiencia del vendedor.<br \/>\nSoporte para la venta cruzada: Asociaci\u00f3n de la venta de un producto a la imagen de otro producto complementario cuya imagen se muestra en la pantalla de comprador.<br \/>\nBiblioteca de im\u00e1genes y v\u00eddeos incluida en la balanza para apoyo promocional.<br \/>\nN\u00famero ilimitado de teclas de art\u00edculo (mediante pantallas sucesivas).<br \/>\nTodos los botones pueden incluir textos, iconos, fotos, etc.<br \/>\nPosibilidad de ordenaci\u00f3n autom\u00e1tica de los botones por distintos criterios: c\u00f3digo, nombre, productos m\u00e1s vendidos, etc.<br \/>\nTeclado configurable seg\u00fan preferencias: PLUs, secciones, vendedores, teclado QWERTY o ABC, etc.<br \/>\nAcceso r\u00e1pido para alta de art\u00edculos, vendedores y secciones.<br \/>\nCambio r\u00e1pido del documento a generar: albar\u00e1n, ticket o factura.<br \/>\nVisualizaci\u00f3n opcional del ticket o la etiqueta en pantalla de vendedor.<br \/>\nF\u00e1cil anulaci\u00f3n de l\u00edneas de ticket \/ f\u00e1cil reapertura de ticket.<br \/>\nF\u00e1cil anulaci\u00f3n de l\u00edneas en tickets.<br \/>\nImpresi\u00f3n de tickets y etiquetas con fuentes de letra Windows.<br \/>\nDise\u00f1o de tickets y etiquetas.<br \/>\nDise\u00f1o de facturas y albaranes.<br \/>\nFormatos de etiquetas, albaranes y tickets.<br \/>\nFormato de documento asociado a cliente.<br \/>\nPersonalizaci\u00f3n de cabecera y logos en tickets.<br \/>\nEmisi\u00f3n de facturas y albaranes.<br \/>\nFacturaci\u00f3n de albaranes.<br \/>\nCierre de caja.<br \/>\nGeneraci\u00f3n de listados y gr\u00e1ficos de ventas, totales o detalladas (por art\u00edculo, cliente, vendedor, periodo\u2026) con triple posibilidad de salida: en pantalla, en la impresora de la balanza o en una impresora externa.<br \/>\nGesti\u00f3n de stocks, de clientes y de proveedores en la balanza.<br \/>\nBorrado de stocks negativos.<br \/>\nGesti\u00f3n de trazabilidad.<br \/>\nOpci\u00f3n de grabar precio de reposici\u00f3n y precio de oferta por art\u00edculo.<br \/>\nTarifas asociadas a cada tienda o cliente.<br \/>\nGesti\u00f3n de inventarios y pedidos de art\u00edculos.<br \/>\nMigraci\u00f3n de datos.<br \/>\nCopias de seguridad.<br \/>\nArranque autom\u00e1tico.<br \/>\nAjuste autom\u00e1tico del opto.<br \/>\nTeamViewer.<br \/>\nFunci\u00f3n de turnomatic propio en display comprador.<br \/>\nImagen de art\u00edculo y al\u00e9rgenos en display comprador (bajo licencia).<br \/>\nTicket en display comprador (bajo licencia).<br \/>\nGesti\u00f3n de pedidos (bajo licencia).<br \/>\nRedsys, pago con tarjeta (bajo licencia)<br \/>\nCashdrawers: cajones de cobro (bajo licencia).<br \/>\nSistema All_Connected: gesti\u00f3n de turnos integrado con soluciones de se\u00f1alizaci\u00f3n digital, consultar (bajo pedido).<\/p>\n<p><strong>Alcance \/ Precisi\u00f3n<\/strong><br \/>\nEspa\u00f1a: Mono-rango (3.000 divisiones): 15 kg \/ 5 g.<\/p>\n<p><strong>Opcional<\/strong>:<br \/>\nMono-rango (3.000 divisiones): 30 kg \/ 10 g.<br \/>\nMulti-rango (3.000 divisiones): 6 kg \/ 2 g &#8211; 15 kg \/ 5 g o 15 kg \/ 5 g &#8211; 30 kg \/ 10 g.<\/p>\n<p><strong>Exportaci\u00f3n<\/strong>: Multi-rango (3.000 divisiones): 6 kg \/ 2 g &#8211; 15 kg \/ 5 g.<\/p>\n<p><strong>Opcional<\/strong>:<br \/>\nMono-rango (3.000 divisiones): 15 kg \/ 5 g o 30 kg \/ 10 g.<br \/>\nMulti-rango (3.000 divisiones): 15 kg \/ 5 g &#8211; 30 kg \/ 10 g.<br \/>\nMono-rango (6.000 divisiones): 12 kg \/ 2 g o 30 kg \/ 5 g.<\/p>\n","protected":false},"excerpt":{"rendered":"<p data-start=\"0\" data-end=\"311\"><strong data-start=\"0\" data-end=\"31\">CS-2150 COLGANTE TICKET 12+7<\/strong><br data-start=\"31\" data-end=\"34\">Referencia: 7FA0LCASI_ _ _<br data-start=\"64\" data-end=\"67\">Display vendedor: TFT T\u00e1ctil 12,1\u201d resisitivo.<br data-start=\"121\" data-end=\"124\">Display comprador: TFT 7&#8243;.<br data-start=\"161\" data-end=\"164\">Impresora: 2&#8243; Tickets.<br data-start=\"194\" data-end=\"197\">Sistema Operativo: Windows 10 (embebido).<br data-start=\"240\" data-end=\"243\">Software de Venta: CS 4.0.<br data-start=\"275\" data-end=\"278\">Alimentacion: Red.<\/p>\n<p data-start=\"313\" data-end=\"626\" data-is-last-node=\"\" data-is-only-node=\"\"><strong data-start=\"313\" data-end=\"345\">CS-2150 COLGANTE TICKET 12+12<\/strong><br data-start=\"345\" data-end=\"348\"><strong data-start=\"348\" data-end=\"363\">Referencia<\/strong>: 7FA0MCASI_ _ _<br data-start=\"378\" data-end=\"381\"><strong data-start=\"381\" data-end=\"405\">Display vendedor:<\/strong> TFT T\u00e1ctil 12,1\u201d resistivo.<br data-start=\"435\" data-end=\"438\"><strong data-start=\"438\" data-end=\"464\">Display comprador<\/strong>: TFT 12&#8243;.<br data-start=\"476\" data-end=\"479\"><strong data-start=\"479\" data-end=\"494\">Impresora<\/strong>: 2&#8243; Tickets.<br data-start=\"509\" data-end=\"512\"><strong data-start=\"512\" data-end=\"533\">Sistema Operativo<\/strong>: Windows 10 (embebido).<br data-start=\"555\" data-end=\"558\"><strong data-start=\"558\" data-end=\"582\">Software de Venta<\/strong>: CS 4.0.<br data-start=\"590\" data-end=\"593\"><strong data-start=\"593\" data-end=\"609\">Alimentacion<\/strong>: Red.<\/p>\n","protected":false},"featured_media":75553,"template":"","meta":{"_joinchat":[]},"product_brand":[470],"product_cat":[520],"product_tag":[],"class_list":{"0":"post-76416","1":"product","2":"type-product","3":"status-publish","4":"has-post-thumbnail","6":"product_brand-dibal","7":"product_cat-balanzas-colgantes","9":"first","10":"instock","11":"shipping-taxable","12":"product-type-simple"},"yoast_head":"<!-- This site is optimized with the Yoast SEO plugin v27.1.1 - https:\/\/yoast.com\/product\/yoast-seo-wordpress\/ -->\n<title>Balanzas PC CS-2150 Colgante Inox Tickets 2&quot; - Servifibal<\/title>\n<meta name=\"robots\" content=\"index, follow, max-snippet:-1, max-image-preview:large, max-video-preview:-1\" \/>\n<link rel=\"canonical\" href=\"https:\/\/servifibal.cat\/es\/prod\/balanzas-pc-cs-2150-colgante-inox-tickets-2\/\" \/>\n<meta property=\"og:locale\" content=\"es_ES\" \/>\n<meta property=\"og:type\" content=\"article\" \/>\n<meta property=\"og:title\" content=\"Balanzas PC CS-2150 Colgante Inox Tickets 2&quot; - Servifibal\" \/>\n<meta property=\"og:description\" content=\"CS-2150 COLGANTE TICKET 12+7Referencia: 7FA0LCASI_ _ _Display vendedor: TFT T\u00e1ctil 12,1\u201d resisitivo.Display comprador: TFT 7&quot;.Impresora: 2&quot; Tickets.Sistema Operativo: Windows 10 (embebido).Software de Venta: CS 4.0.Alimentacion: Red. CS-2150 COLGANTE TICKET 12+12Referencia: 7FA0MCASI_ _ _Display vendedor: TFT T\u00e1ctil 12,1\u201d resistivo.Display comprador: TFT 12&quot;.Impresora: 2&quot; Tickets.Sistema Operativo: Windows 10 (embebido).Software de Venta: CS 4.0.Alimentacion: Red.\" \/>\n<meta property=\"og:url\" content=\"https:\/\/servifibal.cat\/es\/prod\/balanzas-pc-cs-2150-colgante-inox-tickets-2\/\" \/>\n<meta property=\"og:site_name\" content=\"Servifibal\" \/>\n<meta property=\"og:image\" content=\"https:\/\/servifibal.cat\/wp-content\/uploads\/2026\/01\/CS-2150_C-INOX_TICKET_12-7.png\" \/>\n\t<meta property=\"og:image:width\" content=\"650\" \/>\n\t<meta property=\"og:image:height\" content=\"650\" \/>\n\t<meta property=\"og:image:type\" content=\"image\/png\" \/>\n<meta name=\"twitter:card\" content=\"summary_large_image\" \/>\n<meta name=\"twitter:label1\" content=\"Tiempo de lectura\" \/>\n\t<meta name=\"twitter:data1\" content=\"3 minutos\" \/>\n<script type=\"application\/ld+json\" class=\"yoast-schema-graph\">{\"@context\":\"https:\/\/schema.org\",\"@graph\":[{\"@type\":\"WebPage\",\"@id\":\"https:\/\/servifibal.cat\/es\/prod\/balanzas-pc-cs-2150-colgante-inox-tickets-2\/\",\"url\":\"https:\/\/servifibal.cat\/es\/prod\/balanzas-pc-cs-2150-colgante-inox-tickets-2\/\",\"name\":\"Balanzas PC CS-2150 Colgante Inox Tickets 2\\\" - Servifibal\",\"isPartOf\":{\"@id\":\"https:\/\/servifibal.cat\/es\/#website\"},\"primaryImageOfPage\":{\"@id\":\"https:\/\/servifibal.cat\/es\/prod\/balanzas-pc-cs-2150-colgante-inox-tickets-2\/#primaryimage\"},\"image\":{\"@id\":\"https:\/\/servifibal.cat\/es\/prod\/balanzas-pc-cs-2150-colgante-inox-tickets-2\/#primaryimage\"},\"thumbnailUrl\":\"https:\/\/servifibal.cat\/wp-content\/uploads\/2026\/01\/CS-2150_C-INOX_TICKET_12-7.png\",\"datePublished\":\"2026-01-12T22:59:55+00:00\",\"breadcrumb\":{\"@id\":\"https:\/\/servifibal.cat\/es\/prod\/balanzas-pc-cs-2150-colgante-inox-tickets-2\/#breadcrumb\"},\"inLanguage\":\"es\",\"potentialAction\":[{\"@type\":\"ReadAction\",\"target\":[\"https:\/\/servifibal.cat\/es\/prod\/balanzas-pc-cs-2150-colgante-inox-tickets-2\/\"]}]},{\"@type\":\"ImageObject\",\"inLanguage\":\"es\",\"@id\":\"https:\/\/servifibal.cat\/es\/prod\/balanzas-pc-cs-2150-colgante-inox-tickets-2\/#primaryimage\",\"url\":\"https:\/\/servifibal.cat\/wp-content\/uploads\/2026\/01\/CS-2150_C-INOX_TICKET_12-7.png\",\"contentUrl\":\"https:\/\/servifibal.cat\/wp-content\/uploads\/2026\/01\/CS-2150_C-INOX_TICKET_12-7.png\",\"width\":650,\"height\":650},{\"@type\":\"BreadcrumbList\",\"@id\":\"https:\/\/servifibal.cat\/es\/prod\/balanzas-pc-cs-2150-colgante-inox-tickets-2\/#breadcrumb\",\"itemListElement\":[{\"@type\":\"ListItem\",\"position\":1,\"name\":\"Portada\",\"item\":\"https:\/\/servifibal.cat\/es\/inicio\/\"},{\"@type\":\"ListItem\",\"position\":2,\"name\":\"Tienda\",\"item\":\"https:\/\/servifibal.cat\/es\/tienda\/\"},{\"@type\":\"ListItem\",\"position\":3,\"name\":\"Balanzas PC CS-2150 Colgante Inox Tickets 2&#8243;\"}]},{\"@type\":\"WebSite\",\"@id\":\"https:\/\/servifibal.cat\/es\/#website\",\"url\":\"https:\/\/servifibal.cat\/es\/\",\"name\":\"Servifibal\",\"description\":\"Solucions per al petit comer\u00e7\",\"publisher\":{\"@id\":\"https:\/\/servifibal.cat\/es\/#organization\"},\"potentialAction\":[{\"@type\":\"SearchAction\",\"target\":{\"@type\":\"EntryPoint\",\"urlTemplate\":\"https:\/\/servifibal.cat\/es\/?s={search_term_string}\"},\"query-input\":{\"@type\":\"PropertyValueSpecification\",\"valueRequired\":true,\"valueName\":\"search_term_string\"}}],\"inLanguage\":\"es\"},{\"@type\":\"Organization\",\"@id\":\"https:\/\/servifibal.cat\/es\/#organization\",\"name\":\"Servifibal\",\"url\":\"https:\/\/servifibal.cat\/es\/\",\"logo\":{\"@type\":\"ImageObject\",\"inLanguage\":\"es\",\"@id\":\"https:\/\/servifibal.cat\/es\/#\/schema\/logo\/image\/\",\"url\":\"https:\/\/servifibal.cat\/wp-content\/uploads\/2025\/11\/00-Logo-nou-blanc.png\",\"contentUrl\":\"https:\/\/servifibal.cat\/wp-content\/uploads\/2025\/11\/00-Logo-nou-blanc.png\",\"width\":176,\"height\":38,\"caption\":\"Servifibal\"},\"image\":{\"@id\":\"https:\/\/servifibal.cat\/es\/#\/schema\/logo\/image\/\"}}]}<\/script>\n<!-- \/ Yoast SEO plugin. -->","yoast_head_json":{"title":"Balanzas PC CS-2150 Colgante Inox Tickets 2\" - Servifibal","robots":{"index":"index","follow":"follow","max-snippet":"max-snippet:-1","max-image-preview":"max-image-preview:large","max-video-preview":"max-video-preview:-1"},"canonical":"https:\/\/servifibal.cat\/es\/prod\/balanzas-pc-cs-2150-colgante-inox-tickets-2\/","og_locale":"es_ES","og_type":"article","og_title":"Balanzas PC CS-2150 Colgante Inox Tickets 2\" - Servifibal","og_description":"CS-2150 COLGANTE TICKET 12+7Referencia: 7FA0LCASI_ _ _Display vendedor: TFT T\u00e1ctil 12,1\u201d resisitivo.Display comprador: TFT 7\".Impresora: 2\" Tickets.Sistema Operativo: Windows 10 (embebido).Software de Venta: CS 4.0.Alimentacion: Red. CS-2150 COLGANTE TICKET 12+12Referencia: 7FA0MCASI_ _ _Display vendedor: TFT T\u00e1ctil 12,1\u201d resistivo.Display comprador: TFT 12\".Impresora: 2\" Tickets.Sistema Operativo: Windows 10 (embebido).Software de Venta: CS 4.0.Alimentacion: Red.","og_url":"https:\/\/servifibal.cat\/es\/prod\/balanzas-pc-cs-2150-colgante-inox-tickets-2\/","og_site_name":"Servifibal","og_image":[{"width":650,"height":650,"url":"https:\/\/servifibal.cat\/wp-content\/uploads\/2026\/01\/CS-2150_C-INOX_TICKET_12-7.png","type":"image\/png"}],"twitter_card":"summary_large_image","twitter_misc":{"Tiempo de lectura":"3 minutos"},"schema":{"@context":"https:\/\/schema.org","@graph":[{"@type":"WebPage","@id":"https:\/\/servifibal.cat\/es\/prod\/balanzas-pc-cs-2150-colgante-inox-tickets-2\/","url":"https:\/\/servifibal.cat\/es\/prod\/balanzas-pc-cs-2150-colgante-inox-tickets-2\/","name":"Balanzas PC CS-2150 Colgante Inox Tickets 2\" - Servifibal","isPartOf":{"@id":"https:\/\/servifibal.cat\/es\/#website"},"primaryImageOfPage":{"@id":"https:\/\/servifibal.cat\/es\/prod\/balanzas-pc-cs-2150-colgante-inox-tickets-2\/#primaryimage"},"image":{"@id":"https:\/\/servifibal.cat\/es\/prod\/balanzas-pc-cs-2150-colgante-inox-tickets-2\/#primaryimage"},"thumbnailUrl":"https:\/\/servifibal.cat\/wp-content\/uploads\/2026\/01\/CS-2150_C-INOX_TICKET_12-7.png","datePublished":"2026-01-12T22:59:55+00:00","breadcrumb":{"@id":"https:\/\/servifibal.cat\/es\/prod\/balanzas-pc-cs-2150-colgante-inox-tickets-2\/#breadcrumb"},"inLanguage":"es","potentialAction":[{"@type":"ReadAction","target":["https:\/\/servifibal.cat\/es\/prod\/balanzas-pc-cs-2150-colgante-inox-tickets-2\/"]}]},{"@type":"ImageObject","inLanguage":"es","@id":"https:\/\/servifibal.cat\/es\/prod\/balanzas-pc-cs-2150-colgante-inox-tickets-2\/#primaryimage","url":"https:\/\/servifibal.cat\/wp-content\/uploads\/2026\/01\/CS-2150_C-INOX_TICKET_12-7.png","contentUrl":"https:\/\/servifibal.cat\/wp-content\/uploads\/2026\/01\/CS-2150_C-INOX_TICKET_12-7.png","width":650,"height":650},{"@type":"BreadcrumbList","@id":"https:\/\/servifibal.cat\/es\/prod\/balanzas-pc-cs-2150-colgante-inox-tickets-2\/#breadcrumb","itemListElement":[{"@type":"ListItem","position":1,"name":"Portada","item":"https:\/\/servifibal.cat\/es\/inicio\/"},{"@type":"ListItem","position":2,"name":"Tienda","item":"https:\/\/servifibal.cat\/es\/tienda\/"},{"@type":"ListItem","position":3,"name":"Balanzas PC CS-2150 Colgante Inox Tickets 2&#8243;"}]},{"@type":"WebSite","@id":"https:\/\/servifibal.cat\/es\/#website","url":"https:\/\/servifibal.cat\/es\/","name":"Servifibal","description":"Solucions per al petit comer\u00e7","publisher":{"@id":"https:\/\/servifibal.cat\/es\/#organization"},"potentialAction":[{"@type":"SearchAction","target":{"@type":"EntryPoint","urlTemplate":"https:\/\/servifibal.cat\/es\/?s={search_term_string}"},"query-input":{"@type":"PropertyValueSpecification","valueRequired":true,"valueName":"search_term_string"}}],"inLanguage":"es"},{"@type":"Organization","@id":"https:\/\/servifibal.cat\/es\/#organization","name":"Servifibal","url":"https:\/\/servifibal.cat\/es\/","logo":{"@type":"ImageObject","inLanguage":"es","@id":"https:\/\/servifibal.cat\/es\/#\/schema\/logo\/image\/","url":"https:\/\/servifibal.cat\/wp-content\/uploads\/2025\/11\/00-Logo-nou-blanc.png","contentUrl":"https:\/\/servifibal.cat\/wp-content\/uploads\/2025\/11\/00-Logo-nou-blanc.png","width":176,"height":38,"caption":"Servifibal"},"image":{"@id":"https:\/\/servifibal.cat\/es\/#\/schema\/logo\/image\/"}}]}},"_links":{"self":[{"href":"https:\/\/servifibal.cat\/es\/wp-json\/wp\/v2\/product\/76416","targetHints":{"allow":["GET"]}}],"collection":[{"href":"https:\/\/servifibal.cat\/es\/wp-json\/wp\/v2\/product"}],"about":[{"href":"https:\/\/servifibal.cat\/es\/wp-json\/wp\/v2\/types\/product"}],"wp:featuredmedia":[{"embeddable":true,"href":"https:\/\/servifibal.cat\/es\/wp-json\/wp\/v2\/media\/75553"}],"wp:attachment":[{"href":"https:\/\/servifibal.cat\/es\/wp-json\/wp\/v2\/media?parent=76416"}],"wp:term":[{"taxonomy":"product_brand","embeddable":true,"href":"https:\/\/servifibal.cat\/es\/wp-json\/wp\/v2\/product_brand?post=76416"},{"taxonomy":"product_cat","embeddable":true,"href":"https:\/\/servifibal.cat\/es\/wp-json\/wp\/v2\/product_cat?post=76416"},{"taxonomy":"product_tag","embeddable":true,"href":"https:\/\/servifibal.cat\/es\/wp-json\/wp\/v2\/product_tag?post=76416"}],"curies":[{"name":"wp","href":"https:\/\/api.w.org\/{rel}","templated":true}]}}