{"id":76413,"date":"2026-01-26T21:23:06","date_gmt":"2026-01-26T21:23:06","guid":{"rendered":"https:\/\/servifibal.cat\/prod\/balanzas-tactiles-d-955-doble-cuerpo-etiquetas-o-tickets\/"},"modified":"2026-01-26T21:23:06","modified_gmt":"2026-01-26T21:23:06","slug":"balanzas-tactiles-d-955-doble-cuerpo-etiquetas-o-tickets","status":"publish","type":"product","link":"https:\/\/servifibal.cat\/es\/prod\/balanzas-tactiles-d-955-doble-cuerpo-etiquetas-o-tickets\/","title":{"rendered":"Balanzas T\u00e1ctiles D-955 Doble Cuerpo Etiquetas (o Tickets)"},"content":{"rendered":"<p data-start=\"0\" data-end=\"518\"><strong data-start=\"0\" data-end=\"31\">Caracter\u00edsticas principales<\/strong><br data-start=\"31\" data-end=\"34\">Balanza t\u00e1ctil de electr\u00f3nica convencional (no PC).<br data-start=\"82\" data-end=\"85\">Modelos con impresora de tickets, de etiquetas (apta tambi\u00e9n para tickets) o con dos impresoras (para tickets y etiquetas).<br data-start=\"209\" data-end=\"212\">Variedad de formatos.<br data-start=\"232\" data-end=\"235\" data-is-only-node=\"\">Dise\u00f1o moderno, compacto y de f\u00e1cil limpieza.<br data-start=\"278\" data-end=\"281\">Men\u00fas de usuario intuitivos.<br data-start=\"306\" data-end=\"309\">Pantalla de comprador como soporte publicitario din\u00e1mico y m\u00e1s est\u00e9tico.<br data-start=\"378\" data-end=\"381\">Pantalla de vendedor configurable y personalizable.<br data-start=\"432\" data-end=\"435\">Cumple con el reglamento UE 1169\/2011 referente a la informaci\u00f3n alimentaria obligatoria.<\/p>\n<p data-start=\"520\" data-end=\"2275\"><strong data-start=\"520\" data-end=\"535\">Prestaciones<\/strong><br data-start=\"535\" data-end=\"538\">Amplia informaci\u00f3n por PLU: precio de reposici\u00f3n y de oferta, precio por tramos de peso y por kg\/100 g, 3 nombres de 20 caracteres o 2 nombres de 30 caracteres, 20 textos libres de 24 caracteres, 1 texto de 3.000 caracteres (en D-955 y D-957), etc.<br data-start=\"767\" data-end=\"770\">B\u00fasqueda de PLUs por n\u00famero o por nombre.<br data-start=\"805\" data-end=\"808\">Acceso a todas las funciones de los men\u00fas de Usuario y T\u00e9cnico desde la pantalla de vendedor (posibilidad de programar claves de seguridad).<br data-start=\"942\" data-end=\"945\" data-is-only-node=\"\">Personalizaci\u00f3n total de las pantallas de trabajo:<br data-start=\"995\" data-end=\"998\">\u2013 Selecci\u00f3n de las funciones m\u00e1s habituales en \u201cFavoritos\u201d.<br data-start=\"1052\" data-end=\"1055\">\u2013 Caracterizaci\u00f3n de las pantallas con colores y logos corporativos.<br data-start=\"1124\" data-end=\"1127\">\u2013 Assignaci\u00f3 de tecles directes independents per secci\u00f3 i ordenaci\u00f3 alfab\u00e8tica dels PLUs.<br data-start=\"1216\" data-end=\"1219\">\u2013 Teclas directas de PLUs, Secciones y Vendedores, configurables en imagen, cantidad y tama\u00f1o.<br data-start=\"1309\" data-end=\"1312\">Carga directa de im\u00e1genes desde memoria USB (formato bmp 8 bits sin compresi\u00f3n RLE).<br data-start=\"1400\" data-end=\"1403\">Informes de venta y gesti\u00f3n: ventas (por art\u00edculo, vendedor, tramos horarios, \u00faltimo mes\u2026), m\u00e1rgenes, saldo disponible en el caj\u00f3n de monedas, PLUs modificados, etc.<br data-start=\"1560\" data-end=\"1563\">Exportaci\u00f3n de listados a memoria USB (totales de venta por: empleado, por modo de pago o por modalidad de IVA).<br data-start=\"1667\" data-end=\"1670\">Exportaci\u00f3n de tickets a memoria USB.<br data-start=\"1706\" data-end=\"1709\">Soporte para la venta cruzada: Asociaci\u00f3n de la venta de un producto a la imagen de otro producto complementario cuya imagen se muestra en la pantalla de comprador.<br data-start=\"1866\" data-end=\"1869\">Comunicaciones r\u00e1pidas y fiables entre balanzas, con PC y con dispositivos m\u00f3viles (mediante DWS).<br data-start=\"1966\" data-end=\"1969\">Gesti\u00f3n de inventarios de art\u00edculos en la balanza.<br data-start=\"2013\" data-end=\"2016\">Opci\u00f3n de grabar precio de reposici\u00f3n y precio de oferta por art\u00edculo.<br data-start=\"2081\" data-end=\"2084\">Aviso de nivel bajo de etiquetas en la misma balanza, y activando se\u00f1ales luminosas y ac\u00fasticas (para formatos autoservicio).<br data-start=\"2214\" data-end=\"2217\">Incluye Turnomatic propio, visible en el display comprador.<\/p>\n<p data-start=\"2277\" data-end=\"2350\"><strong data-start=\"2277\" data-end=\"2297\">Alcance \/ precisi\u00f3n<\/strong><br data-start=\"2297\" data-end=\"2300\">Espa\u00f1a: Mono-rango (3.000 divisiones): 15 kg \/ 5 g.<\/p>\n<p data-start=\"2352\" data-end=\"2497\"><strong data-start=\"2352\" data-end=\"2365\">Opcional:<\/strong><\/p>\n<p data-start=\"2499\" data-end=\"2572\"><strong data-start=\"2499\" data-end=\"2514\">Exportaci\u00f3n<\/strong>:<br data-start=\"2514\" data-end=\"2517\">Multi-rango (3.000 divisiones): 6 kg \/ 2 g &#8211; 15 kg \/ 5 g.<\/p>\n<p data-start=\"2574\" data-end=\"2764\" data-is-last-node=\"\" data-is-only-node=\"\"><strong data-start=\"2574\" data-end=\"2587\">Opcional:<\/strong><br data-start=\"2587\" data-end=\"2590\">Monorango (3.000 divisiones): 15 kg \/ 5 g o 30 kg \/ 10 g.<br data-start=\"2646\" data-end=\"2649\">Multirango (3.000 divisiones): 15 kg \/ 5 g \u2013 30 kg \/ 10 g.<br data-start=\"2706\" data-end=\"2709\">Monorango (6.000 divisiones): 12 kg \/ 2 g o 30 kg \/ 5 g.<\/p>\n","protected":false},"excerpt":{"rendered":"<p>Balanzas electr\u00f3nicas en formato doble cuerpo con impresora de etiquetas (apta tambi\u00e9n para tickets), pantalla t\u00e1ctil de 12&#8243; para el vendedor y TFT de 7&#8243; o 12&#8243; en el lado del comprador.<\/p>\n<p><strong>D-955 DOBLE CUERPO ETIQUETA 12-7<\/strong><br \/>\nReferencia: 7D755D2LG_ _ _<br \/>\nDisplay vendedor: TFT T\u00e1ctil 12,1\u201d.<br \/>\nDisplay comprador: TFT 7&#8243;.<br \/>\nImpresora: Etiquetas (o Tickets).<br \/>\nPLUs: 10.000.<br \/>\nPLUs directos: 999.<br \/>\nVendedores: 20.<br \/>\nAlimentacion: Red.<\/p>\n<p><strong>D-955 DOBLE CUERPO ETIQUETA 12-12<\/strong><br \/>\nReferencia: 7D756D2LG_ _ _<br \/>\nDisplay vendedor: TFT T\u00e1ctil 12,1\u201d.<br \/>\nDisplay comprador: TFT 12,1&#8243;.<br \/>\nImpresora: Etiquetas (o Tickets).<br \/>\nPLUs: 10.000.<br \/>\nPLUs directos: 999.<br \/>\nVendedores: 20.<br \/>\nAlimentacion: Red.<\/p>\n","protected":false},"featured_media":75812,"template":"","meta":{"_joinchat":[]},"product_brand":[],"product_cat":[518],"product_tag":[],"class_list":{"0":"post-76413","1":"product","2":"type-product","3":"status-publish","4":"has-post-thumbnail","6":"product_cat-balanzas-tactiles-serie-d-900","8":"first","9":"instock","10":"shipping-taxable","11":"product-type-simple"},"yoast_head":"<!-- This site is optimized with the Yoast SEO plugin v27.5 - https:\/\/yoast.com\/product\/yoast-seo-wordpress\/ -->\n<title>Balanzas T\u00e1ctiles D-955 Doble Cuerpo Etiquetas (o Tickets) - Servifibal<\/title>\n<meta name=\"robots\" content=\"index, follow, max-snippet:-1, max-image-preview:large, max-video-preview:-1\" \/>\n<link rel=\"canonical\" href=\"https:\/\/servifibal.cat\/es\/prod\/balanzas-tactiles-d-955-doble-cuerpo-etiquetas-o-tickets\/\" \/>\n<meta property=\"og:locale\" content=\"es_ES\" \/>\n<meta property=\"og:type\" content=\"article\" \/>\n<meta property=\"og:title\" content=\"Balanzas T\u00e1ctiles D-955 Doble Cuerpo Etiquetas (o Tickets) - Servifibal\" \/>\n<meta property=\"og:description\" content=\"Balanzas electr\u00f3nicas en formato doble cuerpo con impresora de etiquetas (apta tambi\u00e9n para tickets), pantalla t\u00e1ctil de 12&quot; para el vendedor y TFT de 7&quot; o 12&quot; en el lado del comprador. D-955 DOBLE CUERPO ETIQUETA 12-7 Referencia: 7D755D2LG_ _ _ Display vendedor: TFT T\u00e1ctil 12,1\u201d. Display comprador: TFT 7&quot;. Impresora: Etiquetas (o Tickets). PLUs: 10.000. PLUs directos: 999. Vendedores: 20. Alimentacion: Red. D-955 DOBLE CUERPO ETIQUETA 12-12 Referencia: 7D756D2LG_ _ _ Display vendedor: TFT T\u00e1ctil 12,1\u201d. Display comprador: TFT 12,1&quot;. Impresora: Etiquetas (o Tickets). PLUs: 10.000. PLUs directos: 999. Vendedores: 20. Alimentacion: Red.\" \/>\n<meta property=\"og:url\" content=\"https:\/\/servifibal.cat\/es\/prod\/balanzas-tactiles-d-955-doble-cuerpo-etiquetas-o-tickets\/\" \/>\n<meta property=\"og:site_name\" content=\"Servifibal\" \/>\n<meta property=\"og:image\" content=\"https:\/\/servifibal.cat\/wp-content\/uploads\/2026\/01\/D-900_DC_TICKET_12-71-1.png\" \/>\n\t<meta property=\"og:image:width\" content=\"650\" \/>\n\t<meta property=\"og:image:height\" content=\"650\" \/>\n\t<meta property=\"og:image:type\" content=\"image\/png\" \/>\n<meta name=\"twitter:card\" content=\"summary_large_image\" \/>\n<meta name=\"twitter:label1\" content=\"Tiempo de lectura\" \/>\n\t<meta name=\"twitter:data1\" content=\"2 minutos\" \/>\n<script type=\"application\/ld+json\" class=\"yoast-schema-graph\">{\"@context\":\"https:\\\/\\\/schema.org\",\"@graph\":[{\"@type\":\"WebPage\",\"@id\":\"https:\\\/\\\/servifibal.cat\\\/es\\\/prod\\\/balanzas-tactiles-d-955-doble-cuerpo-etiquetas-o-tickets\\\/\",\"url\":\"https:\\\/\\\/servifibal.cat\\\/es\\\/prod\\\/balanzas-tactiles-d-955-doble-cuerpo-etiquetas-o-tickets\\\/\",\"name\":\"Balanzas T\u00e1ctiles D-955 Doble Cuerpo Etiquetas (o Tickets) - Servifibal\",\"isPartOf\":{\"@id\":\"https:\\\/\\\/servifibal.cat\\\/es\\\/#website\"},\"primaryImageOfPage\":{\"@id\":\"https:\\\/\\\/servifibal.cat\\\/es\\\/prod\\\/balanzas-tactiles-d-955-doble-cuerpo-etiquetas-o-tickets\\\/#primaryimage\"},\"image\":{\"@id\":\"https:\\\/\\\/servifibal.cat\\\/es\\\/prod\\\/balanzas-tactiles-d-955-doble-cuerpo-etiquetas-o-tickets\\\/#primaryimage\"},\"thumbnailUrl\":\"https:\\\/\\\/servifibal.cat\\\/wp-content\\\/uploads\\\/2026\\\/01\\\/D-900_DC_TICKET_12-71-1.png\",\"datePublished\":\"2026-01-26T21:23:06+00:00\",\"breadcrumb\":{\"@id\":\"https:\\\/\\\/servifibal.cat\\\/es\\\/prod\\\/balanzas-tactiles-d-955-doble-cuerpo-etiquetas-o-tickets\\\/#breadcrumb\"},\"inLanguage\":\"es\",\"potentialAction\":[{\"@type\":\"ReadAction\",\"target\":[\"https:\\\/\\\/servifibal.cat\\\/es\\\/prod\\\/balanzas-tactiles-d-955-doble-cuerpo-etiquetas-o-tickets\\\/\"]}]},{\"@type\":\"ImageObject\",\"inLanguage\":\"es\",\"@id\":\"https:\\\/\\\/servifibal.cat\\\/es\\\/prod\\\/balanzas-tactiles-d-955-doble-cuerpo-etiquetas-o-tickets\\\/#primaryimage\",\"url\":\"https:\\\/\\\/servifibal.cat\\\/wp-content\\\/uploads\\\/2026\\\/01\\\/D-900_DC_TICKET_12-71-1.png\",\"contentUrl\":\"https:\\\/\\\/servifibal.cat\\\/wp-content\\\/uploads\\\/2026\\\/01\\\/D-900_DC_TICKET_12-71-1.png\",\"width\":650,\"height\":650},{\"@type\":\"BreadcrumbList\",\"@id\":\"https:\\\/\\\/servifibal.cat\\\/es\\\/prod\\\/balanzas-tactiles-d-955-doble-cuerpo-etiquetas-o-tickets\\\/#breadcrumb\",\"itemListElement\":[{\"@type\":\"ListItem\",\"position\":1,\"name\":\"Portada\",\"item\":\"https:\\\/\\\/servifibal.cat\\\/es\\\/inicio\\\/\"},{\"@type\":\"ListItem\",\"position\":2,\"name\":\"Tienda\",\"item\":\"https:\\\/\\\/servifibal.cat\\\/es\\\/tienda\\\/\"},{\"@type\":\"ListItem\",\"position\":3,\"name\":\"Balanzas T\u00e1ctiles D-955 Doble Cuerpo Etiquetas (o Tickets)\"}]},{\"@type\":\"WebSite\",\"@id\":\"https:\\\/\\\/servifibal.cat\\\/es\\\/#website\",\"url\":\"https:\\\/\\\/servifibal.cat\\\/es\\\/\",\"name\":\"Servifibal\",\"description\":\"Solucions per al petit comer\u00e7\",\"publisher\":{\"@id\":\"https:\\\/\\\/servifibal.cat\\\/es\\\/#organization\"},\"potentialAction\":[{\"@type\":\"SearchAction\",\"target\":{\"@type\":\"EntryPoint\",\"urlTemplate\":\"https:\\\/\\\/servifibal.cat\\\/es\\\/?s={search_term_string}\"},\"query-input\":{\"@type\":\"PropertyValueSpecification\",\"valueRequired\":true,\"valueName\":\"search_term_string\"}}],\"inLanguage\":\"es\"},{\"@type\":\"Organization\",\"@id\":\"https:\\\/\\\/servifibal.cat\\\/es\\\/#organization\",\"name\":\"Servifibal\",\"url\":\"https:\\\/\\\/servifibal.cat\\\/es\\\/\",\"logo\":{\"@type\":\"ImageObject\",\"inLanguage\":\"es\",\"@id\":\"https:\\\/\\\/servifibal.cat\\\/es\\\/#\\\/schema\\\/logo\\\/image\\\/\",\"url\":\"https:\\\/\\\/servifibal.cat\\\/wp-content\\\/uploads\\\/2025\\\/11\\\/00-Logo-nou-blanc.png\",\"contentUrl\":\"https:\\\/\\\/servifibal.cat\\\/wp-content\\\/uploads\\\/2025\\\/11\\\/00-Logo-nou-blanc.png\",\"width\":176,\"height\":38,\"caption\":\"Servifibal\"},\"image\":{\"@id\":\"https:\\\/\\\/servifibal.cat\\\/es\\\/#\\\/schema\\\/logo\\\/image\\\/\"}}]}<\/script>\n<!-- \/ Yoast SEO plugin. -->","yoast_head_json":{"title":"Balanzas T\u00e1ctiles D-955 Doble Cuerpo Etiquetas (o Tickets) - Servifibal","robots":{"index":"index","follow":"follow","max-snippet":"max-snippet:-1","max-image-preview":"max-image-preview:large","max-video-preview":"max-video-preview:-1"},"canonical":"https:\/\/servifibal.cat\/es\/prod\/balanzas-tactiles-d-955-doble-cuerpo-etiquetas-o-tickets\/","og_locale":"es_ES","og_type":"article","og_title":"Balanzas T\u00e1ctiles D-955 Doble Cuerpo Etiquetas (o Tickets) - Servifibal","og_description":"Balanzas electr\u00f3nicas en formato doble cuerpo con impresora de etiquetas (apta tambi\u00e9n para tickets), pantalla t\u00e1ctil de 12\" para el vendedor y TFT de 7\" o 12\" en el lado del comprador. D-955 DOBLE CUERPO ETIQUETA 12-7 Referencia: 7D755D2LG_ _ _ Display vendedor: TFT T\u00e1ctil 12,1\u201d. Display comprador: TFT 7\". Impresora: Etiquetas (o Tickets). PLUs: 10.000. PLUs directos: 999. Vendedores: 20. Alimentacion: Red. D-955 DOBLE CUERPO ETIQUETA 12-12 Referencia: 7D756D2LG_ _ _ Display vendedor: TFT T\u00e1ctil 12,1\u201d. Display comprador: TFT 12,1\". Impresora: Etiquetas (o Tickets). PLUs: 10.000. PLUs directos: 999. Vendedores: 20. Alimentacion: Red.","og_url":"https:\/\/servifibal.cat\/es\/prod\/balanzas-tactiles-d-955-doble-cuerpo-etiquetas-o-tickets\/","og_site_name":"Servifibal","og_image":[{"width":650,"height":650,"url":"https:\/\/servifibal.cat\/wp-content\/uploads\/2026\/01\/D-900_DC_TICKET_12-71-1.png","type":"image\/png"}],"twitter_card":"summary_large_image","twitter_misc":{"Tiempo de lectura":"2 minutos"},"schema":{"@context":"https:\/\/schema.org","@graph":[{"@type":"WebPage","@id":"https:\/\/servifibal.cat\/es\/prod\/balanzas-tactiles-d-955-doble-cuerpo-etiquetas-o-tickets\/","url":"https:\/\/servifibal.cat\/es\/prod\/balanzas-tactiles-d-955-doble-cuerpo-etiquetas-o-tickets\/","name":"Balanzas T\u00e1ctiles D-955 Doble Cuerpo Etiquetas (o Tickets) - Servifibal","isPartOf":{"@id":"https:\/\/servifibal.cat\/es\/#website"},"primaryImageOfPage":{"@id":"https:\/\/servifibal.cat\/es\/prod\/balanzas-tactiles-d-955-doble-cuerpo-etiquetas-o-tickets\/#primaryimage"},"image":{"@id":"https:\/\/servifibal.cat\/es\/prod\/balanzas-tactiles-d-955-doble-cuerpo-etiquetas-o-tickets\/#primaryimage"},"thumbnailUrl":"https:\/\/servifibal.cat\/wp-content\/uploads\/2026\/01\/D-900_DC_TICKET_12-71-1.png","datePublished":"2026-01-26T21:23:06+00:00","breadcrumb":{"@id":"https:\/\/servifibal.cat\/es\/prod\/balanzas-tactiles-d-955-doble-cuerpo-etiquetas-o-tickets\/#breadcrumb"},"inLanguage":"es","potentialAction":[{"@type":"ReadAction","target":["https:\/\/servifibal.cat\/es\/prod\/balanzas-tactiles-d-955-doble-cuerpo-etiquetas-o-tickets\/"]}]},{"@type":"ImageObject","inLanguage":"es","@id":"https:\/\/servifibal.cat\/es\/prod\/balanzas-tactiles-d-955-doble-cuerpo-etiquetas-o-tickets\/#primaryimage","url":"https:\/\/servifibal.cat\/wp-content\/uploads\/2026\/01\/D-900_DC_TICKET_12-71-1.png","contentUrl":"https:\/\/servifibal.cat\/wp-content\/uploads\/2026\/01\/D-900_DC_TICKET_12-71-1.png","width":650,"height":650},{"@type":"BreadcrumbList","@id":"https:\/\/servifibal.cat\/es\/prod\/balanzas-tactiles-d-955-doble-cuerpo-etiquetas-o-tickets\/#breadcrumb","itemListElement":[{"@type":"ListItem","position":1,"name":"Portada","item":"https:\/\/servifibal.cat\/es\/inicio\/"},{"@type":"ListItem","position":2,"name":"Tienda","item":"https:\/\/servifibal.cat\/es\/tienda\/"},{"@type":"ListItem","position":3,"name":"Balanzas T\u00e1ctiles D-955 Doble Cuerpo Etiquetas (o Tickets)"}]},{"@type":"WebSite","@id":"https:\/\/servifibal.cat\/es\/#website","url":"https:\/\/servifibal.cat\/es\/","name":"Servifibal","description":"Solucions per al petit comer\u00e7","publisher":{"@id":"https:\/\/servifibal.cat\/es\/#organization"},"potentialAction":[{"@type":"SearchAction","target":{"@type":"EntryPoint","urlTemplate":"https:\/\/servifibal.cat\/es\/?s={search_term_string}"},"query-input":{"@type":"PropertyValueSpecification","valueRequired":true,"valueName":"search_term_string"}}],"inLanguage":"es"},{"@type":"Organization","@id":"https:\/\/servifibal.cat\/es\/#organization","name":"Servifibal","url":"https:\/\/servifibal.cat\/es\/","logo":{"@type":"ImageObject","inLanguage":"es","@id":"https:\/\/servifibal.cat\/es\/#\/schema\/logo\/image\/","url":"https:\/\/servifibal.cat\/wp-content\/uploads\/2025\/11\/00-Logo-nou-blanc.png","contentUrl":"https:\/\/servifibal.cat\/wp-content\/uploads\/2025\/11\/00-Logo-nou-blanc.png","width":176,"height":38,"caption":"Servifibal"},"image":{"@id":"https:\/\/servifibal.cat\/es\/#\/schema\/logo\/image\/"}}]}},"_links":{"self":[{"href":"https:\/\/servifibal.cat\/es\/wp-json\/wp\/v2\/product\/76413","targetHints":{"allow":["GET"]}}],"collection":[{"href":"https:\/\/servifibal.cat\/es\/wp-json\/wp\/v2\/product"}],"about":[{"href":"https:\/\/servifibal.cat\/es\/wp-json\/wp\/v2\/types\/product"}],"wp:featuredmedia":[{"embeddable":true,"href":"https:\/\/servifibal.cat\/es\/wp-json\/wp\/v2\/media\/75812"}],"wp:attachment":[{"href":"https:\/\/servifibal.cat\/es\/wp-json\/wp\/v2\/media?parent=76413"}],"wp:term":[{"taxonomy":"product_brand","embeddable":true,"href":"https:\/\/servifibal.cat\/es\/wp-json\/wp\/v2\/product_brand?post=76413"},{"taxonomy":"product_cat","embeddable":true,"href":"https:\/\/servifibal.cat\/es\/wp-json\/wp\/v2\/product_cat?post=76413"},{"taxonomy":"product_tag","embeddable":true,"href":"https:\/\/servifibal.cat\/es\/wp-json\/wp\/v2\/product_tag?post=76413"}],"curies":[{"name":"wp","href":"https:\/\/api.w.org\/{rel}","templated":true}]}}