{"id":75060,"date":"2024-09-19T14:21:04","date_gmt":"2024-09-19T14:21:04","guid":{"rendered":"https:\/\/stage.servifibal.cat\/?post_type=product&#038;p=75060"},"modified":"2026-01-30T22:22:38","modified_gmt":"2026-01-30T22:22:38","slug":"profi-3-2","status":"publish","type":"product","link":"https:\/\/servifibal.cat\/es\/prod\/profi-3-2\/","title":{"rendered":"Profi 3"},"content":{"rendered":"","protected":false},"excerpt":{"rendered":"<p>La termoselladora m\u00e1s grande de la l\u00ednea para alimentos y bandejas puede adoptar bandejas de varios tama\u00f1os hasta el tama\u00f1o m\u00e1ximo de la mitad de un gastronorm. Los moldes intercambiables, que pueden dise\u00f1arse en funci\u00f3n de las bandejas utilizadas, pueden ser de uno o varios orificios. Tambi\u00e9n tiene la opci\u00f3n de adoptar bandejas multisectoriales, que tambi\u00e9n pueden ser dise\u00f1adas de acuerdo a sus necesidades.<\/p>\n<h3 class=\"title fontSans-dim2-book no-color mb-0\">Especificaciones t\u00e9cnicas<\/h3>\n<ul>\n<li>Carrocer\u00eda: Acero inoxidable<\/li>\n<li>Dimensiones: 330x590x410h mm<\/li>\n<li>Peso: 23,5 kg<\/li>\n<li>Tensi\u00f3n: 220-240V \/ 50-60Hz &#8211; 1650W<\/li>\n<li>Potencia M\u00e1x. Absorbida: 1650 W<\/li>\n<li>Molde Estantes: 4x 120&#215;165 mm &#8211; 2x 260&#215;160 mm &#8211; 1x 260&#215;325 mm<\/li>\n<li>Instalaci\u00f3n: mostrador<\/li>\n<\/ul>\n","protected":false},"featured_media":75061,"template":"","meta":{"_joinchat":[]},"product_brand":[565],"product_cat":[557],"product_tag":[],"class_list":{"0":"post-75060","1":"product","2":"type-product","3":"status-publish","4":"has-post-thumbnail","6":"product_brand-orved","7":"product_cat-termoselladoras-orved","9":"first","10":"instock","11":"shipping-taxable","12":"product-type-simple"},"yoast_head":"<!-- This site is optimized with the Yoast SEO plugin v27.5 - https:\/\/yoast.com\/product\/yoast-seo-wordpress\/ -->\n<title>Profi 3 - Servifibal<\/title>\n<meta name=\"robots\" content=\"index, follow, max-snippet:-1, max-image-preview:large, max-video-preview:-1\" \/>\n<link rel=\"canonical\" href=\"https:\/\/servifibal.cat\/es\/prod\/profi-3-2\/\" \/>\n<meta property=\"og:locale\" content=\"es_ES\" \/>\n<meta property=\"og:type\" content=\"article\" \/>\n<meta property=\"og:title\" content=\"Profi 3 - Servifibal\" \/>\n<meta property=\"og:description\" content=\"La termoselladora m\u00e1s grande de la l\u00ednea para alimentos y bandejas puede adoptar bandejas de varios tama\u00f1os hasta el tama\u00f1o m\u00e1ximo de la mitad de un gastronorm. Los moldes intercambiables, que pueden dise\u00f1arse en funci\u00f3n de las bandejas utilizadas, pueden ser de uno o varios orificios. Tambi\u00e9n tiene la opci\u00f3n de adoptar bandejas multisectoriales, que tambi\u00e9n pueden ser dise\u00f1adas de acuerdo a sus necesidades. Especificaciones t\u00e9cnicas   Carrocer\u00eda: Acero inoxidable  Dimensiones: 330x590x410h mm  Peso: 23,5 kg  Tensi\u00f3n: 220-240V \/ 50-60Hz - 1650W  Potencia M\u00e1x. Absorbida: 1650 W  Molde Estantes: 4x 120x165 mm - 2x 260x160 mm - 1x 260x325 mm  Instalaci\u00f3n: mostrador\" \/>\n<meta property=\"og:url\" content=\"https:\/\/servifibal.cat\/es\/prod\/profi-3-2\/\" \/>\n<meta property=\"og:site_name\" content=\"Servifibal\" \/>\n<meta property=\"article:modified_time\" content=\"2026-01-30T22:22:38+00:00\" \/>\n<meta property=\"og:image\" content=\"https:\/\/servifibal.cat\/wp-content\/uploads\/2025\/11\/img_523.jpg\" \/>\n\t<meta property=\"og:image:width\" content=\"900\" \/>\n\t<meta property=\"og:image:height\" content=\"675\" \/>\n\t<meta property=\"og:image:type\" content=\"image\/jpeg\" \/>\n<meta name=\"twitter:card\" content=\"summary_large_image\" \/>\n<meta name=\"twitter:label1\" content=\"Tiempo de lectura\" \/>\n\t<meta name=\"twitter:data1\" content=\"1 minuto\" \/>\n<script type=\"application\/ld+json\" class=\"yoast-schema-graph\">{\"@context\":\"https:\\\/\\\/schema.org\",\"@graph\":[{\"@type\":\"WebPage\",\"@id\":\"https:\\\/\\\/servifibal.cat\\\/es\\\/prod\\\/profi-3-2\\\/\",\"url\":\"https:\\\/\\\/servifibal.cat\\\/es\\\/prod\\\/profi-3-2\\\/\",\"name\":\"Profi 3 - Servifibal\",\"isPartOf\":{\"@id\":\"https:\\\/\\\/servifibal.cat\\\/es\\\/#website\"},\"primaryImageOfPage\":{\"@id\":\"https:\\\/\\\/servifibal.cat\\\/es\\\/prod\\\/profi-3-2\\\/#primaryimage\"},\"image\":{\"@id\":\"https:\\\/\\\/servifibal.cat\\\/es\\\/prod\\\/profi-3-2\\\/#primaryimage\"},\"thumbnailUrl\":\"https:\\\/\\\/servifibal.cat\\\/wp-content\\\/uploads\\\/2025\\\/11\\\/img_523.jpg\",\"datePublished\":\"2024-09-19T14:21:04+00:00\",\"dateModified\":\"2026-01-30T22:22:38+00:00\",\"breadcrumb\":{\"@id\":\"https:\\\/\\\/servifibal.cat\\\/es\\\/prod\\\/profi-3-2\\\/#breadcrumb\"},\"inLanguage\":\"es\",\"potentialAction\":[{\"@type\":\"ReadAction\",\"target\":[\"https:\\\/\\\/servifibal.cat\\\/es\\\/prod\\\/profi-3-2\\\/\"]}]},{\"@type\":\"ImageObject\",\"inLanguage\":\"es\",\"@id\":\"https:\\\/\\\/servifibal.cat\\\/es\\\/prod\\\/profi-3-2\\\/#primaryimage\",\"url\":\"https:\\\/\\\/servifibal.cat\\\/wp-content\\\/uploads\\\/2025\\\/11\\\/img_523.jpg\",\"contentUrl\":\"https:\\\/\\\/servifibal.cat\\\/wp-content\\\/uploads\\\/2025\\\/11\\\/img_523.jpg\",\"width\":900,\"height\":675},{\"@type\":\"BreadcrumbList\",\"@id\":\"https:\\\/\\\/servifibal.cat\\\/es\\\/prod\\\/profi-3-2\\\/#breadcrumb\",\"itemListElement\":[{\"@type\":\"ListItem\",\"position\":1,\"name\":\"Portada\",\"item\":\"https:\\\/\\\/servifibal.cat\\\/es\\\/inicio\\\/\"},{\"@type\":\"ListItem\",\"position\":2,\"name\":\"Tienda\",\"item\":\"https:\\\/\\\/servifibal.cat\\\/es\\\/tienda\\\/\"},{\"@type\":\"ListItem\",\"position\":3,\"name\":\"Profi 3\"}]},{\"@type\":\"WebSite\",\"@id\":\"https:\\\/\\\/servifibal.cat\\\/es\\\/#website\",\"url\":\"https:\\\/\\\/servifibal.cat\\\/es\\\/\",\"name\":\"Servifibal\",\"description\":\"Solucions per al petit comer\u00e7\",\"publisher\":{\"@id\":\"https:\\\/\\\/servifibal.cat\\\/es\\\/#organization\"},\"potentialAction\":[{\"@type\":\"SearchAction\",\"target\":{\"@type\":\"EntryPoint\",\"urlTemplate\":\"https:\\\/\\\/servifibal.cat\\\/es\\\/?s={search_term_string}\"},\"query-input\":{\"@type\":\"PropertyValueSpecification\",\"valueRequired\":true,\"valueName\":\"search_term_string\"}}],\"inLanguage\":\"es\"},{\"@type\":\"Organization\",\"@id\":\"https:\\\/\\\/servifibal.cat\\\/es\\\/#organization\",\"name\":\"Servifibal\",\"url\":\"https:\\\/\\\/servifibal.cat\\\/es\\\/\",\"logo\":{\"@type\":\"ImageObject\",\"inLanguage\":\"es\",\"@id\":\"https:\\\/\\\/servifibal.cat\\\/es\\\/#\\\/schema\\\/logo\\\/image\\\/\",\"url\":\"https:\\\/\\\/servifibal.cat\\\/wp-content\\\/uploads\\\/2025\\\/11\\\/00-Logo-nou-blanc.png\",\"contentUrl\":\"https:\\\/\\\/servifibal.cat\\\/wp-content\\\/uploads\\\/2025\\\/11\\\/00-Logo-nou-blanc.png\",\"width\":176,\"height\":38,\"caption\":\"Servifibal\"},\"image\":{\"@id\":\"https:\\\/\\\/servifibal.cat\\\/es\\\/#\\\/schema\\\/logo\\\/image\\\/\"}}]}<\/script>\n<!-- \/ Yoast SEO plugin. -->","yoast_head_json":{"title":"Profi 3 - Servifibal","robots":{"index":"index","follow":"follow","max-snippet":"max-snippet:-1","max-image-preview":"max-image-preview:large","max-video-preview":"max-video-preview:-1"},"canonical":"https:\/\/servifibal.cat\/es\/prod\/profi-3-2\/","og_locale":"es_ES","og_type":"article","og_title":"Profi 3 - Servifibal","og_description":"La termoselladora m\u00e1s grande de la l\u00ednea para alimentos y bandejas puede adoptar bandejas de varios tama\u00f1os hasta el tama\u00f1o m\u00e1ximo de la mitad de un gastronorm. Los moldes intercambiables, que pueden dise\u00f1arse en funci\u00f3n de las bandejas utilizadas, pueden ser de uno o varios orificios. Tambi\u00e9n tiene la opci\u00f3n de adoptar bandejas multisectoriales, que tambi\u00e9n pueden ser dise\u00f1adas de acuerdo a sus necesidades. Especificaciones t\u00e9cnicas   Carrocer\u00eda: Acero inoxidable  Dimensiones: 330x590x410h mm  Peso: 23,5 kg  Tensi\u00f3n: 220-240V \/ 50-60Hz - 1650W  Potencia M\u00e1x. Absorbida: 1650 W  Molde Estantes: 4x 120x165 mm - 2x 260x160 mm - 1x 260x325 mm  Instalaci\u00f3n: mostrador","og_url":"https:\/\/servifibal.cat\/es\/prod\/profi-3-2\/","og_site_name":"Servifibal","article_modified_time":"2026-01-30T22:22:38+00:00","og_image":[{"width":900,"height":675,"url":"https:\/\/servifibal.cat\/wp-content\/uploads\/2025\/11\/img_523.jpg","type":"image\/jpeg"}],"twitter_card":"summary_large_image","twitter_misc":{"Tiempo de lectura":"1 minuto"},"schema":{"@context":"https:\/\/schema.org","@graph":[{"@type":"WebPage","@id":"https:\/\/servifibal.cat\/es\/prod\/profi-3-2\/","url":"https:\/\/servifibal.cat\/es\/prod\/profi-3-2\/","name":"Profi 3 - Servifibal","isPartOf":{"@id":"https:\/\/servifibal.cat\/es\/#website"},"primaryImageOfPage":{"@id":"https:\/\/servifibal.cat\/es\/prod\/profi-3-2\/#primaryimage"},"image":{"@id":"https:\/\/servifibal.cat\/es\/prod\/profi-3-2\/#primaryimage"},"thumbnailUrl":"https:\/\/servifibal.cat\/wp-content\/uploads\/2025\/11\/img_523.jpg","datePublished":"2024-09-19T14:21:04+00:00","dateModified":"2026-01-30T22:22:38+00:00","breadcrumb":{"@id":"https:\/\/servifibal.cat\/es\/prod\/profi-3-2\/#breadcrumb"},"inLanguage":"es","potentialAction":[{"@type":"ReadAction","target":["https:\/\/servifibal.cat\/es\/prod\/profi-3-2\/"]}]},{"@type":"ImageObject","inLanguage":"es","@id":"https:\/\/servifibal.cat\/es\/prod\/profi-3-2\/#primaryimage","url":"https:\/\/servifibal.cat\/wp-content\/uploads\/2025\/11\/img_523.jpg","contentUrl":"https:\/\/servifibal.cat\/wp-content\/uploads\/2025\/11\/img_523.jpg","width":900,"height":675},{"@type":"BreadcrumbList","@id":"https:\/\/servifibal.cat\/es\/prod\/profi-3-2\/#breadcrumb","itemListElement":[{"@type":"ListItem","position":1,"name":"Portada","item":"https:\/\/servifibal.cat\/es\/inicio\/"},{"@type":"ListItem","position":2,"name":"Tienda","item":"https:\/\/servifibal.cat\/es\/tienda\/"},{"@type":"ListItem","position":3,"name":"Profi 3"}]},{"@type":"WebSite","@id":"https:\/\/servifibal.cat\/es\/#website","url":"https:\/\/servifibal.cat\/es\/","name":"Servifibal","description":"Solucions per al petit comer\u00e7","publisher":{"@id":"https:\/\/servifibal.cat\/es\/#organization"},"potentialAction":[{"@type":"SearchAction","target":{"@type":"EntryPoint","urlTemplate":"https:\/\/servifibal.cat\/es\/?s={search_term_string}"},"query-input":{"@type":"PropertyValueSpecification","valueRequired":true,"valueName":"search_term_string"}}],"inLanguage":"es"},{"@type":"Organization","@id":"https:\/\/servifibal.cat\/es\/#organization","name":"Servifibal","url":"https:\/\/servifibal.cat\/es\/","logo":{"@type":"ImageObject","inLanguage":"es","@id":"https:\/\/servifibal.cat\/es\/#\/schema\/logo\/image\/","url":"https:\/\/servifibal.cat\/wp-content\/uploads\/2025\/11\/00-Logo-nou-blanc.png","contentUrl":"https:\/\/servifibal.cat\/wp-content\/uploads\/2025\/11\/00-Logo-nou-blanc.png","width":176,"height":38,"caption":"Servifibal"},"image":{"@id":"https:\/\/servifibal.cat\/es\/#\/schema\/logo\/image\/"}}]}},"_links":{"self":[{"href":"https:\/\/servifibal.cat\/es\/wp-json\/wp\/v2\/product\/75060","targetHints":{"allow":["GET"]}}],"collection":[{"href":"https:\/\/servifibal.cat\/es\/wp-json\/wp\/v2\/product"}],"about":[{"href":"https:\/\/servifibal.cat\/es\/wp-json\/wp\/v2\/types\/product"}],"wp:featuredmedia":[{"embeddable":true,"href":"https:\/\/servifibal.cat\/es\/wp-json\/wp\/v2\/media\/75061"}],"wp:attachment":[{"href":"https:\/\/servifibal.cat\/es\/wp-json\/wp\/v2\/media?parent=75060"}],"wp:term":[{"taxonomy":"product_brand","embeddable":true,"href":"https:\/\/servifibal.cat\/es\/wp-json\/wp\/v2\/product_brand?post=75060"},{"taxonomy":"product_cat","embeddable":true,"href":"https:\/\/servifibal.cat\/es\/wp-json\/wp\/v2\/product_cat?post=75060"},{"taxonomy":"product_tag","embeddable":true,"href":"https:\/\/servifibal.cat\/es\/wp-json\/wp\/v2\/product_tag?post=75060"}],"curies":[{"name":"wp","href":"https:\/\/api.w.org\/{rel}","templated":true}]}}