{"id":75042,"date":"2024-09-19T14:09:50","date_gmt":"2024-09-19T14:09:50","guid":{"rendered":"https:\/\/stage.servifibal.cat\/?post_type=product&#038;p=75042"},"modified":"2026-01-30T22:18:03","modified_gmt":"2026-01-30T22:18:03","slug":"profi-1n","status":"publish","type":"product","link":"https:\/\/servifibal.cat\/es\/prod\/profi-1n\/","title":{"rendered":"Profi 1n"},"content":{"rendered":"","protected":false},"excerpt":{"rendered":"<p>La termoselladora de sobremesa PROFI 1N adopta un sistema de bandejas que permite el uso de dos tipos de bandejas gastron\u00f3micas de las siguientes dimensiones: &lt;95&#215;137 &#8211;\u00a0 137&#215;190 con una profundidad m\u00e1xima de 10cm.<br \/>\nJuntas de silicona preformadas, protegidas y moldeadas seg\u00fan la bandeja a utilizar. Garantiza una soldadura excelente incluso en presencia de grasa o grasa.<\/p>\n<h3 class=\"title fontSans-dim2-book no-color mb-0\">Especificaciones t\u00e9cnicas<\/h3>\n<ul>\n<li>Carrocer\u00eda: Acero inoxidable<\/li>\n<li>Dimensiones: 221 x 447 x 326h mm<\/li>\n<li>Peso: 14 Kg<\/li>\n<li>Tensi\u00f3n: 220-240V \/ 50-60Hz 340W<\/li>\n<li>Molde Estantes: 1x 137x190mm &#8211; 1x 137x95mm<\/li>\n<li>Instalaci\u00f3n: mostrador<\/li>\n<\/ul>\n","protected":false},"featured_media":75043,"template":"","meta":{"_joinchat":[]},"product_brand":[565],"product_cat":[557],"product_tag":[],"class_list":{"0":"post-75042","1":"product","2":"type-product","3":"status-publish","4":"has-post-thumbnail","6":"product_brand-orved","7":"product_cat-termoselladoras-orved","9":"first","10":"instock","11":"shipping-taxable","12":"product-type-simple"},"yoast_head":"<!-- This site is optimized with the Yoast SEO plugin v27.5 - https:\/\/yoast.com\/product\/yoast-seo-wordpress\/ -->\n<title>Profi 1n - Servifibal<\/title>\n<meta name=\"robots\" content=\"index, follow, max-snippet:-1, max-image-preview:large, max-video-preview:-1\" \/>\n<link rel=\"canonical\" href=\"https:\/\/servifibal.cat\/es\/prod\/profi-1n\/\" \/>\n<meta property=\"og:locale\" content=\"es_ES\" \/>\n<meta property=\"og:type\" content=\"article\" \/>\n<meta property=\"og:title\" content=\"Profi 1n - Servifibal\" \/>\n<meta property=\"og:description\" content=\"La termoselladora de sobremesa PROFI 1N adopta un sistema de bandejas que permite el uso de dos tipos de bandejas gastron\u00f3micas de las siguientes dimensiones: &lt;95x137 -\u00a0 137x190 con una profundidad m\u00e1xima de 10cm. Juntas de silicona preformadas, protegidas y moldeadas seg\u00fan la bandeja a utilizar. Garantiza una soldadura excelente incluso en presencia de grasa o grasa. Especificaciones t\u00e9cnicas   Carrocer\u00eda: Acero inoxidable  Dimensiones: 221 x 447 x 326h mm  Peso: 14 Kg  Tensi\u00f3n: 220-240V \/ 50-60Hz 340W  Molde Estantes: 1x 137x190mm - 1x 137x95mm  Instalaci\u00f3n: mostrador\" \/>\n<meta property=\"og:url\" content=\"https:\/\/servifibal.cat\/es\/prod\/profi-1n\/\" \/>\n<meta property=\"og:site_name\" content=\"Servifibal\" \/>\n<meta property=\"article:modified_time\" content=\"2026-01-30T22:18:03+00:00\" \/>\n<meta property=\"og:image\" content=\"https:\/\/servifibal.cat\/wp-content\/uploads\/2025\/11\/img_439.jpg\" \/>\n\t<meta property=\"og:image:width\" content=\"900\" \/>\n\t<meta property=\"og:image:height\" content=\"674\" \/>\n\t<meta property=\"og:image:type\" content=\"image\/jpeg\" \/>\n<meta name=\"twitter:card\" content=\"summary_large_image\" \/>\n<meta name=\"twitter:label1\" content=\"Tiempo de lectura\" \/>\n\t<meta name=\"twitter:data1\" content=\"1 minuto\" \/>\n<script type=\"application\/ld+json\" class=\"yoast-schema-graph\">{\"@context\":\"https:\\\/\\\/schema.org\",\"@graph\":[{\"@type\":\"WebPage\",\"@id\":\"https:\\\/\\\/servifibal.cat\\\/es\\\/prod\\\/profi-1n\\\/\",\"url\":\"https:\\\/\\\/servifibal.cat\\\/es\\\/prod\\\/profi-1n\\\/\",\"name\":\"Profi 1n - Servifibal\",\"isPartOf\":{\"@id\":\"https:\\\/\\\/servifibal.cat\\\/es\\\/#website\"},\"primaryImageOfPage\":{\"@id\":\"https:\\\/\\\/servifibal.cat\\\/es\\\/prod\\\/profi-1n\\\/#primaryimage\"},\"image\":{\"@id\":\"https:\\\/\\\/servifibal.cat\\\/es\\\/prod\\\/profi-1n\\\/#primaryimage\"},\"thumbnailUrl\":\"https:\\\/\\\/servifibal.cat\\\/wp-content\\\/uploads\\\/2025\\\/11\\\/img_439.jpg\",\"datePublished\":\"2024-09-19T14:09:50+00:00\",\"dateModified\":\"2026-01-30T22:18:03+00:00\",\"breadcrumb\":{\"@id\":\"https:\\\/\\\/servifibal.cat\\\/es\\\/prod\\\/profi-1n\\\/#breadcrumb\"},\"inLanguage\":\"es\",\"potentialAction\":[{\"@type\":\"ReadAction\",\"target\":[\"https:\\\/\\\/servifibal.cat\\\/es\\\/prod\\\/profi-1n\\\/\"]}]},{\"@type\":\"ImageObject\",\"inLanguage\":\"es\",\"@id\":\"https:\\\/\\\/servifibal.cat\\\/es\\\/prod\\\/profi-1n\\\/#primaryimage\",\"url\":\"https:\\\/\\\/servifibal.cat\\\/wp-content\\\/uploads\\\/2025\\\/11\\\/img_439.jpg\",\"contentUrl\":\"https:\\\/\\\/servifibal.cat\\\/wp-content\\\/uploads\\\/2025\\\/11\\\/img_439.jpg\",\"width\":900,\"height\":674},{\"@type\":\"BreadcrumbList\",\"@id\":\"https:\\\/\\\/servifibal.cat\\\/es\\\/prod\\\/profi-1n\\\/#breadcrumb\",\"itemListElement\":[{\"@type\":\"ListItem\",\"position\":1,\"name\":\"Portada\",\"item\":\"https:\\\/\\\/servifibal.cat\\\/es\\\/inicio\\\/\"},{\"@type\":\"ListItem\",\"position\":2,\"name\":\"Tienda\",\"item\":\"https:\\\/\\\/servifibal.cat\\\/es\\\/tienda\\\/\"},{\"@type\":\"ListItem\",\"position\":3,\"name\":\"Profi 1n\"}]},{\"@type\":\"WebSite\",\"@id\":\"https:\\\/\\\/servifibal.cat\\\/es\\\/#website\",\"url\":\"https:\\\/\\\/servifibal.cat\\\/es\\\/\",\"name\":\"Servifibal\",\"description\":\"Solucions per al petit comer\u00e7\",\"publisher\":{\"@id\":\"https:\\\/\\\/servifibal.cat\\\/es\\\/#organization\"},\"potentialAction\":[{\"@type\":\"SearchAction\",\"target\":{\"@type\":\"EntryPoint\",\"urlTemplate\":\"https:\\\/\\\/servifibal.cat\\\/es\\\/?s={search_term_string}\"},\"query-input\":{\"@type\":\"PropertyValueSpecification\",\"valueRequired\":true,\"valueName\":\"search_term_string\"}}],\"inLanguage\":\"es\"},{\"@type\":\"Organization\",\"@id\":\"https:\\\/\\\/servifibal.cat\\\/es\\\/#organization\",\"name\":\"Servifibal\",\"url\":\"https:\\\/\\\/servifibal.cat\\\/es\\\/\",\"logo\":{\"@type\":\"ImageObject\",\"inLanguage\":\"es\",\"@id\":\"https:\\\/\\\/servifibal.cat\\\/es\\\/#\\\/schema\\\/logo\\\/image\\\/\",\"url\":\"https:\\\/\\\/servifibal.cat\\\/wp-content\\\/uploads\\\/2025\\\/11\\\/00-Logo-nou-blanc.png\",\"contentUrl\":\"https:\\\/\\\/servifibal.cat\\\/wp-content\\\/uploads\\\/2025\\\/11\\\/00-Logo-nou-blanc.png\",\"width\":176,\"height\":38,\"caption\":\"Servifibal\"},\"image\":{\"@id\":\"https:\\\/\\\/servifibal.cat\\\/es\\\/#\\\/schema\\\/logo\\\/image\\\/\"}}]}<\/script>\n<!-- \/ Yoast SEO plugin. -->","yoast_head_json":{"title":"Profi 1n - Servifibal","robots":{"index":"index","follow":"follow","max-snippet":"max-snippet:-1","max-image-preview":"max-image-preview:large","max-video-preview":"max-video-preview:-1"},"canonical":"https:\/\/servifibal.cat\/es\/prod\/profi-1n\/","og_locale":"es_ES","og_type":"article","og_title":"Profi 1n - Servifibal","og_description":"La termoselladora de sobremesa PROFI 1N adopta un sistema de bandejas que permite el uso de dos tipos de bandejas gastron\u00f3micas de las siguientes dimensiones: &lt;95x137 -\u00a0 137x190 con una profundidad m\u00e1xima de 10cm. Juntas de silicona preformadas, protegidas y moldeadas seg\u00fan la bandeja a utilizar. Garantiza una soldadura excelente incluso en presencia de grasa o grasa. Especificaciones t\u00e9cnicas   Carrocer\u00eda: Acero inoxidable  Dimensiones: 221 x 447 x 326h mm  Peso: 14 Kg  Tensi\u00f3n: 220-240V \/ 50-60Hz 340W  Molde Estantes: 1x 137x190mm - 1x 137x95mm  Instalaci\u00f3n: mostrador","og_url":"https:\/\/servifibal.cat\/es\/prod\/profi-1n\/","og_site_name":"Servifibal","article_modified_time":"2026-01-30T22:18:03+00:00","og_image":[{"width":900,"height":674,"url":"https:\/\/servifibal.cat\/wp-content\/uploads\/2025\/11\/img_439.jpg","type":"image\/jpeg"}],"twitter_card":"summary_large_image","twitter_misc":{"Tiempo de lectura":"1 minuto"},"schema":{"@context":"https:\/\/schema.org","@graph":[{"@type":"WebPage","@id":"https:\/\/servifibal.cat\/es\/prod\/profi-1n\/","url":"https:\/\/servifibal.cat\/es\/prod\/profi-1n\/","name":"Profi 1n - Servifibal","isPartOf":{"@id":"https:\/\/servifibal.cat\/es\/#website"},"primaryImageOfPage":{"@id":"https:\/\/servifibal.cat\/es\/prod\/profi-1n\/#primaryimage"},"image":{"@id":"https:\/\/servifibal.cat\/es\/prod\/profi-1n\/#primaryimage"},"thumbnailUrl":"https:\/\/servifibal.cat\/wp-content\/uploads\/2025\/11\/img_439.jpg","datePublished":"2024-09-19T14:09:50+00:00","dateModified":"2026-01-30T22:18:03+00:00","breadcrumb":{"@id":"https:\/\/servifibal.cat\/es\/prod\/profi-1n\/#breadcrumb"},"inLanguage":"es","potentialAction":[{"@type":"ReadAction","target":["https:\/\/servifibal.cat\/es\/prod\/profi-1n\/"]}]},{"@type":"ImageObject","inLanguage":"es","@id":"https:\/\/servifibal.cat\/es\/prod\/profi-1n\/#primaryimage","url":"https:\/\/servifibal.cat\/wp-content\/uploads\/2025\/11\/img_439.jpg","contentUrl":"https:\/\/servifibal.cat\/wp-content\/uploads\/2025\/11\/img_439.jpg","width":900,"height":674},{"@type":"BreadcrumbList","@id":"https:\/\/servifibal.cat\/es\/prod\/profi-1n\/#breadcrumb","itemListElement":[{"@type":"ListItem","position":1,"name":"Portada","item":"https:\/\/servifibal.cat\/es\/inicio\/"},{"@type":"ListItem","position":2,"name":"Tienda","item":"https:\/\/servifibal.cat\/es\/tienda\/"},{"@type":"ListItem","position":3,"name":"Profi 1n"}]},{"@type":"WebSite","@id":"https:\/\/servifibal.cat\/es\/#website","url":"https:\/\/servifibal.cat\/es\/","name":"Servifibal","description":"Solucions per al petit comer\u00e7","publisher":{"@id":"https:\/\/servifibal.cat\/es\/#organization"},"potentialAction":[{"@type":"SearchAction","target":{"@type":"EntryPoint","urlTemplate":"https:\/\/servifibal.cat\/es\/?s={search_term_string}"},"query-input":{"@type":"PropertyValueSpecification","valueRequired":true,"valueName":"search_term_string"}}],"inLanguage":"es"},{"@type":"Organization","@id":"https:\/\/servifibal.cat\/es\/#organization","name":"Servifibal","url":"https:\/\/servifibal.cat\/es\/","logo":{"@type":"ImageObject","inLanguage":"es","@id":"https:\/\/servifibal.cat\/es\/#\/schema\/logo\/image\/","url":"https:\/\/servifibal.cat\/wp-content\/uploads\/2025\/11\/00-Logo-nou-blanc.png","contentUrl":"https:\/\/servifibal.cat\/wp-content\/uploads\/2025\/11\/00-Logo-nou-blanc.png","width":176,"height":38,"caption":"Servifibal"},"image":{"@id":"https:\/\/servifibal.cat\/es\/#\/schema\/logo\/image\/"}}]}},"_links":{"self":[{"href":"https:\/\/servifibal.cat\/es\/wp-json\/wp\/v2\/product\/75042","targetHints":{"allow":["GET"]}}],"collection":[{"href":"https:\/\/servifibal.cat\/es\/wp-json\/wp\/v2\/product"}],"about":[{"href":"https:\/\/servifibal.cat\/es\/wp-json\/wp\/v2\/types\/product"}],"wp:featuredmedia":[{"embeddable":true,"href":"https:\/\/servifibal.cat\/es\/wp-json\/wp\/v2\/media\/75043"}],"wp:attachment":[{"href":"https:\/\/servifibal.cat\/es\/wp-json\/wp\/v2\/media?parent=75042"}],"wp:term":[{"taxonomy":"product_brand","embeddable":true,"href":"https:\/\/servifibal.cat\/es\/wp-json\/wp\/v2\/product_brand?post=75042"},{"taxonomy":"product_cat","embeddable":true,"href":"https:\/\/servifibal.cat\/es\/wp-json\/wp\/v2\/product_cat?post=75042"},{"taxonomy":"product_tag","embeddable":true,"href":"https:\/\/servifibal.cat\/es\/wp-json\/wp\/v2\/product_tag?post=75042"}],"curies":[{"name":"wp","href":"https:\/\/api.w.org\/{rel}","templated":true}]}}