{"id":75018,"date":"2024-09-19T13:55:20","date_gmt":"2024-09-19T13:55:20","guid":{"rendered":"https:\/\/stage.servifibal.cat\/?post_type=product&#038;p=75018"},"modified":"2026-01-30T20:20:05","modified_gmt":"2026-01-30T20:20:05","slug":"af300-ing-2","status":"publish","type":"product","link":"https:\/\/servifibal.cat\/es\/prod\/af300-ing-2\/","title":{"rendered":"AF300 ING"},"content":{"rendered":"<p><strong>Caracter\u00edsticas t\u00e9cnicas &#8211; AF300 ING<\/strong><\/p>\n<ul>\n<li>Distancia entre los pies: 605 mm<\/li>\n<li>Distancia m\u00e1xima en la fase de corte: 690 mm<\/li>\n<li>Distancia m\u00e1xima inicio\/fin recorrido: 780 mm<\/li>\n<li>Distancia entre los pies: 445 mm<\/li>\n<li>Medida ancho m\u00e1ximo: 550 mm<\/li>\n<li>Altura: 420 mm<\/li>\n<li>Medida altura m\u00e1xima: 520 mm<\/li>\n<li>Capacidad de corte: \u274f 245&#215;210 mm \u274d 210 mm<\/li>\n<li>Espesor del corte: 0\u00f716 mm<\/li>\n<li>Peso: 40 kg<\/li>\n<li>Motor: 0,26 kw<\/li>\n<li>Cuchilla: 300 mm<\/li>\n<li>Dimensiones plato: 245&#215;295 mm<\/li>\n<li>Dimensiones embalaje: 650x800x610 mm<\/li>\n<\/ul>\n","protected":false},"excerpt":{"rendered":"<p>Cortadoras de fiambres proyectadas para ser utilizadas en la gran distribuci\u00f3n. Fundici\u00f3n en aleaci\u00f3n de aluminio anodizado. Transmisi\u00f3n por engranajes en grado de garantizar la rotaci\u00f3n regular de la cuchilla, permitiendo al producto, aunque bajo esfuerzo, de ejercitar una constante presi\u00f3n en el corte. Motor ventilado, tornillos inoxidables, cuchilla forjada en acero templado, deslizamiento del carro sobre cojinetes autolubricantes, inclinaci\u00f3n reducida para facilitar el agarre del producto, amplio plato con gran capacidad de corte, sistema de desbloqueo plato de serie, afilador incorporado en fusi\u00f3n de aluminio. Disponible tambi\u00e9n en la versi\u00f3n totalmente en tefl\u00f3n con empu\u00f1aduras en aluminio anodizado. El tefl\u00f3n es ideal para el deslizamiento del queso debido al bajo coeficiente de fricci\u00f3n (antiadherente), as\u00ed como a su mayor resistencia al desgaste y a los productos qu\u00edmicos corrosivos.<\/p>\n","protected":false},"featured_media":75019,"template":"","meta":{"_joinchat":[]},"product_brand":[559],"product_cat":[554],"product_tag":[],"class_list":{"0":"post-75018","1":"product","2":"type-product","3":"status-publish","4":"has-post-thumbnail","6":"product_brand-swedlinghaus","7":"product_cat-cortadoras-swedlinghaus","9":"first","10":"instock","11":"shipping-taxable","12":"product-type-simple"},"yoast_head":"<!-- This site is optimized with the Yoast SEO plugin v27.5 - https:\/\/yoast.com\/product\/yoast-seo-wordpress\/ -->\n<title>AF300 ING - Servifibal<\/title>\n<meta name=\"robots\" content=\"index, follow, max-snippet:-1, max-image-preview:large, max-video-preview:-1\" \/>\n<link rel=\"canonical\" href=\"https:\/\/servifibal.cat\/es\/prod\/af300-ing-2\/\" \/>\n<meta property=\"og:locale\" content=\"es_ES\" \/>\n<meta property=\"og:type\" content=\"article\" \/>\n<meta property=\"og:title\" content=\"AF300 ING - Servifibal\" \/>\n<meta property=\"og:description\" content=\"Cortadoras de fiambres proyectadas para ser utilizadas en la gran distribuci\u00f3n. Fundici\u00f3n en aleaci\u00f3n de aluminio anodizado. Transmisi\u00f3n por engranajes en grado de garantizar la rotaci\u00f3n regular de la cuchilla, permitiendo al producto, aunque bajo esfuerzo, de ejercitar una constante presi\u00f3n en el corte. Motor ventilado, tornillos inoxidables, cuchilla forjada en acero templado, deslizamiento del carro sobre cojinetes autolubricantes, inclinaci\u00f3n reducida para facilitar el agarre del producto, amplio plato con gran capacidad de corte, sistema de desbloqueo plato de serie, afilador incorporado en fusi\u00f3n de aluminio. Disponible tambi\u00e9n en la versi\u00f3n totalmente en tefl\u00f3n con empu\u00f1aduras en aluminio anodizado. El tefl\u00f3n es ideal para el deslizamiento del queso debido al bajo coeficiente de fricci\u00f3n (antiadherente), as\u00ed como a su mayor resistencia al desgaste y a los productos qu\u00edmicos corrosivos.\" \/>\n<meta property=\"og:url\" content=\"https:\/\/servifibal.cat\/es\/prod\/af300-ing-2\/\" \/>\n<meta property=\"og:site_name\" content=\"Servifibal\" \/>\n<meta property=\"article:modified_time\" content=\"2026-01-30T20:20:05+00:00\" \/>\n<meta property=\"og:image\" content=\"https:\/\/servifibal.cat\/wp-content\/uploads\/2025\/11\/AF300ING-1.png\" \/>\n\t<meta property=\"og:image:width\" content=\"350\" \/>\n\t<meta property=\"og:image:height\" content=\"299\" \/>\n\t<meta property=\"og:image:type\" content=\"image\/png\" \/>\n<meta name=\"twitter:card\" content=\"summary_large_image\" \/>\n<meta name=\"twitter:label1\" content=\"Tiempo de lectura\" \/>\n\t<meta name=\"twitter:data1\" content=\"1 minuto\" \/>\n<script type=\"application\/ld+json\" class=\"yoast-schema-graph\">{\"@context\":\"https:\\\/\\\/schema.org\",\"@graph\":[{\"@type\":\"WebPage\",\"@id\":\"https:\\\/\\\/servifibal.cat\\\/es\\\/prod\\\/af300-ing-2\\\/\",\"url\":\"https:\\\/\\\/servifibal.cat\\\/es\\\/prod\\\/af300-ing-2\\\/\",\"name\":\"AF300 ING - Servifibal\",\"isPartOf\":{\"@id\":\"https:\\\/\\\/servifibal.cat\\\/es\\\/#website\"},\"primaryImageOfPage\":{\"@id\":\"https:\\\/\\\/servifibal.cat\\\/es\\\/prod\\\/af300-ing-2\\\/#primaryimage\"},\"image\":{\"@id\":\"https:\\\/\\\/servifibal.cat\\\/es\\\/prod\\\/af300-ing-2\\\/#primaryimage\"},\"thumbnailUrl\":\"https:\\\/\\\/servifibal.cat\\\/wp-content\\\/uploads\\\/2025\\\/11\\\/AF300ING-1.png\",\"datePublished\":\"2024-09-19T13:55:20+00:00\",\"dateModified\":\"2026-01-30T20:20:05+00:00\",\"breadcrumb\":{\"@id\":\"https:\\\/\\\/servifibal.cat\\\/es\\\/prod\\\/af300-ing-2\\\/#breadcrumb\"},\"inLanguage\":\"es\",\"potentialAction\":[{\"@type\":\"ReadAction\",\"target\":[\"https:\\\/\\\/servifibal.cat\\\/es\\\/prod\\\/af300-ing-2\\\/\"]}]},{\"@type\":\"ImageObject\",\"inLanguage\":\"es\",\"@id\":\"https:\\\/\\\/servifibal.cat\\\/es\\\/prod\\\/af300-ing-2\\\/#primaryimage\",\"url\":\"https:\\\/\\\/servifibal.cat\\\/wp-content\\\/uploads\\\/2025\\\/11\\\/AF300ING-1.png\",\"contentUrl\":\"https:\\\/\\\/servifibal.cat\\\/wp-content\\\/uploads\\\/2025\\\/11\\\/AF300ING-1.png\",\"width\":350,\"height\":299},{\"@type\":\"BreadcrumbList\",\"@id\":\"https:\\\/\\\/servifibal.cat\\\/es\\\/prod\\\/af300-ing-2\\\/#breadcrumb\",\"itemListElement\":[{\"@type\":\"ListItem\",\"position\":1,\"name\":\"Portada\",\"item\":\"https:\\\/\\\/servifibal.cat\\\/es\\\/inicio\\\/\"},{\"@type\":\"ListItem\",\"position\":2,\"name\":\"Tienda\",\"item\":\"https:\\\/\\\/servifibal.cat\\\/es\\\/tienda\\\/\"},{\"@type\":\"ListItem\",\"position\":3,\"name\":\"AF300 ING\"}]},{\"@type\":\"WebSite\",\"@id\":\"https:\\\/\\\/servifibal.cat\\\/es\\\/#website\",\"url\":\"https:\\\/\\\/servifibal.cat\\\/es\\\/\",\"name\":\"Servifibal\",\"description\":\"Solucions per al petit comer\u00e7\",\"publisher\":{\"@id\":\"https:\\\/\\\/servifibal.cat\\\/es\\\/#organization\"},\"potentialAction\":[{\"@type\":\"SearchAction\",\"target\":{\"@type\":\"EntryPoint\",\"urlTemplate\":\"https:\\\/\\\/servifibal.cat\\\/es\\\/?s={search_term_string}\"},\"query-input\":{\"@type\":\"PropertyValueSpecification\",\"valueRequired\":true,\"valueName\":\"search_term_string\"}}],\"inLanguage\":\"es\"},{\"@type\":\"Organization\",\"@id\":\"https:\\\/\\\/servifibal.cat\\\/es\\\/#organization\",\"name\":\"Servifibal\",\"url\":\"https:\\\/\\\/servifibal.cat\\\/es\\\/\",\"logo\":{\"@type\":\"ImageObject\",\"inLanguage\":\"es\",\"@id\":\"https:\\\/\\\/servifibal.cat\\\/es\\\/#\\\/schema\\\/logo\\\/image\\\/\",\"url\":\"https:\\\/\\\/servifibal.cat\\\/wp-content\\\/uploads\\\/2025\\\/11\\\/00-Logo-nou-blanc.png\",\"contentUrl\":\"https:\\\/\\\/servifibal.cat\\\/wp-content\\\/uploads\\\/2025\\\/11\\\/00-Logo-nou-blanc.png\",\"width\":176,\"height\":38,\"caption\":\"Servifibal\"},\"image\":{\"@id\":\"https:\\\/\\\/servifibal.cat\\\/es\\\/#\\\/schema\\\/logo\\\/image\\\/\"}}]}<\/script>\n<!-- \/ Yoast SEO plugin. -->","yoast_head_json":{"title":"AF300 ING - Servifibal","robots":{"index":"index","follow":"follow","max-snippet":"max-snippet:-1","max-image-preview":"max-image-preview:large","max-video-preview":"max-video-preview:-1"},"canonical":"https:\/\/servifibal.cat\/es\/prod\/af300-ing-2\/","og_locale":"es_ES","og_type":"article","og_title":"AF300 ING - Servifibal","og_description":"Cortadoras de fiambres proyectadas para ser utilizadas en la gran distribuci\u00f3n. Fundici\u00f3n en aleaci\u00f3n de aluminio anodizado. Transmisi\u00f3n por engranajes en grado de garantizar la rotaci\u00f3n regular de la cuchilla, permitiendo al producto, aunque bajo esfuerzo, de ejercitar una constante presi\u00f3n en el corte. Motor ventilado, tornillos inoxidables, cuchilla forjada en acero templado, deslizamiento del carro sobre cojinetes autolubricantes, inclinaci\u00f3n reducida para facilitar el agarre del producto, amplio plato con gran capacidad de corte, sistema de desbloqueo plato de serie, afilador incorporado en fusi\u00f3n de aluminio. Disponible tambi\u00e9n en la versi\u00f3n totalmente en tefl\u00f3n con empu\u00f1aduras en aluminio anodizado. El tefl\u00f3n es ideal para el deslizamiento del queso debido al bajo coeficiente de fricci\u00f3n (antiadherente), as\u00ed como a su mayor resistencia al desgaste y a los productos qu\u00edmicos corrosivos.","og_url":"https:\/\/servifibal.cat\/es\/prod\/af300-ing-2\/","og_site_name":"Servifibal","article_modified_time":"2026-01-30T20:20:05+00:00","og_image":[{"width":350,"height":299,"url":"https:\/\/servifibal.cat\/wp-content\/uploads\/2025\/11\/AF300ING-1.png","type":"image\/png"}],"twitter_card":"summary_large_image","twitter_misc":{"Tiempo de lectura":"1 minuto"},"schema":{"@context":"https:\/\/schema.org","@graph":[{"@type":"WebPage","@id":"https:\/\/servifibal.cat\/es\/prod\/af300-ing-2\/","url":"https:\/\/servifibal.cat\/es\/prod\/af300-ing-2\/","name":"AF300 ING - Servifibal","isPartOf":{"@id":"https:\/\/servifibal.cat\/es\/#website"},"primaryImageOfPage":{"@id":"https:\/\/servifibal.cat\/es\/prod\/af300-ing-2\/#primaryimage"},"image":{"@id":"https:\/\/servifibal.cat\/es\/prod\/af300-ing-2\/#primaryimage"},"thumbnailUrl":"https:\/\/servifibal.cat\/wp-content\/uploads\/2025\/11\/AF300ING-1.png","datePublished":"2024-09-19T13:55:20+00:00","dateModified":"2026-01-30T20:20:05+00:00","breadcrumb":{"@id":"https:\/\/servifibal.cat\/es\/prod\/af300-ing-2\/#breadcrumb"},"inLanguage":"es","potentialAction":[{"@type":"ReadAction","target":["https:\/\/servifibal.cat\/es\/prod\/af300-ing-2\/"]}]},{"@type":"ImageObject","inLanguage":"es","@id":"https:\/\/servifibal.cat\/es\/prod\/af300-ing-2\/#primaryimage","url":"https:\/\/servifibal.cat\/wp-content\/uploads\/2025\/11\/AF300ING-1.png","contentUrl":"https:\/\/servifibal.cat\/wp-content\/uploads\/2025\/11\/AF300ING-1.png","width":350,"height":299},{"@type":"BreadcrumbList","@id":"https:\/\/servifibal.cat\/es\/prod\/af300-ing-2\/#breadcrumb","itemListElement":[{"@type":"ListItem","position":1,"name":"Portada","item":"https:\/\/servifibal.cat\/es\/inicio\/"},{"@type":"ListItem","position":2,"name":"Tienda","item":"https:\/\/servifibal.cat\/es\/tienda\/"},{"@type":"ListItem","position":3,"name":"AF300 ING"}]},{"@type":"WebSite","@id":"https:\/\/servifibal.cat\/es\/#website","url":"https:\/\/servifibal.cat\/es\/","name":"Servifibal","description":"Solucions per al petit comer\u00e7","publisher":{"@id":"https:\/\/servifibal.cat\/es\/#organization"},"potentialAction":[{"@type":"SearchAction","target":{"@type":"EntryPoint","urlTemplate":"https:\/\/servifibal.cat\/es\/?s={search_term_string}"},"query-input":{"@type":"PropertyValueSpecification","valueRequired":true,"valueName":"search_term_string"}}],"inLanguage":"es"},{"@type":"Organization","@id":"https:\/\/servifibal.cat\/es\/#organization","name":"Servifibal","url":"https:\/\/servifibal.cat\/es\/","logo":{"@type":"ImageObject","inLanguage":"es","@id":"https:\/\/servifibal.cat\/es\/#\/schema\/logo\/image\/","url":"https:\/\/servifibal.cat\/wp-content\/uploads\/2025\/11\/00-Logo-nou-blanc.png","contentUrl":"https:\/\/servifibal.cat\/wp-content\/uploads\/2025\/11\/00-Logo-nou-blanc.png","width":176,"height":38,"caption":"Servifibal"},"image":{"@id":"https:\/\/servifibal.cat\/es\/#\/schema\/logo\/image\/"}}]}},"_links":{"self":[{"href":"https:\/\/servifibal.cat\/es\/wp-json\/wp\/v2\/product\/75018","targetHints":{"allow":["GET"]}}],"collection":[{"href":"https:\/\/servifibal.cat\/es\/wp-json\/wp\/v2\/product"}],"about":[{"href":"https:\/\/servifibal.cat\/es\/wp-json\/wp\/v2\/types\/product"}],"wp:featuredmedia":[{"embeddable":true,"href":"https:\/\/servifibal.cat\/es\/wp-json\/wp\/v2\/media\/75019"}],"wp:attachment":[{"href":"https:\/\/servifibal.cat\/es\/wp-json\/wp\/v2\/media?parent=75018"}],"wp:term":[{"taxonomy":"product_brand","embeddable":true,"href":"https:\/\/servifibal.cat\/es\/wp-json\/wp\/v2\/product_brand?post=75018"},{"taxonomy":"product_cat","embeddable":true,"href":"https:\/\/servifibal.cat\/es\/wp-json\/wp\/v2\/product_cat?post=75018"},{"taxonomy":"product_tag","embeddable":true,"href":"https:\/\/servifibal.cat\/es\/wp-json\/wp\/v2\/product_tag?post=75018"}],"curies":[{"name":"wp","href":"https:\/\/api.w.org\/{rel}","templated":true}]}}