{"id":75002,"date":"2024-09-19T13:58:25","date_gmt":"2024-09-19T13:58:25","guid":{"rendered":"https:\/\/stage.servifibal.cat\/?post_type=product&#038;p=75002"},"modified":"2026-01-30T19:58:02","modified_gmt":"2026-01-30T19:58:02","slug":"350-ik-dual-2","status":"publish","type":"product","link":"https:\/\/servifibal.cat\/es\/prod\/350-ik-dual-2\/","title":{"rendered":"350 IK Dual"},"content":{"rendered":"<p><strong class=\"title\">Caracter\u00edsticas t\u00e9cnicas &#8211; 350 IK Dual<\/strong><\/p>\n<table class=\"info-table\">\n<tbody>\n<tr>\n<td>Superficie de apoyo<\/td>\n<td>577 x 463 mm<\/td>\n<\/tr>\n<tr class=\"add\">\n<td>\u00c1rea de trabajo<\/td>\n<td>800 x 577 x 506 mm<\/td>\n<\/tr>\n<tr>\n<td>Di\u00e1metro cuchilla<\/td>\n<td>350 mm<\/td>\n<\/tr>\n<tr class=\"add\">\n<td>Velocidad cuchilla<\/td>\n<td>230 r\/min (correa)<\/td>\n<\/tr>\n<tr>\n<td>Velocidad cuchilla<\/td>\n<td>200 r\/min (engranaje)<\/td>\n<\/tr>\n<tr class=\"add\">\n<td>Grosor lonchas<\/td>\n<td>de 0 a 24 mm<\/td>\n<\/tr>\n<tr>\n<td>Protecci\u00f3n el\u00e9ctrica<\/td>\n<td>IPX3 (Motor IPX5)<\/td>\n<\/tr>\n<tr class=\"add\">\n<td>Peso neto<\/td>\n<td>45,4 kg<\/td>\n<\/tr>\n<tr>\n<td>Carrera del carro<\/td>\n<td>361 mm<\/td>\n<\/tr>\n<tr class=\"add\">\n<td>Caracter\u00edsticas el\u00e9ctricas<\/td>\n<td>220-230V \/ 290W monof\u00e1sico c.a.;<br \/>\n220-230V, 380-400V \/ 350W trif\u00e1sico c.a.;<br \/>\n120V \/ 60Hz \/ 350W monof\u00e1sico c.a.<\/td>\n<\/tr>\n<tr>\n<td>Capacidad de corte<\/td>\n<td>\u00d8 252 mm &#8211;\u00a0<span class=\"rectangle\">300 x 225 mm<\/span><\/td>\n<\/tr>\n<\/tbody>\n<\/table>\n","protected":false},"excerpt":{"rendered":"<p>Cortadora de fiambre, di\u00e1metro 350 mm, ideal para carnes, quesos y carnes cocidas.<\/p>\n<p>Cortadora de fiambre ideal para cortar todo tipo de carnes y quesos. Se puede utilizar tambi\u00e9n para cortar las carnes cocidas. El plato inclinado facilita el trabajo del usuario, la precisi\u00f3n de corte, facilidad de limpieza, gracias a sus formas redondeadas hacen que la m\u00e1quina sea una herramienta indispensable para el uso profesional. Como todos los productos Kolossal tambi\u00e9n la l\u00ednea Dual se puede limpiar con un chorro de agua.<\/p>\n","protected":false},"featured_media":75003,"template":"","meta":{"_joinchat":[]},"product_brand":[],"product_cat":[553],"product_tag":[],"class_list":{"0":"post-75002","1":"product","2":"type-product","3":"status-publish","4":"has-post-thumbnail","6":"product_cat-cortadoras-manconi","8":"first","9":"instock","10":"shipping-taxable","11":"product-type-simple"},"yoast_head":"<!-- This site is optimized with the Yoast SEO plugin v27.5 - https:\/\/yoast.com\/product\/yoast-seo-wordpress\/ -->\n<title>350 IK Dual - Servifibal<\/title>\n<meta name=\"robots\" content=\"index, follow, max-snippet:-1, max-image-preview:large, max-video-preview:-1\" \/>\n<link rel=\"canonical\" href=\"https:\/\/servifibal.cat\/es\/prod\/350-ik-dual-2\/\" \/>\n<meta property=\"og:locale\" content=\"es_ES\" \/>\n<meta property=\"og:type\" content=\"article\" \/>\n<meta property=\"og:title\" content=\"350 IK Dual - Servifibal\" \/>\n<meta property=\"og:description\" content=\"Cortadora de fiambre, di\u00e1metro 350 mm, ideal para carnes, quesos y carnes cocidas.  Cortadora de fiambre ideal para cortar todo tipo de carnes y quesos. Se puede utilizar tambi\u00e9n para cortar las carnes cocidas. El plato inclinado facilita el trabajo del usuario, la precisi\u00f3n de corte, facilidad de limpieza, gracias a sus formas redondeadas hacen que la m\u00e1quina sea una herramienta indispensable para el uso profesional. Como todos los productos Kolossal tambi\u00e9n la l\u00ednea Dual se puede limpiar con un chorro de agua.\" \/>\n<meta property=\"og:url\" content=\"https:\/\/servifibal.cat\/es\/prod\/350-ik-dual-2\/\" \/>\n<meta property=\"og:site_name\" content=\"Servifibal\" \/>\n<meta property=\"article:modified_time\" content=\"2026-01-30T19:58:02+00:00\" \/>\n<meta property=\"og:image\" content=\"https:\/\/servifibal.cat\/wp-content\/uploads\/2025\/11\/350-ik-dual.i221-kkyQdDg-w649-h521-l4.webp\" \/>\n\t<meta property=\"og:image:width\" content=\"649\" \/>\n\t<meta property=\"og:image:height\" content=\"521\" \/>\n\t<meta property=\"og:image:type\" content=\"image\/webp\" \/>\n<meta name=\"twitter:card\" content=\"summary_large_image\" \/>\n<meta name=\"twitter:label1\" content=\"Tiempo de lectura\" \/>\n\t<meta name=\"twitter:data1\" content=\"1 minuto\" \/>\n<script type=\"application\/ld+json\" class=\"yoast-schema-graph\">{\"@context\":\"https:\\\/\\\/schema.org\",\"@graph\":[{\"@type\":\"WebPage\",\"@id\":\"https:\\\/\\\/servifibal.cat\\\/es\\\/prod\\\/350-ik-dual-2\\\/\",\"url\":\"https:\\\/\\\/servifibal.cat\\\/es\\\/prod\\\/350-ik-dual-2\\\/\",\"name\":\"350 IK Dual - Servifibal\",\"isPartOf\":{\"@id\":\"https:\\\/\\\/servifibal.cat\\\/es\\\/#website\"},\"primaryImageOfPage\":{\"@id\":\"https:\\\/\\\/servifibal.cat\\\/es\\\/prod\\\/350-ik-dual-2\\\/#primaryimage\"},\"image\":{\"@id\":\"https:\\\/\\\/servifibal.cat\\\/es\\\/prod\\\/350-ik-dual-2\\\/#primaryimage\"},\"thumbnailUrl\":\"https:\\\/\\\/servifibal.cat\\\/wp-content\\\/uploads\\\/2025\\\/11\\\/350-ik-dual.i221-kkyQdDg-w649-h521-l4.webp\",\"datePublished\":\"2024-09-19T13:58:25+00:00\",\"dateModified\":\"2026-01-30T19:58:02+00:00\",\"breadcrumb\":{\"@id\":\"https:\\\/\\\/servifibal.cat\\\/es\\\/prod\\\/350-ik-dual-2\\\/#breadcrumb\"},\"inLanguage\":\"es\",\"potentialAction\":[{\"@type\":\"ReadAction\",\"target\":[\"https:\\\/\\\/servifibal.cat\\\/es\\\/prod\\\/350-ik-dual-2\\\/\"]}]},{\"@type\":\"ImageObject\",\"inLanguage\":\"es\",\"@id\":\"https:\\\/\\\/servifibal.cat\\\/es\\\/prod\\\/350-ik-dual-2\\\/#primaryimage\",\"url\":\"https:\\\/\\\/servifibal.cat\\\/wp-content\\\/uploads\\\/2025\\\/11\\\/350-ik-dual.i221-kkyQdDg-w649-h521-l4.webp\",\"contentUrl\":\"https:\\\/\\\/servifibal.cat\\\/wp-content\\\/uploads\\\/2025\\\/11\\\/350-ik-dual.i221-kkyQdDg-w649-h521-l4.webp\",\"width\":649,\"height\":521},{\"@type\":\"BreadcrumbList\",\"@id\":\"https:\\\/\\\/servifibal.cat\\\/es\\\/prod\\\/350-ik-dual-2\\\/#breadcrumb\",\"itemListElement\":[{\"@type\":\"ListItem\",\"position\":1,\"name\":\"Portada\",\"item\":\"https:\\\/\\\/servifibal.cat\\\/es\\\/inicio\\\/\"},{\"@type\":\"ListItem\",\"position\":2,\"name\":\"Tienda\",\"item\":\"https:\\\/\\\/servifibal.cat\\\/es\\\/tienda\\\/\"},{\"@type\":\"ListItem\",\"position\":3,\"name\":\"350 IK Dual\"}]},{\"@type\":\"WebSite\",\"@id\":\"https:\\\/\\\/servifibal.cat\\\/es\\\/#website\",\"url\":\"https:\\\/\\\/servifibal.cat\\\/es\\\/\",\"name\":\"Servifibal\",\"description\":\"Solucions per al petit comer\u00e7\",\"publisher\":{\"@id\":\"https:\\\/\\\/servifibal.cat\\\/es\\\/#organization\"},\"potentialAction\":[{\"@type\":\"SearchAction\",\"target\":{\"@type\":\"EntryPoint\",\"urlTemplate\":\"https:\\\/\\\/servifibal.cat\\\/es\\\/?s={search_term_string}\"},\"query-input\":{\"@type\":\"PropertyValueSpecification\",\"valueRequired\":true,\"valueName\":\"search_term_string\"}}],\"inLanguage\":\"es\"},{\"@type\":\"Organization\",\"@id\":\"https:\\\/\\\/servifibal.cat\\\/es\\\/#organization\",\"name\":\"Servifibal\",\"url\":\"https:\\\/\\\/servifibal.cat\\\/es\\\/\",\"logo\":{\"@type\":\"ImageObject\",\"inLanguage\":\"es\",\"@id\":\"https:\\\/\\\/servifibal.cat\\\/es\\\/#\\\/schema\\\/logo\\\/image\\\/\",\"url\":\"https:\\\/\\\/servifibal.cat\\\/wp-content\\\/uploads\\\/2025\\\/11\\\/00-Logo-nou-blanc.png\",\"contentUrl\":\"https:\\\/\\\/servifibal.cat\\\/wp-content\\\/uploads\\\/2025\\\/11\\\/00-Logo-nou-blanc.png\",\"width\":176,\"height\":38,\"caption\":\"Servifibal\"},\"image\":{\"@id\":\"https:\\\/\\\/servifibal.cat\\\/es\\\/#\\\/schema\\\/logo\\\/image\\\/\"}}]}<\/script>\n<!-- \/ Yoast SEO plugin. -->","yoast_head_json":{"title":"350 IK Dual - Servifibal","robots":{"index":"index","follow":"follow","max-snippet":"max-snippet:-1","max-image-preview":"max-image-preview:large","max-video-preview":"max-video-preview:-1"},"canonical":"https:\/\/servifibal.cat\/es\/prod\/350-ik-dual-2\/","og_locale":"es_ES","og_type":"article","og_title":"350 IK Dual - Servifibal","og_description":"Cortadora de fiambre, di\u00e1metro 350 mm, ideal para carnes, quesos y carnes cocidas.  Cortadora de fiambre ideal para cortar todo tipo de carnes y quesos. Se puede utilizar tambi\u00e9n para cortar las carnes cocidas. El plato inclinado facilita el trabajo del usuario, la precisi\u00f3n de corte, facilidad de limpieza, gracias a sus formas redondeadas hacen que la m\u00e1quina sea una herramienta indispensable para el uso profesional. Como todos los productos Kolossal tambi\u00e9n la l\u00ednea Dual se puede limpiar con un chorro de agua.","og_url":"https:\/\/servifibal.cat\/es\/prod\/350-ik-dual-2\/","og_site_name":"Servifibal","article_modified_time":"2026-01-30T19:58:02+00:00","og_image":[{"width":649,"height":521,"url":"https:\/\/servifibal.cat\/wp-content\/uploads\/2025\/11\/350-ik-dual.i221-kkyQdDg-w649-h521-l4.webp","type":"image\/webp"}],"twitter_card":"summary_large_image","twitter_misc":{"Tiempo de lectura":"1 minuto"},"schema":{"@context":"https:\/\/schema.org","@graph":[{"@type":"WebPage","@id":"https:\/\/servifibal.cat\/es\/prod\/350-ik-dual-2\/","url":"https:\/\/servifibal.cat\/es\/prod\/350-ik-dual-2\/","name":"350 IK Dual - Servifibal","isPartOf":{"@id":"https:\/\/servifibal.cat\/es\/#website"},"primaryImageOfPage":{"@id":"https:\/\/servifibal.cat\/es\/prod\/350-ik-dual-2\/#primaryimage"},"image":{"@id":"https:\/\/servifibal.cat\/es\/prod\/350-ik-dual-2\/#primaryimage"},"thumbnailUrl":"https:\/\/servifibal.cat\/wp-content\/uploads\/2025\/11\/350-ik-dual.i221-kkyQdDg-w649-h521-l4.webp","datePublished":"2024-09-19T13:58:25+00:00","dateModified":"2026-01-30T19:58:02+00:00","breadcrumb":{"@id":"https:\/\/servifibal.cat\/es\/prod\/350-ik-dual-2\/#breadcrumb"},"inLanguage":"es","potentialAction":[{"@type":"ReadAction","target":["https:\/\/servifibal.cat\/es\/prod\/350-ik-dual-2\/"]}]},{"@type":"ImageObject","inLanguage":"es","@id":"https:\/\/servifibal.cat\/es\/prod\/350-ik-dual-2\/#primaryimage","url":"https:\/\/servifibal.cat\/wp-content\/uploads\/2025\/11\/350-ik-dual.i221-kkyQdDg-w649-h521-l4.webp","contentUrl":"https:\/\/servifibal.cat\/wp-content\/uploads\/2025\/11\/350-ik-dual.i221-kkyQdDg-w649-h521-l4.webp","width":649,"height":521},{"@type":"BreadcrumbList","@id":"https:\/\/servifibal.cat\/es\/prod\/350-ik-dual-2\/#breadcrumb","itemListElement":[{"@type":"ListItem","position":1,"name":"Portada","item":"https:\/\/servifibal.cat\/es\/inicio\/"},{"@type":"ListItem","position":2,"name":"Tienda","item":"https:\/\/servifibal.cat\/es\/tienda\/"},{"@type":"ListItem","position":3,"name":"350 IK Dual"}]},{"@type":"WebSite","@id":"https:\/\/servifibal.cat\/es\/#website","url":"https:\/\/servifibal.cat\/es\/","name":"Servifibal","description":"Solucions per al petit comer\u00e7","publisher":{"@id":"https:\/\/servifibal.cat\/es\/#organization"},"potentialAction":[{"@type":"SearchAction","target":{"@type":"EntryPoint","urlTemplate":"https:\/\/servifibal.cat\/es\/?s={search_term_string}"},"query-input":{"@type":"PropertyValueSpecification","valueRequired":true,"valueName":"search_term_string"}}],"inLanguage":"es"},{"@type":"Organization","@id":"https:\/\/servifibal.cat\/es\/#organization","name":"Servifibal","url":"https:\/\/servifibal.cat\/es\/","logo":{"@type":"ImageObject","inLanguage":"es","@id":"https:\/\/servifibal.cat\/es\/#\/schema\/logo\/image\/","url":"https:\/\/servifibal.cat\/wp-content\/uploads\/2025\/11\/00-Logo-nou-blanc.png","contentUrl":"https:\/\/servifibal.cat\/wp-content\/uploads\/2025\/11\/00-Logo-nou-blanc.png","width":176,"height":38,"caption":"Servifibal"},"image":{"@id":"https:\/\/servifibal.cat\/es\/#\/schema\/logo\/image\/"}}]}},"_links":{"self":[{"href":"https:\/\/servifibal.cat\/es\/wp-json\/wp\/v2\/product\/75002","targetHints":{"allow":["GET"]}}],"collection":[{"href":"https:\/\/servifibal.cat\/es\/wp-json\/wp\/v2\/product"}],"about":[{"href":"https:\/\/servifibal.cat\/es\/wp-json\/wp\/v2\/types\/product"}],"wp:featuredmedia":[{"embeddable":true,"href":"https:\/\/servifibal.cat\/es\/wp-json\/wp\/v2\/media\/75003"}],"wp:attachment":[{"href":"https:\/\/servifibal.cat\/es\/wp-json\/wp\/v2\/media?parent=75002"}],"wp:term":[{"taxonomy":"product_brand","embeddable":true,"href":"https:\/\/servifibal.cat\/es\/wp-json\/wp\/v2\/product_brand?post=75002"},{"taxonomy":"product_cat","embeddable":true,"href":"https:\/\/servifibal.cat\/es\/wp-json\/wp\/v2\/product_cat?post=75002"},{"taxonomy":"product_tag","embeddable":true,"href":"https:\/\/servifibal.cat\/es\/wp-json\/wp\/v2\/product_tag?post=75002"}],"curies":[{"name":"wp","href":"https:\/\/api.w.org\/{rel}","templated":true}]}}