{"id":74987,"date":"2024-09-19T14:00:12","date_gmt":"2024-09-19T14:00:12","guid":{"rendered":"https:\/\/stage.servifibal.cat\/?post_type=product&#038;p=74987"},"modified":"2026-01-30T19:52:19","modified_gmt":"2026-01-30T19:52:19","slug":"330-ik","status":"publish","type":"product","link":"https:\/\/servifibal.cat\/es\/prod\/330-ik\/","title":{"rendered":"330 IK"},"content":{"rendered":"<p><strong class=\"title\">Caracter\u00edsticas t\u00e9cnicas &#8211; 330 IK<\/strong><\/p>\n<table class=\"info-table\">\n<tbody>\n<tr>\n<td>Dimensiones totales<\/td>\n<td>759 x 592 x 784 mm<\/td>\n<\/tr>\n<tr class=\"add\">\n<td>Superficie de apoyo<\/td>\n<td>556 x 445 mm<\/td>\n<\/tr>\n<tr>\n<td>\u00c1rea de trabajo<\/td>\n<td>786 x 592 x 784 mm<\/td>\n<\/tr>\n<tr class=\"add\">\n<td>Di\u00e1metro cuchilla<\/td>\n<td>330 mm<\/td>\n<\/tr>\n<tr>\n<td>Velocidad cuchilla<\/td>\n<td>200 g\/min (50 hz)<\/td>\n<\/tr>\n<tr class=\"add\">\n<td>Grosor lonchas de<\/td>\n<td>0 a 24 mm<\/td>\n<\/tr>\n<tr>\n<td>Protecci\u00f3n el\u00e9ctrica<\/td>\n<td>IPX3<\/td>\n<\/tr>\n<tr class=\"add\">\n<td>Peso neto<\/td>\n<td>48 kg<\/td>\n<\/tr>\n<tr>\n<td>Carrera del carro<\/td>\n<td>345 mm<\/td>\n<\/tr>\n<tr class=\"add\">\n<td>Caracter\u00edsticas el\u00e9ctricas<\/td>\n<td>220-230V \/ 360W monof\u00e1sico c.a.;<br \/>\n220-230V, 380-400V \/ 280W trif\u00e1sico c.a.<\/td>\n<\/tr>\n<tr>\n<td>Capacidad de corte<\/td>\n<td>\u00d8 240 mm &#8211;\u00a0<span class=\"rectangle\">290 x 210 mm<\/span><\/td>\n<\/tr>\n<\/tbody>\n<\/table>\n","protected":false},"excerpt":{"rendered":"<p>Cortadora inclinada Kolossal mod. 330 hecha para cortar todos embutidos, carnes, verduras, pan y queso.<\/p>\n<p>Cortadora profesional de\u00a0gran capacidad y precisi\u00f3n de corte, tiene la altura de carga del producto notablemente peque\u00f1a para disminuir al m\u00e1ximo la fatiga del operador.<\/p>\n<p>La m\u00e1quina puede equiparse con distintos tipos de platos que son : plato con empujador basculante, transparente y extraible (opci\u00f3n.E ver la parte de atr\u00e1s); plato con empujador basculante en aluminio y extraible (opci\u00f3n.EF ver la parte de atr\u00e1s) o plato con brazo con auto-bloqueo, empujador transparente y extraible y con plato basculante (opci\u00f3n.AB ver la parte de atr\u00e1s).<\/p>\n","protected":false},"featured_media":74988,"template":"","meta":{"_joinchat":[]},"product_brand":[],"product_cat":[553],"product_tag":[],"class_list":{"0":"post-74987","1":"product","2":"type-product","3":"status-publish","4":"has-post-thumbnail","6":"product_cat-cortadoras-manconi","8":"first","9":"instock","10":"shipping-taxable","11":"product-type-simple"},"yoast_head":"<!-- This site is optimized with the Yoast SEO plugin v27.5 - https:\/\/yoast.com\/product\/yoast-seo-wordpress\/ -->\n<title>330 IK - Servifibal<\/title>\n<meta name=\"robots\" content=\"index, follow, max-snippet:-1, max-image-preview:large, max-video-preview:-1\" \/>\n<link rel=\"canonical\" href=\"https:\/\/servifibal.cat\/es\/prod\/330-ik\/\" \/>\n<meta property=\"og:locale\" content=\"es_ES\" \/>\n<meta property=\"og:type\" content=\"article\" \/>\n<meta property=\"og:title\" content=\"330 IK - Servifibal\" \/>\n<meta property=\"og:description\" content=\"Cortadora inclinada Kolossal mod. 330 hecha para cortar todos embutidos, carnes, verduras, pan y queso.  Cortadora profesional de\u00a0gran capacidad y precisi\u00f3n de corte, tiene la altura de carga del producto notablemente peque\u00f1a para disminuir al m\u00e1ximo la fatiga del operador.  La m\u00e1quina puede equiparse con distintos tipos de platos que son : plato con empujador basculante, transparente y extraible (opci\u00f3n.E ver la parte de atr\u00e1s); plato con empujador basculante en aluminio y extraible (opci\u00f3n.EF ver la parte de atr\u00e1s) o plato con brazo con auto-bloqueo, empujador transparente y extraible y con plato basculante (opci\u00f3n.AB ver la parte de atr\u00e1s).\" \/>\n<meta property=\"og:url\" content=\"https:\/\/servifibal.cat\/es\/prod\/330-ik\/\" \/>\n<meta property=\"og:site_name\" content=\"Servifibal\" \/>\n<meta property=\"article:modified_time\" content=\"2026-01-30T19:52:19+00:00\" \/>\n<meta property=\"og:image\" content=\"https:\/\/servifibal.cat\/wp-content\/uploads\/2025\/11\/330-ik-i.i7582-kXfwDU-w649-h521-l4.webp\" \/>\n\t<meta property=\"og:image:width\" content=\"649\" \/>\n\t<meta property=\"og:image:height\" content=\"521\" \/>\n\t<meta property=\"og:image:type\" content=\"image\/webp\" \/>\n<meta name=\"twitter:card\" content=\"summary_large_image\" \/>\n<meta name=\"twitter:label1\" content=\"Tiempo de lectura\" \/>\n\t<meta name=\"twitter:data1\" content=\"1 minuto\" \/>\n<script type=\"application\/ld+json\" class=\"yoast-schema-graph\">{\"@context\":\"https:\\\/\\\/schema.org\",\"@graph\":[{\"@type\":\"WebPage\",\"@id\":\"https:\\\/\\\/servifibal.cat\\\/es\\\/prod\\\/330-ik\\\/\",\"url\":\"https:\\\/\\\/servifibal.cat\\\/es\\\/prod\\\/330-ik\\\/\",\"name\":\"330 IK - Servifibal\",\"isPartOf\":{\"@id\":\"https:\\\/\\\/servifibal.cat\\\/es\\\/#website\"},\"primaryImageOfPage\":{\"@id\":\"https:\\\/\\\/servifibal.cat\\\/es\\\/prod\\\/330-ik\\\/#primaryimage\"},\"image\":{\"@id\":\"https:\\\/\\\/servifibal.cat\\\/es\\\/prod\\\/330-ik\\\/#primaryimage\"},\"thumbnailUrl\":\"https:\\\/\\\/servifibal.cat\\\/wp-content\\\/uploads\\\/2025\\\/11\\\/330-ik-i.i7582-kXfwDU-w649-h521-l4.webp\",\"datePublished\":\"2024-09-19T14:00:12+00:00\",\"dateModified\":\"2026-01-30T19:52:19+00:00\",\"breadcrumb\":{\"@id\":\"https:\\\/\\\/servifibal.cat\\\/es\\\/prod\\\/330-ik\\\/#breadcrumb\"},\"inLanguage\":\"es\",\"potentialAction\":[{\"@type\":\"ReadAction\",\"target\":[\"https:\\\/\\\/servifibal.cat\\\/es\\\/prod\\\/330-ik\\\/\"]}]},{\"@type\":\"ImageObject\",\"inLanguage\":\"es\",\"@id\":\"https:\\\/\\\/servifibal.cat\\\/es\\\/prod\\\/330-ik\\\/#primaryimage\",\"url\":\"https:\\\/\\\/servifibal.cat\\\/wp-content\\\/uploads\\\/2025\\\/11\\\/330-ik-i.i7582-kXfwDU-w649-h521-l4.webp\",\"contentUrl\":\"https:\\\/\\\/servifibal.cat\\\/wp-content\\\/uploads\\\/2025\\\/11\\\/330-ik-i.i7582-kXfwDU-w649-h521-l4.webp\",\"width\":649,\"height\":521},{\"@type\":\"BreadcrumbList\",\"@id\":\"https:\\\/\\\/servifibal.cat\\\/es\\\/prod\\\/330-ik\\\/#breadcrumb\",\"itemListElement\":[{\"@type\":\"ListItem\",\"position\":1,\"name\":\"Portada\",\"item\":\"https:\\\/\\\/servifibal.cat\\\/es\\\/inicio\\\/\"},{\"@type\":\"ListItem\",\"position\":2,\"name\":\"Tienda\",\"item\":\"https:\\\/\\\/servifibal.cat\\\/es\\\/tienda\\\/\"},{\"@type\":\"ListItem\",\"position\":3,\"name\":\"330 IK\"}]},{\"@type\":\"WebSite\",\"@id\":\"https:\\\/\\\/servifibal.cat\\\/es\\\/#website\",\"url\":\"https:\\\/\\\/servifibal.cat\\\/es\\\/\",\"name\":\"Servifibal\",\"description\":\"Solucions per al petit comer\u00e7\",\"publisher\":{\"@id\":\"https:\\\/\\\/servifibal.cat\\\/es\\\/#organization\"},\"potentialAction\":[{\"@type\":\"SearchAction\",\"target\":{\"@type\":\"EntryPoint\",\"urlTemplate\":\"https:\\\/\\\/servifibal.cat\\\/es\\\/?s={search_term_string}\"},\"query-input\":{\"@type\":\"PropertyValueSpecification\",\"valueRequired\":true,\"valueName\":\"search_term_string\"}}],\"inLanguage\":\"es\"},{\"@type\":\"Organization\",\"@id\":\"https:\\\/\\\/servifibal.cat\\\/es\\\/#organization\",\"name\":\"Servifibal\",\"url\":\"https:\\\/\\\/servifibal.cat\\\/es\\\/\",\"logo\":{\"@type\":\"ImageObject\",\"inLanguage\":\"es\",\"@id\":\"https:\\\/\\\/servifibal.cat\\\/es\\\/#\\\/schema\\\/logo\\\/image\\\/\",\"url\":\"https:\\\/\\\/servifibal.cat\\\/wp-content\\\/uploads\\\/2025\\\/11\\\/00-Logo-nou-blanc.png\",\"contentUrl\":\"https:\\\/\\\/servifibal.cat\\\/wp-content\\\/uploads\\\/2025\\\/11\\\/00-Logo-nou-blanc.png\",\"width\":176,\"height\":38,\"caption\":\"Servifibal\"},\"image\":{\"@id\":\"https:\\\/\\\/servifibal.cat\\\/es\\\/#\\\/schema\\\/logo\\\/image\\\/\"}}]}<\/script>\n<!-- \/ Yoast SEO plugin. -->","yoast_head_json":{"title":"330 IK - Servifibal","robots":{"index":"index","follow":"follow","max-snippet":"max-snippet:-1","max-image-preview":"max-image-preview:large","max-video-preview":"max-video-preview:-1"},"canonical":"https:\/\/servifibal.cat\/es\/prod\/330-ik\/","og_locale":"es_ES","og_type":"article","og_title":"330 IK - Servifibal","og_description":"Cortadora inclinada Kolossal mod. 330 hecha para cortar todos embutidos, carnes, verduras, pan y queso.  Cortadora profesional de\u00a0gran capacidad y precisi\u00f3n de corte, tiene la altura de carga del producto notablemente peque\u00f1a para disminuir al m\u00e1ximo la fatiga del operador.  La m\u00e1quina puede equiparse con distintos tipos de platos que son : plato con empujador basculante, transparente y extraible (opci\u00f3n.E ver la parte de atr\u00e1s); plato con empujador basculante en aluminio y extraible (opci\u00f3n.EF ver la parte de atr\u00e1s) o plato con brazo con auto-bloqueo, empujador transparente y extraible y con plato basculante (opci\u00f3n.AB ver la parte de atr\u00e1s).","og_url":"https:\/\/servifibal.cat\/es\/prod\/330-ik\/","og_site_name":"Servifibal","article_modified_time":"2026-01-30T19:52:19+00:00","og_image":[{"width":649,"height":521,"url":"https:\/\/servifibal.cat\/wp-content\/uploads\/2025\/11\/330-ik-i.i7582-kXfwDU-w649-h521-l4.webp","type":"image\/webp"}],"twitter_card":"summary_large_image","twitter_misc":{"Tiempo de lectura":"1 minuto"},"schema":{"@context":"https:\/\/schema.org","@graph":[{"@type":"WebPage","@id":"https:\/\/servifibal.cat\/es\/prod\/330-ik\/","url":"https:\/\/servifibal.cat\/es\/prod\/330-ik\/","name":"330 IK - Servifibal","isPartOf":{"@id":"https:\/\/servifibal.cat\/es\/#website"},"primaryImageOfPage":{"@id":"https:\/\/servifibal.cat\/es\/prod\/330-ik\/#primaryimage"},"image":{"@id":"https:\/\/servifibal.cat\/es\/prod\/330-ik\/#primaryimage"},"thumbnailUrl":"https:\/\/servifibal.cat\/wp-content\/uploads\/2025\/11\/330-ik-i.i7582-kXfwDU-w649-h521-l4.webp","datePublished":"2024-09-19T14:00:12+00:00","dateModified":"2026-01-30T19:52:19+00:00","breadcrumb":{"@id":"https:\/\/servifibal.cat\/es\/prod\/330-ik\/#breadcrumb"},"inLanguage":"es","potentialAction":[{"@type":"ReadAction","target":["https:\/\/servifibal.cat\/es\/prod\/330-ik\/"]}]},{"@type":"ImageObject","inLanguage":"es","@id":"https:\/\/servifibal.cat\/es\/prod\/330-ik\/#primaryimage","url":"https:\/\/servifibal.cat\/wp-content\/uploads\/2025\/11\/330-ik-i.i7582-kXfwDU-w649-h521-l4.webp","contentUrl":"https:\/\/servifibal.cat\/wp-content\/uploads\/2025\/11\/330-ik-i.i7582-kXfwDU-w649-h521-l4.webp","width":649,"height":521},{"@type":"BreadcrumbList","@id":"https:\/\/servifibal.cat\/es\/prod\/330-ik\/#breadcrumb","itemListElement":[{"@type":"ListItem","position":1,"name":"Portada","item":"https:\/\/servifibal.cat\/es\/inicio\/"},{"@type":"ListItem","position":2,"name":"Tienda","item":"https:\/\/servifibal.cat\/es\/tienda\/"},{"@type":"ListItem","position":3,"name":"330 IK"}]},{"@type":"WebSite","@id":"https:\/\/servifibal.cat\/es\/#website","url":"https:\/\/servifibal.cat\/es\/","name":"Servifibal","description":"Solucions per al petit comer\u00e7","publisher":{"@id":"https:\/\/servifibal.cat\/es\/#organization"},"potentialAction":[{"@type":"SearchAction","target":{"@type":"EntryPoint","urlTemplate":"https:\/\/servifibal.cat\/es\/?s={search_term_string}"},"query-input":{"@type":"PropertyValueSpecification","valueRequired":true,"valueName":"search_term_string"}}],"inLanguage":"es"},{"@type":"Organization","@id":"https:\/\/servifibal.cat\/es\/#organization","name":"Servifibal","url":"https:\/\/servifibal.cat\/es\/","logo":{"@type":"ImageObject","inLanguage":"es","@id":"https:\/\/servifibal.cat\/es\/#\/schema\/logo\/image\/","url":"https:\/\/servifibal.cat\/wp-content\/uploads\/2025\/11\/00-Logo-nou-blanc.png","contentUrl":"https:\/\/servifibal.cat\/wp-content\/uploads\/2025\/11\/00-Logo-nou-blanc.png","width":176,"height":38,"caption":"Servifibal"},"image":{"@id":"https:\/\/servifibal.cat\/es\/#\/schema\/logo\/image\/"}}]}},"_links":{"self":[{"href":"https:\/\/servifibal.cat\/es\/wp-json\/wp\/v2\/product\/74987","targetHints":{"allow":["GET"]}}],"collection":[{"href":"https:\/\/servifibal.cat\/es\/wp-json\/wp\/v2\/product"}],"about":[{"href":"https:\/\/servifibal.cat\/es\/wp-json\/wp\/v2\/types\/product"}],"wp:featuredmedia":[{"embeddable":true,"href":"https:\/\/servifibal.cat\/es\/wp-json\/wp\/v2\/media\/74988"}],"wp:attachment":[{"href":"https:\/\/servifibal.cat\/es\/wp-json\/wp\/v2\/media?parent=74987"}],"wp:term":[{"taxonomy":"product_brand","embeddable":true,"href":"https:\/\/servifibal.cat\/es\/wp-json\/wp\/v2\/product_brand?post=74987"},{"taxonomy":"product_cat","embeddable":true,"href":"https:\/\/servifibal.cat\/es\/wp-json\/wp\/v2\/product_cat?post=74987"},{"taxonomy":"product_tag","embeddable":true,"href":"https:\/\/servifibal.cat\/es\/wp-json\/wp\/v2\/product_tag?post=74987"}],"curies":[{"name":"wp","href":"https:\/\/api.w.org\/{rel}","templated":true}]}}