{"id":74971,"date":"2024-09-19T13:59:29","date_gmt":"2024-09-19T13:59:29","guid":{"rendered":"https:\/\/stage.servifibal.cat\/?post_type=product&#038;p=74971"},"modified":"2026-01-30T19:09:32","modified_gmt":"2026-01-30T19:09:32","slug":"250-ik","status":"publish","type":"product","link":"https:\/\/servifibal.cat\/es\/prod\/250-ik\/","title":{"rendered":"250 IK"},"content":{"rendered":"<p><strong class=\"title\">Caracter\u00edsticas t\u00e9cnicas &#8211; 250 IK<\/strong><\/p>\n<table class=\"info-table\">\n<tbody>\n<tr>\n<td>Superficie de apoyo<\/td>\n<td>457 x 347 mm<\/td>\n<\/tr>\n<tr class=\"add\">\n<td>\u00c1rea de trabajo<\/td>\n<td>457 x 347 mm<\/td>\n<\/tr>\n<tr>\n<td>Di\u00e1metro cuchilla<\/td>\n<td>250 mm<\/td>\n<\/tr>\n<tr class=\"add\">\n<td>Velocidad cuchilla<\/td>\n<td>200 g\/min<\/td>\n<\/tr>\n<tr>\n<td>Grosor lonchas de<\/td>\n<td>0 a 24 mm<\/td>\n<\/tr>\n<tr class=\"add\">\n<td>Protecci\u00f3n el\u00e9ctrica<\/td>\n<td>IPX3<\/td>\n<\/tr>\n<tr>\n<td>Peso neto<\/td>\n<td>28,5 kg<\/td>\n<\/tr>\n<tr class=\"add\">\n<td>Carrera del carro<\/td>\n<td>245 mm<\/td>\n<\/tr>\n<tr>\n<td>Caracter\u00edsticas el\u00e9ctricas<\/td>\n<td>220-230V \/ 340W monof\u00e1sico c.a.<\/td>\n<\/tr>\n<tr class=\"add\">\n<td>Caracter\u00edsticas el\u00e9ctricas<\/td>\n<td>220-230V, 380-400V \/ 230W trif\u00e1sico c.a.<\/td>\n<\/tr>\n<tr>\n<td>Capacidad de corte<\/td>\n<td>\u00d8 170 mm &#8211;\u00a0<span class=\"rectangle\">190 x 135 mm<\/span><\/td>\n<\/tr>\n<\/tbody>\n<\/table>\n","protected":false},"excerpt":{"rendered":"<p>Flexible y compacta, es la m\u00e1quina cortadora de fiambres apropiada para la peque\u00f1a y mediana restauraci\u00f3n, donde los embutidos y quesos no son de gran tama\u00f1o. Esta cortadora de fiambre profesional ocupa espacios muy reducidos y, por este motivo, puede instalarse tambi\u00e9n en zonas estrechas.<\/p>\n<ul>\n<li>Transmisi\u00f3n por engranajes<\/li>\n<li>Afilador incorporado, disponible y de f\u00e1cil empleo<\/li>\n<li>Altura de carga reducida, para reducir la fatiga del operador<\/li>\n<li>Superficies de aluminio pulido a espejo y ranuras de desplazamiento, para disminuir los roces y simplificar la limpieza<\/li>\n<li>Afilador, protector de cuchilla y regulador de grosor de lonchas extra\u00edbles para una limpieza rapida y absoluta<\/li>\n<li>Conforme con las directivas europeas 2006\/42\/CE (directiva maquinas); 1935\/2004\/CE (directiva materiales alimentarios); 10\/2011 (directiva plastico para alimentos); 2006\/95\/CE (directiva baja tension); 2011\/65\/UE (directiva RoHS); EN 1974:1998 (cortadoras &#8211; requisitos higiene y seguridad); EN 60204-1 (seguridad maquina); EN 55014 (compatibilidad electromagn\u00e9tica)<\/li>\n<li>Conforme a las directivas y reglamentos europeos vigentes<\/li>\n<li>Producto certificado\u00a0<b>MOCA<\/b>\u00a0(<b>M<\/b>ateriales y\u00a0<b>O<\/b>bjetos en\u00a0<b>C<\/b>ontacto con los\u00a0<b>A<\/b>limentos)<\/li>\n<\/ul>\n","protected":false},"featured_media":74972,"template":"","meta":{"_joinchat":[]},"product_brand":[],"product_cat":[553],"product_tag":[],"class_list":{"0":"post-74971","1":"product","2":"type-product","3":"status-publish","4":"has-post-thumbnail","6":"product_cat-cortadoras-manconi","8":"first","9":"instock","10":"shipping-taxable","11":"product-type-simple"},"yoast_head":"<!-- This site is optimized with the Yoast SEO plugin v27.5 - https:\/\/yoast.com\/product\/yoast-seo-wordpress\/ -->\n<title>250 IK - Servifibal<\/title>\n<meta name=\"robots\" content=\"index, follow, max-snippet:-1, max-image-preview:large, max-video-preview:-1\" \/>\n<link rel=\"canonical\" href=\"https:\/\/servifibal.cat\/es\/prod\/250-ik\/\" \/>\n<meta property=\"og:locale\" content=\"es_ES\" \/>\n<meta property=\"og:type\" content=\"article\" \/>\n<meta property=\"og:title\" content=\"250 IK - Servifibal\" \/>\n<meta property=\"og:description\" content=\"Flexible y compacta, es la m\u00e1quina cortadora de fiambres apropiada para la peque\u00f1a y mediana restauraci\u00f3n, donde los embutidos y quesos no son de gran tama\u00f1o. Esta cortadora de fiambre profesional ocupa espacios muy reducidos y, por este motivo, puede instalarse tambi\u00e9n en zonas estrechas.   Transmisi\u00f3n por engranajes  Afilador incorporado, disponible y de f\u00e1cil empleo  Altura de carga reducida, para reducir la fatiga del operador  Superficies de aluminio pulido a espejo y ranuras de desplazamiento, para disminuir los roces y simplificar la limpieza  Afilador, protector de cuchilla y regulador de grosor de lonchas extra\u00edbles para una limpieza rapida y absoluta  Conforme con las directivas europeas 2006\/42\/CE (directiva maquinas); 1935\/2004\/CE (directiva materiales alimentarios); 10\/2011 (directiva plastico para alimentos); 2006\/95\/CE (directiva baja tension); 2011\/65\/UE (directiva RoHS); EN 1974:1998 (cortadoras - requisitos higiene y seguridad); EN 60204-1 (seguridad maquina); EN 55014 (compatibilidad electromagn\u00e9tica)  Conforme a las directivas y reglamentos europeos vigentes  Producto certificado\u00a0MOCA\u00a0(Materiales y\u00a0Objetos en\u00a0Contacto con los\u00a0Alimentos)\" \/>\n<meta property=\"og:url\" content=\"https:\/\/servifibal.cat\/es\/prod\/250-ik\/\" \/>\n<meta property=\"og:site_name\" content=\"Servifibal\" \/>\n<meta property=\"article:modified_time\" content=\"2026-01-30T19:09:32+00:00\" \/>\n<meta property=\"og:image\" content=\"https:\/\/servifibal.cat\/wp-content\/uploads\/2025\/11\/250-ik.i224-kQTMd2N-w649-h521-l4.webp\" \/>\n\t<meta property=\"og:image:width\" content=\"649\" \/>\n\t<meta property=\"og:image:height\" content=\"521\" \/>\n\t<meta property=\"og:image:type\" content=\"image\/webp\" \/>\n<meta name=\"twitter:card\" content=\"summary_large_image\" \/>\n<meta name=\"twitter:label1\" content=\"Tiempo de lectura\" \/>\n\t<meta name=\"twitter:data1\" content=\"1 minuto\" \/>\n<script type=\"application\/ld+json\" class=\"yoast-schema-graph\">{\"@context\":\"https:\\\/\\\/schema.org\",\"@graph\":[{\"@type\":\"WebPage\",\"@id\":\"https:\\\/\\\/servifibal.cat\\\/es\\\/prod\\\/250-ik\\\/\",\"url\":\"https:\\\/\\\/servifibal.cat\\\/es\\\/prod\\\/250-ik\\\/\",\"name\":\"250 IK - Servifibal\",\"isPartOf\":{\"@id\":\"https:\\\/\\\/servifibal.cat\\\/es\\\/#website\"},\"primaryImageOfPage\":{\"@id\":\"https:\\\/\\\/servifibal.cat\\\/es\\\/prod\\\/250-ik\\\/#primaryimage\"},\"image\":{\"@id\":\"https:\\\/\\\/servifibal.cat\\\/es\\\/prod\\\/250-ik\\\/#primaryimage\"},\"thumbnailUrl\":\"https:\\\/\\\/servifibal.cat\\\/wp-content\\\/uploads\\\/2025\\\/11\\\/250-ik.i224-kQTMd2N-w649-h521-l4.webp\",\"datePublished\":\"2024-09-19T13:59:29+00:00\",\"dateModified\":\"2026-01-30T19:09:32+00:00\",\"breadcrumb\":{\"@id\":\"https:\\\/\\\/servifibal.cat\\\/es\\\/prod\\\/250-ik\\\/#breadcrumb\"},\"inLanguage\":\"es\",\"potentialAction\":[{\"@type\":\"ReadAction\",\"target\":[\"https:\\\/\\\/servifibal.cat\\\/es\\\/prod\\\/250-ik\\\/\"]}]},{\"@type\":\"ImageObject\",\"inLanguage\":\"es\",\"@id\":\"https:\\\/\\\/servifibal.cat\\\/es\\\/prod\\\/250-ik\\\/#primaryimage\",\"url\":\"https:\\\/\\\/servifibal.cat\\\/wp-content\\\/uploads\\\/2025\\\/11\\\/250-ik.i224-kQTMd2N-w649-h521-l4.webp\",\"contentUrl\":\"https:\\\/\\\/servifibal.cat\\\/wp-content\\\/uploads\\\/2025\\\/11\\\/250-ik.i224-kQTMd2N-w649-h521-l4.webp\",\"width\":649,\"height\":521},{\"@type\":\"BreadcrumbList\",\"@id\":\"https:\\\/\\\/servifibal.cat\\\/es\\\/prod\\\/250-ik\\\/#breadcrumb\",\"itemListElement\":[{\"@type\":\"ListItem\",\"position\":1,\"name\":\"Portada\",\"item\":\"https:\\\/\\\/servifibal.cat\\\/es\\\/inicio\\\/\"},{\"@type\":\"ListItem\",\"position\":2,\"name\":\"Tienda\",\"item\":\"https:\\\/\\\/servifibal.cat\\\/es\\\/tienda\\\/\"},{\"@type\":\"ListItem\",\"position\":3,\"name\":\"250 IK\"}]},{\"@type\":\"WebSite\",\"@id\":\"https:\\\/\\\/servifibal.cat\\\/es\\\/#website\",\"url\":\"https:\\\/\\\/servifibal.cat\\\/es\\\/\",\"name\":\"Servifibal\",\"description\":\"Solucions per al petit comer\u00e7\",\"publisher\":{\"@id\":\"https:\\\/\\\/servifibal.cat\\\/es\\\/#organization\"},\"potentialAction\":[{\"@type\":\"SearchAction\",\"target\":{\"@type\":\"EntryPoint\",\"urlTemplate\":\"https:\\\/\\\/servifibal.cat\\\/es\\\/?s={search_term_string}\"},\"query-input\":{\"@type\":\"PropertyValueSpecification\",\"valueRequired\":true,\"valueName\":\"search_term_string\"}}],\"inLanguage\":\"es\"},{\"@type\":\"Organization\",\"@id\":\"https:\\\/\\\/servifibal.cat\\\/es\\\/#organization\",\"name\":\"Servifibal\",\"url\":\"https:\\\/\\\/servifibal.cat\\\/es\\\/\",\"logo\":{\"@type\":\"ImageObject\",\"inLanguage\":\"es\",\"@id\":\"https:\\\/\\\/servifibal.cat\\\/es\\\/#\\\/schema\\\/logo\\\/image\\\/\",\"url\":\"https:\\\/\\\/servifibal.cat\\\/wp-content\\\/uploads\\\/2025\\\/11\\\/00-Logo-nou-blanc.png\",\"contentUrl\":\"https:\\\/\\\/servifibal.cat\\\/wp-content\\\/uploads\\\/2025\\\/11\\\/00-Logo-nou-blanc.png\",\"width\":176,\"height\":38,\"caption\":\"Servifibal\"},\"image\":{\"@id\":\"https:\\\/\\\/servifibal.cat\\\/es\\\/#\\\/schema\\\/logo\\\/image\\\/\"}}]}<\/script>\n<!-- \/ Yoast SEO plugin. -->","yoast_head_json":{"title":"250 IK - Servifibal","robots":{"index":"index","follow":"follow","max-snippet":"max-snippet:-1","max-image-preview":"max-image-preview:large","max-video-preview":"max-video-preview:-1"},"canonical":"https:\/\/servifibal.cat\/es\/prod\/250-ik\/","og_locale":"es_ES","og_type":"article","og_title":"250 IK - Servifibal","og_description":"Flexible y compacta, es la m\u00e1quina cortadora de fiambres apropiada para la peque\u00f1a y mediana restauraci\u00f3n, donde los embutidos y quesos no son de gran tama\u00f1o. Esta cortadora de fiambre profesional ocupa espacios muy reducidos y, por este motivo, puede instalarse tambi\u00e9n en zonas estrechas.   Transmisi\u00f3n por engranajes  Afilador incorporado, disponible y de f\u00e1cil empleo  Altura de carga reducida, para reducir la fatiga del operador  Superficies de aluminio pulido a espejo y ranuras de desplazamiento, para disminuir los roces y simplificar la limpieza  Afilador, protector de cuchilla y regulador de grosor de lonchas extra\u00edbles para una limpieza rapida y absoluta  Conforme con las directivas europeas 2006\/42\/CE (directiva maquinas); 1935\/2004\/CE (directiva materiales alimentarios); 10\/2011 (directiva plastico para alimentos); 2006\/95\/CE (directiva baja tension); 2011\/65\/UE (directiva RoHS); EN 1974:1998 (cortadoras - requisitos higiene y seguridad); EN 60204-1 (seguridad maquina); EN 55014 (compatibilidad electromagn\u00e9tica)  Conforme a las directivas y reglamentos europeos vigentes  Producto certificado\u00a0MOCA\u00a0(Materiales y\u00a0Objetos en\u00a0Contacto con los\u00a0Alimentos)","og_url":"https:\/\/servifibal.cat\/es\/prod\/250-ik\/","og_site_name":"Servifibal","article_modified_time":"2026-01-30T19:09:32+00:00","og_image":[{"width":649,"height":521,"url":"https:\/\/servifibal.cat\/wp-content\/uploads\/2025\/11\/250-ik.i224-kQTMd2N-w649-h521-l4.webp","type":"image\/webp"}],"twitter_card":"summary_large_image","twitter_misc":{"Tiempo de lectura":"1 minuto"},"schema":{"@context":"https:\/\/schema.org","@graph":[{"@type":"WebPage","@id":"https:\/\/servifibal.cat\/es\/prod\/250-ik\/","url":"https:\/\/servifibal.cat\/es\/prod\/250-ik\/","name":"250 IK - Servifibal","isPartOf":{"@id":"https:\/\/servifibal.cat\/es\/#website"},"primaryImageOfPage":{"@id":"https:\/\/servifibal.cat\/es\/prod\/250-ik\/#primaryimage"},"image":{"@id":"https:\/\/servifibal.cat\/es\/prod\/250-ik\/#primaryimage"},"thumbnailUrl":"https:\/\/servifibal.cat\/wp-content\/uploads\/2025\/11\/250-ik.i224-kQTMd2N-w649-h521-l4.webp","datePublished":"2024-09-19T13:59:29+00:00","dateModified":"2026-01-30T19:09:32+00:00","breadcrumb":{"@id":"https:\/\/servifibal.cat\/es\/prod\/250-ik\/#breadcrumb"},"inLanguage":"es","potentialAction":[{"@type":"ReadAction","target":["https:\/\/servifibal.cat\/es\/prod\/250-ik\/"]}]},{"@type":"ImageObject","inLanguage":"es","@id":"https:\/\/servifibal.cat\/es\/prod\/250-ik\/#primaryimage","url":"https:\/\/servifibal.cat\/wp-content\/uploads\/2025\/11\/250-ik.i224-kQTMd2N-w649-h521-l4.webp","contentUrl":"https:\/\/servifibal.cat\/wp-content\/uploads\/2025\/11\/250-ik.i224-kQTMd2N-w649-h521-l4.webp","width":649,"height":521},{"@type":"BreadcrumbList","@id":"https:\/\/servifibal.cat\/es\/prod\/250-ik\/#breadcrumb","itemListElement":[{"@type":"ListItem","position":1,"name":"Portada","item":"https:\/\/servifibal.cat\/es\/inicio\/"},{"@type":"ListItem","position":2,"name":"Tienda","item":"https:\/\/servifibal.cat\/es\/tienda\/"},{"@type":"ListItem","position":3,"name":"250 IK"}]},{"@type":"WebSite","@id":"https:\/\/servifibal.cat\/es\/#website","url":"https:\/\/servifibal.cat\/es\/","name":"Servifibal","description":"Solucions per al petit comer\u00e7","publisher":{"@id":"https:\/\/servifibal.cat\/es\/#organization"},"potentialAction":[{"@type":"SearchAction","target":{"@type":"EntryPoint","urlTemplate":"https:\/\/servifibal.cat\/es\/?s={search_term_string}"},"query-input":{"@type":"PropertyValueSpecification","valueRequired":true,"valueName":"search_term_string"}}],"inLanguage":"es"},{"@type":"Organization","@id":"https:\/\/servifibal.cat\/es\/#organization","name":"Servifibal","url":"https:\/\/servifibal.cat\/es\/","logo":{"@type":"ImageObject","inLanguage":"es","@id":"https:\/\/servifibal.cat\/es\/#\/schema\/logo\/image\/","url":"https:\/\/servifibal.cat\/wp-content\/uploads\/2025\/11\/00-Logo-nou-blanc.png","contentUrl":"https:\/\/servifibal.cat\/wp-content\/uploads\/2025\/11\/00-Logo-nou-blanc.png","width":176,"height":38,"caption":"Servifibal"},"image":{"@id":"https:\/\/servifibal.cat\/es\/#\/schema\/logo\/image\/"}}]}},"_links":{"self":[{"href":"https:\/\/servifibal.cat\/es\/wp-json\/wp\/v2\/product\/74971","targetHints":{"allow":["GET"]}}],"collection":[{"href":"https:\/\/servifibal.cat\/es\/wp-json\/wp\/v2\/product"}],"about":[{"href":"https:\/\/servifibal.cat\/es\/wp-json\/wp\/v2\/types\/product"}],"wp:featuredmedia":[{"embeddable":true,"href":"https:\/\/servifibal.cat\/es\/wp-json\/wp\/v2\/media\/74972"}],"wp:attachment":[{"href":"https:\/\/servifibal.cat\/es\/wp-json\/wp\/v2\/media?parent=74971"}],"wp:term":[{"taxonomy":"product_brand","embeddable":true,"href":"https:\/\/servifibal.cat\/es\/wp-json\/wp\/v2\/product_brand?post=74971"},{"taxonomy":"product_cat","embeddable":true,"href":"https:\/\/servifibal.cat\/es\/wp-json\/wp\/v2\/product_cat?post=74971"},{"taxonomy":"product_tag","embeddable":true,"href":"https:\/\/servifibal.cat\/es\/wp-json\/wp\/v2\/product_tag?post=74971"}],"curies":[{"name":"wp","href":"https:\/\/api.w.org\/{rel}","templated":true}]}}