{"id":74890,"date":"2024-09-08T23:04:11","date_gmt":"2024-09-08T23:04:11","guid":{"rendered":"https:\/\/stage.servifibal.cat\/?post_type=product&#038;p=74890"},"modified":"2026-01-30T23:14:48","modified_gmt":"2026-01-30T23:14:48","slug":"vgp-25","status":"publish","type":"product","link":"https:\/\/servifibal.cat\/es\/prod\/vgp-25\/","title":{"rendered":"VGP 25"},"content":{"rendered":"","protected":false},"excerpt":{"rendered":"<p>La selladora de bandeja VGP est\u00e1 dise\u00f1ada para una operaci\u00f3n particularmente simple y procedimientos de envasado confiables, son la soluci\u00f3n ideal para un envasado al vac\u00edo econ\u00f3mico y profesional con bandejas y combinan facilidad de uso con confiabilidad. Su dise\u00f1o higi\u00e9nico f\u00e1cil de limpiar respalda las altas demandas de producci\u00f3n de alimentos.<\/p>\n<p>El cabezal de sellado con corte perimetral y la pel\u00edcula se pueden cambiar r\u00e1pidamente cuando se envasa con diferentes tama\u00f1os de bandeja.<\/p>\n<p>El sensor de vac\u00edo absoluto garantiza un vac\u00edo perfecto en todas las circunstancias, permite tambi\u00e9n el envasado de productos l\u00edquidos. Un sistema de inyecci\u00f3n de gas permite que las bandejas se llenen con atm\u00f3sfera modificada.<\/p>\n","protected":false},"featured_media":74891,"template":"","meta":{"_joinchat":[]},"product_brand":[565],"product_cat":[557],"product_tag":[],"class_list":{"0":"post-74890","1":"product","2":"type-product","3":"status-publish","4":"has-post-thumbnail","6":"product_brand-orved","7":"product_cat-termoselladoras-orved","9":"first","10":"instock","11":"shipping-taxable","12":"product-type-simple"},"yoast_head":"<!-- This site is optimized with the Yoast SEO plugin v27.5 - https:\/\/yoast.com\/product\/yoast-seo-wordpress\/ -->\n<title>VGP 25 - Servifibal<\/title>\n<meta name=\"robots\" content=\"index, follow, max-snippet:-1, max-image-preview:large, max-video-preview:-1\" \/>\n<link rel=\"canonical\" href=\"https:\/\/servifibal.cat\/es\/prod\/vgp-25\/\" \/>\n<meta property=\"og:locale\" content=\"es_ES\" \/>\n<meta property=\"og:type\" content=\"article\" \/>\n<meta property=\"og:title\" content=\"VGP 25 - Servifibal\" \/>\n<meta property=\"og:description\" content=\"La selladora de bandeja VGP est\u00e1 dise\u00f1ada para una operaci\u00f3n particularmente simple y procedimientos de envasado confiables, son la soluci\u00f3n ideal para un envasado al vac\u00edo econ\u00f3mico y profesional con bandejas y combinan facilidad de uso con confiabilidad. Su dise\u00f1o higi\u00e9nico f\u00e1cil de limpiar respalda las altas demandas de producci\u00f3n de alimentos.  El cabezal de sellado con corte perimetral y la pel\u00edcula se pueden cambiar r\u00e1pidamente cuando se envasa con diferentes tama\u00f1os de bandeja.  El sensor de vac\u00edo absoluto garantiza un vac\u00edo perfecto en todas las circunstancias, permite tambi\u00e9n el envasado de productos l\u00edquidos. Un sistema de inyecci\u00f3n de gas permite que las bandejas se llenen con atm\u00f3sfera modificada.\" \/>\n<meta property=\"og:url\" content=\"https:\/\/servifibal.cat\/es\/prod\/vgp-25\/\" \/>\n<meta property=\"og:site_name\" content=\"Servifibal\" \/>\n<meta property=\"article:modified_time\" content=\"2026-01-30T23:14:48+00:00\" \/>\n<meta property=\"og:image\" content=\"https:\/\/servifibal.cat\/wp-content\/uploads\/2025\/11\/img_440-1.jpg\" \/>\n\t<meta property=\"og:image:width\" content=\"900\" \/>\n\t<meta property=\"og:image:height\" content=\"675\" \/>\n\t<meta property=\"og:image:type\" content=\"image\/jpeg\" \/>\n<meta name=\"twitter:card\" content=\"summary_large_image\" \/>\n<meta name=\"twitter:label1\" content=\"Tiempo de lectura\" \/>\n\t<meta name=\"twitter:data1\" content=\"1 minuto\" \/>\n<script type=\"application\/ld+json\" class=\"yoast-schema-graph\">{\"@context\":\"https:\\\/\\\/schema.org\",\"@graph\":[{\"@type\":\"WebPage\",\"@id\":\"https:\\\/\\\/servifibal.cat\\\/es\\\/prod\\\/vgp-25\\\/\",\"url\":\"https:\\\/\\\/servifibal.cat\\\/es\\\/prod\\\/vgp-25\\\/\",\"name\":\"VGP 25 - Servifibal\",\"isPartOf\":{\"@id\":\"https:\\\/\\\/servifibal.cat\\\/es\\\/#website\"},\"primaryImageOfPage\":{\"@id\":\"https:\\\/\\\/servifibal.cat\\\/es\\\/prod\\\/vgp-25\\\/#primaryimage\"},\"image\":{\"@id\":\"https:\\\/\\\/servifibal.cat\\\/es\\\/prod\\\/vgp-25\\\/#primaryimage\"},\"thumbnailUrl\":\"https:\\\/\\\/servifibal.cat\\\/wp-content\\\/uploads\\\/2025\\\/11\\\/img_440-1.jpg\",\"datePublished\":\"2024-09-08T23:04:11+00:00\",\"dateModified\":\"2026-01-30T23:14:48+00:00\",\"breadcrumb\":{\"@id\":\"https:\\\/\\\/servifibal.cat\\\/es\\\/prod\\\/vgp-25\\\/#breadcrumb\"},\"inLanguage\":\"es\",\"potentialAction\":[{\"@type\":\"ReadAction\",\"target\":[\"https:\\\/\\\/servifibal.cat\\\/es\\\/prod\\\/vgp-25\\\/\"]}]},{\"@type\":\"ImageObject\",\"inLanguage\":\"es\",\"@id\":\"https:\\\/\\\/servifibal.cat\\\/es\\\/prod\\\/vgp-25\\\/#primaryimage\",\"url\":\"https:\\\/\\\/servifibal.cat\\\/wp-content\\\/uploads\\\/2025\\\/11\\\/img_440-1.jpg\",\"contentUrl\":\"https:\\\/\\\/servifibal.cat\\\/wp-content\\\/uploads\\\/2025\\\/11\\\/img_440-1.jpg\",\"width\":900,\"height\":675},{\"@type\":\"BreadcrumbList\",\"@id\":\"https:\\\/\\\/servifibal.cat\\\/es\\\/prod\\\/vgp-25\\\/#breadcrumb\",\"itemListElement\":[{\"@type\":\"ListItem\",\"position\":1,\"name\":\"Portada\",\"item\":\"https:\\\/\\\/servifibal.cat\\\/es\\\/inicio\\\/\"},{\"@type\":\"ListItem\",\"position\":2,\"name\":\"Tienda\",\"item\":\"https:\\\/\\\/servifibal.cat\\\/es\\\/tienda\\\/\"},{\"@type\":\"ListItem\",\"position\":3,\"name\":\"VGP 25\"}]},{\"@type\":\"WebSite\",\"@id\":\"https:\\\/\\\/servifibal.cat\\\/es\\\/#website\",\"url\":\"https:\\\/\\\/servifibal.cat\\\/es\\\/\",\"name\":\"Servifibal\",\"description\":\"Solucions per al petit comer\u00e7\",\"publisher\":{\"@id\":\"https:\\\/\\\/servifibal.cat\\\/es\\\/#organization\"},\"potentialAction\":[{\"@type\":\"SearchAction\",\"target\":{\"@type\":\"EntryPoint\",\"urlTemplate\":\"https:\\\/\\\/servifibal.cat\\\/es\\\/?s={search_term_string}\"},\"query-input\":{\"@type\":\"PropertyValueSpecification\",\"valueRequired\":true,\"valueName\":\"search_term_string\"}}],\"inLanguage\":\"es\"},{\"@type\":\"Organization\",\"@id\":\"https:\\\/\\\/servifibal.cat\\\/es\\\/#organization\",\"name\":\"Servifibal\",\"url\":\"https:\\\/\\\/servifibal.cat\\\/es\\\/\",\"logo\":{\"@type\":\"ImageObject\",\"inLanguage\":\"es\",\"@id\":\"https:\\\/\\\/servifibal.cat\\\/es\\\/#\\\/schema\\\/logo\\\/image\\\/\",\"url\":\"https:\\\/\\\/servifibal.cat\\\/wp-content\\\/uploads\\\/2025\\\/11\\\/00-Logo-nou-blanc.png\",\"contentUrl\":\"https:\\\/\\\/servifibal.cat\\\/wp-content\\\/uploads\\\/2025\\\/11\\\/00-Logo-nou-blanc.png\",\"width\":176,\"height\":38,\"caption\":\"Servifibal\"},\"image\":{\"@id\":\"https:\\\/\\\/servifibal.cat\\\/es\\\/#\\\/schema\\\/logo\\\/image\\\/\"}}]}<\/script>\n<!-- \/ Yoast SEO plugin. -->","yoast_head_json":{"title":"VGP 25 - Servifibal","robots":{"index":"index","follow":"follow","max-snippet":"max-snippet:-1","max-image-preview":"max-image-preview:large","max-video-preview":"max-video-preview:-1"},"canonical":"https:\/\/servifibal.cat\/es\/prod\/vgp-25\/","og_locale":"es_ES","og_type":"article","og_title":"VGP 25 - Servifibal","og_description":"La selladora de bandeja VGP est\u00e1 dise\u00f1ada para una operaci\u00f3n particularmente simple y procedimientos de envasado confiables, son la soluci\u00f3n ideal para un envasado al vac\u00edo econ\u00f3mico y profesional con bandejas y combinan facilidad de uso con confiabilidad. Su dise\u00f1o higi\u00e9nico f\u00e1cil de limpiar respalda las altas demandas de producci\u00f3n de alimentos.  El cabezal de sellado con corte perimetral y la pel\u00edcula se pueden cambiar r\u00e1pidamente cuando se envasa con diferentes tama\u00f1os de bandeja.  El sensor de vac\u00edo absoluto garantiza un vac\u00edo perfecto en todas las circunstancias, permite tambi\u00e9n el envasado de productos l\u00edquidos. Un sistema de inyecci\u00f3n de gas permite que las bandejas se llenen con atm\u00f3sfera modificada.","og_url":"https:\/\/servifibal.cat\/es\/prod\/vgp-25\/","og_site_name":"Servifibal","article_modified_time":"2026-01-30T23:14:48+00:00","og_image":[{"width":900,"height":675,"url":"https:\/\/servifibal.cat\/wp-content\/uploads\/2025\/11\/img_440-1.jpg","type":"image\/jpeg"}],"twitter_card":"summary_large_image","twitter_misc":{"Tiempo de lectura":"1 minuto"},"schema":{"@context":"https:\/\/schema.org","@graph":[{"@type":"WebPage","@id":"https:\/\/servifibal.cat\/es\/prod\/vgp-25\/","url":"https:\/\/servifibal.cat\/es\/prod\/vgp-25\/","name":"VGP 25 - Servifibal","isPartOf":{"@id":"https:\/\/servifibal.cat\/es\/#website"},"primaryImageOfPage":{"@id":"https:\/\/servifibal.cat\/es\/prod\/vgp-25\/#primaryimage"},"image":{"@id":"https:\/\/servifibal.cat\/es\/prod\/vgp-25\/#primaryimage"},"thumbnailUrl":"https:\/\/servifibal.cat\/wp-content\/uploads\/2025\/11\/img_440-1.jpg","datePublished":"2024-09-08T23:04:11+00:00","dateModified":"2026-01-30T23:14:48+00:00","breadcrumb":{"@id":"https:\/\/servifibal.cat\/es\/prod\/vgp-25\/#breadcrumb"},"inLanguage":"es","potentialAction":[{"@type":"ReadAction","target":["https:\/\/servifibal.cat\/es\/prod\/vgp-25\/"]}]},{"@type":"ImageObject","inLanguage":"es","@id":"https:\/\/servifibal.cat\/es\/prod\/vgp-25\/#primaryimage","url":"https:\/\/servifibal.cat\/wp-content\/uploads\/2025\/11\/img_440-1.jpg","contentUrl":"https:\/\/servifibal.cat\/wp-content\/uploads\/2025\/11\/img_440-1.jpg","width":900,"height":675},{"@type":"BreadcrumbList","@id":"https:\/\/servifibal.cat\/es\/prod\/vgp-25\/#breadcrumb","itemListElement":[{"@type":"ListItem","position":1,"name":"Portada","item":"https:\/\/servifibal.cat\/es\/inicio\/"},{"@type":"ListItem","position":2,"name":"Tienda","item":"https:\/\/servifibal.cat\/es\/tienda\/"},{"@type":"ListItem","position":3,"name":"VGP 25"}]},{"@type":"WebSite","@id":"https:\/\/servifibal.cat\/es\/#website","url":"https:\/\/servifibal.cat\/es\/","name":"Servifibal","description":"Solucions per al petit comer\u00e7","publisher":{"@id":"https:\/\/servifibal.cat\/es\/#organization"},"potentialAction":[{"@type":"SearchAction","target":{"@type":"EntryPoint","urlTemplate":"https:\/\/servifibal.cat\/es\/?s={search_term_string}"},"query-input":{"@type":"PropertyValueSpecification","valueRequired":true,"valueName":"search_term_string"}}],"inLanguage":"es"},{"@type":"Organization","@id":"https:\/\/servifibal.cat\/es\/#organization","name":"Servifibal","url":"https:\/\/servifibal.cat\/es\/","logo":{"@type":"ImageObject","inLanguage":"es","@id":"https:\/\/servifibal.cat\/es\/#\/schema\/logo\/image\/","url":"https:\/\/servifibal.cat\/wp-content\/uploads\/2025\/11\/00-Logo-nou-blanc.png","contentUrl":"https:\/\/servifibal.cat\/wp-content\/uploads\/2025\/11\/00-Logo-nou-blanc.png","width":176,"height":38,"caption":"Servifibal"},"image":{"@id":"https:\/\/servifibal.cat\/es\/#\/schema\/logo\/image\/"}}]}},"_links":{"self":[{"href":"https:\/\/servifibal.cat\/es\/wp-json\/wp\/v2\/product\/74890","targetHints":{"allow":["GET"]}}],"collection":[{"href":"https:\/\/servifibal.cat\/es\/wp-json\/wp\/v2\/product"}],"about":[{"href":"https:\/\/servifibal.cat\/es\/wp-json\/wp\/v2\/types\/product"}],"wp:featuredmedia":[{"embeddable":true,"href":"https:\/\/servifibal.cat\/es\/wp-json\/wp\/v2\/media\/74891"}],"wp:attachment":[{"href":"https:\/\/servifibal.cat\/es\/wp-json\/wp\/v2\/media?parent=74890"}],"wp:term":[{"taxonomy":"product_brand","embeddable":true,"href":"https:\/\/servifibal.cat\/es\/wp-json\/wp\/v2\/product_brand?post=74890"},{"taxonomy":"product_cat","embeddable":true,"href":"https:\/\/servifibal.cat\/es\/wp-json\/wp\/v2\/product_cat?post=74890"},{"taxonomy":"product_tag","embeddable":true,"href":"https:\/\/servifibal.cat\/es\/wp-json\/wp\/v2\/product_tag?post=74890"}],"curies":[{"name":"wp","href":"https:\/\/api.w.org\/{rel}","templated":true}]}}