{"id":74885,"date":"2024-09-08T22:59:55","date_gmt":"2024-09-08T22:59:55","guid":{"rendered":"https:\/\/stage.servifibal.cat\/?post_type=product&#038;p=74885"},"modified":"2026-01-30T22:51:46","modified_gmt":"2026-01-30T22:51:46","slug":"tb-5","status":"publish","type":"product","link":"https:\/\/servifibal.cat\/es\/prod\/tb-5\/","title":{"rendered":"TB 5"},"content":{"rendered":"","protected":false},"excerpt":{"rendered":"<ul>\n<li>Dimensiones exteriores: 1055 x 1106 x 1509 mm<\/li>\n<li>Medida m\u00e1xima de la bobina de film: ancho de 370 mm \/ di\u00e1metro 250 mm<\/li>\n<li>Bomba de vac\u00edo: 63 m3\/h de serie ( opciones de bomba de 100 m3\/h o Bomba RED)<\/li>\n<li>Conexi\u00f3n el\u00e9ctrica: 3F \u2013 400V<\/li>\n<li>Potencia instalada: 4,8 kw<\/li>\n<li>Peso: 330 Kg<\/li>\n<\/ul>\n<p>Capaz de absorber una velocidad de entre 3 y 8 ciclos\/minuto, dependiendo del producto a termosellar.<\/p>\n<p>Posibilidades de tiempo al envasar:<\/p>\n<ul>\n<li>28 bandejas \/ min en el modo solo sello<\/li>\n<li>16 bandejas \/ min en el modo M.A.P.<\/li>\n<li>12 bandejas \/ min en el modo Skin.<\/li>\n<\/ul>\n<p>Fabricada con un sistema operativo donde todas las funciones que ofrece la TB5 est\u00e1n controladas por una pantalla de PLC con 65.000 colores. Puerto USB \/ *Ethernet, 99 programas de embalaje, selecci\u00f3n de idiomas, control de temperatura integrado, M.A.P. par\u00e1metros, bandeja de la piel y vac\u00edo gradual.<\/p>\n<p>Fabricada en un formato s\u00f3lido y robusto, en acero inoxidable sobre placa de 1,2 cm de grosor.<\/p>\n<p>Sellado higi\u00e9nico y estanco.<\/p>\n<p>Presentaci\u00f3n de producto exclusiva para una presentaci\u00f3n \u00fanica en cualquier precocinado o plato preparado.<\/p>\n","protected":false},"featured_media":74886,"template":"","meta":{"_joinchat":[]},"product_brand":[563],"product_cat":[558],"product_tag":[],"class_list":{"0":"post-74885","1":"product","2":"type-product","3":"status-publish","4":"has-post-thumbnail","6":"product_brand-zermat","7":"product_cat-termoselladoras-zermat","9":"first","10":"instock","11":"shipping-taxable","12":"product-type-simple"},"yoast_head":"<!-- This site is optimized with the Yoast SEO plugin v27.5 - https:\/\/yoast.com\/product\/yoast-seo-wordpress\/ -->\n<title>TB 5 - Servifibal<\/title>\n<meta name=\"robots\" content=\"index, follow, max-snippet:-1, max-image-preview:large, max-video-preview:-1\" \/>\n<link rel=\"canonical\" href=\"https:\/\/servifibal.cat\/es\/prod\/tb-5\/\" \/>\n<meta property=\"og:locale\" content=\"es_ES\" \/>\n<meta property=\"og:type\" content=\"article\" \/>\n<meta property=\"og:title\" content=\"TB 5 - Servifibal\" \/>\n<meta property=\"og:description\" content=\"Dimensiones exteriores: 1055 x 1106 x 1509 mm  Medida m\u00e1xima de la bobina de film: ancho de 370 mm \/ di\u00e1metro 250 mm  Bomba de vac\u00edo: 63 m3\/h de serie ( opciones de bomba de 100 m3\/h o Bomba RED)  Conexi\u00f3n el\u00e9ctrica: 3F \u2013 400V  Potencia instalada: 4,8 kw  Peso: 330 Kg  Capaz de absorber una velocidad de entre 3 y 8 ciclos\/minuto, dependiendo del producto a termosellar.  Posibilidades de tiempo al envasar:   28 bandejas \/ min en el modo solo sello  16 bandejas \/ min en el modo M.A.P.  12 bandejas \/ min en el modo Skin.  Fabricada con un sistema operativo donde todas las funciones que ofrece la TB5 est\u00e1n controladas por una pantalla de PLC con 65.000 colores. Puerto USB \/ *Ethernet, 99 programas de embalaje, selecci\u00f3n de idiomas, control de temperatura integrado, M.A.P. par\u00e1metros, bandeja de la piel y vac\u00edo gradual.  Fabricada en un formato s\u00f3lido y robusto, en acero inoxidable sobre placa de 1,2 cm de grosor.  Sellado higi\u00e9nico y estanco.  Presentaci\u00f3n de producto exclusiva para una presentaci\u00f3n \u00fanica en cualquier precocinado o plato preparado.\" \/>\n<meta property=\"og:url\" content=\"https:\/\/servifibal.cat\/es\/prod\/tb-5\/\" \/>\n<meta property=\"og:site_name\" content=\"Servifibal\" \/>\n<meta property=\"article:modified_time\" content=\"2026-01-30T22:51:46+00:00\" \/>\n<meta property=\"og:image\" content=\"https:\/\/servifibal.cat\/wp-content\/uploads\/2025\/11\/TB5_0005-qtjzee3nk9xl06l6b72rvqmetb85tzqu2ls0gfmgcg.jpg\" \/>\n\t<meta property=\"og:image:width\" content=\"1200\" \/>\n\t<meta property=\"og:image:height\" content=\"800\" \/>\n\t<meta property=\"og:image:type\" content=\"image\/jpeg\" \/>\n<meta name=\"twitter:card\" content=\"summary_large_image\" \/>\n<meta name=\"twitter:label1\" content=\"Tiempo de lectura\" \/>\n\t<meta name=\"twitter:data1\" content=\"1 minuto\" \/>\n<script type=\"application\/ld+json\" class=\"yoast-schema-graph\">{\"@context\":\"https:\\\/\\\/schema.org\",\"@graph\":[{\"@type\":\"WebPage\",\"@id\":\"https:\\\/\\\/servifibal.cat\\\/es\\\/prod\\\/tb-5\\\/\",\"url\":\"https:\\\/\\\/servifibal.cat\\\/es\\\/prod\\\/tb-5\\\/\",\"name\":\"TB 5 - Servifibal\",\"isPartOf\":{\"@id\":\"https:\\\/\\\/servifibal.cat\\\/es\\\/#website\"},\"primaryImageOfPage\":{\"@id\":\"https:\\\/\\\/servifibal.cat\\\/es\\\/prod\\\/tb-5\\\/#primaryimage\"},\"image\":{\"@id\":\"https:\\\/\\\/servifibal.cat\\\/es\\\/prod\\\/tb-5\\\/#primaryimage\"},\"thumbnailUrl\":\"https:\\\/\\\/servifibal.cat\\\/wp-content\\\/uploads\\\/2025\\\/11\\\/TB5_0005-qtjzee3nk9xl06l6b72rvqmetb85tzqu2ls0gfmgcg.jpg\",\"datePublished\":\"2024-09-08T22:59:55+00:00\",\"dateModified\":\"2026-01-30T22:51:46+00:00\",\"breadcrumb\":{\"@id\":\"https:\\\/\\\/servifibal.cat\\\/es\\\/prod\\\/tb-5\\\/#breadcrumb\"},\"inLanguage\":\"es\",\"potentialAction\":[{\"@type\":\"ReadAction\",\"target\":[\"https:\\\/\\\/servifibal.cat\\\/es\\\/prod\\\/tb-5\\\/\"]}]},{\"@type\":\"ImageObject\",\"inLanguage\":\"es\",\"@id\":\"https:\\\/\\\/servifibal.cat\\\/es\\\/prod\\\/tb-5\\\/#primaryimage\",\"url\":\"https:\\\/\\\/servifibal.cat\\\/wp-content\\\/uploads\\\/2025\\\/11\\\/TB5_0005-qtjzee3nk9xl06l6b72rvqmetb85tzqu2ls0gfmgcg.jpg\",\"contentUrl\":\"https:\\\/\\\/servifibal.cat\\\/wp-content\\\/uploads\\\/2025\\\/11\\\/TB5_0005-qtjzee3nk9xl06l6b72rvqmetb85tzqu2ls0gfmgcg.jpg\",\"width\":1200,\"height\":800},{\"@type\":\"BreadcrumbList\",\"@id\":\"https:\\\/\\\/servifibal.cat\\\/es\\\/prod\\\/tb-5\\\/#breadcrumb\",\"itemListElement\":[{\"@type\":\"ListItem\",\"position\":1,\"name\":\"Portada\",\"item\":\"https:\\\/\\\/servifibal.cat\\\/es\\\/inicio\\\/\"},{\"@type\":\"ListItem\",\"position\":2,\"name\":\"Tienda\",\"item\":\"https:\\\/\\\/servifibal.cat\\\/es\\\/tienda\\\/\"},{\"@type\":\"ListItem\",\"position\":3,\"name\":\"TB 5\"}]},{\"@type\":\"WebSite\",\"@id\":\"https:\\\/\\\/servifibal.cat\\\/es\\\/#website\",\"url\":\"https:\\\/\\\/servifibal.cat\\\/es\\\/\",\"name\":\"Servifibal\",\"description\":\"Solucions per al petit comer\u00e7\",\"publisher\":{\"@id\":\"https:\\\/\\\/servifibal.cat\\\/es\\\/#organization\"},\"potentialAction\":[{\"@type\":\"SearchAction\",\"target\":{\"@type\":\"EntryPoint\",\"urlTemplate\":\"https:\\\/\\\/servifibal.cat\\\/es\\\/?s={search_term_string}\"},\"query-input\":{\"@type\":\"PropertyValueSpecification\",\"valueRequired\":true,\"valueName\":\"search_term_string\"}}],\"inLanguage\":\"es\"},{\"@type\":\"Organization\",\"@id\":\"https:\\\/\\\/servifibal.cat\\\/es\\\/#organization\",\"name\":\"Servifibal\",\"url\":\"https:\\\/\\\/servifibal.cat\\\/es\\\/\",\"logo\":{\"@type\":\"ImageObject\",\"inLanguage\":\"es\",\"@id\":\"https:\\\/\\\/servifibal.cat\\\/es\\\/#\\\/schema\\\/logo\\\/image\\\/\",\"url\":\"https:\\\/\\\/servifibal.cat\\\/wp-content\\\/uploads\\\/2025\\\/11\\\/00-Logo-nou-blanc.png\",\"contentUrl\":\"https:\\\/\\\/servifibal.cat\\\/wp-content\\\/uploads\\\/2025\\\/11\\\/00-Logo-nou-blanc.png\",\"width\":176,\"height\":38,\"caption\":\"Servifibal\"},\"image\":{\"@id\":\"https:\\\/\\\/servifibal.cat\\\/es\\\/#\\\/schema\\\/logo\\\/image\\\/\"}}]}<\/script>\n<!-- \/ Yoast SEO plugin. -->","yoast_head_json":{"title":"TB 5 - Servifibal","robots":{"index":"index","follow":"follow","max-snippet":"max-snippet:-1","max-image-preview":"max-image-preview:large","max-video-preview":"max-video-preview:-1"},"canonical":"https:\/\/servifibal.cat\/es\/prod\/tb-5\/","og_locale":"es_ES","og_type":"article","og_title":"TB 5 - Servifibal","og_description":"Dimensiones exteriores: 1055 x 1106 x 1509 mm  Medida m\u00e1xima de la bobina de film: ancho de 370 mm \/ di\u00e1metro 250 mm  Bomba de vac\u00edo: 63 m3\/h de serie ( opciones de bomba de 100 m3\/h o Bomba RED)  Conexi\u00f3n el\u00e9ctrica: 3F \u2013 400V  Potencia instalada: 4,8 kw  Peso: 330 Kg  Capaz de absorber una velocidad de entre 3 y 8 ciclos\/minuto, dependiendo del producto a termosellar.  Posibilidades de tiempo al envasar:   28 bandejas \/ min en el modo solo sello  16 bandejas \/ min en el modo M.A.P.  12 bandejas \/ min en el modo Skin.  Fabricada con un sistema operativo donde todas las funciones que ofrece la TB5 est\u00e1n controladas por una pantalla de PLC con 65.000 colores. Puerto USB \/ *Ethernet, 99 programas de embalaje, selecci\u00f3n de idiomas, control de temperatura integrado, M.A.P. par\u00e1metros, bandeja de la piel y vac\u00edo gradual.  Fabricada en un formato s\u00f3lido y robusto, en acero inoxidable sobre placa de 1,2 cm de grosor.  Sellado higi\u00e9nico y estanco.  Presentaci\u00f3n de producto exclusiva para una presentaci\u00f3n \u00fanica en cualquier precocinado o plato preparado.","og_url":"https:\/\/servifibal.cat\/es\/prod\/tb-5\/","og_site_name":"Servifibal","article_modified_time":"2026-01-30T22:51:46+00:00","og_image":[{"width":1200,"height":800,"url":"https:\/\/servifibal.cat\/wp-content\/uploads\/2025\/11\/TB5_0005-qtjzee3nk9xl06l6b72rvqmetb85tzqu2ls0gfmgcg.jpg","type":"image\/jpeg"}],"twitter_card":"summary_large_image","twitter_misc":{"Tiempo de lectura":"1 minuto"},"schema":{"@context":"https:\/\/schema.org","@graph":[{"@type":"WebPage","@id":"https:\/\/servifibal.cat\/es\/prod\/tb-5\/","url":"https:\/\/servifibal.cat\/es\/prod\/tb-5\/","name":"TB 5 - Servifibal","isPartOf":{"@id":"https:\/\/servifibal.cat\/es\/#website"},"primaryImageOfPage":{"@id":"https:\/\/servifibal.cat\/es\/prod\/tb-5\/#primaryimage"},"image":{"@id":"https:\/\/servifibal.cat\/es\/prod\/tb-5\/#primaryimage"},"thumbnailUrl":"https:\/\/servifibal.cat\/wp-content\/uploads\/2025\/11\/TB5_0005-qtjzee3nk9xl06l6b72rvqmetb85tzqu2ls0gfmgcg.jpg","datePublished":"2024-09-08T22:59:55+00:00","dateModified":"2026-01-30T22:51:46+00:00","breadcrumb":{"@id":"https:\/\/servifibal.cat\/es\/prod\/tb-5\/#breadcrumb"},"inLanguage":"es","potentialAction":[{"@type":"ReadAction","target":["https:\/\/servifibal.cat\/es\/prod\/tb-5\/"]}]},{"@type":"ImageObject","inLanguage":"es","@id":"https:\/\/servifibal.cat\/es\/prod\/tb-5\/#primaryimage","url":"https:\/\/servifibal.cat\/wp-content\/uploads\/2025\/11\/TB5_0005-qtjzee3nk9xl06l6b72rvqmetb85tzqu2ls0gfmgcg.jpg","contentUrl":"https:\/\/servifibal.cat\/wp-content\/uploads\/2025\/11\/TB5_0005-qtjzee3nk9xl06l6b72rvqmetb85tzqu2ls0gfmgcg.jpg","width":1200,"height":800},{"@type":"BreadcrumbList","@id":"https:\/\/servifibal.cat\/es\/prod\/tb-5\/#breadcrumb","itemListElement":[{"@type":"ListItem","position":1,"name":"Portada","item":"https:\/\/servifibal.cat\/es\/inicio\/"},{"@type":"ListItem","position":2,"name":"Tienda","item":"https:\/\/servifibal.cat\/es\/tienda\/"},{"@type":"ListItem","position":3,"name":"TB 5"}]},{"@type":"WebSite","@id":"https:\/\/servifibal.cat\/es\/#website","url":"https:\/\/servifibal.cat\/es\/","name":"Servifibal","description":"Solucions per al petit comer\u00e7","publisher":{"@id":"https:\/\/servifibal.cat\/es\/#organization"},"potentialAction":[{"@type":"SearchAction","target":{"@type":"EntryPoint","urlTemplate":"https:\/\/servifibal.cat\/es\/?s={search_term_string}"},"query-input":{"@type":"PropertyValueSpecification","valueRequired":true,"valueName":"search_term_string"}}],"inLanguage":"es"},{"@type":"Organization","@id":"https:\/\/servifibal.cat\/es\/#organization","name":"Servifibal","url":"https:\/\/servifibal.cat\/es\/","logo":{"@type":"ImageObject","inLanguage":"es","@id":"https:\/\/servifibal.cat\/es\/#\/schema\/logo\/image\/","url":"https:\/\/servifibal.cat\/wp-content\/uploads\/2025\/11\/00-Logo-nou-blanc.png","contentUrl":"https:\/\/servifibal.cat\/wp-content\/uploads\/2025\/11\/00-Logo-nou-blanc.png","width":176,"height":38,"caption":"Servifibal"},"image":{"@id":"https:\/\/servifibal.cat\/es\/#\/schema\/logo\/image\/"}}]}},"_links":{"self":[{"href":"https:\/\/servifibal.cat\/es\/wp-json\/wp\/v2\/product\/74885","targetHints":{"allow":["GET"]}}],"collection":[{"href":"https:\/\/servifibal.cat\/es\/wp-json\/wp\/v2\/product"}],"about":[{"href":"https:\/\/servifibal.cat\/es\/wp-json\/wp\/v2\/types\/product"}],"wp:featuredmedia":[{"embeddable":true,"href":"https:\/\/servifibal.cat\/es\/wp-json\/wp\/v2\/media\/74886"}],"wp:attachment":[{"href":"https:\/\/servifibal.cat\/es\/wp-json\/wp\/v2\/media?parent=74885"}],"wp:term":[{"taxonomy":"product_brand","embeddable":true,"href":"https:\/\/servifibal.cat\/es\/wp-json\/wp\/v2\/product_brand?post=74885"},{"taxonomy":"product_cat","embeddable":true,"href":"https:\/\/servifibal.cat\/es\/wp-json\/wp\/v2\/product_cat?post=74885"},{"taxonomy":"product_tag","embeddable":true,"href":"https:\/\/servifibal.cat\/es\/wp-json\/wp\/v2\/product_tag?post=74885"}],"curies":[{"name":"wp","href":"https:\/\/api.w.org\/{rel}","templated":true}]}}