{"id":74880,"date":"2024-09-08T22:58:24","date_gmt":"2024-09-08T22:58:24","guid":{"rendered":"https:\/\/stage.servifibal.cat\/?post_type=product&#038;p=74880"},"modified":"2026-01-30T22:50:55","modified_gmt":"2026-01-30T22:50:55","slug":"tb-4","status":"publish","type":"product","link":"https:\/\/servifibal.cat\/es\/prod\/tb-4\/","title":{"rendered":"TB 4"},"content":{"rendered":"","protected":false},"excerpt":{"rendered":"<ul>\n<li>Dimensiones exteriores: 2595 x 940 x 1725 mm<\/li>\n<li>Medidas m\u00e1ximas de bandeja a envasar: 1\/2 Gr. 325 x 265 x 115 mm<\/li>\n<li>Bomba de vac\u00edo: Busch 63 m3\/h de serie , opci\u00f3n de bomba Busch de 100m3\/h<\/li>\n<li>Potencia: 5\u20198 kw<\/li>\n<li>Presi\u00f3n de gas inerte: 6 bar \u2013 7 \/ 25 NI \/ C<\/li>\n<li>Conexi\u00f3n el\u00e9ctrica: 3 \/ N \/ PE 400V 50Hz<\/li>\n<\/ul>\n<ul>\n<li>Equipo simple, robusto y fiable<\/li>\n<li>Equipo 100% el\u00e9ctrico, no precisa de la conexi\u00f3n para aire comprimido<\/li>\n<li>Moldes intercambiables f\u00e1cilmente<\/li>\n<li>Dise\u00f1o extra compacto<\/li>\n<li>Construcci\u00f3n en acero inox y aluminio anodizado<\/li>\n<li>Control de vac\u00edo y compensaci\u00f3n-inyecci\u00f3n de gas por sensor<\/li>\n<li>Programas configurables<\/li>\n<li>Mantenimiento simple y b\u00e1sico<\/li>\n<li>F\u00e1cil acceso a todas las partes para mantenimiento o ajustes<\/li>\n<\/ul>\n","protected":false},"featured_media":74881,"template":"","meta":{"_joinchat":[]},"product_brand":[563],"product_cat":[558],"product_tag":[],"class_list":{"0":"post-74880","1":"product","2":"type-product","3":"status-publish","4":"has-post-thumbnail","6":"product_brand-zermat","7":"product_cat-termoselladoras-zermat","9":"first","10":"instock","11":"shipping-taxable","12":"product-type-simple"},"yoast_head":"<!-- This site is optimized with the Yoast SEO plugin v27.5 - https:\/\/yoast.com\/product\/yoast-seo-wordpress\/ -->\n<title>TB 4 - Servifibal<\/title>\n<meta name=\"robots\" content=\"index, follow, max-snippet:-1, max-image-preview:large, max-video-preview:-1\" \/>\n<link rel=\"canonical\" href=\"https:\/\/servifibal.cat\/es\/prod\/tb-4\/\" \/>\n<meta property=\"og:locale\" content=\"es_ES\" \/>\n<meta property=\"og:type\" content=\"article\" \/>\n<meta property=\"og:title\" content=\"TB 4 - Servifibal\" \/>\n<meta property=\"og:description\" content=\"Dimensiones exteriores: 2595 x 940 x 1725 mm  Medidas m\u00e1ximas de bandeja a envasar: 1\/2 Gr. 325 x 265 x 115 mm  Bomba de vac\u00edo: Busch 63 m3\/h de serie , opci\u00f3n de bomba Busch de 100m3\/h  Potencia: 5\u20198 kw  Presi\u00f3n de gas inerte: 6 bar \u2013 7 \/ 25 NI \/ C  Conexi\u00f3n el\u00e9ctrica: 3 \/ N \/ PE 400V 50Hz    Equipo simple, robusto y fiable  Equipo 100% el\u00e9ctrico, no precisa de la conexi\u00f3n para aire comprimido  Moldes intercambiables f\u00e1cilmente  Dise\u00f1o extra compacto  Construcci\u00f3n en acero inox y aluminio anodizado  Control de vac\u00edo y compensaci\u00f3n-inyecci\u00f3n de gas por sensor  Programas configurables  Mantenimiento simple y b\u00e1sico  F\u00e1cil acceso a todas las partes para mantenimiento o ajustes\" \/>\n<meta property=\"og:url\" content=\"https:\/\/servifibal.cat\/es\/prod\/tb-4\/\" \/>\n<meta property=\"og:site_name\" content=\"Servifibal\" \/>\n<meta property=\"article:modified_time\" content=\"2026-01-30T22:50:55+00:00\" \/>\n<meta property=\"og:image\" content=\"https:\/\/servifibal.cat\/wp-content\/uploads\/2025\/11\/Termoselladora-automatica-Zermat-TB4-qtjzee3nk9xl06l6b72rvqmetb85tzqu2ls0gfmgcg.jpg\" \/>\n\t<meta property=\"og:image:width\" content=\"1200\" \/>\n\t<meta property=\"og:image:height\" content=\"800\" \/>\n\t<meta property=\"og:image:type\" content=\"image\/jpeg\" \/>\n<meta name=\"twitter:card\" content=\"summary_large_image\" \/>\n<meta name=\"twitter:label1\" content=\"Tiempo de lectura\" \/>\n\t<meta name=\"twitter:data1\" content=\"1 minuto\" \/>\n<script type=\"application\/ld+json\" class=\"yoast-schema-graph\">{\"@context\":\"https:\\\/\\\/schema.org\",\"@graph\":[{\"@type\":\"WebPage\",\"@id\":\"https:\\\/\\\/servifibal.cat\\\/es\\\/prod\\\/tb-4\\\/\",\"url\":\"https:\\\/\\\/servifibal.cat\\\/es\\\/prod\\\/tb-4\\\/\",\"name\":\"TB 4 - Servifibal\",\"isPartOf\":{\"@id\":\"https:\\\/\\\/servifibal.cat\\\/es\\\/#website\"},\"primaryImageOfPage\":{\"@id\":\"https:\\\/\\\/servifibal.cat\\\/es\\\/prod\\\/tb-4\\\/#primaryimage\"},\"image\":{\"@id\":\"https:\\\/\\\/servifibal.cat\\\/es\\\/prod\\\/tb-4\\\/#primaryimage\"},\"thumbnailUrl\":\"https:\\\/\\\/servifibal.cat\\\/wp-content\\\/uploads\\\/2025\\\/11\\\/Termoselladora-automatica-Zermat-TB4-qtjzee3nk9xl06l6b72rvqmetb85tzqu2ls0gfmgcg.jpg\",\"datePublished\":\"2024-09-08T22:58:24+00:00\",\"dateModified\":\"2026-01-30T22:50:55+00:00\",\"breadcrumb\":{\"@id\":\"https:\\\/\\\/servifibal.cat\\\/es\\\/prod\\\/tb-4\\\/#breadcrumb\"},\"inLanguage\":\"es\",\"potentialAction\":[{\"@type\":\"ReadAction\",\"target\":[\"https:\\\/\\\/servifibal.cat\\\/es\\\/prod\\\/tb-4\\\/\"]}]},{\"@type\":\"ImageObject\",\"inLanguage\":\"es\",\"@id\":\"https:\\\/\\\/servifibal.cat\\\/es\\\/prod\\\/tb-4\\\/#primaryimage\",\"url\":\"https:\\\/\\\/servifibal.cat\\\/wp-content\\\/uploads\\\/2025\\\/11\\\/Termoselladora-automatica-Zermat-TB4-qtjzee3nk9xl06l6b72rvqmetb85tzqu2ls0gfmgcg.jpg\",\"contentUrl\":\"https:\\\/\\\/servifibal.cat\\\/wp-content\\\/uploads\\\/2025\\\/11\\\/Termoselladora-automatica-Zermat-TB4-qtjzee3nk9xl06l6b72rvqmetb85tzqu2ls0gfmgcg.jpg\",\"width\":1200,\"height\":800},{\"@type\":\"BreadcrumbList\",\"@id\":\"https:\\\/\\\/servifibal.cat\\\/es\\\/prod\\\/tb-4\\\/#breadcrumb\",\"itemListElement\":[{\"@type\":\"ListItem\",\"position\":1,\"name\":\"Portada\",\"item\":\"https:\\\/\\\/servifibal.cat\\\/es\\\/inicio\\\/\"},{\"@type\":\"ListItem\",\"position\":2,\"name\":\"Tienda\",\"item\":\"https:\\\/\\\/servifibal.cat\\\/es\\\/tienda\\\/\"},{\"@type\":\"ListItem\",\"position\":3,\"name\":\"TB 4\"}]},{\"@type\":\"WebSite\",\"@id\":\"https:\\\/\\\/servifibal.cat\\\/es\\\/#website\",\"url\":\"https:\\\/\\\/servifibal.cat\\\/es\\\/\",\"name\":\"Servifibal\",\"description\":\"Solucions per al petit comer\u00e7\",\"publisher\":{\"@id\":\"https:\\\/\\\/servifibal.cat\\\/es\\\/#organization\"},\"potentialAction\":[{\"@type\":\"SearchAction\",\"target\":{\"@type\":\"EntryPoint\",\"urlTemplate\":\"https:\\\/\\\/servifibal.cat\\\/es\\\/?s={search_term_string}\"},\"query-input\":{\"@type\":\"PropertyValueSpecification\",\"valueRequired\":true,\"valueName\":\"search_term_string\"}}],\"inLanguage\":\"es\"},{\"@type\":\"Organization\",\"@id\":\"https:\\\/\\\/servifibal.cat\\\/es\\\/#organization\",\"name\":\"Servifibal\",\"url\":\"https:\\\/\\\/servifibal.cat\\\/es\\\/\",\"logo\":{\"@type\":\"ImageObject\",\"inLanguage\":\"es\",\"@id\":\"https:\\\/\\\/servifibal.cat\\\/es\\\/#\\\/schema\\\/logo\\\/image\\\/\",\"url\":\"https:\\\/\\\/servifibal.cat\\\/wp-content\\\/uploads\\\/2025\\\/11\\\/00-Logo-nou-blanc.png\",\"contentUrl\":\"https:\\\/\\\/servifibal.cat\\\/wp-content\\\/uploads\\\/2025\\\/11\\\/00-Logo-nou-blanc.png\",\"width\":176,\"height\":38,\"caption\":\"Servifibal\"},\"image\":{\"@id\":\"https:\\\/\\\/servifibal.cat\\\/es\\\/#\\\/schema\\\/logo\\\/image\\\/\"}}]}<\/script>\n<!-- \/ Yoast SEO plugin. -->","yoast_head_json":{"title":"TB 4 - Servifibal","robots":{"index":"index","follow":"follow","max-snippet":"max-snippet:-1","max-image-preview":"max-image-preview:large","max-video-preview":"max-video-preview:-1"},"canonical":"https:\/\/servifibal.cat\/es\/prod\/tb-4\/","og_locale":"es_ES","og_type":"article","og_title":"TB 4 - Servifibal","og_description":"Dimensiones exteriores: 2595 x 940 x 1725 mm  Medidas m\u00e1ximas de bandeja a envasar: 1\/2 Gr. 325 x 265 x 115 mm  Bomba de vac\u00edo: Busch 63 m3\/h de serie , opci\u00f3n de bomba Busch de 100m3\/h  Potencia: 5\u20198 kw  Presi\u00f3n de gas inerte: 6 bar \u2013 7 \/ 25 NI \/ C  Conexi\u00f3n el\u00e9ctrica: 3 \/ N \/ PE 400V 50Hz    Equipo simple, robusto y fiable  Equipo 100% el\u00e9ctrico, no precisa de la conexi\u00f3n para aire comprimido  Moldes intercambiables f\u00e1cilmente  Dise\u00f1o extra compacto  Construcci\u00f3n en acero inox y aluminio anodizado  Control de vac\u00edo y compensaci\u00f3n-inyecci\u00f3n de gas por sensor  Programas configurables  Mantenimiento simple y b\u00e1sico  F\u00e1cil acceso a todas las partes para mantenimiento o ajustes","og_url":"https:\/\/servifibal.cat\/es\/prod\/tb-4\/","og_site_name":"Servifibal","article_modified_time":"2026-01-30T22:50:55+00:00","og_image":[{"width":1200,"height":800,"url":"https:\/\/servifibal.cat\/wp-content\/uploads\/2025\/11\/Termoselladora-automatica-Zermat-TB4-qtjzee3nk9xl06l6b72rvqmetb85tzqu2ls0gfmgcg.jpg","type":"image\/jpeg"}],"twitter_card":"summary_large_image","twitter_misc":{"Tiempo de lectura":"1 minuto"},"schema":{"@context":"https:\/\/schema.org","@graph":[{"@type":"WebPage","@id":"https:\/\/servifibal.cat\/es\/prod\/tb-4\/","url":"https:\/\/servifibal.cat\/es\/prod\/tb-4\/","name":"TB 4 - Servifibal","isPartOf":{"@id":"https:\/\/servifibal.cat\/es\/#website"},"primaryImageOfPage":{"@id":"https:\/\/servifibal.cat\/es\/prod\/tb-4\/#primaryimage"},"image":{"@id":"https:\/\/servifibal.cat\/es\/prod\/tb-4\/#primaryimage"},"thumbnailUrl":"https:\/\/servifibal.cat\/wp-content\/uploads\/2025\/11\/Termoselladora-automatica-Zermat-TB4-qtjzee3nk9xl06l6b72rvqmetb85tzqu2ls0gfmgcg.jpg","datePublished":"2024-09-08T22:58:24+00:00","dateModified":"2026-01-30T22:50:55+00:00","breadcrumb":{"@id":"https:\/\/servifibal.cat\/es\/prod\/tb-4\/#breadcrumb"},"inLanguage":"es","potentialAction":[{"@type":"ReadAction","target":["https:\/\/servifibal.cat\/es\/prod\/tb-4\/"]}]},{"@type":"ImageObject","inLanguage":"es","@id":"https:\/\/servifibal.cat\/es\/prod\/tb-4\/#primaryimage","url":"https:\/\/servifibal.cat\/wp-content\/uploads\/2025\/11\/Termoselladora-automatica-Zermat-TB4-qtjzee3nk9xl06l6b72rvqmetb85tzqu2ls0gfmgcg.jpg","contentUrl":"https:\/\/servifibal.cat\/wp-content\/uploads\/2025\/11\/Termoselladora-automatica-Zermat-TB4-qtjzee3nk9xl06l6b72rvqmetb85tzqu2ls0gfmgcg.jpg","width":1200,"height":800},{"@type":"BreadcrumbList","@id":"https:\/\/servifibal.cat\/es\/prod\/tb-4\/#breadcrumb","itemListElement":[{"@type":"ListItem","position":1,"name":"Portada","item":"https:\/\/servifibal.cat\/es\/inicio\/"},{"@type":"ListItem","position":2,"name":"Tienda","item":"https:\/\/servifibal.cat\/es\/tienda\/"},{"@type":"ListItem","position":3,"name":"TB 4"}]},{"@type":"WebSite","@id":"https:\/\/servifibal.cat\/es\/#website","url":"https:\/\/servifibal.cat\/es\/","name":"Servifibal","description":"Solucions per al petit comer\u00e7","publisher":{"@id":"https:\/\/servifibal.cat\/es\/#organization"},"potentialAction":[{"@type":"SearchAction","target":{"@type":"EntryPoint","urlTemplate":"https:\/\/servifibal.cat\/es\/?s={search_term_string}"},"query-input":{"@type":"PropertyValueSpecification","valueRequired":true,"valueName":"search_term_string"}}],"inLanguage":"es"},{"@type":"Organization","@id":"https:\/\/servifibal.cat\/es\/#organization","name":"Servifibal","url":"https:\/\/servifibal.cat\/es\/","logo":{"@type":"ImageObject","inLanguage":"es","@id":"https:\/\/servifibal.cat\/es\/#\/schema\/logo\/image\/","url":"https:\/\/servifibal.cat\/wp-content\/uploads\/2025\/11\/00-Logo-nou-blanc.png","contentUrl":"https:\/\/servifibal.cat\/wp-content\/uploads\/2025\/11\/00-Logo-nou-blanc.png","width":176,"height":38,"caption":"Servifibal"},"image":{"@id":"https:\/\/servifibal.cat\/es\/#\/schema\/logo\/image\/"}}]}},"_links":{"self":[{"href":"https:\/\/servifibal.cat\/es\/wp-json\/wp\/v2\/product\/74880","targetHints":{"allow":["GET"]}}],"collection":[{"href":"https:\/\/servifibal.cat\/es\/wp-json\/wp\/v2\/product"}],"about":[{"href":"https:\/\/servifibal.cat\/es\/wp-json\/wp\/v2\/types\/product"}],"wp:featuredmedia":[{"embeddable":true,"href":"https:\/\/servifibal.cat\/es\/wp-json\/wp\/v2\/media\/74881"}],"wp:attachment":[{"href":"https:\/\/servifibal.cat\/es\/wp-json\/wp\/v2\/media?parent=74880"}],"wp:term":[{"taxonomy":"product_brand","embeddable":true,"href":"https:\/\/servifibal.cat\/es\/wp-json\/wp\/v2\/product_brand?post=74880"},{"taxonomy":"product_cat","embeddable":true,"href":"https:\/\/servifibal.cat\/es\/wp-json\/wp\/v2\/product_cat?post=74880"},{"taxonomy":"product_tag","embeddable":true,"href":"https:\/\/servifibal.cat\/es\/wp-json\/wp\/v2\/product_tag?post=74880"}],"curies":[{"name":"wp","href":"https:\/\/api.w.org\/{rel}","templated":true}]}}