{"id":74874,"date":"2024-09-08T22:55:32","date_gmt":"2024-09-08T22:55:32","guid":{"rendered":"https:\/\/stage.servifibal.cat\/?post_type=product&#038;p=74874"},"modified":"2026-01-30T22:50:00","modified_gmt":"2026-01-30T22:50:00","slug":"tb-2-pro","status":"publish","type":"product","link":"https:\/\/servifibal.cat\/es\/prod\/tb-2-pro\/","title":{"rendered":"TB 2 PRO"},"content":{"rendered":"","protected":false},"excerpt":{"rendered":"<h5>Dimensiones exteriores:<\/h5>\n<p>630 x 980 x 1.490 mm<\/p>\n<h5>Medidas m\u00e1ximas de bandeja a envasar:<\/h5>\n<p>1\/2 Gr. 325 x 265 x 115 mm<\/p>\n<p><strong>Potencia:<\/strong><\/p>\n<p>2\u20193 kw<\/p>\n<p><strong>Bomba de vac\u00edo:<\/strong><\/p>\n<p>Busch 40 m3\/h (opcional 63m3\/h \u2013 100m3\/h)<\/p>\n<p><strong>Peso:<\/strong><\/p>\n<p>235 Kg<\/p>\n<ul>\n<li>Robustez y fiabilidad.<\/li>\n<li>Moldes intercambiables en pocos minutos.<\/li>\n<li>Dise\u00f1o compacto y ergon\u00f3mico.<\/li>\n<li>Construcci\u00f3n en acero inoxidable y aluminio anodizado.<\/li>\n<li>Control de vac\u00edo por sensor.<\/li>\n<li>Equipo muy compacto, ocupa el m\u00ednimo espacio.<\/li>\n<li>Bomba de vac\u00edo de 63m3\/h de serie.<\/li>\n<li>Panel de control con programas memorizables.<\/li>\n<li>Nivel de vac\u00edo y porcentaje de inyecci\u00f3n de gas programables.<\/li>\n<li>Corte perimetral del film superior en el contorno de la bandeja de serie.<\/li>\n<li>Fabricaci\u00f3n de moldes a la medida de cada bandeja.<\/li>\n<li>Sistema de sellado con pesta\u00f1a de film para abre-f\u00e1cil de serie<\/li>\n<li>Panel de control f\u00e1cil e intuitivo.<\/li>\n<li>M\u00e1quina simple y robusta con dise\u00f1o ergon\u00f3mico para el usuario.<\/li>\n<li>10 Programas memorizables.<\/li>\n<li>Sistema integrado para el bobinado autom\u00e1tico y tensado del film superior.<\/li>\n<li>Control de tiempo de sellado (segundos) y temperatura del molde ajustable.<\/li>\n<li>Panel de control con pulsador stop para interrumpir el ciclo (con o sin sellado).<\/li>\n<li>Brazo bobinador-recogedor de film en la parte posterior. Este tensa el film en el momento de sellado para un mejor acabado.<\/li>\n<\/ul>\n","protected":false},"featured_media":74875,"template":"","meta":{"_joinchat":[]},"product_brand":[563],"product_cat":[558],"product_tag":[],"class_list":{"0":"post-74874","1":"product","2":"type-product","3":"status-publish","4":"has-post-thumbnail","6":"product_brand-zermat","7":"product_cat-termoselladoras-zermat","9":"first","10":"instock","11":"shipping-taxable","12":"product-type-simple"},"yoast_head":"<!-- This site is optimized with the Yoast SEO plugin v27.5 - https:\/\/yoast.com\/product\/yoast-seo-wordpress\/ -->\n<title>TB 2 PRO - Servifibal<\/title>\n<meta name=\"robots\" content=\"index, follow, max-snippet:-1, max-image-preview:large, max-video-preview:-1\" \/>\n<link rel=\"canonical\" href=\"https:\/\/servifibal.cat\/es\/prod\/tb-2-pro\/\" \/>\n<meta property=\"og:locale\" content=\"es_ES\" \/>\n<meta property=\"og:type\" content=\"article\" \/>\n<meta property=\"og:title\" content=\"TB 2 PRO - Servifibal\" \/>\n<meta property=\"og:description\" content=\"Dimensiones exteriores: 630 x 980 x 1.490 mm Medidas m\u00e1ximas de bandeja a envasar: 1\/2 Gr. 325 x 265 x 115 mm  Potencia:  2\u20193 kw  Bomba de vac\u00edo:  Busch 40 m3\/h (opcional 63m3\/h \u2013 100m3\/h)  Peso:  235 Kg   Robustez y fiabilidad.  Moldes intercambiables en pocos minutos.  Dise\u00f1o compacto y ergon\u00f3mico.  Construcci\u00f3n en acero inoxidable y aluminio anodizado.  Control de vac\u00edo por sensor.  Equipo muy compacto, ocupa el m\u00ednimo espacio.  Bomba de vac\u00edo de 63m3\/h de serie.  Panel de control con programas memorizables.  Nivel de vac\u00edo y porcentaje de inyecci\u00f3n de gas programables.  Corte perimetral del film superior en el contorno de la bandeja de serie.  Fabricaci\u00f3n de moldes a la medida de cada bandeja.  Sistema de sellado con pesta\u00f1a de film para abre-f\u00e1cil de serie  Panel de control f\u00e1cil e intuitivo.  M\u00e1quina simple y robusta con dise\u00f1o ergon\u00f3mico para el usuario.  10 Programas memorizables.  Sistema integrado para el bobinado autom\u00e1tico y tensado del film superior.  Control de tiempo de sellado (segundos) y temperatura del molde ajustable.  Panel de control con pulsador stop para interrumpir el ciclo (con o sin sellado).  Brazo bobinador-recogedor de film en la parte posterior. Este tensa el film en el momento de sellado para un mejor acabado.\" \/>\n<meta property=\"og:url\" content=\"https:\/\/servifibal.cat\/es\/prod\/tb-2-pro\/\" \/>\n<meta property=\"og:site_name\" content=\"Servifibal\" \/>\n<meta property=\"article:modified_time\" content=\"2026-01-30T22:50:00+00:00\" \/>\n<meta property=\"og:image\" content=\"https:\/\/servifibal.cat\/wp-content\/uploads\/2025\/11\/TB2-PRO_0002-web2-qtjzee3nk9xl06l6b72rvqmetb85tzqu2ls0gfmgcg.jpg\" \/>\n\t<meta property=\"og:image:width\" content=\"1200\" \/>\n\t<meta property=\"og:image:height\" content=\"800\" \/>\n\t<meta property=\"og:image:type\" content=\"image\/jpeg\" \/>\n<meta name=\"twitter:card\" content=\"summary_large_image\" \/>\n<meta name=\"twitter:label1\" content=\"Tiempo de lectura\" \/>\n\t<meta name=\"twitter:data1\" content=\"1 minuto\" \/>\n<script type=\"application\/ld+json\" class=\"yoast-schema-graph\">{\"@context\":\"https:\\\/\\\/schema.org\",\"@graph\":[{\"@type\":\"WebPage\",\"@id\":\"https:\\\/\\\/servifibal.cat\\\/es\\\/prod\\\/tb-2-pro\\\/\",\"url\":\"https:\\\/\\\/servifibal.cat\\\/es\\\/prod\\\/tb-2-pro\\\/\",\"name\":\"TB 2 PRO - Servifibal\",\"isPartOf\":{\"@id\":\"https:\\\/\\\/servifibal.cat\\\/es\\\/#website\"},\"primaryImageOfPage\":{\"@id\":\"https:\\\/\\\/servifibal.cat\\\/es\\\/prod\\\/tb-2-pro\\\/#primaryimage\"},\"image\":{\"@id\":\"https:\\\/\\\/servifibal.cat\\\/es\\\/prod\\\/tb-2-pro\\\/#primaryimage\"},\"thumbnailUrl\":\"https:\\\/\\\/servifibal.cat\\\/wp-content\\\/uploads\\\/2025\\\/11\\\/TB2-PRO_0002-web2-qtjzee3nk9xl06l6b72rvqmetb85tzqu2ls0gfmgcg.jpg\",\"datePublished\":\"2024-09-08T22:55:32+00:00\",\"dateModified\":\"2026-01-30T22:50:00+00:00\",\"breadcrumb\":{\"@id\":\"https:\\\/\\\/servifibal.cat\\\/es\\\/prod\\\/tb-2-pro\\\/#breadcrumb\"},\"inLanguage\":\"es\",\"potentialAction\":[{\"@type\":\"ReadAction\",\"target\":[\"https:\\\/\\\/servifibal.cat\\\/es\\\/prod\\\/tb-2-pro\\\/\"]}]},{\"@type\":\"ImageObject\",\"inLanguage\":\"es\",\"@id\":\"https:\\\/\\\/servifibal.cat\\\/es\\\/prod\\\/tb-2-pro\\\/#primaryimage\",\"url\":\"https:\\\/\\\/servifibal.cat\\\/wp-content\\\/uploads\\\/2025\\\/11\\\/TB2-PRO_0002-web2-qtjzee3nk9xl06l6b72rvqmetb85tzqu2ls0gfmgcg.jpg\",\"contentUrl\":\"https:\\\/\\\/servifibal.cat\\\/wp-content\\\/uploads\\\/2025\\\/11\\\/TB2-PRO_0002-web2-qtjzee3nk9xl06l6b72rvqmetb85tzqu2ls0gfmgcg.jpg\",\"width\":1200,\"height\":800},{\"@type\":\"BreadcrumbList\",\"@id\":\"https:\\\/\\\/servifibal.cat\\\/es\\\/prod\\\/tb-2-pro\\\/#breadcrumb\",\"itemListElement\":[{\"@type\":\"ListItem\",\"position\":1,\"name\":\"Portada\",\"item\":\"https:\\\/\\\/servifibal.cat\\\/es\\\/inicio\\\/\"},{\"@type\":\"ListItem\",\"position\":2,\"name\":\"Tienda\",\"item\":\"https:\\\/\\\/servifibal.cat\\\/es\\\/tienda\\\/\"},{\"@type\":\"ListItem\",\"position\":3,\"name\":\"TB 2 PRO\"}]},{\"@type\":\"WebSite\",\"@id\":\"https:\\\/\\\/servifibal.cat\\\/es\\\/#website\",\"url\":\"https:\\\/\\\/servifibal.cat\\\/es\\\/\",\"name\":\"Servifibal\",\"description\":\"Solucions per al petit comer\u00e7\",\"publisher\":{\"@id\":\"https:\\\/\\\/servifibal.cat\\\/es\\\/#organization\"},\"potentialAction\":[{\"@type\":\"SearchAction\",\"target\":{\"@type\":\"EntryPoint\",\"urlTemplate\":\"https:\\\/\\\/servifibal.cat\\\/es\\\/?s={search_term_string}\"},\"query-input\":{\"@type\":\"PropertyValueSpecification\",\"valueRequired\":true,\"valueName\":\"search_term_string\"}}],\"inLanguage\":\"es\"},{\"@type\":\"Organization\",\"@id\":\"https:\\\/\\\/servifibal.cat\\\/es\\\/#organization\",\"name\":\"Servifibal\",\"url\":\"https:\\\/\\\/servifibal.cat\\\/es\\\/\",\"logo\":{\"@type\":\"ImageObject\",\"inLanguage\":\"es\",\"@id\":\"https:\\\/\\\/servifibal.cat\\\/es\\\/#\\\/schema\\\/logo\\\/image\\\/\",\"url\":\"https:\\\/\\\/servifibal.cat\\\/wp-content\\\/uploads\\\/2025\\\/11\\\/00-Logo-nou-blanc.png\",\"contentUrl\":\"https:\\\/\\\/servifibal.cat\\\/wp-content\\\/uploads\\\/2025\\\/11\\\/00-Logo-nou-blanc.png\",\"width\":176,\"height\":38,\"caption\":\"Servifibal\"},\"image\":{\"@id\":\"https:\\\/\\\/servifibal.cat\\\/es\\\/#\\\/schema\\\/logo\\\/image\\\/\"}}]}<\/script>\n<!-- \/ Yoast SEO plugin. -->","yoast_head_json":{"title":"TB 2 PRO - Servifibal","robots":{"index":"index","follow":"follow","max-snippet":"max-snippet:-1","max-image-preview":"max-image-preview:large","max-video-preview":"max-video-preview:-1"},"canonical":"https:\/\/servifibal.cat\/es\/prod\/tb-2-pro\/","og_locale":"es_ES","og_type":"article","og_title":"TB 2 PRO - Servifibal","og_description":"Dimensiones exteriores: 630 x 980 x 1.490 mm Medidas m\u00e1ximas de bandeja a envasar: 1\/2 Gr. 325 x 265 x 115 mm  Potencia:  2\u20193 kw  Bomba de vac\u00edo:  Busch 40 m3\/h (opcional 63m3\/h \u2013 100m3\/h)  Peso:  235 Kg   Robustez y fiabilidad.  Moldes intercambiables en pocos minutos.  Dise\u00f1o compacto y ergon\u00f3mico.  Construcci\u00f3n en acero inoxidable y aluminio anodizado.  Control de vac\u00edo por sensor.  Equipo muy compacto, ocupa el m\u00ednimo espacio.  Bomba de vac\u00edo de 63m3\/h de serie.  Panel de control con programas memorizables.  Nivel de vac\u00edo y porcentaje de inyecci\u00f3n de gas programables.  Corte perimetral del film superior en el contorno de la bandeja de serie.  Fabricaci\u00f3n de moldes a la medida de cada bandeja.  Sistema de sellado con pesta\u00f1a de film para abre-f\u00e1cil de serie  Panel de control f\u00e1cil e intuitivo.  M\u00e1quina simple y robusta con dise\u00f1o ergon\u00f3mico para el usuario.  10 Programas memorizables.  Sistema integrado para el bobinado autom\u00e1tico y tensado del film superior.  Control de tiempo de sellado (segundos) y temperatura del molde ajustable.  Panel de control con pulsador stop para interrumpir el ciclo (con o sin sellado).  Brazo bobinador-recogedor de film en la parte posterior. Este tensa el film en el momento de sellado para un mejor acabado.","og_url":"https:\/\/servifibal.cat\/es\/prod\/tb-2-pro\/","og_site_name":"Servifibal","article_modified_time":"2026-01-30T22:50:00+00:00","og_image":[{"width":1200,"height":800,"url":"https:\/\/servifibal.cat\/wp-content\/uploads\/2025\/11\/TB2-PRO_0002-web2-qtjzee3nk9xl06l6b72rvqmetb85tzqu2ls0gfmgcg.jpg","type":"image\/jpeg"}],"twitter_card":"summary_large_image","twitter_misc":{"Tiempo de lectura":"1 minuto"},"schema":{"@context":"https:\/\/schema.org","@graph":[{"@type":"WebPage","@id":"https:\/\/servifibal.cat\/es\/prod\/tb-2-pro\/","url":"https:\/\/servifibal.cat\/es\/prod\/tb-2-pro\/","name":"TB 2 PRO - Servifibal","isPartOf":{"@id":"https:\/\/servifibal.cat\/es\/#website"},"primaryImageOfPage":{"@id":"https:\/\/servifibal.cat\/es\/prod\/tb-2-pro\/#primaryimage"},"image":{"@id":"https:\/\/servifibal.cat\/es\/prod\/tb-2-pro\/#primaryimage"},"thumbnailUrl":"https:\/\/servifibal.cat\/wp-content\/uploads\/2025\/11\/TB2-PRO_0002-web2-qtjzee3nk9xl06l6b72rvqmetb85tzqu2ls0gfmgcg.jpg","datePublished":"2024-09-08T22:55:32+00:00","dateModified":"2026-01-30T22:50:00+00:00","breadcrumb":{"@id":"https:\/\/servifibal.cat\/es\/prod\/tb-2-pro\/#breadcrumb"},"inLanguage":"es","potentialAction":[{"@type":"ReadAction","target":["https:\/\/servifibal.cat\/es\/prod\/tb-2-pro\/"]}]},{"@type":"ImageObject","inLanguage":"es","@id":"https:\/\/servifibal.cat\/es\/prod\/tb-2-pro\/#primaryimage","url":"https:\/\/servifibal.cat\/wp-content\/uploads\/2025\/11\/TB2-PRO_0002-web2-qtjzee3nk9xl06l6b72rvqmetb85tzqu2ls0gfmgcg.jpg","contentUrl":"https:\/\/servifibal.cat\/wp-content\/uploads\/2025\/11\/TB2-PRO_0002-web2-qtjzee3nk9xl06l6b72rvqmetb85tzqu2ls0gfmgcg.jpg","width":1200,"height":800},{"@type":"BreadcrumbList","@id":"https:\/\/servifibal.cat\/es\/prod\/tb-2-pro\/#breadcrumb","itemListElement":[{"@type":"ListItem","position":1,"name":"Portada","item":"https:\/\/servifibal.cat\/es\/inicio\/"},{"@type":"ListItem","position":2,"name":"Tienda","item":"https:\/\/servifibal.cat\/es\/tienda\/"},{"@type":"ListItem","position":3,"name":"TB 2 PRO"}]},{"@type":"WebSite","@id":"https:\/\/servifibal.cat\/es\/#website","url":"https:\/\/servifibal.cat\/es\/","name":"Servifibal","description":"Solucions per al petit comer\u00e7","publisher":{"@id":"https:\/\/servifibal.cat\/es\/#organization"},"potentialAction":[{"@type":"SearchAction","target":{"@type":"EntryPoint","urlTemplate":"https:\/\/servifibal.cat\/es\/?s={search_term_string}"},"query-input":{"@type":"PropertyValueSpecification","valueRequired":true,"valueName":"search_term_string"}}],"inLanguage":"es"},{"@type":"Organization","@id":"https:\/\/servifibal.cat\/es\/#organization","name":"Servifibal","url":"https:\/\/servifibal.cat\/es\/","logo":{"@type":"ImageObject","inLanguage":"es","@id":"https:\/\/servifibal.cat\/es\/#\/schema\/logo\/image\/","url":"https:\/\/servifibal.cat\/wp-content\/uploads\/2025\/11\/00-Logo-nou-blanc.png","contentUrl":"https:\/\/servifibal.cat\/wp-content\/uploads\/2025\/11\/00-Logo-nou-blanc.png","width":176,"height":38,"caption":"Servifibal"},"image":{"@id":"https:\/\/servifibal.cat\/es\/#\/schema\/logo\/image\/"}}]}},"_links":{"self":[{"href":"https:\/\/servifibal.cat\/es\/wp-json\/wp\/v2\/product\/74874","targetHints":{"allow":["GET"]}}],"collection":[{"href":"https:\/\/servifibal.cat\/es\/wp-json\/wp\/v2\/product"}],"about":[{"href":"https:\/\/servifibal.cat\/es\/wp-json\/wp\/v2\/types\/product"}],"wp:featuredmedia":[{"embeddable":true,"href":"https:\/\/servifibal.cat\/es\/wp-json\/wp\/v2\/media\/74875"}],"wp:attachment":[{"href":"https:\/\/servifibal.cat\/es\/wp-json\/wp\/v2\/media?parent=74874"}],"wp:term":[{"taxonomy":"product_brand","embeddable":true,"href":"https:\/\/servifibal.cat\/es\/wp-json\/wp\/v2\/product_brand?post=74874"},{"taxonomy":"product_cat","embeddable":true,"href":"https:\/\/servifibal.cat\/es\/wp-json\/wp\/v2\/product_cat?post=74874"},{"taxonomy":"product_tag","embeddable":true,"href":"https:\/\/servifibal.cat\/es\/wp-json\/wp\/v2\/product_tag?post=74874"}],"curies":[{"name":"wp","href":"https:\/\/api.w.org\/{rel}","templated":true}]}}