{"id":74864,"date":"2024-09-08T22:50:58","date_gmt":"2024-09-08T22:50:58","guid":{"rendered":"https:\/\/stage.servifibal.cat\/?post_type=product&#038;p=74864"},"modified":"2026-01-30T22:56:09","modified_gmt":"2026-01-30T22:56:09","slug":"tbg-pro-tbg-plus-pro","status":"publish","type":"product","link":"https:\/\/servifibal.cat\/es\/prod\/tbg-pro-tbg-plus-pro\/","title":{"rendered":"TBG PRO \/ TBG Plus PRO"},"content":{"rendered":"","protected":false},"excerpt":{"rendered":"<ul>\n<li><strong>Dimensiones exteriores:<\/strong>\n<ul>\n<li>TBG PRO : 300 x 610 x 690 mm<\/li>\n<li>TBG+ PRO: 460 x 610 x 690 mm<\/li>\n<\/ul>\n<\/li>\n<li><strong>Conexi\u00f3n el\u00e9ctrica:<\/strong>\u00a01F \u2013 230 V<\/li>\n<li><strong>Potencia:<\/strong>\u00a0750 W<\/li>\n<li><strong>Peso:<\/strong>\u00a030 Kg \/ 45 kg<\/li>\n<\/ul>\n<ul>\n<li><strong>CORTE PERIMETRAL del film de serie.<\/strong>\u00a0Esta opci\u00f3n permite un acabado limpio y de calidad en cada bandeja termosellada . El film sobrante en el contorno de la bandeja queda eliminado.<\/li>\n<li>Tiempo de sellado programable.<\/li>\n<li>Regulaci\u00f3n para una perfecta soldadura en cualquier tipo de material film y bandeja correspondientes.<\/li>\n<li>Control electr\u00f3nico temperatura con avisador ac\u00fastico ready y fin de ciclo.<\/li>\n<li>Presentaci\u00f3n de producto perfecta con calidad de entrega en cualquier precocinado o plato preparado.<\/li>\n<li>Sellado higi\u00e9nico y estanco..<\/li>\n<li>M\u00e1xima seguridad.<\/li>\n<li>Molde espec\u00edfico no intercambiable.<\/li>\n<\/ul>\n","protected":false},"featured_media":74865,"template":"","meta":{"_joinchat":[]},"product_brand":[563],"product_cat":[558],"product_tag":[],"class_list":{"0":"post-74864","1":"product","2":"type-product","3":"status-publish","4":"has-post-thumbnail","6":"product_brand-zermat","7":"product_cat-termoselladoras-zermat","9":"first","10":"instock","11":"shipping-taxable","12":"product-type-simple"},"yoast_head":"<!-- This site is optimized with the Yoast SEO plugin v27.5 - https:\/\/yoast.com\/product\/yoast-seo-wordpress\/ -->\n<title>TBG PRO \/ TBG Plus PRO - Servifibal<\/title>\n<meta name=\"robots\" content=\"index, follow, max-snippet:-1, max-image-preview:large, max-video-preview:-1\" \/>\n<link rel=\"canonical\" href=\"https:\/\/servifibal.cat\/es\/prod\/tbg-pro-tbg-plus-pro\/\" \/>\n<meta property=\"og:locale\" content=\"es_ES\" \/>\n<meta property=\"og:type\" content=\"article\" \/>\n<meta property=\"og:title\" content=\"TBG PRO \/ TBG Plus PRO - Servifibal\" \/>\n<meta property=\"og:description\" content=\"Dimensiones exteriores:   TBG PRO : 300 x 610 x 690 mm  TBG+ PRO: 460 x 610 x 690 mm    Conexi\u00f3n el\u00e9ctrica:\u00a01F \u2013 230 V  Potencia:\u00a0750 W  Peso:\u00a030 Kg \/ 45 kg    CORTE PERIMETRAL del film de serie.\u00a0Esta opci\u00f3n permite un acabado limpio y de calidad en cada bandeja termosellada . El film sobrante en el contorno de la bandeja queda eliminado.  Tiempo de sellado programable.  Regulaci\u00f3n para una perfecta soldadura en cualquier tipo de material film y bandeja correspondientes.  Control electr\u00f3nico temperatura con avisador ac\u00fastico ready y fin de ciclo.  Presentaci\u00f3n de producto perfecta con calidad de entrega en cualquier precocinado o plato preparado.  Sellado higi\u00e9nico y estanco..  M\u00e1xima seguridad.  Molde espec\u00edfico no intercambiable.\" \/>\n<meta property=\"og:url\" content=\"https:\/\/servifibal.cat\/es\/prod\/tbg-pro-tbg-plus-pro\/\" \/>\n<meta property=\"og:site_name\" content=\"Servifibal\" \/>\n<meta property=\"article:modified_time\" content=\"2026-01-30T22:56:09+00:00\" \/>\n<meta property=\"og:image\" content=\"https:\/\/servifibal.cat\/wp-content\/uploads\/2025\/11\/zermat-termoselladora-TBG-1200x800-1-qtjzee3jwpkumrg9ej5q2lxc351h4m2v0pic16prao-1.jpg\" \/>\n\t<meta property=\"og:image:width\" content=\"900\" \/>\n\t<meta property=\"og:image:height\" content=\"600\" \/>\n\t<meta property=\"og:image:type\" content=\"image\/jpeg\" \/>\n<meta name=\"twitter:card\" content=\"summary_large_image\" \/>\n<meta name=\"twitter:label1\" content=\"Tiempo de lectura\" \/>\n\t<meta name=\"twitter:data1\" content=\"1 minuto\" \/>\n<script type=\"application\/ld+json\" class=\"yoast-schema-graph\">{\"@context\":\"https:\\\/\\\/schema.org\",\"@graph\":[{\"@type\":\"WebPage\",\"@id\":\"https:\\\/\\\/servifibal.cat\\\/es\\\/prod\\\/tbg-pro-tbg-plus-pro\\\/\",\"url\":\"https:\\\/\\\/servifibal.cat\\\/es\\\/prod\\\/tbg-pro-tbg-plus-pro\\\/\",\"name\":\"TBG PRO \\\/ TBG Plus PRO - Servifibal\",\"isPartOf\":{\"@id\":\"https:\\\/\\\/servifibal.cat\\\/es\\\/#website\"},\"primaryImageOfPage\":{\"@id\":\"https:\\\/\\\/servifibal.cat\\\/es\\\/prod\\\/tbg-pro-tbg-plus-pro\\\/#primaryimage\"},\"image\":{\"@id\":\"https:\\\/\\\/servifibal.cat\\\/es\\\/prod\\\/tbg-pro-tbg-plus-pro\\\/#primaryimage\"},\"thumbnailUrl\":\"https:\\\/\\\/servifibal.cat\\\/wp-content\\\/uploads\\\/2025\\\/11\\\/zermat-termoselladora-TBG-1200x800-1-qtjzee3jwpkumrg9ej5q2lxc351h4m2v0pic16prao-1.jpg\",\"datePublished\":\"2024-09-08T22:50:58+00:00\",\"dateModified\":\"2026-01-30T22:56:09+00:00\",\"breadcrumb\":{\"@id\":\"https:\\\/\\\/servifibal.cat\\\/es\\\/prod\\\/tbg-pro-tbg-plus-pro\\\/#breadcrumb\"},\"inLanguage\":\"es\",\"potentialAction\":[{\"@type\":\"ReadAction\",\"target\":[\"https:\\\/\\\/servifibal.cat\\\/es\\\/prod\\\/tbg-pro-tbg-plus-pro\\\/\"]}]},{\"@type\":\"ImageObject\",\"inLanguage\":\"es\",\"@id\":\"https:\\\/\\\/servifibal.cat\\\/es\\\/prod\\\/tbg-pro-tbg-plus-pro\\\/#primaryimage\",\"url\":\"https:\\\/\\\/servifibal.cat\\\/wp-content\\\/uploads\\\/2025\\\/11\\\/zermat-termoselladora-TBG-1200x800-1-qtjzee3jwpkumrg9ej5q2lxc351h4m2v0pic16prao-1.jpg\",\"contentUrl\":\"https:\\\/\\\/servifibal.cat\\\/wp-content\\\/uploads\\\/2025\\\/11\\\/zermat-termoselladora-TBG-1200x800-1-qtjzee3jwpkumrg9ej5q2lxc351h4m2v0pic16prao-1.jpg\",\"width\":900,\"height\":600},{\"@type\":\"BreadcrumbList\",\"@id\":\"https:\\\/\\\/servifibal.cat\\\/es\\\/prod\\\/tbg-pro-tbg-plus-pro\\\/#breadcrumb\",\"itemListElement\":[{\"@type\":\"ListItem\",\"position\":1,\"name\":\"Portada\",\"item\":\"https:\\\/\\\/servifibal.cat\\\/es\\\/inicio\\\/\"},{\"@type\":\"ListItem\",\"position\":2,\"name\":\"Tienda\",\"item\":\"https:\\\/\\\/servifibal.cat\\\/es\\\/tienda\\\/\"},{\"@type\":\"ListItem\",\"position\":3,\"name\":\"TBG PRO \\\/ TBG Plus PRO\"}]},{\"@type\":\"WebSite\",\"@id\":\"https:\\\/\\\/servifibal.cat\\\/es\\\/#website\",\"url\":\"https:\\\/\\\/servifibal.cat\\\/es\\\/\",\"name\":\"Servifibal\",\"description\":\"Solucions per al petit comer\u00e7\",\"publisher\":{\"@id\":\"https:\\\/\\\/servifibal.cat\\\/es\\\/#organization\"},\"potentialAction\":[{\"@type\":\"SearchAction\",\"target\":{\"@type\":\"EntryPoint\",\"urlTemplate\":\"https:\\\/\\\/servifibal.cat\\\/es\\\/?s={search_term_string}\"},\"query-input\":{\"@type\":\"PropertyValueSpecification\",\"valueRequired\":true,\"valueName\":\"search_term_string\"}}],\"inLanguage\":\"es\"},{\"@type\":\"Organization\",\"@id\":\"https:\\\/\\\/servifibal.cat\\\/es\\\/#organization\",\"name\":\"Servifibal\",\"url\":\"https:\\\/\\\/servifibal.cat\\\/es\\\/\",\"logo\":{\"@type\":\"ImageObject\",\"inLanguage\":\"es\",\"@id\":\"https:\\\/\\\/servifibal.cat\\\/es\\\/#\\\/schema\\\/logo\\\/image\\\/\",\"url\":\"https:\\\/\\\/servifibal.cat\\\/wp-content\\\/uploads\\\/2025\\\/11\\\/00-Logo-nou-blanc.png\",\"contentUrl\":\"https:\\\/\\\/servifibal.cat\\\/wp-content\\\/uploads\\\/2025\\\/11\\\/00-Logo-nou-blanc.png\",\"width\":176,\"height\":38,\"caption\":\"Servifibal\"},\"image\":{\"@id\":\"https:\\\/\\\/servifibal.cat\\\/es\\\/#\\\/schema\\\/logo\\\/image\\\/\"}}]}<\/script>\n<!-- \/ Yoast SEO plugin. -->","yoast_head_json":{"title":"TBG PRO \/ TBG Plus PRO - Servifibal","robots":{"index":"index","follow":"follow","max-snippet":"max-snippet:-1","max-image-preview":"max-image-preview:large","max-video-preview":"max-video-preview:-1"},"canonical":"https:\/\/servifibal.cat\/es\/prod\/tbg-pro-tbg-plus-pro\/","og_locale":"es_ES","og_type":"article","og_title":"TBG PRO \/ TBG Plus PRO - Servifibal","og_description":"Dimensiones exteriores:   TBG PRO : 300 x 610 x 690 mm  TBG+ PRO: 460 x 610 x 690 mm    Conexi\u00f3n el\u00e9ctrica:\u00a01F \u2013 230 V  Potencia:\u00a0750 W  Peso:\u00a030 Kg \/ 45 kg    CORTE PERIMETRAL del film de serie.\u00a0Esta opci\u00f3n permite un acabado limpio y de calidad en cada bandeja termosellada . El film sobrante en el contorno de la bandeja queda eliminado.  Tiempo de sellado programable.  Regulaci\u00f3n para una perfecta soldadura en cualquier tipo de material film y bandeja correspondientes.  Control electr\u00f3nico temperatura con avisador ac\u00fastico ready y fin de ciclo.  Presentaci\u00f3n de producto perfecta con calidad de entrega en cualquier precocinado o plato preparado.  Sellado higi\u00e9nico y estanco..  M\u00e1xima seguridad.  Molde espec\u00edfico no intercambiable.","og_url":"https:\/\/servifibal.cat\/es\/prod\/tbg-pro-tbg-plus-pro\/","og_site_name":"Servifibal","article_modified_time":"2026-01-30T22:56:09+00:00","og_image":[{"width":900,"height":600,"url":"https:\/\/servifibal.cat\/wp-content\/uploads\/2025\/11\/zermat-termoselladora-TBG-1200x800-1-qtjzee3jwpkumrg9ej5q2lxc351h4m2v0pic16prao-1.jpg","type":"image\/jpeg"}],"twitter_card":"summary_large_image","twitter_misc":{"Tiempo de lectura":"1 minuto"},"schema":{"@context":"https:\/\/schema.org","@graph":[{"@type":"WebPage","@id":"https:\/\/servifibal.cat\/es\/prod\/tbg-pro-tbg-plus-pro\/","url":"https:\/\/servifibal.cat\/es\/prod\/tbg-pro-tbg-plus-pro\/","name":"TBG PRO \/ TBG Plus PRO - Servifibal","isPartOf":{"@id":"https:\/\/servifibal.cat\/es\/#website"},"primaryImageOfPage":{"@id":"https:\/\/servifibal.cat\/es\/prod\/tbg-pro-tbg-plus-pro\/#primaryimage"},"image":{"@id":"https:\/\/servifibal.cat\/es\/prod\/tbg-pro-tbg-plus-pro\/#primaryimage"},"thumbnailUrl":"https:\/\/servifibal.cat\/wp-content\/uploads\/2025\/11\/zermat-termoselladora-TBG-1200x800-1-qtjzee3jwpkumrg9ej5q2lxc351h4m2v0pic16prao-1.jpg","datePublished":"2024-09-08T22:50:58+00:00","dateModified":"2026-01-30T22:56:09+00:00","breadcrumb":{"@id":"https:\/\/servifibal.cat\/es\/prod\/tbg-pro-tbg-plus-pro\/#breadcrumb"},"inLanguage":"es","potentialAction":[{"@type":"ReadAction","target":["https:\/\/servifibal.cat\/es\/prod\/tbg-pro-tbg-plus-pro\/"]}]},{"@type":"ImageObject","inLanguage":"es","@id":"https:\/\/servifibal.cat\/es\/prod\/tbg-pro-tbg-plus-pro\/#primaryimage","url":"https:\/\/servifibal.cat\/wp-content\/uploads\/2025\/11\/zermat-termoselladora-TBG-1200x800-1-qtjzee3jwpkumrg9ej5q2lxc351h4m2v0pic16prao-1.jpg","contentUrl":"https:\/\/servifibal.cat\/wp-content\/uploads\/2025\/11\/zermat-termoselladora-TBG-1200x800-1-qtjzee3jwpkumrg9ej5q2lxc351h4m2v0pic16prao-1.jpg","width":900,"height":600},{"@type":"BreadcrumbList","@id":"https:\/\/servifibal.cat\/es\/prod\/tbg-pro-tbg-plus-pro\/#breadcrumb","itemListElement":[{"@type":"ListItem","position":1,"name":"Portada","item":"https:\/\/servifibal.cat\/es\/inicio\/"},{"@type":"ListItem","position":2,"name":"Tienda","item":"https:\/\/servifibal.cat\/es\/tienda\/"},{"@type":"ListItem","position":3,"name":"TBG PRO \/ TBG Plus PRO"}]},{"@type":"WebSite","@id":"https:\/\/servifibal.cat\/es\/#website","url":"https:\/\/servifibal.cat\/es\/","name":"Servifibal","description":"Solucions per al petit comer\u00e7","publisher":{"@id":"https:\/\/servifibal.cat\/es\/#organization"},"potentialAction":[{"@type":"SearchAction","target":{"@type":"EntryPoint","urlTemplate":"https:\/\/servifibal.cat\/es\/?s={search_term_string}"},"query-input":{"@type":"PropertyValueSpecification","valueRequired":true,"valueName":"search_term_string"}}],"inLanguage":"es"},{"@type":"Organization","@id":"https:\/\/servifibal.cat\/es\/#organization","name":"Servifibal","url":"https:\/\/servifibal.cat\/es\/","logo":{"@type":"ImageObject","inLanguage":"es","@id":"https:\/\/servifibal.cat\/es\/#\/schema\/logo\/image\/","url":"https:\/\/servifibal.cat\/wp-content\/uploads\/2025\/11\/00-Logo-nou-blanc.png","contentUrl":"https:\/\/servifibal.cat\/wp-content\/uploads\/2025\/11\/00-Logo-nou-blanc.png","width":176,"height":38,"caption":"Servifibal"},"image":{"@id":"https:\/\/servifibal.cat\/es\/#\/schema\/logo\/image\/"}}]}},"_links":{"self":[{"href":"https:\/\/servifibal.cat\/es\/wp-json\/wp\/v2\/product\/74864","targetHints":{"allow":["GET"]}}],"collection":[{"href":"https:\/\/servifibal.cat\/es\/wp-json\/wp\/v2\/product"}],"about":[{"href":"https:\/\/servifibal.cat\/es\/wp-json\/wp\/v2\/types\/product"}],"wp:featuredmedia":[{"embeddable":true,"href":"https:\/\/servifibal.cat\/es\/wp-json\/wp\/v2\/media\/74865"}],"wp:attachment":[{"href":"https:\/\/servifibal.cat\/es\/wp-json\/wp\/v2\/media?parent=74864"}],"wp:term":[{"taxonomy":"product_brand","embeddable":true,"href":"https:\/\/servifibal.cat\/es\/wp-json\/wp\/v2\/product_brand?post=74864"},{"taxonomy":"product_cat","embeddable":true,"href":"https:\/\/servifibal.cat\/es\/wp-json\/wp\/v2\/product_cat?post=74864"},{"taxonomy":"product_tag","embeddable":true,"href":"https:\/\/servifibal.cat\/es\/wp-json\/wp\/v2\/product_tag?post=74864"}],"curies":[{"name":"wp","href":"https:\/\/api.w.org\/{rel}","templated":true}]}}