{"id":74845,"date":"2024-09-08T22:40:53","date_gmt":"2024-09-08T22:40:53","guid":{"rendered":"https:\/\/stage.servifibal.cat\/?post_type=product&#038;p=74845"},"modified":"2026-01-30T23:10:43","modified_gmt":"2026-01-30T23:10:43","slug":"ts-300","status":"publish","type":"product","link":"https:\/\/servifibal.cat\/es\/prod\/ts-300\/","title":{"rendered":"TS-300"},"content":{"rendered":"","protected":false},"excerpt":{"rendered":"<div class=\"left01\">\n<div class=\"text02 text\">\n<ul class=\"bb\">\n<li class=\"bb\">Construida en acero inoxidable AISI 304.<\/li>\n<li class=\"bb\">Moldes en aluminio anodizado.<\/li>\n<li class=\"bb\">Selladora semi-autom\u00e1tica de barquetas.<\/li>\n<li class=\"bb\">Sistema de soldadura autom\u00e1tica.<\/li>\n<li class=\"bb\">Alimentaci\u00f3n de film autom\u00e1tico.<\/li>\n<li class=\"bb\">Se\u00f1al ac\u00fastica y luminosa del final de ciclo.<\/li>\n<li class=\"bb\">Corta el film perimetralmente, seg\u00fan la forma de la barqueta.<\/li>\n<li class=\"bb\">Panel digital con regulador de temperatura de sellado (0\u00ba-230\u00baC).<\/li>\n<li class=\"bb\">Modelo compacto y robusto.<\/li>\n<li class=\"bb\">F\u00e1cil cambio de molde.<\/li>\n<li class=\"bb\">Calentamiento r\u00e1pido de la temperatura seleccionada.<\/li>\n<li class=\"bb\">Permite trabajar con diferentes tipos de materiales de bandejas , PP, PET, ALUMINIO\u2026<\/li>\n<li class=\"bb\">Trabaja con aire comprimido.<\/li>\n<li class=\"bb\">Voltaje : 220 V\/ 1ph\/ 50 Hz.<\/li>\n<li class=\"bb\">Superficie m\u00e1xima de sellado: 320\u00d7260 mm.<\/li>\n<li class=\"bb\">Ancho bobina de film: 430 mm.<\/li>\n<li class=\"bb\">Potencia: 1.500 W.<\/li>\n<\/ul>\n<\/div>\n<\/div>\n<div class=\"left02\">\n<div class=\"text02 text\">\n<p><span class=\"bb\"><strong class=\"bb\">Moldes est\u00e1ndar<\/strong><\/span><\/p>\n<ul class=\"bb\">\n<li class=\"bb\">1\/2 GN (320\u00d7260 mm) \u2013 1 cavidad.<\/li>\n<li class=\"bb\">1\/4 GN (260\u00d7160 mm) \u2013 2 cavidades.<\/li>\n<li class=\"bb\">1\/8 GN (168\u00d7130 mm) \u2013 4 cavidades.<\/li>\n<li class=\"bb\">Se puede fabricar cualquier tipo y forma de molde acorde con las bandejas del cliente.<\/li>\n<\/ul>\n<p><span class=\"bb\"><strong class=\"bb\">Opciones<\/strong><\/span><\/p>\n<ul class=\"bb\">\n<li class=\"bb\">Compresor silencioso de 6 L.<\/li>\n<\/ul>\n<\/div>\n<\/div>\n","protected":false},"featured_media":74846,"template":"","meta":{"_joinchat":[]},"product_brand":[560],"product_cat":[556],"product_tag":[],"class_list":{"0":"post-74845","1":"product","2":"type-product","3":"status-publish","4":"has-post-thumbnail","6":"product_brand-ak-ramon","7":"product_cat-termoselladoras-ak-ramon","9":"first","10":"instock","11":"shipping-taxable","12":"product-type-simple"},"yoast_head":"<!-- This site is optimized with the Yoast SEO plugin v27.5 - https:\/\/yoast.com\/product\/yoast-seo-wordpress\/ -->\n<title>TS-300 - Servifibal<\/title>\n<meta name=\"robots\" content=\"index, follow, max-snippet:-1, max-image-preview:large, max-video-preview:-1\" \/>\n<link rel=\"canonical\" href=\"https:\/\/servifibal.cat\/es\/prod\/ts-300\/\" \/>\n<meta property=\"og:locale\" content=\"es_ES\" \/>\n<meta property=\"og:type\" content=\"article\" \/>\n<meta property=\"og:title\" content=\"TS-300 - Servifibal\" \/>\n<meta property=\"og:description\" content=\"Construida en acero inoxidable AISI 304.  Moldes en aluminio anodizado.  Selladora semi-autom\u00e1tica de barquetas.  Sistema de soldadura autom\u00e1tica.  Alimentaci\u00f3n de film autom\u00e1tico.  Se\u00f1al ac\u00fastica y luminosa del final de ciclo.  Corta el film perimetralmente, seg\u00fan la forma de la barqueta.  Panel digital con regulador de temperatura de sellado (0\u00ba-230\u00baC).  Modelo compacto y robusto.  F\u00e1cil cambio de molde.  Calentamiento r\u00e1pido de la temperatura seleccionada.  Permite trabajar con diferentes tipos de materiales de bandejas , PP, PET, ALUMINIO\u2026  Trabaja con aire comprimido.  Voltaje : 220 V\/ 1ph\/ 50 Hz.  Superficie m\u00e1xima de sellado: 320\u00d7260 mm.  Ancho bobina de film: 430 mm.  Potencia: 1.500 W.       Moldes est\u00e1ndar   1\/2 GN (320\u00d7260 mm) \u2013 1 cavidad.  1\/4 GN (260\u00d7160 mm) \u2013 2 cavidades.  1\/8 GN (168\u00d7130 mm) \u2013 4 cavidades.  Se puede fabricar cualquier tipo y forma de molde acorde con las bandejas del cliente.  Opciones   Compresor silencioso de 6 L.\" \/>\n<meta property=\"og:url\" content=\"https:\/\/servifibal.cat\/es\/prod\/ts-300\/\" \/>\n<meta property=\"og:site_name\" content=\"Servifibal\" \/>\n<meta property=\"article:modified_time\" content=\"2026-01-30T23:10:43+00:00\" \/>\n<meta property=\"og:image\" content=\"https:\/\/servifibal.cat\/wp-content\/uploads\/2025\/11\/TS-300-removebg-preview-600x400-1.png\" \/>\n\t<meta property=\"og:image:width\" content=\"600\" \/>\n\t<meta property=\"og:image:height\" content=\"400\" \/>\n\t<meta property=\"og:image:type\" content=\"image\/png\" \/>\n<meta name=\"twitter:card\" content=\"summary_large_image\" \/>\n<meta name=\"twitter:label1\" content=\"Tiempo de lectura\" \/>\n\t<meta name=\"twitter:data1\" content=\"1 minuto\" \/>\n<script type=\"application\/ld+json\" class=\"yoast-schema-graph\">{\"@context\":\"https:\\\/\\\/schema.org\",\"@graph\":[{\"@type\":\"WebPage\",\"@id\":\"https:\\\/\\\/servifibal.cat\\\/es\\\/prod\\\/ts-300\\\/\",\"url\":\"https:\\\/\\\/servifibal.cat\\\/es\\\/prod\\\/ts-300\\\/\",\"name\":\"TS-300 - Servifibal\",\"isPartOf\":{\"@id\":\"https:\\\/\\\/servifibal.cat\\\/es\\\/#website\"},\"primaryImageOfPage\":{\"@id\":\"https:\\\/\\\/servifibal.cat\\\/es\\\/prod\\\/ts-300\\\/#primaryimage\"},\"image\":{\"@id\":\"https:\\\/\\\/servifibal.cat\\\/es\\\/prod\\\/ts-300\\\/#primaryimage\"},\"thumbnailUrl\":\"https:\\\/\\\/servifibal.cat\\\/wp-content\\\/uploads\\\/2025\\\/11\\\/TS-300-removebg-preview-600x400-1.png\",\"datePublished\":\"2024-09-08T22:40:53+00:00\",\"dateModified\":\"2026-01-30T23:10:43+00:00\",\"breadcrumb\":{\"@id\":\"https:\\\/\\\/servifibal.cat\\\/es\\\/prod\\\/ts-300\\\/#breadcrumb\"},\"inLanguage\":\"es\",\"potentialAction\":[{\"@type\":\"ReadAction\",\"target\":[\"https:\\\/\\\/servifibal.cat\\\/es\\\/prod\\\/ts-300\\\/\"]}]},{\"@type\":\"ImageObject\",\"inLanguage\":\"es\",\"@id\":\"https:\\\/\\\/servifibal.cat\\\/es\\\/prod\\\/ts-300\\\/#primaryimage\",\"url\":\"https:\\\/\\\/servifibal.cat\\\/wp-content\\\/uploads\\\/2025\\\/11\\\/TS-300-removebg-preview-600x400-1.png\",\"contentUrl\":\"https:\\\/\\\/servifibal.cat\\\/wp-content\\\/uploads\\\/2025\\\/11\\\/TS-300-removebg-preview-600x400-1.png\",\"width\":600,\"height\":400},{\"@type\":\"BreadcrumbList\",\"@id\":\"https:\\\/\\\/servifibal.cat\\\/es\\\/prod\\\/ts-300\\\/#breadcrumb\",\"itemListElement\":[{\"@type\":\"ListItem\",\"position\":1,\"name\":\"Portada\",\"item\":\"https:\\\/\\\/servifibal.cat\\\/es\\\/inicio\\\/\"},{\"@type\":\"ListItem\",\"position\":2,\"name\":\"Tienda\",\"item\":\"https:\\\/\\\/servifibal.cat\\\/es\\\/tienda\\\/\"},{\"@type\":\"ListItem\",\"position\":3,\"name\":\"TS-300\"}]},{\"@type\":\"WebSite\",\"@id\":\"https:\\\/\\\/servifibal.cat\\\/es\\\/#website\",\"url\":\"https:\\\/\\\/servifibal.cat\\\/es\\\/\",\"name\":\"Servifibal\",\"description\":\"Solucions per al petit comer\u00e7\",\"publisher\":{\"@id\":\"https:\\\/\\\/servifibal.cat\\\/es\\\/#organization\"},\"potentialAction\":[{\"@type\":\"SearchAction\",\"target\":{\"@type\":\"EntryPoint\",\"urlTemplate\":\"https:\\\/\\\/servifibal.cat\\\/es\\\/?s={search_term_string}\"},\"query-input\":{\"@type\":\"PropertyValueSpecification\",\"valueRequired\":true,\"valueName\":\"search_term_string\"}}],\"inLanguage\":\"es\"},{\"@type\":\"Organization\",\"@id\":\"https:\\\/\\\/servifibal.cat\\\/es\\\/#organization\",\"name\":\"Servifibal\",\"url\":\"https:\\\/\\\/servifibal.cat\\\/es\\\/\",\"logo\":{\"@type\":\"ImageObject\",\"inLanguage\":\"es\",\"@id\":\"https:\\\/\\\/servifibal.cat\\\/es\\\/#\\\/schema\\\/logo\\\/image\\\/\",\"url\":\"https:\\\/\\\/servifibal.cat\\\/wp-content\\\/uploads\\\/2025\\\/11\\\/00-Logo-nou-blanc.png\",\"contentUrl\":\"https:\\\/\\\/servifibal.cat\\\/wp-content\\\/uploads\\\/2025\\\/11\\\/00-Logo-nou-blanc.png\",\"width\":176,\"height\":38,\"caption\":\"Servifibal\"},\"image\":{\"@id\":\"https:\\\/\\\/servifibal.cat\\\/es\\\/#\\\/schema\\\/logo\\\/image\\\/\"}}]}<\/script>\n<!-- \/ Yoast SEO plugin. -->","yoast_head_json":{"title":"TS-300 - Servifibal","robots":{"index":"index","follow":"follow","max-snippet":"max-snippet:-1","max-image-preview":"max-image-preview:large","max-video-preview":"max-video-preview:-1"},"canonical":"https:\/\/servifibal.cat\/es\/prod\/ts-300\/","og_locale":"es_ES","og_type":"article","og_title":"TS-300 - Servifibal","og_description":"Construida en acero inoxidable AISI 304.  Moldes en aluminio anodizado.  Selladora semi-autom\u00e1tica de barquetas.  Sistema de soldadura autom\u00e1tica.  Alimentaci\u00f3n de film autom\u00e1tico.  Se\u00f1al ac\u00fastica y luminosa del final de ciclo.  Corta el film perimetralmente, seg\u00fan la forma de la barqueta.  Panel digital con regulador de temperatura de sellado (0\u00ba-230\u00baC).  Modelo compacto y robusto.  F\u00e1cil cambio de molde.  Calentamiento r\u00e1pido de la temperatura seleccionada.  Permite trabajar con diferentes tipos de materiales de bandejas , PP, PET, ALUMINIO\u2026  Trabaja con aire comprimido.  Voltaje : 220 V\/ 1ph\/ 50 Hz.  Superficie m\u00e1xima de sellado: 320\u00d7260 mm.  Ancho bobina de film: 430 mm.  Potencia: 1.500 W.       Moldes est\u00e1ndar   1\/2 GN (320\u00d7260 mm) \u2013 1 cavidad.  1\/4 GN (260\u00d7160 mm) \u2013 2 cavidades.  1\/8 GN (168\u00d7130 mm) \u2013 4 cavidades.  Se puede fabricar cualquier tipo y forma de molde acorde con las bandejas del cliente.  Opciones   Compresor silencioso de 6 L.","og_url":"https:\/\/servifibal.cat\/es\/prod\/ts-300\/","og_site_name":"Servifibal","article_modified_time":"2026-01-30T23:10:43+00:00","og_image":[{"width":600,"height":400,"url":"https:\/\/servifibal.cat\/wp-content\/uploads\/2025\/11\/TS-300-removebg-preview-600x400-1.png","type":"image\/png"}],"twitter_card":"summary_large_image","twitter_misc":{"Tiempo de lectura":"1 minuto"},"schema":{"@context":"https:\/\/schema.org","@graph":[{"@type":"WebPage","@id":"https:\/\/servifibal.cat\/es\/prod\/ts-300\/","url":"https:\/\/servifibal.cat\/es\/prod\/ts-300\/","name":"TS-300 - Servifibal","isPartOf":{"@id":"https:\/\/servifibal.cat\/es\/#website"},"primaryImageOfPage":{"@id":"https:\/\/servifibal.cat\/es\/prod\/ts-300\/#primaryimage"},"image":{"@id":"https:\/\/servifibal.cat\/es\/prod\/ts-300\/#primaryimage"},"thumbnailUrl":"https:\/\/servifibal.cat\/wp-content\/uploads\/2025\/11\/TS-300-removebg-preview-600x400-1.png","datePublished":"2024-09-08T22:40:53+00:00","dateModified":"2026-01-30T23:10:43+00:00","breadcrumb":{"@id":"https:\/\/servifibal.cat\/es\/prod\/ts-300\/#breadcrumb"},"inLanguage":"es","potentialAction":[{"@type":"ReadAction","target":["https:\/\/servifibal.cat\/es\/prod\/ts-300\/"]}]},{"@type":"ImageObject","inLanguage":"es","@id":"https:\/\/servifibal.cat\/es\/prod\/ts-300\/#primaryimage","url":"https:\/\/servifibal.cat\/wp-content\/uploads\/2025\/11\/TS-300-removebg-preview-600x400-1.png","contentUrl":"https:\/\/servifibal.cat\/wp-content\/uploads\/2025\/11\/TS-300-removebg-preview-600x400-1.png","width":600,"height":400},{"@type":"BreadcrumbList","@id":"https:\/\/servifibal.cat\/es\/prod\/ts-300\/#breadcrumb","itemListElement":[{"@type":"ListItem","position":1,"name":"Portada","item":"https:\/\/servifibal.cat\/es\/inicio\/"},{"@type":"ListItem","position":2,"name":"Tienda","item":"https:\/\/servifibal.cat\/es\/tienda\/"},{"@type":"ListItem","position":3,"name":"TS-300"}]},{"@type":"WebSite","@id":"https:\/\/servifibal.cat\/es\/#website","url":"https:\/\/servifibal.cat\/es\/","name":"Servifibal","description":"Solucions per al petit comer\u00e7","publisher":{"@id":"https:\/\/servifibal.cat\/es\/#organization"},"potentialAction":[{"@type":"SearchAction","target":{"@type":"EntryPoint","urlTemplate":"https:\/\/servifibal.cat\/es\/?s={search_term_string}"},"query-input":{"@type":"PropertyValueSpecification","valueRequired":true,"valueName":"search_term_string"}}],"inLanguage":"es"},{"@type":"Organization","@id":"https:\/\/servifibal.cat\/es\/#organization","name":"Servifibal","url":"https:\/\/servifibal.cat\/es\/","logo":{"@type":"ImageObject","inLanguage":"es","@id":"https:\/\/servifibal.cat\/es\/#\/schema\/logo\/image\/","url":"https:\/\/servifibal.cat\/wp-content\/uploads\/2025\/11\/00-Logo-nou-blanc.png","contentUrl":"https:\/\/servifibal.cat\/wp-content\/uploads\/2025\/11\/00-Logo-nou-blanc.png","width":176,"height":38,"caption":"Servifibal"},"image":{"@id":"https:\/\/servifibal.cat\/es\/#\/schema\/logo\/image\/"}}]}},"_links":{"self":[{"href":"https:\/\/servifibal.cat\/es\/wp-json\/wp\/v2\/product\/74845","targetHints":{"allow":["GET"]}}],"collection":[{"href":"https:\/\/servifibal.cat\/es\/wp-json\/wp\/v2\/product"}],"about":[{"href":"https:\/\/servifibal.cat\/es\/wp-json\/wp\/v2\/types\/product"}],"wp:featuredmedia":[{"embeddable":true,"href":"https:\/\/servifibal.cat\/es\/wp-json\/wp\/v2\/media\/74846"}],"wp:attachment":[{"href":"https:\/\/servifibal.cat\/es\/wp-json\/wp\/v2\/media?parent=74845"}],"wp:term":[{"taxonomy":"product_brand","embeddable":true,"href":"https:\/\/servifibal.cat\/es\/wp-json\/wp\/v2\/product_brand?post=74845"},{"taxonomy":"product_cat","embeddable":true,"href":"https:\/\/servifibal.cat\/es\/wp-json\/wp\/v2\/product_cat?post=74845"},{"taxonomy":"product_tag","embeddable":true,"href":"https:\/\/servifibal.cat\/es\/wp-json\/wp\/v2\/product_tag?post=74845"}],"curies":[{"name":"wp","href":"https:\/\/api.w.org\/{rel}","templated":true}]}}