{"id":74711,"date":"2024-09-04T09:55:48","date_gmt":"2024-09-04T09:55:48","guid":{"rendered":"https:\/\/stage.servifibal.cat\/?post_type=product&#038;p=74711"},"modified":"2026-01-30T22:04:33","modified_gmt":"2026-01-30T22:04:33","slug":"mg-95-hybrid","status":"publish","type":"product","link":"https:\/\/servifibal.cat\/es\/prod\/mg-95-hybrid\/","title":{"rendered":"MG-95 HYBRID"},"content":{"rendered":"","protected":false},"excerpt":{"rendered":"<p>Disponible con dos sistemas de corte a elegir:<\/p>\n<p><strong>ENTERPRISE 32<\/strong> (corte simple) <strong>UNGER 98<\/strong> (corte simple, doble y triple)<\/p>\n<p>Construcci\u00f3n totalmente en acero inoxidable 18\/10.<br \/>\nLa versi\u00f3n <strong>MG-95 INT<\/strong> cuenta con la certificaci\u00f3n sanitaria NSF \/ ANSI 8.<\/p>\n<p>Transmisi\u00f3n: por engranajes ba\u00f1ados en aceite.<br \/>\nProducci\u00f3n: \u00b1 1.500 kg\/h (en el primer picado).<\/p>\n<p>Capacidad del cubo en litros: 95 l.<br \/>\nCapacidad del cubo en kg: \u00b1 65 kg.<\/p>\n<p>Incluye protector de boca con micro y programador digital para programar distintos ciclos de mezcla.<br \/>\nPosibilidad de incorporar un porcionador neum\u00e1tico para colocar la carne picada en bandejas de forma autom\u00e1tica (ver fotograf\u00edas y opciones m\u00e1s abajo).<\/p>\n<p>2 motores independientes:<br \/>\nPotencia motor picadora: 5,5 HP \/ 4 kW<br \/>\nPotencia motor pastera: 1,75 HP \/ 1,3 kW<\/p>\n<p>Versi\u00f3n trif\u00e1sica (230-400 V 50 Hz \/ 220 V 60 Hz) o monof\u00e1sica (230 V 50 Hz \/ 220 V 60 Hz).<\/p>\n<p>Dimensiones de la base: 82 \u00d7 54 cm.<\/p>\n","protected":false},"featured_media":74712,"template":"","meta":{"_joinchat":[]},"product_brand":[562],"product_cat":[547],"product_tag":[],"class_list":{"0":"post-74711","1":"product","2":"type-product","3":"status-publish","4":"has-post-thumbnail","6":"product_brand-mainca","7":"product_cat-picadoras-mezcladoras-mainca","9":"first","10":"instock","11":"shipping-taxable","12":"product-type-simple"},"yoast_head":"<!-- This site is optimized with the Yoast SEO plugin v27.5 - https:\/\/yoast.com\/product\/yoast-seo-wordpress\/ -->\n<title>MG-95 HYBRID - Servifibal<\/title>\n<meta name=\"robots\" content=\"index, follow, max-snippet:-1, max-image-preview:large, max-video-preview:-1\" \/>\n<link rel=\"canonical\" href=\"https:\/\/servifibal.cat\/es\/prod\/mg-95-hybrid\/\" \/>\n<meta property=\"og:locale\" content=\"es_ES\" \/>\n<meta property=\"og:type\" content=\"article\" \/>\n<meta property=\"og:title\" content=\"MG-95 HYBRID - Servifibal\" \/>\n<meta property=\"og:description\" content=\"Disponible con dos sistemas de corte a elegir:  ENTERPRISE 32 (corte simple) UNGER 98 (corte simple, doble y triple)  Construcci\u00f3n totalmente en acero inoxidable 18\/10. La versi\u00f3n MG-95 INT cuenta con la certificaci\u00f3n sanitaria NSF \/ ANSI 8.  Transmisi\u00f3n: por engranajes ba\u00f1ados en aceite. Producci\u00f3n: \u00b1 1.500 kg\/h (en el primer picado).  Capacidad del cubo en litros: 95 l. Capacidad del cubo en kg: \u00b1 65 kg.  Incluye protector de boca con micro y programador digital para programar distintos ciclos de mezcla. Posibilidad de incorporar un porcionador neum\u00e1tico para colocar la carne picada en bandejas de forma autom\u00e1tica (ver fotograf\u00edas y opciones m\u00e1s abajo).  2 motores independientes: Potencia motor picadora: 5,5 HP \/ 4 kW Potencia motor pastera: 1,75 HP \/ 1,3 kW  Versi\u00f3n trif\u00e1sica (230-400 V 50 Hz \/ 220 V 60 Hz) o monof\u00e1sica (230 V 50 Hz \/ 220 V 60 Hz).  Dimensiones de la base: 82 \u00d7 54 cm.\" \/>\n<meta property=\"og:url\" content=\"https:\/\/servifibal.cat\/es\/prod\/mg-95-hybrid\/\" \/>\n<meta property=\"og:site_name\" content=\"Servifibal\" \/>\n<meta property=\"article:modified_time\" content=\"2026-01-30T22:04:33+00:00\" \/>\n<meta property=\"og:image\" content=\"https:\/\/servifibal.cat\/wp-content\/uploads\/2025\/11\/MG95-1.jpg\" \/>\n\t<meta property=\"og:image:width\" content=\"300\" \/>\n\t<meta property=\"og:image:height\" content=\"375\" \/>\n\t<meta property=\"og:image:type\" content=\"image\/jpeg\" \/>\n<meta name=\"twitter:card\" content=\"summary_large_image\" \/>\n<meta name=\"twitter:label1\" content=\"Tiempo de lectura\" \/>\n\t<meta name=\"twitter:data1\" content=\"1 minuto\" \/>\n<script type=\"application\/ld+json\" class=\"yoast-schema-graph\">{\"@context\":\"https:\\\/\\\/schema.org\",\"@graph\":[{\"@type\":\"WebPage\",\"@id\":\"https:\\\/\\\/servifibal.cat\\\/es\\\/prod\\\/mg-95-hybrid\\\/\",\"url\":\"https:\\\/\\\/servifibal.cat\\\/es\\\/prod\\\/mg-95-hybrid\\\/\",\"name\":\"MG-95 HYBRID - Servifibal\",\"isPartOf\":{\"@id\":\"https:\\\/\\\/servifibal.cat\\\/es\\\/#website\"},\"primaryImageOfPage\":{\"@id\":\"https:\\\/\\\/servifibal.cat\\\/es\\\/prod\\\/mg-95-hybrid\\\/#primaryimage\"},\"image\":{\"@id\":\"https:\\\/\\\/servifibal.cat\\\/es\\\/prod\\\/mg-95-hybrid\\\/#primaryimage\"},\"thumbnailUrl\":\"https:\\\/\\\/servifibal.cat\\\/wp-content\\\/uploads\\\/2025\\\/11\\\/MG95-1.jpg\",\"datePublished\":\"2024-09-04T09:55:48+00:00\",\"dateModified\":\"2026-01-30T22:04:33+00:00\",\"breadcrumb\":{\"@id\":\"https:\\\/\\\/servifibal.cat\\\/es\\\/prod\\\/mg-95-hybrid\\\/#breadcrumb\"},\"inLanguage\":\"es\",\"potentialAction\":[{\"@type\":\"ReadAction\",\"target\":[\"https:\\\/\\\/servifibal.cat\\\/es\\\/prod\\\/mg-95-hybrid\\\/\"]}]},{\"@type\":\"ImageObject\",\"inLanguage\":\"es\",\"@id\":\"https:\\\/\\\/servifibal.cat\\\/es\\\/prod\\\/mg-95-hybrid\\\/#primaryimage\",\"url\":\"https:\\\/\\\/servifibal.cat\\\/wp-content\\\/uploads\\\/2025\\\/11\\\/MG95-1.jpg\",\"contentUrl\":\"https:\\\/\\\/servifibal.cat\\\/wp-content\\\/uploads\\\/2025\\\/11\\\/MG95-1.jpg\",\"width\":300,\"height\":375},{\"@type\":\"BreadcrumbList\",\"@id\":\"https:\\\/\\\/servifibal.cat\\\/es\\\/prod\\\/mg-95-hybrid\\\/#breadcrumb\",\"itemListElement\":[{\"@type\":\"ListItem\",\"position\":1,\"name\":\"Portada\",\"item\":\"https:\\\/\\\/servifibal.cat\\\/es\\\/inicio\\\/\"},{\"@type\":\"ListItem\",\"position\":2,\"name\":\"Tienda\",\"item\":\"https:\\\/\\\/servifibal.cat\\\/es\\\/tienda\\\/\"},{\"@type\":\"ListItem\",\"position\":3,\"name\":\"MG-95 HYBRID\"}]},{\"@type\":\"WebSite\",\"@id\":\"https:\\\/\\\/servifibal.cat\\\/es\\\/#website\",\"url\":\"https:\\\/\\\/servifibal.cat\\\/es\\\/\",\"name\":\"Servifibal\",\"description\":\"Solucions per al petit comer\u00e7\",\"publisher\":{\"@id\":\"https:\\\/\\\/servifibal.cat\\\/es\\\/#organization\"},\"potentialAction\":[{\"@type\":\"SearchAction\",\"target\":{\"@type\":\"EntryPoint\",\"urlTemplate\":\"https:\\\/\\\/servifibal.cat\\\/es\\\/?s={search_term_string}\"},\"query-input\":{\"@type\":\"PropertyValueSpecification\",\"valueRequired\":true,\"valueName\":\"search_term_string\"}}],\"inLanguage\":\"es\"},{\"@type\":\"Organization\",\"@id\":\"https:\\\/\\\/servifibal.cat\\\/es\\\/#organization\",\"name\":\"Servifibal\",\"url\":\"https:\\\/\\\/servifibal.cat\\\/es\\\/\",\"logo\":{\"@type\":\"ImageObject\",\"inLanguage\":\"es\",\"@id\":\"https:\\\/\\\/servifibal.cat\\\/es\\\/#\\\/schema\\\/logo\\\/image\\\/\",\"url\":\"https:\\\/\\\/servifibal.cat\\\/wp-content\\\/uploads\\\/2025\\\/11\\\/00-Logo-nou-blanc.png\",\"contentUrl\":\"https:\\\/\\\/servifibal.cat\\\/wp-content\\\/uploads\\\/2025\\\/11\\\/00-Logo-nou-blanc.png\",\"width\":176,\"height\":38,\"caption\":\"Servifibal\"},\"image\":{\"@id\":\"https:\\\/\\\/servifibal.cat\\\/es\\\/#\\\/schema\\\/logo\\\/image\\\/\"}}]}<\/script>\n<!-- \/ Yoast SEO plugin. -->","yoast_head_json":{"title":"MG-95 HYBRID - Servifibal","robots":{"index":"index","follow":"follow","max-snippet":"max-snippet:-1","max-image-preview":"max-image-preview:large","max-video-preview":"max-video-preview:-1"},"canonical":"https:\/\/servifibal.cat\/es\/prod\/mg-95-hybrid\/","og_locale":"es_ES","og_type":"article","og_title":"MG-95 HYBRID - Servifibal","og_description":"Disponible con dos sistemas de corte a elegir:  ENTERPRISE 32 (corte simple) UNGER 98 (corte simple, doble y triple)  Construcci\u00f3n totalmente en acero inoxidable 18\/10. La versi\u00f3n MG-95 INT cuenta con la certificaci\u00f3n sanitaria NSF \/ ANSI 8.  Transmisi\u00f3n: por engranajes ba\u00f1ados en aceite. Producci\u00f3n: \u00b1 1.500 kg\/h (en el primer picado).  Capacidad del cubo en litros: 95 l. Capacidad del cubo en kg: \u00b1 65 kg.  Incluye protector de boca con micro y programador digital para programar distintos ciclos de mezcla. Posibilidad de incorporar un porcionador neum\u00e1tico para colocar la carne picada en bandejas de forma autom\u00e1tica (ver fotograf\u00edas y opciones m\u00e1s abajo).  2 motores independientes: Potencia motor picadora: 5,5 HP \/ 4 kW Potencia motor pastera: 1,75 HP \/ 1,3 kW  Versi\u00f3n trif\u00e1sica (230-400 V 50 Hz \/ 220 V 60 Hz) o monof\u00e1sica (230 V 50 Hz \/ 220 V 60 Hz).  Dimensiones de la base: 82 \u00d7 54 cm.","og_url":"https:\/\/servifibal.cat\/es\/prod\/mg-95-hybrid\/","og_site_name":"Servifibal","article_modified_time":"2026-01-30T22:04:33+00:00","og_image":[{"width":300,"height":375,"url":"https:\/\/servifibal.cat\/wp-content\/uploads\/2025\/11\/MG95-1.jpg","type":"image\/jpeg"}],"twitter_card":"summary_large_image","twitter_misc":{"Tiempo de lectura":"1 minuto"},"schema":{"@context":"https:\/\/schema.org","@graph":[{"@type":"WebPage","@id":"https:\/\/servifibal.cat\/es\/prod\/mg-95-hybrid\/","url":"https:\/\/servifibal.cat\/es\/prod\/mg-95-hybrid\/","name":"MG-95 HYBRID - Servifibal","isPartOf":{"@id":"https:\/\/servifibal.cat\/es\/#website"},"primaryImageOfPage":{"@id":"https:\/\/servifibal.cat\/es\/prod\/mg-95-hybrid\/#primaryimage"},"image":{"@id":"https:\/\/servifibal.cat\/es\/prod\/mg-95-hybrid\/#primaryimage"},"thumbnailUrl":"https:\/\/servifibal.cat\/wp-content\/uploads\/2025\/11\/MG95-1.jpg","datePublished":"2024-09-04T09:55:48+00:00","dateModified":"2026-01-30T22:04:33+00:00","breadcrumb":{"@id":"https:\/\/servifibal.cat\/es\/prod\/mg-95-hybrid\/#breadcrumb"},"inLanguage":"es","potentialAction":[{"@type":"ReadAction","target":["https:\/\/servifibal.cat\/es\/prod\/mg-95-hybrid\/"]}]},{"@type":"ImageObject","inLanguage":"es","@id":"https:\/\/servifibal.cat\/es\/prod\/mg-95-hybrid\/#primaryimage","url":"https:\/\/servifibal.cat\/wp-content\/uploads\/2025\/11\/MG95-1.jpg","contentUrl":"https:\/\/servifibal.cat\/wp-content\/uploads\/2025\/11\/MG95-1.jpg","width":300,"height":375},{"@type":"BreadcrumbList","@id":"https:\/\/servifibal.cat\/es\/prod\/mg-95-hybrid\/#breadcrumb","itemListElement":[{"@type":"ListItem","position":1,"name":"Portada","item":"https:\/\/servifibal.cat\/es\/inicio\/"},{"@type":"ListItem","position":2,"name":"Tienda","item":"https:\/\/servifibal.cat\/es\/tienda\/"},{"@type":"ListItem","position":3,"name":"MG-95 HYBRID"}]},{"@type":"WebSite","@id":"https:\/\/servifibal.cat\/es\/#website","url":"https:\/\/servifibal.cat\/es\/","name":"Servifibal","description":"Solucions per al petit comer\u00e7","publisher":{"@id":"https:\/\/servifibal.cat\/es\/#organization"},"potentialAction":[{"@type":"SearchAction","target":{"@type":"EntryPoint","urlTemplate":"https:\/\/servifibal.cat\/es\/?s={search_term_string}"},"query-input":{"@type":"PropertyValueSpecification","valueRequired":true,"valueName":"search_term_string"}}],"inLanguage":"es"},{"@type":"Organization","@id":"https:\/\/servifibal.cat\/es\/#organization","name":"Servifibal","url":"https:\/\/servifibal.cat\/es\/","logo":{"@type":"ImageObject","inLanguage":"es","@id":"https:\/\/servifibal.cat\/es\/#\/schema\/logo\/image\/","url":"https:\/\/servifibal.cat\/wp-content\/uploads\/2025\/11\/00-Logo-nou-blanc.png","contentUrl":"https:\/\/servifibal.cat\/wp-content\/uploads\/2025\/11\/00-Logo-nou-blanc.png","width":176,"height":38,"caption":"Servifibal"},"image":{"@id":"https:\/\/servifibal.cat\/es\/#\/schema\/logo\/image\/"}}]}},"_links":{"self":[{"href":"https:\/\/servifibal.cat\/es\/wp-json\/wp\/v2\/product\/74711","targetHints":{"allow":["GET"]}}],"collection":[{"href":"https:\/\/servifibal.cat\/es\/wp-json\/wp\/v2\/product"}],"about":[{"href":"https:\/\/servifibal.cat\/es\/wp-json\/wp\/v2\/types\/product"}],"wp:featuredmedia":[{"embeddable":true,"href":"https:\/\/servifibal.cat\/es\/wp-json\/wp\/v2\/media\/74712"}],"wp:attachment":[{"href":"https:\/\/servifibal.cat\/es\/wp-json\/wp\/v2\/media?parent=74711"}],"wp:term":[{"taxonomy":"product_brand","embeddable":true,"href":"https:\/\/servifibal.cat\/es\/wp-json\/wp\/v2\/product_brand?post=74711"},{"taxonomy":"product_cat","embeddable":true,"href":"https:\/\/servifibal.cat\/es\/wp-json\/wp\/v2\/product_cat?post=74711"},{"taxonomy":"product_tag","embeddable":true,"href":"https:\/\/servifibal.cat\/es\/wp-json\/wp\/v2\/product_tag?post=74711"}],"curies":[{"name":"wp","href":"https:\/\/api.w.org\/{rel}","templated":true}]}}