{"id":74643,"date":"2024-09-04T01:12:39","date_gmt":"2024-09-04T01:12:39","guid":{"rendered":"https:\/\/stage.servifibal.cat\/?post_type=product&#038;p=74643"},"modified":"2026-01-30T21:18:45","modified_gmt":"2026-01-30T21:18:45","slug":"as-75-var","status":"publish","type":"product","link":"https:\/\/servifibal.cat\/es\/prod\/as-75-var\/","title":{"rendered":"AS-75 VAR"},"content":{"rendered":"<p><span class=\"bb\"><strong class=\"bb\">Opciones<\/strong><\/span><\/p>\n<ul class=\"bb\">\n<li class=\"bb\">Cabezal extra de 3 cuchillas.<\/li>\n<li class=\"bb\">Cabezal extra de 6 cuchillas.<\/li>\n<li class=\"bb\">Equipada con 6 cuchillas en lugar de 3.<\/li>\n<li class=\"bb\">Descargador de masa.<\/li>\n<\/ul>\n","protected":false},"excerpt":{"rendered":"<ul class=\"bb\">\n<li class=\"bb\">Capacidad: 75 litros.<\/li>\n<li class=\"bb\">Construida totalmente en acero inoxidable AISI 304.<\/li>\n<li class=\"bb\">Artesa de fundici\u00f3n de acero inoxidable AISI 304.<\/li>\n<li class=\"bb\">Construcci\u00f3n muy robusta para evitar vibraciones.<\/li>\n<li class=\"bb\">Equipada con freno de seguridad en las cuchillas.<\/li>\n<li class=\"bb\">Panel t\u00e1ctil.<\/li>\n<li class=\"bb\">Equipada con 3 cuchillas (opci\u00f3n 6 cuchillas).<\/li>\n<li class=\"bb\">Equipada con 2 motores independientes.<\/li>\n<li class=\"bb\">Velocidad lenta de mezclado en ambos sentidos.<\/li>\n<li class=\"bb\">Term\u00f3metro digital incluido.<\/li>\n<li class=\"bb\">Potencia motor cuchillas: 30 HP\/ 22 kW.<\/li>\n<li class=\"bb\">Potencia motor artesa: 1,5 HP\/ 1,10 kW.<\/li>\n<li class=\"bb\">Velocidad de las cuchillas: de 1.000 rpm a 3.000 rpm.<\/li>\n<li class=\"bb\">Velocidad de la artesa: 12 rpm a 24 rpm.<\/li>\n<li class=\"bb\">Velocidad de mezclado: 150 rpm.<\/li>\n<li class=\"bb\">Peso neto: 890 kg.<\/li>\n<\/ul>\n","protected":false},"featured_media":74644,"template":"","meta":{"_joinchat":[]},"product_brand":[560],"product_cat":[524],"product_tag":[],"class_list":{"0":"post-74643","1":"product","2":"type-product","3":"status-publish","4":"has-post-thumbnail","6":"product_brand-ak-ramon","7":"product_cat-cutters-ak-ramon-es","9":"first","10":"instock","11":"shipping-taxable","12":"product-type-simple"},"yoast_head":"<!-- This site is optimized with the Yoast SEO plugin v27.5 - https:\/\/yoast.com\/product\/yoast-seo-wordpress\/ -->\n<title>AS-75 VAR - Servifibal<\/title>\n<meta name=\"robots\" content=\"index, follow, max-snippet:-1, max-image-preview:large, max-video-preview:-1\" \/>\n<link rel=\"canonical\" href=\"https:\/\/servifibal.cat\/es\/prod\/as-75-var\/\" \/>\n<meta property=\"og:locale\" content=\"es_ES\" \/>\n<meta property=\"og:type\" content=\"article\" \/>\n<meta property=\"og:title\" content=\"AS-75 VAR - Servifibal\" \/>\n<meta property=\"og:description\" content=\"Capacidad: 75 litros.  Construida totalmente en acero inoxidable AISI 304.  Artesa de fundici\u00f3n de acero inoxidable AISI 304.  Construcci\u00f3n muy robusta para evitar vibraciones.  Equipada con freno de seguridad en las cuchillas.  Panel t\u00e1ctil.  Equipada con 3 cuchillas (opci\u00f3n 6 cuchillas).  Equipada con 2 motores independientes.  Velocidad lenta de mezclado en ambos sentidos.  Term\u00f3metro digital incluido.  Potencia motor cuchillas: 30 HP\/ 22 kW.  Potencia motor artesa: 1,5 HP\/ 1,10 kW.  Velocidad de las cuchillas: de 1.000 rpm a 3.000 rpm.  Velocidad de la artesa: 12 rpm a 24 rpm.  Velocidad de mezclado: 150 rpm.  Peso neto: 890 kg.\" \/>\n<meta property=\"og:url\" content=\"https:\/\/servifibal.cat\/es\/prod\/as-75-var\/\" \/>\n<meta property=\"og:site_name\" content=\"Servifibal\" \/>\n<meta property=\"article:modified_time\" content=\"2026-01-30T21:18:45+00:00\" \/>\n<meta property=\"og:image\" content=\"https:\/\/servifibal.cat\/wp-content\/uploads\/2025\/11\/AS-75_VAR-sinfondo.png\" \/>\n\t<meta property=\"og:image:width\" content=\"500\" \/>\n\t<meta property=\"og:image:height\" content=\"476\" \/>\n\t<meta property=\"og:image:type\" content=\"image\/png\" \/>\n<meta name=\"twitter:card\" content=\"summary_large_image\" \/>\n<meta name=\"twitter:label1\" content=\"Tiempo de lectura\" \/>\n\t<meta name=\"twitter:data1\" content=\"1 minuto\" \/>\n<script type=\"application\/ld+json\" class=\"yoast-schema-graph\">{\"@context\":\"https:\\\/\\\/schema.org\",\"@graph\":[{\"@type\":\"WebPage\",\"@id\":\"https:\\\/\\\/servifibal.cat\\\/es\\\/prod\\\/as-75-var\\\/\",\"url\":\"https:\\\/\\\/servifibal.cat\\\/es\\\/prod\\\/as-75-var\\\/\",\"name\":\"AS-75 VAR - Servifibal\",\"isPartOf\":{\"@id\":\"https:\\\/\\\/servifibal.cat\\\/es\\\/#website\"},\"primaryImageOfPage\":{\"@id\":\"https:\\\/\\\/servifibal.cat\\\/es\\\/prod\\\/as-75-var\\\/#primaryimage\"},\"image\":{\"@id\":\"https:\\\/\\\/servifibal.cat\\\/es\\\/prod\\\/as-75-var\\\/#primaryimage\"},\"thumbnailUrl\":\"https:\\\/\\\/servifibal.cat\\\/wp-content\\\/uploads\\\/2025\\\/11\\\/AS-75_VAR-sinfondo.png\",\"datePublished\":\"2024-09-04T01:12:39+00:00\",\"dateModified\":\"2026-01-30T21:18:45+00:00\",\"breadcrumb\":{\"@id\":\"https:\\\/\\\/servifibal.cat\\\/es\\\/prod\\\/as-75-var\\\/#breadcrumb\"},\"inLanguage\":\"es\",\"potentialAction\":[{\"@type\":\"ReadAction\",\"target\":[\"https:\\\/\\\/servifibal.cat\\\/es\\\/prod\\\/as-75-var\\\/\"]}]},{\"@type\":\"ImageObject\",\"inLanguage\":\"es\",\"@id\":\"https:\\\/\\\/servifibal.cat\\\/es\\\/prod\\\/as-75-var\\\/#primaryimage\",\"url\":\"https:\\\/\\\/servifibal.cat\\\/wp-content\\\/uploads\\\/2025\\\/11\\\/AS-75_VAR-sinfondo.png\",\"contentUrl\":\"https:\\\/\\\/servifibal.cat\\\/wp-content\\\/uploads\\\/2025\\\/11\\\/AS-75_VAR-sinfondo.png\",\"width\":500,\"height\":476},{\"@type\":\"BreadcrumbList\",\"@id\":\"https:\\\/\\\/servifibal.cat\\\/es\\\/prod\\\/as-75-var\\\/#breadcrumb\",\"itemListElement\":[{\"@type\":\"ListItem\",\"position\":1,\"name\":\"Portada\",\"item\":\"https:\\\/\\\/servifibal.cat\\\/es\\\/inicio\\\/\"},{\"@type\":\"ListItem\",\"position\":2,\"name\":\"Tienda\",\"item\":\"https:\\\/\\\/servifibal.cat\\\/es\\\/tienda\\\/\"},{\"@type\":\"ListItem\",\"position\":3,\"name\":\"AS-75 VAR\"}]},{\"@type\":\"WebSite\",\"@id\":\"https:\\\/\\\/servifibal.cat\\\/es\\\/#website\",\"url\":\"https:\\\/\\\/servifibal.cat\\\/es\\\/\",\"name\":\"Servifibal\",\"description\":\"Solucions per al petit comer\u00e7\",\"publisher\":{\"@id\":\"https:\\\/\\\/servifibal.cat\\\/es\\\/#organization\"},\"potentialAction\":[{\"@type\":\"SearchAction\",\"target\":{\"@type\":\"EntryPoint\",\"urlTemplate\":\"https:\\\/\\\/servifibal.cat\\\/es\\\/?s={search_term_string}\"},\"query-input\":{\"@type\":\"PropertyValueSpecification\",\"valueRequired\":true,\"valueName\":\"search_term_string\"}}],\"inLanguage\":\"es\"},{\"@type\":\"Organization\",\"@id\":\"https:\\\/\\\/servifibal.cat\\\/es\\\/#organization\",\"name\":\"Servifibal\",\"url\":\"https:\\\/\\\/servifibal.cat\\\/es\\\/\",\"logo\":{\"@type\":\"ImageObject\",\"inLanguage\":\"es\",\"@id\":\"https:\\\/\\\/servifibal.cat\\\/es\\\/#\\\/schema\\\/logo\\\/image\\\/\",\"url\":\"https:\\\/\\\/servifibal.cat\\\/wp-content\\\/uploads\\\/2025\\\/11\\\/00-Logo-nou-blanc.png\",\"contentUrl\":\"https:\\\/\\\/servifibal.cat\\\/wp-content\\\/uploads\\\/2025\\\/11\\\/00-Logo-nou-blanc.png\",\"width\":176,\"height\":38,\"caption\":\"Servifibal\"},\"image\":{\"@id\":\"https:\\\/\\\/servifibal.cat\\\/es\\\/#\\\/schema\\\/logo\\\/image\\\/\"}}]}<\/script>\n<!-- \/ Yoast SEO plugin. -->","yoast_head_json":{"title":"AS-75 VAR - Servifibal","robots":{"index":"index","follow":"follow","max-snippet":"max-snippet:-1","max-image-preview":"max-image-preview:large","max-video-preview":"max-video-preview:-1"},"canonical":"https:\/\/servifibal.cat\/es\/prod\/as-75-var\/","og_locale":"es_ES","og_type":"article","og_title":"AS-75 VAR - Servifibal","og_description":"Capacidad: 75 litros.  Construida totalmente en acero inoxidable AISI 304.  Artesa de fundici\u00f3n de acero inoxidable AISI 304.  Construcci\u00f3n muy robusta para evitar vibraciones.  Equipada con freno de seguridad en las cuchillas.  Panel t\u00e1ctil.  Equipada con 3 cuchillas (opci\u00f3n 6 cuchillas).  Equipada con 2 motores independientes.  Velocidad lenta de mezclado en ambos sentidos.  Term\u00f3metro digital incluido.  Potencia motor cuchillas: 30 HP\/ 22 kW.  Potencia motor artesa: 1,5 HP\/ 1,10 kW.  Velocidad de las cuchillas: de 1.000 rpm a 3.000 rpm.  Velocidad de la artesa: 12 rpm a 24 rpm.  Velocidad de mezclado: 150 rpm.  Peso neto: 890 kg.","og_url":"https:\/\/servifibal.cat\/es\/prod\/as-75-var\/","og_site_name":"Servifibal","article_modified_time":"2026-01-30T21:18:45+00:00","og_image":[{"width":500,"height":476,"url":"https:\/\/servifibal.cat\/wp-content\/uploads\/2025\/11\/AS-75_VAR-sinfondo.png","type":"image\/png"}],"twitter_card":"summary_large_image","twitter_misc":{"Tiempo de lectura":"1 minuto"},"schema":{"@context":"https:\/\/schema.org","@graph":[{"@type":"WebPage","@id":"https:\/\/servifibal.cat\/es\/prod\/as-75-var\/","url":"https:\/\/servifibal.cat\/es\/prod\/as-75-var\/","name":"AS-75 VAR - Servifibal","isPartOf":{"@id":"https:\/\/servifibal.cat\/es\/#website"},"primaryImageOfPage":{"@id":"https:\/\/servifibal.cat\/es\/prod\/as-75-var\/#primaryimage"},"image":{"@id":"https:\/\/servifibal.cat\/es\/prod\/as-75-var\/#primaryimage"},"thumbnailUrl":"https:\/\/servifibal.cat\/wp-content\/uploads\/2025\/11\/AS-75_VAR-sinfondo.png","datePublished":"2024-09-04T01:12:39+00:00","dateModified":"2026-01-30T21:18:45+00:00","breadcrumb":{"@id":"https:\/\/servifibal.cat\/es\/prod\/as-75-var\/#breadcrumb"},"inLanguage":"es","potentialAction":[{"@type":"ReadAction","target":["https:\/\/servifibal.cat\/es\/prod\/as-75-var\/"]}]},{"@type":"ImageObject","inLanguage":"es","@id":"https:\/\/servifibal.cat\/es\/prod\/as-75-var\/#primaryimage","url":"https:\/\/servifibal.cat\/wp-content\/uploads\/2025\/11\/AS-75_VAR-sinfondo.png","contentUrl":"https:\/\/servifibal.cat\/wp-content\/uploads\/2025\/11\/AS-75_VAR-sinfondo.png","width":500,"height":476},{"@type":"BreadcrumbList","@id":"https:\/\/servifibal.cat\/es\/prod\/as-75-var\/#breadcrumb","itemListElement":[{"@type":"ListItem","position":1,"name":"Portada","item":"https:\/\/servifibal.cat\/es\/inicio\/"},{"@type":"ListItem","position":2,"name":"Tienda","item":"https:\/\/servifibal.cat\/es\/tienda\/"},{"@type":"ListItem","position":3,"name":"AS-75 VAR"}]},{"@type":"WebSite","@id":"https:\/\/servifibal.cat\/es\/#website","url":"https:\/\/servifibal.cat\/es\/","name":"Servifibal","description":"Solucions per al petit comer\u00e7","publisher":{"@id":"https:\/\/servifibal.cat\/es\/#organization"},"potentialAction":[{"@type":"SearchAction","target":{"@type":"EntryPoint","urlTemplate":"https:\/\/servifibal.cat\/es\/?s={search_term_string}"},"query-input":{"@type":"PropertyValueSpecification","valueRequired":true,"valueName":"search_term_string"}}],"inLanguage":"es"},{"@type":"Organization","@id":"https:\/\/servifibal.cat\/es\/#organization","name":"Servifibal","url":"https:\/\/servifibal.cat\/es\/","logo":{"@type":"ImageObject","inLanguage":"es","@id":"https:\/\/servifibal.cat\/es\/#\/schema\/logo\/image\/","url":"https:\/\/servifibal.cat\/wp-content\/uploads\/2025\/11\/00-Logo-nou-blanc.png","contentUrl":"https:\/\/servifibal.cat\/wp-content\/uploads\/2025\/11\/00-Logo-nou-blanc.png","width":176,"height":38,"caption":"Servifibal"},"image":{"@id":"https:\/\/servifibal.cat\/es\/#\/schema\/logo\/image\/"}}]}},"_links":{"self":[{"href":"https:\/\/servifibal.cat\/es\/wp-json\/wp\/v2\/product\/74643","targetHints":{"allow":["GET"]}}],"collection":[{"href":"https:\/\/servifibal.cat\/es\/wp-json\/wp\/v2\/product"}],"about":[{"href":"https:\/\/servifibal.cat\/es\/wp-json\/wp\/v2\/types\/product"}],"wp:featuredmedia":[{"embeddable":true,"href":"https:\/\/servifibal.cat\/es\/wp-json\/wp\/v2\/media\/74644"}],"wp:attachment":[{"href":"https:\/\/servifibal.cat\/es\/wp-json\/wp\/v2\/media?parent=74643"}],"wp:term":[{"taxonomy":"product_brand","embeddable":true,"href":"https:\/\/servifibal.cat\/es\/wp-json\/wp\/v2\/product_brand?post=74643"},{"taxonomy":"product_cat","embeddable":true,"href":"https:\/\/servifibal.cat\/es\/wp-json\/wp\/v2\/product_cat?post=74643"},{"taxonomy":"product_tag","embeddable":true,"href":"https:\/\/servifibal.cat\/es\/wp-json\/wp\/v2\/product_tag?post=74643"}],"curies":[{"name":"wp","href":"https:\/\/api.w.org\/{rel}","templated":true}]}}