{"id":74632,"date":"2024-09-04T01:08:27","date_gmt":"2024-09-04T01:08:27","guid":{"rendered":"https:\/\/stage.servifibal.cat\/?post_type=product&#038;p=74632"},"modified":"2026-01-30T21:08:16","modified_gmt":"2026-01-30T21:08:16","slug":"as-40-var","status":"publish","type":"product","link":"https:\/\/servifibal.cat\/es\/prod\/as-40-var\/","title":{"rendered":"AS-40 VAR"},"content":{"rendered":"<p><span class=\"bb\"><strong class=\"bb\">Opciones<\/strong><\/span><\/p>\n<ul class=\"bb\">\n<li class=\"bb\">Cabezal extra de 3 cuchillas.<\/li>\n<li class=\"bb\">Cabezal extra de 6 cuchillas.<\/li>\n<li class=\"bb\">Equipada con 6 cuchillas en lugar de 3<\/li>\n<\/ul>\n","protected":false},"excerpt":{"rendered":"<ul class=\"bb\">\n<li class=\"bb\">Capacidad: 40 litros.<\/li>\n<li class=\"bb\">Construida totalmente en acero inoxidable AISI 304.<\/li>\n<li class=\"bb\">Artesa de fundici\u00f3n de acero inoxidable AISI 304.<\/li>\n<li>Panel t\u00e1ctil.<\/li>\n<li class=\"bb\">Construcci\u00f3n muy robusta para evitar vibraciones.<\/li>\n<li class=\"bb\">Equipada con freno de seguridad en las cuchillas.<\/li>\n<li class=\"bb\">Equipada con 2 motores independientes.<\/li>\n<li>Velocidad lenta de mezclado en ambos sentidos.<\/li>\n<li class=\"bb\">Equipada con 3 cuchillas (opcional de 6 cuchillas).<\/li>\n<li class=\"bb\">Interruptor para limpiar la artesa.<\/li>\n<li class=\"bb\">Term\u00f3metro digital incluido.<\/li>\n<li class=\"bb\">Potencia motor cuchillas: 10 HP\/ 7,35 kW.<\/li>\n<li class=\"bb\">Potencia motor artesa: 1 HP\/ 0,75 kW.<\/li>\n<li class=\"bb\">Velocidad variable de las cuchillas: de 1.000 rpm a 3.000 rpm.<\/li>\n<li class=\"bb\">Velocidad variable de la artesa: 12 rpm a 24 rpm.<\/li>\n<li class=\"bb\">Peso neto: 562 kg.<\/li>\n<\/ul>\n","protected":false},"featured_media":74633,"template":"","meta":{"_joinchat":[]},"product_brand":[560],"product_cat":[524],"product_tag":[],"class_list":{"0":"post-74632","1":"product","2":"type-product","3":"status-publish","4":"has-post-thumbnail","6":"product_brand-ak-ramon","7":"product_cat-cutters-ak-ramon-es","9":"first","10":"instock","11":"shipping-taxable","12":"product-type-simple"},"yoast_head":"<!-- This site is optimized with the Yoast SEO plugin v27.5 - https:\/\/yoast.com\/product\/yoast-seo-wordpress\/ -->\n<title>AS-40 VAR - Servifibal<\/title>\n<meta name=\"robots\" content=\"index, follow, max-snippet:-1, max-image-preview:large, max-video-preview:-1\" \/>\n<link rel=\"canonical\" href=\"https:\/\/servifibal.cat\/es\/prod\/as-40-var\/\" \/>\n<meta property=\"og:locale\" content=\"es_ES\" \/>\n<meta property=\"og:type\" content=\"article\" \/>\n<meta property=\"og:title\" content=\"AS-40 VAR - Servifibal\" \/>\n<meta property=\"og:description\" content=\"Capacidad: 40 litros.  Construida totalmente en acero inoxidable AISI 304.  Artesa de fundici\u00f3n de acero inoxidable AISI 304.  Panel t\u00e1ctil.  Construcci\u00f3n muy robusta para evitar vibraciones.  Equipada con freno de seguridad en las cuchillas.  Equipada con 2 motores independientes.  Velocidad lenta de mezclado en ambos sentidos.  Equipada con 3 cuchillas (opcional de 6 cuchillas).  Interruptor para limpiar la artesa.  Term\u00f3metro digital incluido.  Potencia motor cuchillas: 10 HP\/ 7,35 kW.  Potencia motor artesa: 1 HP\/ 0,75 kW.  Velocidad variable de las cuchillas: de 1.000 rpm a 3.000 rpm.  Velocidad variable de la artesa: 12 rpm a 24 rpm.  Peso neto: 562 kg.\" \/>\n<meta property=\"og:url\" content=\"https:\/\/servifibal.cat\/es\/prod\/as-40-var\/\" \/>\n<meta property=\"og:site_name\" content=\"Servifibal\" \/>\n<meta property=\"article:modified_time\" content=\"2026-01-30T21:08:16+00:00\" \/>\n<meta property=\"og:image\" content=\"https:\/\/servifibal.cat\/wp-content\/uploads\/2025\/11\/AS-40_VAR-sin-fondo-1.png\" \/>\n\t<meta property=\"og:image:width\" content=\"500\" \/>\n\t<meta property=\"og:image:height\" content=\"485\" \/>\n\t<meta property=\"og:image:type\" content=\"image\/png\" \/>\n<meta name=\"twitter:card\" content=\"summary_large_image\" \/>\n<meta name=\"twitter:label1\" content=\"Tiempo de lectura\" \/>\n\t<meta name=\"twitter:data1\" content=\"1 minuto\" \/>\n<script type=\"application\/ld+json\" class=\"yoast-schema-graph\">{\"@context\":\"https:\\\/\\\/schema.org\",\"@graph\":[{\"@type\":\"WebPage\",\"@id\":\"https:\\\/\\\/servifibal.cat\\\/es\\\/prod\\\/as-40-var\\\/\",\"url\":\"https:\\\/\\\/servifibal.cat\\\/es\\\/prod\\\/as-40-var\\\/\",\"name\":\"AS-40 VAR - Servifibal\",\"isPartOf\":{\"@id\":\"https:\\\/\\\/servifibal.cat\\\/es\\\/#website\"},\"primaryImageOfPage\":{\"@id\":\"https:\\\/\\\/servifibal.cat\\\/es\\\/prod\\\/as-40-var\\\/#primaryimage\"},\"image\":{\"@id\":\"https:\\\/\\\/servifibal.cat\\\/es\\\/prod\\\/as-40-var\\\/#primaryimage\"},\"thumbnailUrl\":\"https:\\\/\\\/servifibal.cat\\\/wp-content\\\/uploads\\\/2025\\\/11\\\/AS-40_VAR-sin-fondo-1.png\",\"datePublished\":\"2024-09-04T01:08:27+00:00\",\"dateModified\":\"2026-01-30T21:08:16+00:00\",\"breadcrumb\":{\"@id\":\"https:\\\/\\\/servifibal.cat\\\/es\\\/prod\\\/as-40-var\\\/#breadcrumb\"},\"inLanguage\":\"es\",\"potentialAction\":[{\"@type\":\"ReadAction\",\"target\":[\"https:\\\/\\\/servifibal.cat\\\/es\\\/prod\\\/as-40-var\\\/\"]}]},{\"@type\":\"ImageObject\",\"inLanguage\":\"es\",\"@id\":\"https:\\\/\\\/servifibal.cat\\\/es\\\/prod\\\/as-40-var\\\/#primaryimage\",\"url\":\"https:\\\/\\\/servifibal.cat\\\/wp-content\\\/uploads\\\/2025\\\/11\\\/AS-40_VAR-sin-fondo-1.png\",\"contentUrl\":\"https:\\\/\\\/servifibal.cat\\\/wp-content\\\/uploads\\\/2025\\\/11\\\/AS-40_VAR-sin-fondo-1.png\",\"width\":500,\"height\":485},{\"@type\":\"BreadcrumbList\",\"@id\":\"https:\\\/\\\/servifibal.cat\\\/es\\\/prod\\\/as-40-var\\\/#breadcrumb\",\"itemListElement\":[{\"@type\":\"ListItem\",\"position\":1,\"name\":\"Portada\",\"item\":\"https:\\\/\\\/servifibal.cat\\\/es\\\/inicio\\\/\"},{\"@type\":\"ListItem\",\"position\":2,\"name\":\"Tienda\",\"item\":\"https:\\\/\\\/servifibal.cat\\\/es\\\/tienda\\\/\"},{\"@type\":\"ListItem\",\"position\":3,\"name\":\"AS-40 VAR\"}]},{\"@type\":\"WebSite\",\"@id\":\"https:\\\/\\\/servifibal.cat\\\/es\\\/#website\",\"url\":\"https:\\\/\\\/servifibal.cat\\\/es\\\/\",\"name\":\"Servifibal\",\"description\":\"Solucions per al petit comer\u00e7\",\"publisher\":{\"@id\":\"https:\\\/\\\/servifibal.cat\\\/es\\\/#organization\"},\"potentialAction\":[{\"@type\":\"SearchAction\",\"target\":{\"@type\":\"EntryPoint\",\"urlTemplate\":\"https:\\\/\\\/servifibal.cat\\\/es\\\/?s={search_term_string}\"},\"query-input\":{\"@type\":\"PropertyValueSpecification\",\"valueRequired\":true,\"valueName\":\"search_term_string\"}}],\"inLanguage\":\"es\"},{\"@type\":\"Organization\",\"@id\":\"https:\\\/\\\/servifibal.cat\\\/es\\\/#organization\",\"name\":\"Servifibal\",\"url\":\"https:\\\/\\\/servifibal.cat\\\/es\\\/\",\"logo\":{\"@type\":\"ImageObject\",\"inLanguage\":\"es\",\"@id\":\"https:\\\/\\\/servifibal.cat\\\/es\\\/#\\\/schema\\\/logo\\\/image\\\/\",\"url\":\"https:\\\/\\\/servifibal.cat\\\/wp-content\\\/uploads\\\/2025\\\/11\\\/00-Logo-nou-blanc.png\",\"contentUrl\":\"https:\\\/\\\/servifibal.cat\\\/wp-content\\\/uploads\\\/2025\\\/11\\\/00-Logo-nou-blanc.png\",\"width\":176,\"height\":38,\"caption\":\"Servifibal\"},\"image\":{\"@id\":\"https:\\\/\\\/servifibal.cat\\\/es\\\/#\\\/schema\\\/logo\\\/image\\\/\"}}]}<\/script>\n<!-- \/ Yoast SEO plugin. -->","yoast_head_json":{"title":"AS-40 VAR - Servifibal","robots":{"index":"index","follow":"follow","max-snippet":"max-snippet:-1","max-image-preview":"max-image-preview:large","max-video-preview":"max-video-preview:-1"},"canonical":"https:\/\/servifibal.cat\/es\/prod\/as-40-var\/","og_locale":"es_ES","og_type":"article","og_title":"AS-40 VAR - Servifibal","og_description":"Capacidad: 40 litros.  Construida totalmente en acero inoxidable AISI 304.  Artesa de fundici\u00f3n de acero inoxidable AISI 304.  Panel t\u00e1ctil.  Construcci\u00f3n muy robusta para evitar vibraciones.  Equipada con freno de seguridad en las cuchillas.  Equipada con 2 motores independientes.  Velocidad lenta de mezclado en ambos sentidos.  Equipada con 3 cuchillas (opcional de 6 cuchillas).  Interruptor para limpiar la artesa.  Term\u00f3metro digital incluido.  Potencia motor cuchillas: 10 HP\/ 7,35 kW.  Potencia motor artesa: 1 HP\/ 0,75 kW.  Velocidad variable de las cuchillas: de 1.000 rpm a 3.000 rpm.  Velocidad variable de la artesa: 12 rpm a 24 rpm.  Peso neto: 562 kg.","og_url":"https:\/\/servifibal.cat\/es\/prod\/as-40-var\/","og_site_name":"Servifibal","article_modified_time":"2026-01-30T21:08:16+00:00","og_image":[{"width":500,"height":485,"url":"https:\/\/servifibal.cat\/wp-content\/uploads\/2025\/11\/AS-40_VAR-sin-fondo-1.png","type":"image\/png"}],"twitter_card":"summary_large_image","twitter_misc":{"Tiempo de lectura":"1 minuto"},"schema":{"@context":"https:\/\/schema.org","@graph":[{"@type":"WebPage","@id":"https:\/\/servifibal.cat\/es\/prod\/as-40-var\/","url":"https:\/\/servifibal.cat\/es\/prod\/as-40-var\/","name":"AS-40 VAR - Servifibal","isPartOf":{"@id":"https:\/\/servifibal.cat\/es\/#website"},"primaryImageOfPage":{"@id":"https:\/\/servifibal.cat\/es\/prod\/as-40-var\/#primaryimage"},"image":{"@id":"https:\/\/servifibal.cat\/es\/prod\/as-40-var\/#primaryimage"},"thumbnailUrl":"https:\/\/servifibal.cat\/wp-content\/uploads\/2025\/11\/AS-40_VAR-sin-fondo-1.png","datePublished":"2024-09-04T01:08:27+00:00","dateModified":"2026-01-30T21:08:16+00:00","breadcrumb":{"@id":"https:\/\/servifibal.cat\/es\/prod\/as-40-var\/#breadcrumb"},"inLanguage":"es","potentialAction":[{"@type":"ReadAction","target":["https:\/\/servifibal.cat\/es\/prod\/as-40-var\/"]}]},{"@type":"ImageObject","inLanguage":"es","@id":"https:\/\/servifibal.cat\/es\/prod\/as-40-var\/#primaryimage","url":"https:\/\/servifibal.cat\/wp-content\/uploads\/2025\/11\/AS-40_VAR-sin-fondo-1.png","contentUrl":"https:\/\/servifibal.cat\/wp-content\/uploads\/2025\/11\/AS-40_VAR-sin-fondo-1.png","width":500,"height":485},{"@type":"BreadcrumbList","@id":"https:\/\/servifibal.cat\/es\/prod\/as-40-var\/#breadcrumb","itemListElement":[{"@type":"ListItem","position":1,"name":"Portada","item":"https:\/\/servifibal.cat\/es\/inicio\/"},{"@type":"ListItem","position":2,"name":"Tienda","item":"https:\/\/servifibal.cat\/es\/tienda\/"},{"@type":"ListItem","position":3,"name":"AS-40 VAR"}]},{"@type":"WebSite","@id":"https:\/\/servifibal.cat\/es\/#website","url":"https:\/\/servifibal.cat\/es\/","name":"Servifibal","description":"Solucions per al petit comer\u00e7","publisher":{"@id":"https:\/\/servifibal.cat\/es\/#organization"},"potentialAction":[{"@type":"SearchAction","target":{"@type":"EntryPoint","urlTemplate":"https:\/\/servifibal.cat\/es\/?s={search_term_string}"},"query-input":{"@type":"PropertyValueSpecification","valueRequired":true,"valueName":"search_term_string"}}],"inLanguage":"es"},{"@type":"Organization","@id":"https:\/\/servifibal.cat\/es\/#organization","name":"Servifibal","url":"https:\/\/servifibal.cat\/es\/","logo":{"@type":"ImageObject","inLanguage":"es","@id":"https:\/\/servifibal.cat\/es\/#\/schema\/logo\/image\/","url":"https:\/\/servifibal.cat\/wp-content\/uploads\/2025\/11\/00-Logo-nou-blanc.png","contentUrl":"https:\/\/servifibal.cat\/wp-content\/uploads\/2025\/11\/00-Logo-nou-blanc.png","width":176,"height":38,"caption":"Servifibal"},"image":{"@id":"https:\/\/servifibal.cat\/es\/#\/schema\/logo\/image\/"}}]}},"_links":{"self":[{"href":"https:\/\/servifibal.cat\/es\/wp-json\/wp\/v2\/product\/74632","targetHints":{"allow":["GET"]}}],"collection":[{"href":"https:\/\/servifibal.cat\/es\/wp-json\/wp\/v2\/product"}],"about":[{"href":"https:\/\/servifibal.cat\/es\/wp-json\/wp\/v2\/types\/product"}],"wp:featuredmedia":[{"embeddable":true,"href":"https:\/\/servifibal.cat\/es\/wp-json\/wp\/v2\/media\/74633"}],"wp:attachment":[{"href":"https:\/\/servifibal.cat\/es\/wp-json\/wp\/v2\/media?parent=74632"}],"wp:term":[{"taxonomy":"product_brand","embeddable":true,"href":"https:\/\/servifibal.cat\/es\/wp-json\/wp\/v2\/product_brand?post=74632"},{"taxonomy":"product_cat","embeddable":true,"href":"https:\/\/servifibal.cat\/es\/wp-json\/wp\/v2\/product_cat?post=74632"},{"taxonomy":"product_tag","embeddable":true,"href":"https:\/\/servifibal.cat\/es\/wp-json\/wp\/v2\/product_tag?post=74632"}],"curies":[{"name":"wp","href":"https:\/\/api.w.org\/{rel}","templated":true}]}}