{"id":74582,"date":"2024-09-04T00:22:48","date_gmt":"2024-09-04T00:22:48","guid":{"rendered":"https:\/\/stage.servifibal.cat\/?post_type=product&#038;p=74582"},"modified":"2026-01-30T21:55:12","modified_gmt":"2026-01-30T21:55:12","slug":"ha-4400-2","status":"publish","type":"product","link":"https:\/\/servifibal.cat\/es\/prod\/ha-4400-2\/","title":{"rendered":"HA-4400"},"content":{"rendered":"","protected":false},"excerpt":{"rendered":"<p>Producci\u00f3n:\u00a0hasta 4400 unidades \/ hora con variador de velocidad.<\/p>\n<p>Bombo formador doble. Expulsa 1 pieza cada media vuelta (180\u00ba).<br \/>\nDiferentes formas y tama\u00f1os hasta 120 mm \u00d8. Ver bombos disponibles m\u00e1s abajo en \u00abOPCIONES\u00bb.<br \/>\nGrosor de la pieza ajustable desde 4 hasta 34 mm seg\u00fan modelo del bombo.<\/p>\n<p>Motor monof\u00e1sico 1HP 230V 50Hz (consumo 3.3 Amp.)<br \/>\nFuncionamiento: Autom\u00e1tico o Manual con pedal.<\/p>\n<p>Capacidad de la tolva: 25 litros \/ 15Kg (opcional de 45 lt. \/ 25Kg).<br \/>\nDispensador de papel autom\u00e1tico opcional.<br \/>\nLimpiador neum\u00e1tico del hilo expulsor (opcional).<br \/>\nCinta transportadora de 33 cm (opcional de 75 cm).<\/p>\n<p>Medidas del equipo:\u00a0 78 x 60 x 64 cm (Peso neto: 95 Kg).<\/p>\n","protected":false},"featured_media":74580,"template":"","meta":{"_joinchat":[]},"product_brand":[562],"product_cat":[536],"product_tag":[],"class_list":{"0":"post-74582","1":"product","2":"type-product","3":"status-publish","4":"has-post-thumbnail","6":"product_brand-mainca","7":"product_cat-hamburgueseras-automaticas-mainca","9":"first","10":"instock","11":"shipping-taxable","12":"product-type-simple"},"yoast_head":"<!-- This site is optimized with the Yoast SEO plugin v27.5 - https:\/\/yoast.com\/product\/yoast-seo-wordpress\/ -->\n<title>HA-4400 - Servifibal<\/title>\n<meta name=\"robots\" content=\"index, follow, max-snippet:-1, max-image-preview:large, max-video-preview:-1\" \/>\n<link rel=\"canonical\" href=\"https:\/\/servifibal.cat\/es\/prod\/ha-4400-2\/\" \/>\n<meta property=\"og:locale\" content=\"es_ES\" \/>\n<meta property=\"og:type\" content=\"article\" \/>\n<meta property=\"og:title\" content=\"HA-4400 - Servifibal\" \/>\n<meta property=\"og:description\" content=\"Producci\u00f3n:\u00a0hasta 4400 unidades \/ hora con variador de velocidad.  Bombo formador doble. Expulsa 1 pieza cada media vuelta (180\u00ba). Diferentes formas y tama\u00f1os hasta 120 mm \u00d8. Ver bombos disponibles m\u00e1s abajo en &quot;OPCIONES&quot;. Grosor de la pieza ajustable desde 4 hasta 34 mm seg\u00fan modelo del bombo.  Motor monof\u00e1sico 1HP 230V 50Hz (consumo 3.3 Amp.) Funcionamiento: Autom\u00e1tico o Manual con pedal.  Capacidad de la tolva: 25 litros \/ 15Kg (opcional de 45 lt. \/ 25Kg). Dispensador de papel autom\u00e1tico opcional. Limpiador neum\u00e1tico del hilo expulsor (opcional). Cinta transportadora de 33 cm (opcional de 75 cm).  Medidas del equipo:\u00a0 78 x 60 x 64 cm (Peso neto: 95 Kg).\" \/>\n<meta property=\"og:url\" content=\"https:\/\/servifibal.cat\/es\/prod\/ha-4400-2\/\" \/>\n<meta property=\"og:site_name\" content=\"Servifibal\" \/>\n<meta property=\"article:modified_time\" content=\"2026-01-30T21:55:12+00:00\" \/>\n<meta property=\"og:image\" content=\"https:\/\/servifibal.cat\/wp-content\/uploads\/2025\/11\/HA4400.jpg\" \/>\n\t<meta property=\"og:image:width\" content=\"300\" \/>\n\t<meta property=\"og:image:height\" content=\"375\" \/>\n\t<meta property=\"og:image:type\" content=\"image\/jpeg\" \/>\n<meta name=\"twitter:card\" content=\"summary_large_image\" \/>\n<meta name=\"twitter:label1\" content=\"Tiempo de lectura\" \/>\n\t<meta name=\"twitter:data1\" content=\"1 minuto\" \/>\n<script type=\"application\/ld+json\" class=\"yoast-schema-graph\">{\"@context\":\"https:\\\/\\\/schema.org\",\"@graph\":[{\"@type\":\"WebPage\",\"@id\":\"https:\\\/\\\/servifibal.cat\\\/es\\\/prod\\\/ha-4400-2\\\/\",\"url\":\"https:\\\/\\\/servifibal.cat\\\/es\\\/prod\\\/ha-4400-2\\\/\",\"name\":\"HA-4400 - Servifibal\",\"isPartOf\":{\"@id\":\"https:\\\/\\\/servifibal.cat\\\/es\\\/#website\"},\"primaryImageOfPage\":{\"@id\":\"https:\\\/\\\/servifibal.cat\\\/es\\\/prod\\\/ha-4400-2\\\/#primaryimage\"},\"image\":{\"@id\":\"https:\\\/\\\/servifibal.cat\\\/es\\\/prod\\\/ha-4400-2\\\/#primaryimage\"},\"thumbnailUrl\":\"https:\\\/\\\/servifibal.cat\\\/wp-content\\\/uploads\\\/2025\\\/11\\\/HA4400.jpg\",\"datePublished\":\"2024-09-04T00:22:48+00:00\",\"dateModified\":\"2026-01-30T21:55:12+00:00\",\"breadcrumb\":{\"@id\":\"https:\\\/\\\/servifibal.cat\\\/es\\\/prod\\\/ha-4400-2\\\/#breadcrumb\"},\"inLanguage\":\"es\",\"potentialAction\":[{\"@type\":\"ReadAction\",\"target\":[\"https:\\\/\\\/servifibal.cat\\\/es\\\/prod\\\/ha-4400-2\\\/\"]}]},{\"@type\":\"ImageObject\",\"inLanguage\":\"es\",\"@id\":\"https:\\\/\\\/servifibal.cat\\\/es\\\/prod\\\/ha-4400-2\\\/#primaryimage\",\"url\":\"https:\\\/\\\/servifibal.cat\\\/wp-content\\\/uploads\\\/2025\\\/11\\\/HA4400.jpg\",\"contentUrl\":\"https:\\\/\\\/servifibal.cat\\\/wp-content\\\/uploads\\\/2025\\\/11\\\/HA4400.jpg\",\"width\":300,\"height\":375},{\"@type\":\"BreadcrumbList\",\"@id\":\"https:\\\/\\\/servifibal.cat\\\/es\\\/prod\\\/ha-4400-2\\\/#breadcrumb\",\"itemListElement\":[{\"@type\":\"ListItem\",\"position\":1,\"name\":\"Portada\",\"item\":\"https:\\\/\\\/servifibal.cat\\\/es\\\/inicio\\\/\"},{\"@type\":\"ListItem\",\"position\":2,\"name\":\"Tienda\",\"item\":\"https:\\\/\\\/servifibal.cat\\\/es\\\/tienda\\\/\"},{\"@type\":\"ListItem\",\"position\":3,\"name\":\"HA-4400\"}]},{\"@type\":\"WebSite\",\"@id\":\"https:\\\/\\\/servifibal.cat\\\/es\\\/#website\",\"url\":\"https:\\\/\\\/servifibal.cat\\\/es\\\/\",\"name\":\"Servifibal\",\"description\":\"Solucions per al petit comer\u00e7\",\"publisher\":{\"@id\":\"https:\\\/\\\/servifibal.cat\\\/es\\\/#organization\"},\"potentialAction\":[{\"@type\":\"SearchAction\",\"target\":{\"@type\":\"EntryPoint\",\"urlTemplate\":\"https:\\\/\\\/servifibal.cat\\\/es\\\/?s={search_term_string}\"},\"query-input\":{\"@type\":\"PropertyValueSpecification\",\"valueRequired\":true,\"valueName\":\"search_term_string\"}}],\"inLanguage\":\"es\"},{\"@type\":\"Organization\",\"@id\":\"https:\\\/\\\/servifibal.cat\\\/es\\\/#organization\",\"name\":\"Servifibal\",\"url\":\"https:\\\/\\\/servifibal.cat\\\/es\\\/\",\"logo\":{\"@type\":\"ImageObject\",\"inLanguage\":\"es\",\"@id\":\"https:\\\/\\\/servifibal.cat\\\/es\\\/#\\\/schema\\\/logo\\\/image\\\/\",\"url\":\"https:\\\/\\\/servifibal.cat\\\/wp-content\\\/uploads\\\/2025\\\/11\\\/00-Logo-nou-blanc.png\",\"contentUrl\":\"https:\\\/\\\/servifibal.cat\\\/wp-content\\\/uploads\\\/2025\\\/11\\\/00-Logo-nou-blanc.png\",\"width\":176,\"height\":38,\"caption\":\"Servifibal\"},\"image\":{\"@id\":\"https:\\\/\\\/servifibal.cat\\\/es\\\/#\\\/schema\\\/logo\\\/image\\\/\"}}]}<\/script>\n<!-- \/ Yoast SEO plugin. -->","yoast_head_json":{"title":"HA-4400 - Servifibal","robots":{"index":"index","follow":"follow","max-snippet":"max-snippet:-1","max-image-preview":"max-image-preview:large","max-video-preview":"max-video-preview:-1"},"canonical":"https:\/\/servifibal.cat\/es\/prod\/ha-4400-2\/","og_locale":"es_ES","og_type":"article","og_title":"HA-4400 - Servifibal","og_description":"Producci\u00f3n:\u00a0hasta 4400 unidades \/ hora con variador de velocidad.  Bombo formador doble. Expulsa 1 pieza cada media vuelta (180\u00ba). Diferentes formas y tama\u00f1os hasta 120 mm \u00d8. Ver bombos disponibles m\u00e1s abajo en \"OPCIONES\". Grosor de la pieza ajustable desde 4 hasta 34 mm seg\u00fan modelo del bombo.  Motor monof\u00e1sico 1HP 230V 50Hz (consumo 3.3 Amp.) Funcionamiento: Autom\u00e1tico o Manual con pedal.  Capacidad de la tolva: 25 litros \/ 15Kg (opcional de 45 lt. \/ 25Kg). Dispensador de papel autom\u00e1tico opcional. Limpiador neum\u00e1tico del hilo expulsor (opcional). Cinta transportadora de 33 cm (opcional de 75 cm).  Medidas del equipo:\u00a0 78 x 60 x 64 cm (Peso neto: 95 Kg).","og_url":"https:\/\/servifibal.cat\/es\/prod\/ha-4400-2\/","og_site_name":"Servifibal","article_modified_time":"2026-01-30T21:55:12+00:00","og_image":[{"width":300,"height":375,"url":"https:\/\/servifibal.cat\/wp-content\/uploads\/2025\/11\/HA4400.jpg","type":"image\/jpeg"}],"twitter_card":"summary_large_image","twitter_misc":{"Tiempo de lectura":"1 minuto"},"schema":{"@context":"https:\/\/schema.org","@graph":[{"@type":"WebPage","@id":"https:\/\/servifibal.cat\/es\/prod\/ha-4400-2\/","url":"https:\/\/servifibal.cat\/es\/prod\/ha-4400-2\/","name":"HA-4400 - Servifibal","isPartOf":{"@id":"https:\/\/servifibal.cat\/es\/#website"},"primaryImageOfPage":{"@id":"https:\/\/servifibal.cat\/es\/prod\/ha-4400-2\/#primaryimage"},"image":{"@id":"https:\/\/servifibal.cat\/es\/prod\/ha-4400-2\/#primaryimage"},"thumbnailUrl":"https:\/\/servifibal.cat\/wp-content\/uploads\/2025\/11\/HA4400.jpg","datePublished":"2024-09-04T00:22:48+00:00","dateModified":"2026-01-30T21:55:12+00:00","breadcrumb":{"@id":"https:\/\/servifibal.cat\/es\/prod\/ha-4400-2\/#breadcrumb"},"inLanguage":"es","potentialAction":[{"@type":"ReadAction","target":["https:\/\/servifibal.cat\/es\/prod\/ha-4400-2\/"]}]},{"@type":"ImageObject","inLanguage":"es","@id":"https:\/\/servifibal.cat\/es\/prod\/ha-4400-2\/#primaryimage","url":"https:\/\/servifibal.cat\/wp-content\/uploads\/2025\/11\/HA4400.jpg","contentUrl":"https:\/\/servifibal.cat\/wp-content\/uploads\/2025\/11\/HA4400.jpg","width":300,"height":375},{"@type":"BreadcrumbList","@id":"https:\/\/servifibal.cat\/es\/prod\/ha-4400-2\/#breadcrumb","itemListElement":[{"@type":"ListItem","position":1,"name":"Portada","item":"https:\/\/servifibal.cat\/es\/inicio\/"},{"@type":"ListItem","position":2,"name":"Tienda","item":"https:\/\/servifibal.cat\/es\/tienda\/"},{"@type":"ListItem","position":3,"name":"HA-4400"}]},{"@type":"WebSite","@id":"https:\/\/servifibal.cat\/es\/#website","url":"https:\/\/servifibal.cat\/es\/","name":"Servifibal","description":"Solucions per al petit comer\u00e7","publisher":{"@id":"https:\/\/servifibal.cat\/es\/#organization"},"potentialAction":[{"@type":"SearchAction","target":{"@type":"EntryPoint","urlTemplate":"https:\/\/servifibal.cat\/es\/?s={search_term_string}"},"query-input":{"@type":"PropertyValueSpecification","valueRequired":true,"valueName":"search_term_string"}}],"inLanguage":"es"},{"@type":"Organization","@id":"https:\/\/servifibal.cat\/es\/#organization","name":"Servifibal","url":"https:\/\/servifibal.cat\/es\/","logo":{"@type":"ImageObject","inLanguage":"es","@id":"https:\/\/servifibal.cat\/es\/#\/schema\/logo\/image\/","url":"https:\/\/servifibal.cat\/wp-content\/uploads\/2025\/11\/00-Logo-nou-blanc.png","contentUrl":"https:\/\/servifibal.cat\/wp-content\/uploads\/2025\/11\/00-Logo-nou-blanc.png","width":176,"height":38,"caption":"Servifibal"},"image":{"@id":"https:\/\/servifibal.cat\/es\/#\/schema\/logo\/image\/"}}]}},"_links":{"self":[{"href":"https:\/\/servifibal.cat\/es\/wp-json\/wp\/v2\/product\/74582","targetHints":{"allow":["GET"]}}],"collection":[{"href":"https:\/\/servifibal.cat\/es\/wp-json\/wp\/v2\/product"}],"about":[{"href":"https:\/\/servifibal.cat\/es\/wp-json\/wp\/v2\/types\/product"}],"wp:featuredmedia":[{"embeddable":true,"href":"https:\/\/servifibal.cat\/es\/wp-json\/wp\/v2\/media\/74580"}],"wp:attachment":[{"href":"https:\/\/servifibal.cat\/es\/wp-json\/wp\/v2\/media?parent=74582"}],"wp:term":[{"taxonomy":"product_brand","embeddable":true,"href":"https:\/\/servifibal.cat\/es\/wp-json\/wp\/v2\/product_brand?post=74582"},{"taxonomy":"product_cat","embeddable":true,"href":"https:\/\/servifibal.cat\/es\/wp-json\/wp\/v2\/product_cat?post=74582"},{"taxonomy":"product_tag","embeddable":true,"href":"https:\/\/servifibal.cat\/es\/wp-json\/wp\/v2\/product_tag?post=74582"}],"curies":[{"name":"wp","href":"https:\/\/api.w.org\/{rel}","templated":true}]}}