{"id":74572,"date":"2024-09-04T00:19:30","date_gmt":"2024-09-04T00:19:30","guid":{"rendered":"https:\/\/stage.servifibal.cat\/?post_type=product&#038;p=74572"},"modified":"2026-01-30T22:07:51","modified_gmt":"2026-01-30T22:07:51","slug":"mh-ma-2","status":"publish","type":"product","link":"https:\/\/servifibal.cat\/es\/prod\/mh-ma-2\/","title":{"rendered":"MH \/ MA"},"content":{"rendered":"","protected":false},"excerpt":{"rendered":"<p>Distintos modelos a elegir en funci\u00f3n del di\u00e1metro de la hamburguesa o alb\u00f3ndiga.<br \/>\nTan s\u00f3lo cambia el plato giratorio. El resto del equipo es el mismo. Se puede adquirir un equipo con m\u00e1s de un plato si se precisan distintos di\u00e1metros.<\/p>\n<p>MODELOS DISPONIBLES:<\/p>\n<p><strong>MH-100<\/strong>\u00a0 equipo con un plato para 1 hamburguesa de 100 mm de di\u00e1metro.<br \/>\n<strong>MH-120<\/strong>\u00a0 equipo con un plato para 1 hamburguesa de 120 mm de di\u00e1metro.<br \/>\n<strong>MH-130<\/strong>\u00a0 equipo con un plato para 1 hamburguesa de 130 mm de di\u00e1metro.<br \/>\n<strong>MH-55<\/strong>\u00a0\u00a0 equipo con un plato para de 3 mini hamburguesas de 55 mm de di\u00e1metro.<br \/>\n<strong>MA-05<\/strong>\u00a0 \u00a0 equipo con un plato para\u00a0 5 alb\u00f3ndigas de 38 mm de di\u00e1metro.<br \/>\n<strong>MA-10\u00a0\u00a0\u00a0<\/strong>equipo con un plato para 10 alb\u00f3ndigas\/croquetas de 25 mm de di\u00e1metro.<\/p>\n<p>Capacidad de la tolva en litros: 2,5 l (\u00b1 2,1 Kg).<\/p>\n<p>Cuando se est\u00e1 familiarizado se pueden conseguir 250\/300 unidades por hora.<\/p>\n<p>Dimensiones base: 32 x 35 cm<\/p>\n<p>Todos los modelos tienen la versi\u00f3n INT que cumple con la normativa\u00a0<a href=\"http:\/\/info.nsf.org\/Certified\/Food\/Listings.asp?Company=0E160&amp;Standard=169\" target=\"_blank\" rel=\"noopener\">NSF \/ ANSI 169<\/a>.<\/p>\n","protected":false},"featured_media":74570,"template":"","meta":{"_joinchat":[]},"product_brand":[562],"product_cat":[538],"product_tag":[],"class_list":{"0":"post-74572","1":"product","2":"type-product","3":"status-publish","4":"has-post-thumbnail","6":"product_brand-mainca","7":"product_cat-hamburgueseras-manuales-mainca","9":"first","10":"instock","11":"shipping-taxable","12":"product-type-simple"},"yoast_head":"<!-- This site is optimized with the Yoast SEO plugin v27.5 - https:\/\/yoast.com\/product\/yoast-seo-wordpress\/ -->\n<title>MH \/ MA - Servifibal<\/title>\n<meta name=\"robots\" content=\"index, follow, max-snippet:-1, max-image-preview:large, max-video-preview:-1\" \/>\n<link rel=\"canonical\" href=\"https:\/\/servifibal.cat\/es\/prod\/mh-ma-2\/\" \/>\n<meta property=\"og:locale\" content=\"es_ES\" \/>\n<meta property=\"og:type\" content=\"article\" \/>\n<meta property=\"og:title\" content=\"MH \/ MA - Servifibal\" \/>\n<meta property=\"og:description\" content=\"Distintos modelos a elegir en funci\u00f3n del di\u00e1metro de la hamburguesa o alb\u00f3ndiga. Tan s\u00f3lo cambia el plato giratorio. El resto del equipo es el mismo. Se puede adquirir un equipo con m\u00e1s de un plato si se precisan distintos di\u00e1metros.  MODELOS DISPONIBLES:  MH-100\u00a0 equipo con un plato para 1 hamburguesa de 100 mm de di\u00e1metro. MH-120\u00a0 equipo con un plato para 1 hamburguesa de 120 mm de di\u00e1metro. MH-130\u00a0 equipo con un plato para 1 hamburguesa de 130 mm de di\u00e1metro. MH-55\u00a0\u00a0 equipo con un plato para de 3 mini hamburguesas de 55 mm de di\u00e1metro. MA-05\u00a0 \u00a0 equipo con un plato para\u00a0 5 alb\u00f3ndigas de 38 mm de di\u00e1metro. MA-10\u00a0\u00a0\u00a0equipo con un plato para 10 alb\u00f3ndigas\/croquetas de 25 mm de di\u00e1metro.  Capacidad de la tolva en litros: 2,5 l (\u00b1 2,1 Kg).  Cuando se est\u00e1 familiarizado se pueden conseguir 250\/300 unidades por hora.  Dimensiones base: 32 x 35 cm  Todos los modelos tienen la versi\u00f3n INT que cumple con la normativa\u00a0NSF \/ ANSI 169.\" \/>\n<meta property=\"og:url\" content=\"https:\/\/servifibal.cat\/es\/prod\/mh-ma-2\/\" \/>\n<meta property=\"og:site_name\" content=\"Servifibal\" \/>\n<meta property=\"article:modified_time\" content=\"2026-01-30T22:07:51+00:00\" \/>\n<meta property=\"og:image\" content=\"https:\/\/servifibal.cat\/wp-content\/uploads\/2025\/11\/MH.jpg\" \/>\n\t<meta property=\"og:image:width\" content=\"300\" \/>\n\t<meta property=\"og:image:height\" content=\"375\" \/>\n\t<meta property=\"og:image:type\" content=\"image\/jpeg\" \/>\n<meta name=\"twitter:card\" content=\"summary_large_image\" \/>\n<meta name=\"twitter:label1\" content=\"Tiempo de lectura\" \/>\n\t<meta name=\"twitter:data1\" content=\"1 minuto\" \/>\n<script type=\"application\/ld+json\" class=\"yoast-schema-graph\">{\"@context\":\"https:\\\/\\\/schema.org\",\"@graph\":[{\"@type\":\"WebPage\",\"@id\":\"https:\\\/\\\/servifibal.cat\\\/es\\\/prod\\\/mh-ma-2\\\/\",\"url\":\"https:\\\/\\\/servifibal.cat\\\/es\\\/prod\\\/mh-ma-2\\\/\",\"name\":\"MH \\\/ MA - Servifibal\",\"isPartOf\":{\"@id\":\"https:\\\/\\\/servifibal.cat\\\/es\\\/#website\"},\"primaryImageOfPage\":{\"@id\":\"https:\\\/\\\/servifibal.cat\\\/es\\\/prod\\\/mh-ma-2\\\/#primaryimage\"},\"image\":{\"@id\":\"https:\\\/\\\/servifibal.cat\\\/es\\\/prod\\\/mh-ma-2\\\/#primaryimage\"},\"thumbnailUrl\":\"https:\\\/\\\/servifibal.cat\\\/wp-content\\\/uploads\\\/2025\\\/11\\\/MH.jpg\",\"datePublished\":\"2024-09-04T00:19:30+00:00\",\"dateModified\":\"2026-01-30T22:07:51+00:00\",\"breadcrumb\":{\"@id\":\"https:\\\/\\\/servifibal.cat\\\/es\\\/prod\\\/mh-ma-2\\\/#breadcrumb\"},\"inLanguage\":\"es\",\"potentialAction\":[{\"@type\":\"ReadAction\",\"target\":[\"https:\\\/\\\/servifibal.cat\\\/es\\\/prod\\\/mh-ma-2\\\/\"]}]},{\"@type\":\"ImageObject\",\"inLanguage\":\"es\",\"@id\":\"https:\\\/\\\/servifibal.cat\\\/es\\\/prod\\\/mh-ma-2\\\/#primaryimage\",\"url\":\"https:\\\/\\\/servifibal.cat\\\/wp-content\\\/uploads\\\/2025\\\/11\\\/MH.jpg\",\"contentUrl\":\"https:\\\/\\\/servifibal.cat\\\/wp-content\\\/uploads\\\/2025\\\/11\\\/MH.jpg\",\"width\":300,\"height\":375},{\"@type\":\"BreadcrumbList\",\"@id\":\"https:\\\/\\\/servifibal.cat\\\/es\\\/prod\\\/mh-ma-2\\\/#breadcrumb\",\"itemListElement\":[{\"@type\":\"ListItem\",\"position\":1,\"name\":\"Portada\",\"item\":\"https:\\\/\\\/servifibal.cat\\\/es\\\/inicio\\\/\"},{\"@type\":\"ListItem\",\"position\":2,\"name\":\"Tienda\",\"item\":\"https:\\\/\\\/servifibal.cat\\\/es\\\/tienda\\\/\"},{\"@type\":\"ListItem\",\"position\":3,\"name\":\"MH \\\/ MA\"}]},{\"@type\":\"WebSite\",\"@id\":\"https:\\\/\\\/servifibal.cat\\\/es\\\/#website\",\"url\":\"https:\\\/\\\/servifibal.cat\\\/es\\\/\",\"name\":\"Servifibal\",\"description\":\"Solucions per al petit comer\u00e7\",\"publisher\":{\"@id\":\"https:\\\/\\\/servifibal.cat\\\/es\\\/#organization\"},\"potentialAction\":[{\"@type\":\"SearchAction\",\"target\":{\"@type\":\"EntryPoint\",\"urlTemplate\":\"https:\\\/\\\/servifibal.cat\\\/es\\\/?s={search_term_string}\"},\"query-input\":{\"@type\":\"PropertyValueSpecification\",\"valueRequired\":true,\"valueName\":\"search_term_string\"}}],\"inLanguage\":\"es\"},{\"@type\":\"Organization\",\"@id\":\"https:\\\/\\\/servifibal.cat\\\/es\\\/#organization\",\"name\":\"Servifibal\",\"url\":\"https:\\\/\\\/servifibal.cat\\\/es\\\/\",\"logo\":{\"@type\":\"ImageObject\",\"inLanguage\":\"es\",\"@id\":\"https:\\\/\\\/servifibal.cat\\\/es\\\/#\\\/schema\\\/logo\\\/image\\\/\",\"url\":\"https:\\\/\\\/servifibal.cat\\\/wp-content\\\/uploads\\\/2025\\\/11\\\/00-Logo-nou-blanc.png\",\"contentUrl\":\"https:\\\/\\\/servifibal.cat\\\/wp-content\\\/uploads\\\/2025\\\/11\\\/00-Logo-nou-blanc.png\",\"width\":176,\"height\":38,\"caption\":\"Servifibal\"},\"image\":{\"@id\":\"https:\\\/\\\/servifibal.cat\\\/es\\\/#\\\/schema\\\/logo\\\/image\\\/\"}}]}<\/script>\n<!-- \/ Yoast SEO plugin. -->","yoast_head_json":{"title":"MH \/ MA - Servifibal","robots":{"index":"index","follow":"follow","max-snippet":"max-snippet:-1","max-image-preview":"max-image-preview:large","max-video-preview":"max-video-preview:-1"},"canonical":"https:\/\/servifibal.cat\/es\/prod\/mh-ma-2\/","og_locale":"es_ES","og_type":"article","og_title":"MH \/ MA - Servifibal","og_description":"Distintos modelos a elegir en funci\u00f3n del di\u00e1metro de la hamburguesa o alb\u00f3ndiga. Tan s\u00f3lo cambia el plato giratorio. El resto del equipo es el mismo. Se puede adquirir un equipo con m\u00e1s de un plato si se precisan distintos di\u00e1metros.  MODELOS DISPONIBLES:  MH-100\u00a0 equipo con un plato para 1 hamburguesa de 100 mm de di\u00e1metro. MH-120\u00a0 equipo con un plato para 1 hamburguesa de 120 mm de di\u00e1metro. MH-130\u00a0 equipo con un plato para 1 hamburguesa de 130 mm de di\u00e1metro. MH-55\u00a0\u00a0 equipo con un plato para de 3 mini hamburguesas de 55 mm de di\u00e1metro. MA-05\u00a0 \u00a0 equipo con un plato para\u00a0 5 alb\u00f3ndigas de 38 mm de di\u00e1metro. MA-10\u00a0\u00a0\u00a0equipo con un plato para 10 alb\u00f3ndigas\/croquetas de 25 mm de di\u00e1metro.  Capacidad de la tolva en litros: 2,5 l (\u00b1 2,1 Kg).  Cuando se est\u00e1 familiarizado se pueden conseguir 250\/300 unidades por hora.  Dimensiones base: 32 x 35 cm  Todos los modelos tienen la versi\u00f3n INT que cumple con la normativa\u00a0NSF \/ ANSI 169.","og_url":"https:\/\/servifibal.cat\/es\/prod\/mh-ma-2\/","og_site_name":"Servifibal","article_modified_time":"2026-01-30T22:07:51+00:00","og_image":[{"width":300,"height":375,"url":"https:\/\/servifibal.cat\/wp-content\/uploads\/2025\/11\/MH.jpg","type":"image\/jpeg"}],"twitter_card":"summary_large_image","twitter_misc":{"Tiempo de lectura":"1 minuto"},"schema":{"@context":"https:\/\/schema.org","@graph":[{"@type":"WebPage","@id":"https:\/\/servifibal.cat\/es\/prod\/mh-ma-2\/","url":"https:\/\/servifibal.cat\/es\/prod\/mh-ma-2\/","name":"MH \/ MA - Servifibal","isPartOf":{"@id":"https:\/\/servifibal.cat\/es\/#website"},"primaryImageOfPage":{"@id":"https:\/\/servifibal.cat\/es\/prod\/mh-ma-2\/#primaryimage"},"image":{"@id":"https:\/\/servifibal.cat\/es\/prod\/mh-ma-2\/#primaryimage"},"thumbnailUrl":"https:\/\/servifibal.cat\/wp-content\/uploads\/2025\/11\/MH.jpg","datePublished":"2024-09-04T00:19:30+00:00","dateModified":"2026-01-30T22:07:51+00:00","breadcrumb":{"@id":"https:\/\/servifibal.cat\/es\/prod\/mh-ma-2\/#breadcrumb"},"inLanguage":"es","potentialAction":[{"@type":"ReadAction","target":["https:\/\/servifibal.cat\/es\/prod\/mh-ma-2\/"]}]},{"@type":"ImageObject","inLanguage":"es","@id":"https:\/\/servifibal.cat\/es\/prod\/mh-ma-2\/#primaryimage","url":"https:\/\/servifibal.cat\/wp-content\/uploads\/2025\/11\/MH.jpg","contentUrl":"https:\/\/servifibal.cat\/wp-content\/uploads\/2025\/11\/MH.jpg","width":300,"height":375},{"@type":"BreadcrumbList","@id":"https:\/\/servifibal.cat\/es\/prod\/mh-ma-2\/#breadcrumb","itemListElement":[{"@type":"ListItem","position":1,"name":"Portada","item":"https:\/\/servifibal.cat\/es\/inicio\/"},{"@type":"ListItem","position":2,"name":"Tienda","item":"https:\/\/servifibal.cat\/es\/tienda\/"},{"@type":"ListItem","position":3,"name":"MH \/ MA"}]},{"@type":"WebSite","@id":"https:\/\/servifibal.cat\/es\/#website","url":"https:\/\/servifibal.cat\/es\/","name":"Servifibal","description":"Solucions per al petit comer\u00e7","publisher":{"@id":"https:\/\/servifibal.cat\/es\/#organization"},"potentialAction":[{"@type":"SearchAction","target":{"@type":"EntryPoint","urlTemplate":"https:\/\/servifibal.cat\/es\/?s={search_term_string}"},"query-input":{"@type":"PropertyValueSpecification","valueRequired":true,"valueName":"search_term_string"}}],"inLanguage":"es"},{"@type":"Organization","@id":"https:\/\/servifibal.cat\/es\/#organization","name":"Servifibal","url":"https:\/\/servifibal.cat\/es\/","logo":{"@type":"ImageObject","inLanguage":"es","@id":"https:\/\/servifibal.cat\/es\/#\/schema\/logo\/image\/","url":"https:\/\/servifibal.cat\/wp-content\/uploads\/2025\/11\/00-Logo-nou-blanc.png","contentUrl":"https:\/\/servifibal.cat\/wp-content\/uploads\/2025\/11\/00-Logo-nou-blanc.png","width":176,"height":38,"caption":"Servifibal"},"image":{"@id":"https:\/\/servifibal.cat\/es\/#\/schema\/logo\/image\/"}}]}},"_links":{"self":[{"href":"https:\/\/servifibal.cat\/es\/wp-json\/wp\/v2\/product\/74572","targetHints":{"allow":["GET"]}}],"collection":[{"href":"https:\/\/servifibal.cat\/es\/wp-json\/wp\/v2\/product"}],"about":[{"href":"https:\/\/servifibal.cat\/es\/wp-json\/wp\/v2\/types\/product"}],"wp:featuredmedia":[{"embeddable":true,"href":"https:\/\/servifibal.cat\/es\/wp-json\/wp\/v2\/media\/74570"}],"wp:attachment":[{"href":"https:\/\/servifibal.cat\/es\/wp-json\/wp\/v2\/media?parent=74572"}],"wp:term":[{"taxonomy":"product_brand","embeddable":true,"href":"https:\/\/servifibal.cat\/es\/wp-json\/wp\/v2\/product_brand?post=74572"},{"taxonomy":"product_cat","embeddable":true,"href":"https:\/\/servifibal.cat\/es\/wp-json\/wp\/v2\/product_cat?post=74572"},{"taxonomy":"product_tag","embeddable":true,"href":"https:\/\/servifibal.cat\/es\/wp-json\/wp\/v2\/product_tag?post=74572"}],"curies":[{"name":"wp","href":"https:\/\/api.w.org\/{rel}","templated":true}]}}