{"id":74512,"date":"2024-09-03T23:38:46","date_gmt":"2024-09-03T23:38:46","guid":{"rendered":"https:\/\/stage.servifibal.cat\/?post_type=product&#038;p=74512"},"modified":"2026-01-30T21:42:38","modified_gmt":"2026-01-30T21:42:38","slug":"fc-12","status":"publish","type":"product","link":"https:\/\/servifibal.cat\/es\/prod\/fc-12\/","title":{"rendered":"FC-12"},"content":{"rendered":"","protected":false},"excerpt":{"rendered":"<p>Modelo robusto y fiable ideal para plantas piloto y producciones artesanales.<\/p>\n<p>Capacidad del cilindro en litros: 12 l.<br \/>\nCapacidad del cilindro en Kg:\u00a0 \u00b1 10 Kg.<\/p>\n<p>Motores:<br \/>\nTrif\u00e1sicos de\u00a00.75 HP \/ 0.55 kW (230-400V 50Hz \/ 220V 60Hz)<br \/>\nMonof\u00e1sicos de\u00a01.25 HP \/ 0.92 kW (230V 50Hz \/ 110-220V 60Hz)<\/p>\n<p>Todos los modelos monof\u00e1sicos incorporan de serie un kit de ventilaci\u00f3n forzada para un mayor rendimiento del motor. Los modelos trif\u00e1sicos tambi\u00e9n lo pueden incorporar como opci\u00f3n.<\/p>\n<p>Dimensiones base:\u00a0 41 x 47 cm<\/p>\n<p>Construcci\u00f3n: Totalmente en acero inoxidable 18\/10 excepto tapa en aluminio anodizado y pist\u00f3n en polietileno.<br \/>\nEn opci\u00f3n: tapa en acero inoxidable 18\/10.<\/p>\n","protected":false},"featured_media":74513,"template":"","meta":{"_joinchat":[]},"product_brand":[562],"product_cat":[528],"product_tag":[],"class_list":{"0":"post-74512","1":"product","2":"type-product","3":"status-publish","4":"has-post-thumbnail","6":"product_brand-mainca","7":"product_cat-embutidoras-industriales-mainca","9":"first","10":"instock","11":"shipping-taxable","12":"product-type-simple"},"yoast_head":"<!-- This site is optimized with the Yoast SEO plugin v27.5 - https:\/\/yoast.com\/product\/yoast-seo-wordpress\/ -->\n<title>FC-12 - Servifibal<\/title>\n<meta name=\"robots\" content=\"index, follow, max-snippet:-1, max-image-preview:large, max-video-preview:-1\" \/>\n<link rel=\"canonical\" href=\"https:\/\/servifibal.cat\/es\/prod\/fc-12\/\" \/>\n<meta property=\"og:locale\" content=\"es_ES\" \/>\n<meta property=\"og:type\" content=\"article\" \/>\n<meta property=\"og:title\" content=\"FC-12 - Servifibal\" \/>\n<meta property=\"og:description\" content=\"Modelo robusto y fiable ideal para plantas piloto y producciones artesanales.  Capacidad del cilindro en litros: 12 l. Capacidad del cilindro en Kg:\u00a0 \u00b1 10 Kg.  Motores: Trif\u00e1sicos de\u00a00.75 HP \/ 0.55 kW (230-400V 50Hz \/ 220V 60Hz) Monof\u00e1sicos de\u00a01.25 HP \/ 0.92 kW (230V 50Hz \/ 110-220V 60Hz)  Todos los modelos monof\u00e1sicos incorporan de serie un kit de ventilaci\u00f3n forzada para un mayor rendimiento del motor. Los modelos trif\u00e1sicos tambi\u00e9n lo pueden incorporar como opci\u00f3n.  Dimensiones base:\u00a0 41 x 47 cm  Construcci\u00f3n: Totalmente en acero inoxidable 18\/10 excepto tapa en aluminio anodizado y pist\u00f3n en polietileno. En opci\u00f3n: tapa en acero inoxidable 18\/10.\" \/>\n<meta property=\"og:url\" content=\"https:\/\/servifibal.cat\/es\/prod\/fc-12\/\" \/>\n<meta property=\"og:site_name\" content=\"Servifibal\" \/>\n<meta property=\"article:modified_time\" content=\"2026-01-30T21:42:38+00:00\" \/>\n<meta property=\"og:image\" content=\"https:\/\/servifibal.cat\/wp-content\/uploads\/2025\/11\/FC12.jpg\" \/>\n\t<meta property=\"og:image:width\" content=\"300\" \/>\n\t<meta property=\"og:image:height\" content=\"375\" \/>\n\t<meta property=\"og:image:type\" content=\"image\/jpeg\" \/>\n<meta name=\"twitter:card\" content=\"summary_large_image\" \/>\n<meta name=\"twitter:label1\" content=\"Tiempo de lectura\" \/>\n\t<meta name=\"twitter:data1\" content=\"1 minuto\" \/>\n<script type=\"application\/ld+json\" class=\"yoast-schema-graph\">{\"@context\":\"https:\\\/\\\/schema.org\",\"@graph\":[{\"@type\":\"WebPage\",\"@id\":\"https:\\\/\\\/servifibal.cat\\\/es\\\/prod\\\/fc-12\\\/\",\"url\":\"https:\\\/\\\/servifibal.cat\\\/es\\\/prod\\\/fc-12\\\/\",\"name\":\"FC-12 - Servifibal\",\"isPartOf\":{\"@id\":\"https:\\\/\\\/servifibal.cat\\\/es\\\/#website\"},\"primaryImageOfPage\":{\"@id\":\"https:\\\/\\\/servifibal.cat\\\/es\\\/prod\\\/fc-12\\\/#primaryimage\"},\"image\":{\"@id\":\"https:\\\/\\\/servifibal.cat\\\/es\\\/prod\\\/fc-12\\\/#primaryimage\"},\"thumbnailUrl\":\"https:\\\/\\\/servifibal.cat\\\/wp-content\\\/uploads\\\/2025\\\/11\\\/FC12.jpg\",\"datePublished\":\"2024-09-03T23:38:46+00:00\",\"dateModified\":\"2026-01-30T21:42:38+00:00\",\"breadcrumb\":{\"@id\":\"https:\\\/\\\/servifibal.cat\\\/es\\\/prod\\\/fc-12\\\/#breadcrumb\"},\"inLanguage\":\"es\",\"potentialAction\":[{\"@type\":\"ReadAction\",\"target\":[\"https:\\\/\\\/servifibal.cat\\\/es\\\/prod\\\/fc-12\\\/\"]}]},{\"@type\":\"ImageObject\",\"inLanguage\":\"es\",\"@id\":\"https:\\\/\\\/servifibal.cat\\\/es\\\/prod\\\/fc-12\\\/#primaryimage\",\"url\":\"https:\\\/\\\/servifibal.cat\\\/wp-content\\\/uploads\\\/2025\\\/11\\\/FC12.jpg\",\"contentUrl\":\"https:\\\/\\\/servifibal.cat\\\/wp-content\\\/uploads\\\/2025\\\/11\\\/FC12.jpg\",\"width\":300,\"height\":375},{\"@type\":\"BreadcrumbList\",\"@id\":\"https:\\\/\\\/servifibal.cat\\\/es\\\/prod\\\/fc-12\\\/#breadcrumb\",\"itemListElement\":[{\"@type\":\"ListItem\",\"position\":1,\"name\":\"Portada\",\"item\":\"https:\\\/\\\/servifibal.cat\\\/es\\\/inicio\\\/\"},{\"@type\":\"ListItem\",\"position\":2,\"name\":\"Tienda\",\"item\":\"https:\\\/\\\/servifibal.cat\\\/es\\\/tienda\\\/\"},{\"@type\":\"ListItem\",\"position\":3,\"name\":\"FC-12\"}]},{\"@type\":\"WebSite\",\"@id\":\"https:\\\/\\\/servifibal.cat\\\/es\\\/#website\",\"url\":\"https:\\\/\\\/servifibal.cat\\\/es\\\/\",\"name\":\"Servifibal\",\"description\":\"Solucions per al petit comer\u00e7\",\"publisher\":{\"@id\":\"https:\\\/\\\/servifibal.cat\\\/es\\\/#organization\"},\"potentialAction\":[{\"@type\":\"SearchAction\",\"target\":{\"@type\":\"EntryPoint\",\"urlTemplate\":\"https:\\\/\\\/servifibal.cat\\\/es\\\/?s={search_term_string}\"},\"query-input\":{\"@type\":\"PropertyValueSpecification\",\"valueRequired\":true,\"valueName\":\"search_term_string\"}}],\"inLanguage\":\"es\"},{\"@type\":\"Organization\",\"@id\":\"https:\\\/\\\/servifibal.cat\\\/es\\\/#organization\",\"name\":\"Servifibal\",\"url\":\"https:\\\/\\\/servifibal.cat\\\/es\\\/\",\"logo\":{\"@type\":\"ImageObject\",\"inLanguage\":\"es\",\"@id\":\"https:\\\/\\\/servifibal.cat\\\/es\\\/#\\\/schema\\\/logo\\\/image\\\/\",\"url\":\"https:\\\/\\\/servifibal.cat\\\/wp-content\\\/uploads\\\/2025\\\/11\\\/00-Logo-nou-blanc.png\",\"contentUrl\":\"https:\\\/\\\/servifibal.cat\\\/wp-content\\\/uploads\\\/2025\\\/11\\\/00-Logo-nou-blanc.png\",\"width\":176,\"height\":38,\"caption\":\"Servifibal\"},\"image\":{\"@id\":\"https:\\\/\\\/servifibal.cat\\\/es\\\/#\\\/schema\\\/logo\\\/image\\\/\"}}]}<\/script>\n<!-- \/ Yoast SEO plugin. -->","yoast_head_json":{"title":"FC-12 - Servifibal","robots":{"index":"index","follow":"follow","max-snippet":"max-snippet:-1","max-image-preview":"max-image-preview:large","max-video-preview":"max-video-preview:-1"},"canonical":"https:\/\/servifibal.cat\/es\/prod\/fc-12\/","og_locale":"es_ES","og_type":"article","og_title":"FC-12 - Servifibal","og_description":"Modelo robusto y fiable ideal para plantas piloto y producciones artesanales.  Capacidad del cilindro en litros: 12 l. Capacidad del cilindro en Kg:\u00a0 \u00b1 10 Kg.  Motores: Trif\u00e1sicos de\u00a00.75 HP \/ 0.55 kW (230-400V 50Hz \/ 220V 60Hz) Monof\u00e1sicos de\u00a01.25 HP \/ 0.92 kW (230V 50Hz \/ 110-220V 60Hz)  Todos los modelos monof\u00e1sicos incorporan de serie un kit de ventilaci\u00f3n forzada para un mayor rendimiento del motor. Los modelos trif\u00e1sicos tambi\u00e9n lo pueden incorporar como opci\u00f3n.  Dimensiones base:\u00a0 41 x 47 cm  Construcci\u00f3n: Totalmente en acero inoxidable 18\/10 excepto tapa en aluminio anodizado y pist\u00f3n en polietileno. En opci\u00f3n: tapa en acero inoxidable 18\/10.","og_url":"https:\/\/servifibal.cat\/es\/prod\/fc-12\/","og_site_name":"Servifibal","article_modified_time":"2026-01-30T21:42:38+00:00","og_image":[{"width":300,"height":375,"url":"https:\/\/servifibal.cat\/wp-content\/uploads\/2025\/11\/FC12.jpg","type":"image\/jpeg"}],"twitter_card":"summary_large_image","twitter_misc":{"Tiempo de lectura":"1 minuto"},"schema":{"@context":"https:\/\/schema.org","@graph":[{"@type":"WebPage","@id":"https:\/\/servifibal.cat\/es\/prod\/fc-12\/","url":"https:\/\/servifibal.cat\/es\/prod\/fc-12\/","name":"FC-12 - Servifibal","isPartOf":{"@id":"https:\/\/servifibal.cat\/es\/#website"},"primaryImageOfPage":{"@id":"https:\/\/servifibal.cat\/es\/prod\/fc-12\/#primaryimage"},"image":{"@id":"https:\/\/servifibal.cat\/es\/prod\/fc-12\/#primaryimage"},"thumbnailUrl":"https:\/\/servifibal.cat\/wp-content\/uploads\/2025\/11\/FC12.jpg","datePublished":"2024-09-03T23:38:46+00:00","dateModified":"2026-01-30T21:42:38+00:00","breadcrumb":{"@id":"https:\/\/servifibal.cat\/es\/prod\/fc-12\/#breadcrumb"},"inLanguage":"es","potentialAction":[{"@type":"ReadAction","target":["https:\/\/servifibal.cat\/es\/prod\/fc-12\/"]}]},{"@type":"ImageObject","inLanguage":"es","@id":"https:\/\/servifibal.cat\/es\/prod\/fc-12\/#primaryimage","url":"https:\/\/servifibal.cat\/wp-content\/uploads\/2025\/11\/FC12.jpg","contentUrl":"https:\/\/servifibal.cat\/wp-content\/uploads\/2025\/11\/FC12.jpg","width":300,"height":375},{"@type":"BreadcrumbList","@id":"https:\/\/servifibal.cat\/es\/prod\/fc-12\/#breadcrumb","itemListElement":[{"@type":"ListItem","position":1,"name":"Portada","item":"https:\/\/servifibal.cat\/es\/inicio\/"},{"@type":"ListItem","position":2,"name":"Tienda","item":"https:\/\/servifibal.cat\/es\/tienda\/"},{"@type":"ListItem","position":3,"name":"FC-12"}]},{"@type":"WebSite","@id":"https:\/\/servifibal.cat\/es\/#website","url":"https:\/\/servifibal.cat\/es\/","name":"Servifibal","description":"Solucions per al petit comer\u00e7","publisher":{"@id":"https:\/\/servifibal.cat\/es\/#organization"},"potentialAction":[{"@type":"SearchAction","target":{"@type":"EntryPoint","urlTemplate":"https:\/\/servifibal.cat\/es\/?s={search_term_string}"},"query-input":{"@type":"PropertyValueSpecification","valueRequired":true,"valueName":"search_term_string"}}],"inLanguage":"es"},{"@type":"Organization","@id":"https:\/\/servifibal.cat\/es\/#organization","name":"Servifibal","url":"https:\/\/servifibal.cat\/es\/","logo":{"@type":"ImageObject","inLanguage":"es","@id":"https:\/\/servifibal.cat\/es\/#\/schema\/logo\/image\/","url":"https:\/\/servifibal.cat\/wp-content\/uploads\/2025\/11\/00-Logo-nou-blanc.png","contentUrl":"https:\/\/servifibal.cat\/wp-content\/uploads\/2025\/11\/00-Logo-nou-blanc.png","width":176,"height":38,"caption":"Servifibal"},"image":{"@id":"https:\/\/servifibal.cat\/es\/#\/schema\/logo\/image\/"}}]}},"_links":{"self":[{"href":"https:\/\/servifibal.cat\/es\/wp-json\/wp\/v2\/product\/74512","targetHints":{"allow":["GET"]}}],"collection":[{"href":"https:\/\/servifibal.cat\/es\/wp-json\/wp\/v2\/product"}],"about":[{"href":"https:\/\/servifibal.cat\/es\/wp-json\/wp\/v2\/types\/product"}],"wp:featuredmedia":[{"embeddable":true,"href":"https:\/\/servifibal.cat\/es\/wp-json\/wp\/v2\/media\/74513"}],"wp:attachment":[{"href":"https:\/\/servifibal.cat\/es\/wp-json\/wp\/v2\/media?parent=74512"}],"wp:term":[{"taxonomy":"product_brand","embeddable":true,"href":"https:\/\/servifibal.cat\/es\/wp-json\/wp\/v2\/product_brand?post=74512"},{"taxonomy":"product_cat","embeddable":true,"href":"https:\/\/servifibal.cat\/es\/wp-json\/wp\/v2\/product_cat?post=74512"},{"taxonomy":"product_tag","embeddable":true,"href":"https:\/\/servifibal.cat\/es\/wp-json\/wp\/v2\/product_tag?post=74512"}],"curies":[{"name":"wp","href":"https:\/\/api.w.org\/{rel}","templated":true}]}}