{"id":74431,"date":"2024-09-03T14:57:48","date_gmt":"2024-09-03T14:57:48","guid":{"rendered":"https:\/\/stage.servifibal.cat\/?post_type=product&#038;p=74431"},"modified":"2026-01-30T23:23:07","modified_gmt":"2026-01-30T23:23:07","slug":"vp-960-fast","status":"publish","type":"product","link":"https:\/\/servifibal.cat\/es\/prod\/vp-960-fast\/","title":{"rendered":"VP-960 FAST"},"content":{"rendered":"","protected":false},"excerpt":{"rendered":"<div class=\"left01\">\n<div class=\"text02 text\">\n<ul class=\"bb\">\n<li class=\"bb\">Construidas totalmente en acero inoxidable AISI 304.<\/li>\n<li class=\"bb\">Tapa transparente.<\/li>\n<li class=\"bb\">Soldadura doble.<\/li>\n<li class=\"bb\">Entrada de atm\u00f3sfera progresiva (Soft Air).<\/li>\n<li class=\"bb\">Panel de control digital.<\/li>\n<li class=\"bb\">F\u00e1cil desmontaje de las barras de soldadura.<\/li>\n<li class=\"bb\">Equipada con gruesos de polietileno para un envasado m\u00e1s r\u00e1pido y f\u00e1cil colocaci\u00f3n de bolsas.<\/li>\n<li class=\"bb\">F\u00e1cil mantenimiento.<\/li>\n<li class=\"bb\">Bombas BUSCH de 20 m\u00b3\/h + 20 m\u00b3\/h<\/li>\n<li>Voltaje : 230 V\/ 1ph\/ 50 Hz.<\/li>\n<\/ul>\n<\/div>\n<\/div>\n<div class=\"left02\">\n<div class=\"text02 text\">\n<p><span class=\"bb\"><strong class=\"bb\">Opciones<\/strong><\/span><\/p>\n<ul class=\"bb\">\n<li class=\"bb\">Entrada de gas inerte.<\/li>\n<li class=\"bb\">Panel de control por sensor.<\/li>\n<li>Corte sobrante.<\/li>\n<\/ul>\n<p><span class=\"bb\"><strong class=\"bb\">Accesorios<\/strong><\/span><\/p>\n<ul class=\"bb\">\n<li class=\"bb\">Placa inclinada para envasar productos con l\u00edquidos o salsas.<\/li>\n<li class=\"bb\">Conector para vac\u00edo en cubetas externas.<\/li>\n<\/ul>\n<\/div>\n<\/div>\n","protected":false},"featured_media":74432,"template":"","meta":{"_joinchat":[]},"product_brand":[560],"product_cat":[532],"product_tag":[],"class_list":{"0":"post-74431","1":"product","2":"type-product","3":"status-publish","4":"has-post-thumbnail","6":"product_brand-ak-ramon","7":"product_cat-envasadoras-ak-ramon","9":"first","10":"instock","11":"shipping-taxable","12":"product-type-simple"},"yoast_head":"<!-- This site is optimized with the Yoast SEO plugin v27.5 - https:\/\/yoast.com\/product\/yoast-seo-wordpress\/ -->\n<title>VP-960 FAST - Servifibal<\/title>\n<meta name=\"robots\" content=\"index, follow, max-snippet:-1, max-image-preview:large, max-video-preview:-1\" \/>\n<link rel=\"canonical\" href=\"https:\/\/servifibal.cat\/es\/prod\/vp-960-fast\/\" \/>\n<meta property=\"og:locale\" content=\"es_ES\" \/>\n<meta property=\"og:type\" content=\"article\" \/>\n<meta property=\"og:title\" content=\"VP-960 FAST - Servifibal\" \/>\n<meta property=\"og:description\" content=\"Construidas totalmente en acero inoxidable AISI 304.  Tapa transparente.  Soldadura doble.  Entrada de atm\u00f3sfera progresiva (Soft Air).  Panel de control digital.  F\u00e1cil desmontaje de las barras de soldadura.  Equipada con gruesos de polietileno para un envasado m\u00e1s r\u00e1pido y f\u00e1cil colocaci\u00f3n de bolsas.  F\u00e1cil mantenimiento.  Bombas BUSCH de 20 m\u00b3\/h + 20 m\u00b3\/h  Voltaje : 230 V\/ 1ph\/ 50 Hz.       Opciones   Entrada de gas inerte.  Panel de control por sensor.  Corte sobrante.  Accesorios   Placa inclinada para envasar productos con l\u00edquidos o salsas.  Conector para vac\u00edo en cubetas externas.\" \/>\n<meta property=\"og:url\" content=\"https:\/\/servifibal.cat\/es\/prod\/vp-960-fast\/\" \/>\n<meta property=\"og:site_name\" content=\"Servifibal\" \/>\n<meta property=\"article:modified_time\" content=\"2026-01-30T23:23:07+00:00\" \/>\n<meta property=\"og:image\" content=\"https:\/\/servifibal.cat\/wp-content\/uploads\/2025\/11\/ENVASADORA-VACIO-AK-RAMON-VP-960-1.png\" \/>\n\t<meta property=\"og:image:width\" content=\"600\" \/>\n\t<meta property=\"og:image:height\" content=\"600\" \/>\n\t<meta property=\"og:image:type\" content=\"image\/png\" \/>\n<meta name=\"twitter:card\" content=\"summary_large_image\" \/>\n<meta name=\"twitter:label1\" content=\"Tiempo de lectura\" \/>\n\t<meta name=\"twitter:data1\" content=\"1 minuto\" \/>\n<script type=\"application\/ld+json\" class=\"yoast-schema-graph\">{\"@context\":\"https:\\\/\\\/schema.org\",\"@graph\":[{\"@type\":\"WebPage\",\"@id\":\"https:\\\/\\\/servifibal.cat\\\/es\\\/prod\\\/vp-960-fast\\\/\",\"url\":\"https:\\\/\\\/servifibal.cat\\\/es\\\/prod\\\/vp-960-fast\\\/\",\"name\":\"VP-960 FAST - Servifibal\",\"isPartOf\":{\"@id\":\"https:\\\/\\\/servifibal.cat\\\/es\\\/#website\"},\"primaryImageOfPage\":{\"@id\":\"https:\\\/\\\/servifibal.cat\\\/es\\\/prod\\\/vp-960-fast\\\/#primaryimage\"},\"image\":{\"@id\":\"https:\\\/\\\/servifibal.cat\\\/es\\\/prod\\\/vp-960-fast\\\/#primaryimage\"},\"thumbnailUrl\":\"https:\\\/\\\/servifibal.cat\\\/wp-content\\\/uploads\\\/2025\\\/11\\\/ENVASADORA-VACIO-AK-RAMON-VP-960-1.png\",\"datePublished\":\"2024-09-03T14:57:48+00:00\",\"dateModified\":\"2026-01-30T23:23:07+00:00\",\"breadcrumb\":{\"@id\":\"https:\\\/\\\/servifibal.cat\\\/es\\\/prod\\\/vp-960-fast\\\/#breadcrumb\"},\"inLanguage\":\"es\",\"potentialAction\":[{\"@type\":\"ReadAction\",\"target\":[\"https:\\\/\\\/servifibal.cat\\\/es\\\/prod\\\/vp-960-fast\\\/\"]}]},{\"@type\":\"ImageObject\",\"inLanguage\":\"es\",\"@id\":\"https:\\\/\\\/servifibal.cat\\\/es\\\/prod\\\/vp-960-fast\\\/#primaryimage\",\"url\":\"https:\\\/\\\/servifibal.cat\\\/wp-content\\\/uploads\\\/2025\\\/11\\\/ENVASADORA-VACIO-AK-RAMON-VP-960-1.png\",\"contentUrl\":\"https:\\\/\\\/servifibal.cat\\\/wp-content\\\/uploads\\\/2025\\\/11\\\/ENVASADORA-VACIO-AK-RAMON-VP-960-1.png\",\"width\":600,\"height\":600},{\"@type\":\"BreadcrumbList\",\"@id\":\"https:\\\/\\\/servifibal.cat\\\/es\\\/prod\\\/vp-960-fast\\\/#breadcrumb\",\"itemListElement\":[{\"@type\":\"ListItem\",\"position\":1,\"name\":\"Portada\",\"item\":\"https:\\\/\\\/servifibal.cat\\\/es\\\/inicio\\\/\"},{\"@type\":\"ListItem\",\"position\":2,\"name\":\"Tienda\",\"item\":\"https:\\\/\\\/servifibal.cat\\\/es\\\/tienda\\\/\"},{\"@type\":\"ListItem\",\"position\":3,\"name\":\"VP-960 FAST\"}]},{\"@type\":\"WebSite\",\"@id\":\"https:\\\/\\\/servifibal.cat\\\/es\\\/#website\",\"url\":\"https:\\\/\\\/servifibal.cat\\\/es\\\/\",\"name\":\"Servifibal\",\"description\":\"Solucions per al petit comer\u00e7\",\"publisher\":{\"@id\":\"https:\\\/\\\/servifibal.cat\\\/es\\\/#organization\"},\"potentialAction\":[{\"@type\":\"SearchAction\",\"target\":{\"@type\":\"EntryPoint\",\"urlTemplate\":\"https:\\\/\\\/servifibal.cat\\\/es\\\/?s={search_term_string}\"},\"query-input\":{\"@type\":\"PropertyValueSpecification\",\"valueRequired\":true,\"valueName\":\"search_term_string\"}}],\"inLanguage\":\"es\"},{\"@type\":\"Organization\",\"@id\":\"https:\\\/\\\/servifibal.cat\\\/es\\\/#organization\",\"name\":\"Servifibal\",\"url\":\"https:\\\/\\\/servifibal.cat\\\/es\\\/\",\"logo\":{\"@type\":\"ImageObject\",\"inLanguage\":\"es\",\"@id\":\"https:\\\/\\\/servifibal.cat\\\/es\\\/#\\\/schema\\\/logo\\\/image\\\/\",\"url\":\"https:\\\/\\\/servifibal.cat\\\/wp-content\\\/uploads\\\/2025\\\/11\\\/00-Logo-nou-blanc.png\",\"contentUrl\":\"https:\\\/\\\/servifibal.cat\\\/wp-content\\\/uploads\\\/2025\\\/11\\\/00-Logo-nou-blanc.png\",\"width\":176,\"height\":38,\"caption\":\"Servifibal\"},\"image\":{\"@id\":\"https:\\\/\\\/servifibal.cat\\\/es\\\/#\\\/schema\\\/logo\\\/image\\\/\"}}]}<\/script>\n<!-- \/ Yoast SEO plugin. -->","yoast_head_json":{"title":"VP-960 FAST - Servifibal","robots":{"index":"index","follow":"follow","max-snippet":"max-snippet:-1","max-image-preview":"max-image-preview:large","max-video-preview":"max-video-preview:-1"},"canonical":"https:\/\/servifibal.cat\/es\/prod\/vp-960-fast\/","og_locale":"es_ES","og_type":"article","og_title":"VP-960 FAST - Servifibal","og_description":"Construidas totalmente en acero inoxidable AISI 304.  Tapa transparente.  Soldadura doble.  Entrada de atm\u00f3sfera progresiva (Soft Air).  Panel de control digital.  F\u00e1cil desmontaje de las barras de soldadura.  Equipada con gruesos de polietileno para un envasado m\u00e1s r\u00e1pido y f\u00e1cil colocaci\u00f3n de bolsas.  F\u00e1cil mantenimiento.  Bombas BUSCH de 20 m\u00b3\/h + 20 m\u00b3\/h  Voltaje : 230 V\/ 1ph\/ 50 Hz.       Opciones   Entrada de gas inerte.  Panel de control por sensor.  Corte sobrante.  Accesorios   Placa inclinada para envasar productos con l\u00edquidos o salsas.  Conector para vac\u00edo en cubetas externas.","og_url":"https:\/\/servifibal.cat\/es\/prod\/vp-960-fast\/","og_site_name":"Servifibal","article_modified_time":"2026-01-30T23:23:07+00:00","og_image":[{"width":600,"height":600,"url":"https:\/\/servifibal.cat\/wp-content\/uploads\/2025\/11\/ENVASADORA-VACIO-AK-RAMON-VP-960-1.png","type":"image\/png"}],"twitter_card":"summary_large_image","twitter_misc":{"Tiempo de lectura":"1 minuto"},"schema":{"@context":"https:\/\/schema.org","@graph":[{"@type":"WebPage","@id":"https:\/\/servifibal.cat\/es\/prod\/vp-960-fast\/","url":"https:\/\/servifibal.cat\/es\/prod\/vp-960-fast\/","name":"VP-960 FAST - Servifibal","isPartOf":{"@id":"https:\/\/servifibal.cat\/es\/#website"},"primaryImageOfPage":{"@id":"https:\/\/servifibal.cat\/es\/prod\/vp-960-fast\/#primaryimage"},"image":{"@id":"https:\/\/servifibal.cat\/es\/prod\/vp-960-fast\/#primaryimage"},"thumbnailUrl":"https:\/\/servifibal.cat\/wp-content\/uploads\/2025\/11\/ENVASADORA-VACIO-AK-RAMON-VP-960-1.png","datePublished":"2024-09-03T14:57:48+00:00","dateModified":"2026-01-30T23:23:07+00:00","breadcrumb":{"@id":"https:\/\/servifibal.cat\/es\/prod\/vp-960-fast\/#breadcrumb"},"inLanguage":"es","potentialAction":[{"@type":"ReadAction","target":["https:\/\/servifibal.cat\/es\/prod\/vp-960-fast\/"]}]},{"@type":"ImageObject","inLanguage":"es","@id":"https:\/\/servifibal.cat\/es\/prod\/vp-960-fast\/#primaryimage","url":"https:\/\/servifibal.cat\/wp-content\/uploads\/2025\/11\/ENVASADORA-VACIO-AK-RAMON-VP-960-1.png","contentUrl":"https:\/\/servifibal.cat\/wp-content\/uploads\/2025\/11\/ENVASADORA-VACIO-AK-RAMON-VP-960-1.png","width":600,"height":600},{"@type":"BreadcrumbList","@id":"https:\/\/servifibal.cat\/es\/prod\/vp-960-fast\/#breadcrumb","itemListElement":[{"@type":"ListItem","position":1,"name":"Portada","item":"https:\/\/servifibal.cat\/es\/inicio\/"},{"@type":"ListItem","position":2,"name":"Tienda","item":"https:\/\/servifibal.cat\/es\/tienda\/"},{"@type":"ListItem","position":3,"name":"VP-960 FAST"}]},{"@type":"WebSite","@id":"https:\/\/servifibal.cat\/es\/#website","url":"https:\/\/servifibal.cat\/es\/","name":"Servifibal","description":"Solucions per al petit comer\u00e7","publisher":{"@id":"https:\/\/servifibal.cat\/es\/#organization"},"potentialAction":[{"@type":"SearchAction","target":{"@type":"EntryPoint","urlTemplate":"https:\/\/servifibal.cat\/es\/?s={search_term_string}"},"query-input":{"@type":"PropertyValueSpecification","valueRequired":true,"valueName":"search_term_string"}}],"inLanguage":"es"},{"@type":"Organization","@id":"https:\/\/servifibal.cat\/es\/#organization","name":"Servifibal","url":"https:\/\/servifibal.cat\/es\/","logo":{"@type":"ImageObject","inLanguage":"es","@id":"https:\/\/servifibal.cat\/es\/#\/schema\/logo\/image\/","url":"https:\/\/servifibal.cat\/wp-content\/uploads\/2025\/11\/00-Logo-nou-blanc.png","contentUrl":"https:\/\/servifibal.cat\/wp-content\/uploads\/2025\/11\/00-Logo-nou-blanc.png","width":176,"height":38,"caption":"Servifibal"},"image":{"@id":"https:\/\/servifibal.cat\/es\/#\/schema\/logo\/image\/"}}]}},"_links":{"self":[{"href":"https:\/\/servifibal.cat\/es\/wp-json\/wp\/v2\/product\/74431","targetHints":{"allow":["GET"]}}],"collection":[{"href":"https:\/\/servifibal.cat\/es\/wp-json\/wp\/v2\/product"}],"about":[{"href":"https:\/\/servifibal.cat\/es\/wp-json\/wp\/v2\/types\/product"}],"wp:featuredmedia":[{"embeddable":true,"href":"https:\/\/servifibal.cat\/es\/wp-json\/wp\/v2\/media\/74432"}],"wp:attachment":[{"href":"https:\/\/servifibal.cat\/es\/wp-json\/wp\/v2\/media?parent=74431"}],"wp:term":[{"taxonomy":"product_brand","embeddable":true,"href":"https:\/\/servifibal.cat\/es\/wp-json\/wp\/v2\/product_brand?post=74431"},{"taxonomy":"product_cat","embeddable":true,"href":"https:\/\/servifibal.cat\/es\/wp-json\/wp\/v2\/product_cat?post=74431"},{"taxonomy":"product_tag","embeddable":true,"href":"https:\/\/servifibal.cat\/es\/wp-json\/wp\/v2\/product_tag?post=74431"}],"curies":[{"name":"wp","href":"https:\/\/api.w.org\/{rel}","templated":true}]}}