{"id":74422,"date":"2024-09-03T14:49:46","date_gmt":"2024-09-03T14:49:46","guid":{"rendered":"https:\/\/stage.servifibal.cat\/?post_type=product&#038;p=74422"},"modified":"2026-01-30T23:20:06","modified_gmt":"2026-01-30T23:20:06","slug":"vp-430-20","status":"publish","type":"product","link":"https:\/\/servifibal.cat\/es\/prod\/vp-430-20\/","title":{"rendered":"VP-430.20"},"content":{"rendered":"","protected":false},"excerpt":{"rendered":"<div class=\"left01\">\n<div class=\"text02 text\">\n<ul class=\"bb\">\n<li>Envasadora al vac\u00edo de sobremesa<\/li>\n<li>Construidas totalmente en acero inoxidable AISI 304.<\/li>\n<li class=\"bb\">Tapa transparente.<\/li>\n<li class=\"bb\">Soldadura doble.<\/li>\n<li class=\"bb\">Entrada de atm\u00f3sfera progresiva (Soft Air).<\/li>\n<li class=\"bb\">Panel de control digital.<\/li>\n<li>Soldadura neum\u00e1tica (sin cables).<\/li>\n<li class=\"bb\">F\u00e1cil desmontaje de la barra de soldadura.<\/li>\n<li class=\"bb\">Equipada con gruesos de polietileno para un envasado m\u00e1s r\u00e1pido y f\u00e1cil colocaci\u00f3n de bolsas.<\/li>\n<li class=\"bb\">F\u00e1cil mantenimiento.<\/li>\n<li class=\"bb\">Bomba BUSCH de 20 m\u00b3\/h.<\/li>\n<li>Voltaje : 230 V\/ 1ph\/ 50 Hz.<\/li>\n<\/ul>\n<\/div>\n<\/div>\n<div class=\"left02\">\n<div class=\"text02 text\">\n<p><span class=\"bb\"><strong class=\"bb\">Opciones<\/strong><\/span><\/p>\n<ul class=\"bb\">\n<li class=\"bb\">Entrada de gas inerte.<\/li>\n<li class=\"bb\">Panel de control por sensor.<\/li>\n<li>Corte sobrante.<\/li>\n<\/ul>\n<p><span class=\"bb\"><strong class=\"bb\">Accesorios<\/strong><\/span><\/p>\n<ul class=\"bb\">\n<li class=\"bb\">Placa inclinada para envasar productos con l\u00edquidos o salsas.<\/li>\n<li class=\"bb\">Conector para vac\u00edo en cubetas externas.<\/li>\n<\/ul>\n<\/div>\n<\/div>\n","protected":false},"featured_media":74423,"template":"","meta":{"_joinchat":[]},"product_brand":[560],"product_cat":[532],"product_tag":[],"class_list":{"0":"post-74422","1":"product","2":"type-product","3":"status-publish","4":"has-post-thumbnail","6":"product_brand-ak-ramon","7":"product_cat-envasadoras-ak-ramon","9":"first","10":"instock","11":"shipping-taxable","12":"product-type-simple"},"yoast_head":"<!-- This site is optimized with the Yoast SEO plugin v27.5 - https:\/\/yoast.com\/product\/yoast-seo-wordpress\/ -->\n<title>VP-430.20 - Servifibal<\/title>\n<meta name=\"robots\" content=\"index, follow, max-snippet:-1, max-image-preview:large, max-video-preview:-1\" \/>\n<link rel=\"canonical\" href=\"https:\/\/servifibal.cat\/es\/prod\/vp-430-20\/\" \/>\n<meta property=\"og:locale\" content=\"es_ES\" \/>\n<meta property=\"og:type\" content=\"article\" \/>\n<meta property=\"og:title\" content=\"VP-430.20 - Servifibal\" \/>\n<meta property=\"og:description\" content=\"Envasadora al vac\u00edo de sobremesa  Construidas totalmente en acero inoxidable AISI 304.  Tapa transparente.  Soldadura doble.  Entrada de atm\u00f3sfera progresiva (Soft Air).  Panel de control digital.  Soldadura neum\u00e1tica (sin cables).  F\u00e1cil desmontaje de la barra de soldadura.  Equipada con gruesos de polietileno para un envasado m\u00e1s r\u00e1pido y f\u00e1cil colocaci\u00f3n de bolsas.  F\u00e1cil mantenimiento.  Bomba BUSCH de 20 m\u00b3\/h.  Voltaje : 230 V\/ 1ph\/ 50 Hz.       Opciones   Entrada de gas inerte.  Panel de control por sensor.  Corte sobrante.  Accesorios   Placa inclinada para envasar productos con l\u00edquidos o salsas.  Conector para vac\u00edo en cubetas externas.\" \/>\n<meta property=\"og:url\" content=\"https:\/\/servifibal.cat\/es\/prod\/vp-430-20\/\" \/>\n<meta property=\"og:site_name\" content=\"Servifibal\" \/>\n<meta property=\"article:modified_time\" content=\"2026-01-30T23:20:06+00:00\" \/>\n<meta property=\"og:image\" content=\"https:\/\/servifibal.cat\/wp-content\/uploads\/2025\/11\/Sobremesa-AK-RAMON-VP-430.20-1-1.png\" \/>\n\t<meta property=\"og:image:width\" content=\"500\" \/>\n\t<meta property=\"og:image:height\" content=\"500\" \/>\n\t<meta property=\"og:image:type\" content=\"image\/png\" \/>\n<meta name=\"twitter:card\" content=\"summary_large_image\" \/>\n<meta name=\"twitter:label1\" content=\"Tiempo de lectura\" \/>\n\t<meta name=\"twitter:data1\" content=\"1 minuto\" \/>\n<script type=\"application\/ld+json\" class=\"yoast-schema-graph\">{\"@context\":\"https:\\\/\\\/schema.org\",\"@graph\":[{\"@type\":\"WebPage\",\"@id\":\"https:\\\/\\\/servifibal.cat\\\/es\\\/prod\\\/vp-430-20\\\/\",\"url\":\"https:\\\/\\\/servifibal.cat\\\/es\\\/prod\\\/vp-430-20\\\/\",\"name\":\"VP-430.20 - Servifibal\",\"isPartOf\":{\"@id\":\"https:\\\/\\\/servifibal.cat\\\/es\\\/#website\"},\"primaryImageOfPage\":{\"@id\":\"https:\\\/\\\/servifibal.cat\\\/es\\\/prod\\\/vp-430-20\\\/#primaryimage\"},\"image\":{\"@id\":\"https:\\\/\\\/servifibal.cat\\\/es\\\/prod\\\/vp-430-20\\\/#primaryimage\"},\"thumbnailUrl\":\"https:\\\/\\\/servifibal.cat\\\/wp-content\\\/uploads\\\/2025\\\/11\\\/Sobremesa-AK-RAMON-VP-430.20-1-1.png\",\"datePublished\":\"2024-09-03T14:49:46+00:00\",\"dateModified\":\"2026-01-30T23:20:06+00:00\",\"breadcrumb\":{\"@id\":\"https:\\\/\\\/servifibal.cat\\\/es\\\/prod\\\/vp-430-20\\\/#breadcrumb\"},\"inLanguage\":\"es\",\"potentialAction\":[{\"@type\":\"ReadAction\",\"target\":[\"https:\\\/\\\/servifibal.cat\\\/es\\\/prod\\\/vp-430-20\\\/\"]}]},{\"@type\":\"ImageObject\",\"inLanguage\":\"es\",\"@id\":\"https:\\\/\\\/servifibal.cat\\\/es\\\/prod\\\/vp-430-20\\\/#primaryimage\",\"url\":\"https:\\\/\\\/servifibal.cat\\\/wp-content\\\/uploads\\\/2025\\\/11\\\/Sobremesa-AK-RAMON-VP-430.20-1-1.png\",\"contentUrl\":\"https:\\\/\\\/servifibal.cat\\\/wp-content\\\/uploads\\\/2025\\\/11\\\/Sobremesa-AK-RAMON-VP-430.20-1-1.png\",\"width\":500,\"height\":500},{\"@type\":\"BreadcrumbList\",\"@id\":\"https:\\\/\\\/servifibal.cat\\\/es\\\/prod\\\/vp-430-20\\\/#breadcrumb\",\"itemListElement\":[{\"@type\":\"ListItem\",\"position\":1,\"name\":\"Portada\",\"item\":\"https:\\\/\\\/servifibal.cat\\\/es\\\/inicio\\\/\"},{\"@type\":\"ListItem\",\"position\":2,\"name\":\"Tienda\",\"item\":\"https:\\\/\\\/servifibal.cat\\\/es\\\/tienda\\\/\"},{\"@type\":\"ListItem\",\"position\":3,\"name\":\"VP-430.20\"}]},{\"@type\":\"WebSite\",\"@id\":\"https:\\\/\\\/servifibal.cat\\\/es\\\/#website\",\"url\":\"https:\\\/\\\/servifibal.cat\\\/es\\\/\",\"name\":\"Servifibal\",\"description\":\"Solucions per al petit comer\u00e7\",\"publisher\":{\"@id\":\"https:\\\/\\\/servifibal.cat\\\/es\\\/#organization\"},\"potentialAction\":[{\"@type\":\"SearchAction\",\"target\":{\"@type\":\"EntryPoint\",\"urlTemplate\":\"https:\\\/\\\/servifibal.cat\\\/es\\\/?s={search_term_string}\"},\"query-input\":{\"@type\":\"PropertyValueSpecification\",\"valueRequired\":true,\"valueName\":\"search_term_string\"}}],\"inLanguage\":\"es\"},{\"@type\":\"Organization\",\"@id\":\"https:\\\/\\\/servifibal.cat\\\/es\\\/#organization\",\"name\":\"Servifibal\",\"url\":\"https:\\\/\\\/servifibal.cat\\\/es\\\/\",\"logo\":{\"@type\":\"ImageObject\",\"inLanguage\":\"es\",\"@id\":\"https:\\\/\\\/servifibal.cat\\\/es\\\/#\\\/schema\\\/logo\\\/image\\\/\",\"url\":\"https:\\\/\\\/servifibal.cat\\\/wp-content\\\/uploads\\\/2025\\\/11\\\/00-Logo-nou-blanc.png\",\"contentUrl\":\"https:\\\/\\\/servifibal.cat\\\/wp-content\\\/uploads\\\/2025\\\/11\\\/00-Logo-nou-blanc.png\",\"width\":176,\"height\":38,\"caption\":\"Servifibal\"},\"image\":{\"@id\":\"https:\\\/\\\/servifibal.cat\\\/es\\\/#\\\/schema\\\/logo\\\/image\\\/\"}}]}<\/script>\n<!-- \/ Yoast SEO plugin. -->","yoast_head_json":{"title":"VP-430.20 - Servifibal","robots":{"index":"index","follow":"follow","max-snippet":"max-snippet:-1","max-image-preview":"max-image-preview:large","max-video-preview":"max-video-preview:-1"},"canonical":"https:\/\/servifibal.cat\/es\/prod\/vp-430-20\/","og_locale":"es_ES","og_type":"article","og_title":"VP-430.20 - Servifibal","og_description":"Envasadora al vac\u00edo de sobremesa  Construidas totalmente en acero inoxidable AISI 304.  Tapa transparente.  Soldadura doble.  Entrada de atm\u00f3sfera progresiva (Soft Air).  Panel de control digital.  Soldadura neum\u00e1tica (sin cables).  F\u00e1cil desmontaje de la barra de soldadura.  Equipada con gruesos de polietileno para un envasado m\u00e1s r\u00e1pido y f\u00e1cil colocaci\u00f3n de bolsas.  F\u00e1cil mantenimiento.  Bomba BUSCH de 20 m\u00b3\/h.  Voltaje : 230 V\/ 1ph\/ 50 Hz.       Opciones   Entrada de gas inerte.  Panel de control por sensor.  Corte sobrante.  Accesorios   Placa inclinada para envasar productos con l\u00edquidos o salsas.  Conector para vac\u00edo en cubetas externas.","og_url":"https:\/\/servifibal.cat\/es\/prod\/vp-430-20\/","og_site_name":"Servifibal","article_modified_time":"2026-01-30T23:20:06+00:00","og_image":[{"width":500,"height":500,"url":"https:\/\/servifibal.cat\/wp-content\/uploads\/2025\/11\/Sobremesa-AK-RAMON-VP-430.20-1-1.png","type":"image\/png"}],"twitter_card":"summary_large_image","twitter_misc":{"Tiempo de lectura":"1 minuto"},"schema":{"@context":"https:\/\/schema.org","@graph":[{"@type":"WebPage","@id":"https:\/\/servifibal.cat\/es\/prod\/vp-430-20\/","url":"https:\/\/servifibal.cat\/es\/prod\/vp-430-20\/","name":"VP-430.20 - Servifibal","isPartOf":{"@id":"https:\/\/servifibal.cat\/es\/#website"},"primaryImageOfPage":{"@id":"https:\/\/servifibal.cat\/es\/prod\/vp-430-20\/#primaryimage"},"image":{"@id":"https:\/\/servifibal.cat\/es\/prod\/vp-430-20\/#primaryimage"},"thumbnailUrl":"https:\/\/servifibal.cat\/wp-content\/uploads\/2025\/11\/Sobremesa-AK-RAMON-VP-430.20-1-1.png","datePublished":"2024-09-03T14:49:46+00:00","dateModified":"2026-01-30T23:20:06+00:00","breadcrumb":{"@id":"https:\/\/servifibal.cat\/es\/prod\/vp-430-20\/#breadcrumb"},"inLanguage":"es","potentialAction":[{"@type":"ReadAction","target":["https:\/\/servifibal.cat\/es\/prod\/vp-430-20\/"]}]},{"@type":"ImageObject","inLanguage":"es","@id":"https:\/\/servifibal.cat\/es\/prod\/vp-430-20\/#primaryimage","url":"https:\/\/servifibal.cat\/wp-content\/uploads\/2025\/11\/Sobremesa-AK-RAMON-VP-430.20-1-1.png","contentUrl":"https:\/\/servifibal.cat\/wp-content\/uploads\/2025\/11\/Sobremesa-AK-RAMON-VP-430.20-1-1.png","width":500,"height":500},{"@type":"BreadcrumbList","@id":"https:\/\/servifibal.cat\/es\/prod\/vp-430-20\/#breadcrumb","itemListElement":[{"@type":"ListItem","position":1,"name":"Portada","item":"https:\/\/servifibal.cat\/es\/inicio\/"},{"@type":"ListItem","position":2,"name":"Tienda","item":"https:\/\/servifibal.cat\/es\/tienda\/"},{"@type":"ListItem","position":3,"name":"VP-430.20"}]},{"@type":"WebSite","@id":"https:\/\/servifibal.cat\/es\/#website","url":"https:\/\/servifibal.cat\/es\/","name":"Servifibal","description":"Solucions per al petit comer\u00e7","publisher":{"@id":"https:\/\/servifibal.cat\/es\/#organization"},"potentialAction":[{"@type":"SearchAction","target":{"@type":"EntryPoint","urlTemplate":"https:\/\/servifibal.cat\/es\/?s={search_term_string}"},"query-input":{"@type":"PropertyValueSpecification","valueRequired":true,"valueName":"search_term_string"}}],"inLanguage":"es"},{"@type":"Organization","@id":"https:\/\/servifibal.cat\/es\/#organization","name":"Servifibal","url":"https:\/\/servifibal.cat\/es\/","logo":{"@type":"ImageObject","inLanguage":"es","@id":"https:\/\/servifibal.cat\/es\/#\/schema\/logo\/image\/","url":"https:\/\/servifibal.cat\/wp-content\/uploads\/2025\/11\/00-Logo-nou-blanc.png","contentUrl":"https:\/\/servifibal.cat\/wp-content\/uploads\/2025\/11\/00-Logo-nou-blanc.png","width":176,"height":38,"caption":"Servifibal"},"image":{"@id":"https:\/\/servifibal.cat\/es\/#\/schema\/logo\/image\/"}}]}},"_links":{"self":[{"href":"https:\/\/servifibal.cat\/es\/wp-json\/wp\/v2\/product\/74422","targetHints":{"allow":["GET"]}}],"collection":[{"href":"https:\/\/servifibal.cat\/es\/wp-json\/wp\/v2\/product"}],"about":[{"href":"https:\/\/servifibal.cat\/es\/wp-json\/wp\/v2\/types\/product"}],"wp:featuredmedia":[{"embeddable":true,"href":"https:\/\/servifibal.cat\/es\/wp-json\/wp\/v2\/media\/74423"}],"wp:attachment":[{"href":"https:\/\/servifibal.cat\/es\/wp-json\/wp\/v2\/media?parent=74422"}],"wp:term":[{"taxonomy":"product_brand","embeddable":true,"href":"https:\/\/servifibal.cat\/es\/wp-json\/wp\/v2\/product_brand?post=74422"},{"taxonomy":"product_cat","embeddable":true,"href":"https:\/\/servifibal.cat\/es\/wp-json\/wp\/v2\/product_cat?post=74422"},{"taxonomy":"product_tag","embeddable":true,"href":"https:\/\/servifibal.cat\/es\/wp-json\/wp\/v2\/product_tag?post=74422"}],"curies":[{"name":"wp","href":"https:\/\/api.w.org\/{rel}","templated":true}]}}