{"id":74403,"date":"2024-09-02T13:28:55","date_gmt":"2024-09-02T13:28:55","guid":{"rendered":"https:\/\/stage.servifibal.cat\/?post_type=product&#038;p=74403"},"modified":"2026-01-30T23:29:48","modified_gmt":"2026-01-30T23:29:48","slug":"p-32","status":"publish","type":"product","link":"https:\/\/servifibal.cat\/es\/prod\/p-32\/","title":{"rendered":"P-32"},"content":{"rendered":"","protected":false},"excerpt":{"rendered":"<ul class=\"bb\">\n<li>Cuerpo construido totalmente en acero inoxidable AISI 304.<\/li>\n<li>Dise\u00f1o compacto y muy robusto.<\/li>\n<li>Placas y cuchillas incluidas.<\/li>\n<li>Boca extra\u00edble.<\/li>\n<li>Grupo reductor con engranajes de acero en ba\u00f1o de aceite.<\/li>\n<li>Maza de empuje.<\/li>\n<li>Protecci\u00f3n t\u00e9rmica del motor.<\/li>\n<li>Protecci\u00f3n salva-manos en la bandeja.<\/li>\n<li>Adecuada para todo tipo de carnes.<\/li>\n<li class=\"bb\">Producci\u00f3n: \u00b1 425 kg\/h.<\/li>\n<li class=\"bb\">Potencia motor trif\u00e1sico 2,5 HP\/ 0.73 kW.<\/li>\n<li class=\"bb\">Dimensiones bandeja: 310x410x55 mm.<\/li>\n<li class=\"bb\">Peso Neto: 48 kg.<\/li>\n<\/ul>\n<p><strong class=\"bb\">Sistema de corte<\/strong><\/p>\n<ul class=\"bb\">\n<li>Grupo picador sistema aluminio \u2013 Enterprise.<\/li>\n<li>Grupo picador sistema inox \u2013 Enterprise.<\/li>\n<li class=\"bb\">Grupo picador sistema inox \u2013 Unger.<\/li>\n<\/ul>\n","protected":false},"featured_media":76275,"template":"","meta":{"_joinchat":[]},"product_brand":[560],"product_cat":[546],"product_tag":[],"class_list":{"0":"post-74403","1":"product","2":"type-product","3":"status-publish","4":"has-post-thumbnail","6":"product_brand-ak-ramon","7":"product_cat-picadoras-mezcladoras-ak-ramon","9":"first","10":"instock","11":"shipping-taxable","12":"product-type-simple"},"yoast_head":"<!-- This site is optimized with the Yoast SEO plugin v27.5 - https:\/\/yoast.com\/product\/yoast-seo-wordpress\/ -->\n<title>P-32 - Servifibal<\/title>\n<meta name=\"robots\" content=\"index, follow, max-snippet:-1, max-image-preview:large, max-video-preview:-1\" \/>\n<link rel=\"canonical\" href=\"https:\/\/servifibal.cat\/es\/prod\/p-32\/\" \/>\n<meta property=\"og:locale\" content=\"es_ES\" \/>\n<meta property=\"og:type\" content=\"article\" \/>\n<meta property=\"og:title\" content=\"P-32 - Servifibal\" \/>\n<meta property=\"og:description\" content=\"Cuerpo construido totalmente en acero inoxidable AISI 304.  Dise\u00f1o compacto y muy robusto.  Placas y cuchillas incluidas.  Boca extra\u00edble.  Grupo reductor con engranajes de acero en ba\u00f1o de aceite.  Maza de empuje.  Protecci\u00f3n t\u00e9rmica del motor.  Protecci\u00f3n salva-manos en la bandeja.  Adecuada para todo tipo de carnes.  Producci\u00f3n: \u00b1 425 kg\/h.  Potencia motor trif\u00e1sico 2,5 HP\/ 0.73 kW.  Dimensiones bandeja: 310x410x55 mm.  Peso Neto: 48 kg.  Sistema de corte   Grupo picador sistema aluminio \u2013 Enterprise.  Grupo picador sistema inox \u2013 Enterprise.  Grupo picador sistema inox \u2013 Unger.\" \/>\n<meta property=\"og:url\" content=\"https:\/\/servifibal.cat\/es\/prod\/p-32\/\" \/>\n<meta property=\"og:site_name\" content=\"Servifibal\" \/>\n<meta property=\"article:modified_time\" content=\"2026-01-30T23:29:48+00:00\" \/>\n<meta property=\"og:image\" content=\"https:\/\/servifibal.cat\/wp-content\/uploads\/2025\/11\/picadora-ak-ramon-P-32.png\" \/>\n\t<meta property=\"og:image:width\" content=\"500\" \/>\n\t<meta property=\"og:image:height\" content=\"500\" \/>\n\t<meta property=\"og:image:type\" content=\"image\/png\" \/>\n<meta name=\"twitter:card\" content=\"summary_large_image\" \/>\n<meta name=\"twitter:label1\" content=\"Tiempo de lectura\" \/>\n\t<meta name=\"twitter:data1\" content=\"1 minuto\" \/>\n<script type=\"application\/ld+json\" class=\"yoast-schema-graph\">{\"@context\":\"https:\\\/\\\/schema.org\",\"@graph\":[{\"@type\":\"WebPage\",\"@id\":\"https:\\\/\\\/servifibal.cat\\\/es\\\/prod\\\/p-32\\\/\",\"url\":\"https:\\\/\\\/servifibal.cat\\\/es\\\/prod\\\/p-32\\\/\",\"name\":\"P-32 - Servifibal\",\"isPartOf\":{\"@id\":\"https:\\\/\\\/servifibal.cat\\\/es\\\/#website\"},\"primaryImageOfPage\":{\"@id\":\"https:\\\/\\\/servifibal.cat\\\/es\\\/prod\\\/p-32\\\/#primaryimage\"},\"image\":{\"@id\":\"https:\\\/\\\/servifibal.cat\\\/es\\\/prod\\\/p-32\\\/#primaryimage\"},\"thumbnailUrl\":\"https:\\\/\\\/servifibal.cat\\\/wp-content\\\/uploads\\\/2025\\\/11\\\/picadora-ak-ramon-P-32.png\",\"datePublished\":\"2024-09-02T13:28:55+00:00\",\"dateModified\":\"2026-01-30T23:29:48+00:00\",\"breadcrumb\":{\"@id\":\"https:\\\/\\\/servifibal.cat\\\/es\\\/prod\\\/p-32\\\/#breadcrumb\"},\"inLanguage\":\"es\",\"potentialAction\":[{\"@type\":\"ReadAction\",\"target\":[\"https:\\\/\\\/servifibal.cat\\\/es\\\/prod\\\/p-32\\\/\"]}]},{\"@type\":\"ImageObject\",\"inLanguage\":\"es\",\"@id\":\"https:\\\/\\\/servifibal.cat\\\/es\\\/prod\\\/p-32\\\/#primaryimage\",\"url\":\"https:\\\/\\\/servifibal.cat\\\/wp-content\\\/uploads\\\/2025\\\/11\\\/picadora-ak-ramon-P-32.png\",\"contentUrl\":\"https:\\\/\\\/servifibal.cat\\\/wp-content\\\/uploads\\\/2025\\\/11\\\/picadora-ak-ramon-P-32.png\",\"width\":500,\"height\":500},{\"@type\":\"BreadcrumbList\",\"@id\":\"https:\\\/\\\/servifibal.cat\\\/es\\\/prod\\\/p-32\\\/#breadcrumb\",\"itemListElement\":[{\"@type\":\"ListItem\",\"position\":1,\"name\":\"Portada\",\"item\":\"https:\\\/\\\/servifibal.cat\\\/es\\\/inicio\\\/\"},{\"@type\":\"ListItem\",\"position\":2,\"name\":\"Tienda\",\"item\":\"https:\\\/\\\/servifibal.cat\\\/es\\\/tienda\\\/\"},{\"@type\":\"ListItem\",\"position\":3,\"name\":\"P-32\"}]},{\"@type\":\"WebSite\",\"@id\":\"https:\\\/\\\/servifibal.cat\\\/es\\\/#website\",\"url\":\"https:\\\/\\\/servifibal.cat\\\/es\\\/\",\"name\":\"Servifibal\",\"description\":\"Solucions per al petit comer\u00e7\",\"publisher\":{\"@id\":\"https:\\\/\\\/servifibal.cat\\\/es\\\/#organization\"},\"potentialAction\":[{\"@type\":\"SearchAction\",\"target\":{\"@type\":\"EntryPoint\",\"urlTemplate\":\"https:\\\/\\\/servifibal.cat\\\/es\\\/?s={search_term_string}\"},\"query-input\":{\"@type\":\"PropertyValueSpecification\",\"valueRequired\":true,\"valueName\":\"search_term_string\"}}],\"inLanguage\":\"es\"},{\"@type\":\"Organization\",\"@id\":\"https:\\\/\\\/servifibal.cat\\\/es\\\/#organization\",\"name\":\"Servifibal\",\"url\":\"https:\\\/\\\/servifibal.cat\\\/es\\\/\",\"logo\":{\"@type\":\"ImageObject\",\"inLanguage\":\"es\",\"@id\":\"https:\\\/\\\/servifibal.cat\\\/es\\\/#\\\/schema\\\/logo\\\/image\\\/\",\"url\":\"https:\\\/\\\/servifibal.cat\\\/wp-content\\\/uploads\\\/2025\\\/11\\\/00-Logo-nou-blanc.png\",\"contentUrl\":\"https:\\\/\\\/servifibal.cat\\\/wp-content\\\/uploads\\\/2025\\\/11\\\/00-Logo-nou-blanc.png\",\"width\":176,\"height\":38,\"caption\":\"Servifibal\"},\"image\":{\"@id\":\"https:\\\/\\\/servifibal.cat\\\/es\\\/#\\\/schema\\\/logo\\\/image\\\/\"}}]}<\/script>\n<!-- \/ Yoast SEO plugin. -->","yoast_head_json":{"title":"P-32 - Servifibal","robots":{"index":"index","follow":"follow","max-snippet":"max-snippet:-1","max-image-preview":"max-image-preview:large","max-video-preview":"max-video-preview:-1"},"canonical":"https:\/\/servifibal.cat\/es\/prod\/p-32\/","og_locale":"es_ES","og_type":"article","og_title":"P-32 - Servifibal","og_description":"Cuerpo construido totalmente en acero inoxidable AISI 304.  Dise\u00f1o compacto y muy robusto.  Placas y cuchillas incluidas.  Boca extra\u00edble.  Grupo reductor con engranajes de acero en ba\u00f1o de aceite.  Maza de empuje.  Protecci\u00f3n t\u00e9rmica del motor.  Protecci\u00f3n salva-manos en la bandeja.  Adecuada para todo tipo de carnes.  Producci\u00f3n: \u00b1 425 kg\/h.  Potencia motor trif\u00e1sico 2,5 HP\/ 0.73 kW.  Dimensiones bandeja: 310x410x55 mm.  Peso Neto: 48 kg.  Sistema de corte   Grupo picador sistema aluminio \u2013 Enterprise.  Grupo picador sistema inox \u2013 Enterprise.  Grupo picador sistema inox \u2013 Unger.","og_url":"https:\/\/servifibal.cat\/es\/prod\/p-32\/","og_site_name":"Servifibal","article_modified_time":"2026-01-30T23:29:48+00:00","og_image":[{"width":500,"height":500,"url":"https:\/\/servifibal.cat\/wp-content\/uploads\/2025\/11\/picadora-ak-ramon-P-32.png","type":"image\/png"}],"twitter_card":"summary_large_image","twitter_misc":{"Tiempo de lectura":"1 minuto"},"schema":{"@context":"https:\/\/schema.org","@graph":[{"@type":"WebPage","@id":"https:\/\/servifibal.cat\/es\/prod\/p-32\/","url":"https:\/\/servifibal.cat\/es\/prod\/p-32\/","name":"P-32 - Servifibal","isPartOf":{"@id":"https:\/\/servifibal.cat\/es\/#website"},"primaryImageOfPage":{"@id":"https:\/\/servifibal.cat\/es\/prod\/p-32\/#primaryimage"},"image":{"@id":"https:\/\/servifibal.cat\/es\/prod\/p-32\/#primaryimage"},"thumbnailUrl":"https:\/\/servifibal.cat\/wp-content\/uploads\/2025\/11\/picadora-ak-ramon-P-32.png","datePublished":"2024-09-02T13:28:55+00:00","dateModified":"2026-01-30T23:29:48+00:00","breadcrumb":{"@id":"https:\/\/servifibal.cat\/es\/prod\/p-32\/#breadcrumb"},"inLanguage":"es","potentialAction":[{"@type":"ReadAction","target":["https:\/\/servifibal.cat\/es\/prod\/p-32\/"]}]},{"@type":"ImageObject","inLanguage":"es","@id":"https:\/\/servifibal.cat\/es\/prod\/p-32\/#primaryimage","url":"https:\/\/servifibal.cat\/wp-content\/uploads\/2025\/11\/picadora-ak-ramon-P-32.png","contentUrl":"https:\/\/servifibal.cat\/wp-content\/uploads\/2025\/11\/picadora-ak-ramon-P-32.png","width":500,"height":500},{"@type":"BreadcrumbList","@id":"https:\/\/servifibal.cat\/es\/prod\/p-32\/#breadcrumb","itemListElement":[{"@type":"ListItem","position":1,"name":"Portada","item":"https:\/\/servifibal.cat\/es\/inicio\/"},{"@type":"ListItem","position":2,"name":"Tienda","item":"https:\/\/servifibal.cat\/es\/tienda\/"},{"@type":"ListItem","position":3,"name":"P-32"}]},{"@type":"WebSite","@id":"https:\/\/servifibal.cat\/es\/#website","url":"https:\/\/servifibal.cat\/es\/","name":"Servifibal","description":"Solucions per al petit comer\u00e7","publisher":{"@id":"https:\/\/servifibal.cat\/es\/#organization"},"potentialAction":[{"@type":"SearchAction","target":{"@type":"EntryPoint","urlTemplate":"https:\/\/servifibal.cat\/es\/?s={search_term_string}"},"query-input":{"@type":"PropertyValueSpecification","valueRequired":true,"valueName":"search_term_string"}}],"inLanguage":"es"},{"@type":"Organization","@id":"https:\/\/servifibal.cat\/es\/#organization","name":"Servifibal","url":"https:\/\/servifibal.cat\/es\/","logo":{"@type":"ImageObject","inLanguage":"es","@id":"https:\/\/servifibal.cat\/es\/#\/schema\/logo\/image\/","url":"https:\/\/servifibal.cat\/wp-content\/uploads\/2025\/11\/00-Logo-nou-blanc.png","contentUrl":"https:\/\/servifibal.cat\/wp-content\/uploads\/2025\/11\/00-Logo-nou-blanc.png","width":176,"height":38,"caption":"Servifibal"},"image":{"@id":"https:\/\/servifibal.cat\/es\/#\/schema\/logo\/image\/"}}]}},"_links":{"self":[{"href":"https:\/\/servifibal.cat\/es\/wp-json\/wp\/v2\/product\/74403","targetHints":{"allow":["GET"]}}],"collection":[{"href":"https:\/\/servifibal.cat\/es\/wp-json\/wp\/v2\/product"}],"about":[{"href":"https:\/\/servifibal.cat\/es\/wp-json\/wp\/v2\/types\/product"}],"wp:featuredmedia":[{"embeddable":true,"href":"https:\/\/servifibal.cat\/es\/wp-json\/wp\/v2\/media\/76275"}],"wp:attachment":[{"href":"https:\/\/servifibal.cat\/es\/wp-json\/wp\/v2\/media?parent=74403"}],"wp:term":[{"taxonomy":"product_brand","embeddable":true,"href":"https:\/\/servifibal.cat\/es\/wp-json\/wp\/v2\/product_brand?post=74403"},{"taxonomy":"product_cat","embeddable":true,"href":"https:\/\/servifibal.cat\/es\/wp-json\/wp\/v2\/product_cat?post=74403"},{"taxonomy":"product_tag","embeddable":true,"href":"https:\/\/servifibal.cat\/es\/wp-json\/wp\/v2\/product_tag?post=74403"}],"curies":[{"name":"wp","href":"https:\/\/api.w.org\/{rel}","templated":true}]}}