{"id":76241,"date":"2026-01-25T22:38:01","date_gmt":"2026-01-25T22:38:01","guid":{"rendered":"https:\/\/servifibal.cat\/contacta\/"},"modified":"2026-01-30T18:07:29","modified_gmt":"2026-01-30T18:07:29","slug":"contacta","status":"publish","type":"page","link":"https:\/\/servifibal.cat\/es\/contacta\/","title":{"rendered":"Contacta"},"content":{"rendered":"\t\t<div data-elementor-type=\"wp-page\" data-elementor-id=\"76241\" class=\"elementor elementor-76241 elementor-75796\" data-elementor-post-type=\"page\">\n\t\t\t\t<div class=\"elementor-element elementor-element-a27680f e-flex e-con-boxed e-con e-parent\" data-id=\"a27680f\" data-element_type=\"container\" data-e-type=\"container\">\n\t\t\t\t\t<div class=\"e-con-inner\">\n\t\t<div class=\"elementor-element elementor-element-2966e52 e-con-full e-flex e-con e-child\" data-id=\"2966e52\" data-element_type=\"container\" data-e-type=\"container\">\n\t\t<div class=\"elementor-element elementor-element-c40700e e-con-full e-flex e-con e-child\" data-id=\"c40700e\" data-element_type=\"container\" data-e-type=\"container\">\n\t\t<div class=\"elementor-element elementor-element-18695de e-con-full e-flex e-con e-child\" data-id=\"18695de\" data-element_type=\"container\" data-e-type=\"container\">\n\t\t\t\t<div class=\"elementor-element elementor-element-dfc5c40 elementor-widget elementor-widget-image\" data-id=\"dfc5c40\" data-element_type=\"widget\" data-e-type=\"widget\" data-widget_type=\"image.default\">\n\t\t\t\t\t\t\t\t\t\t\t\t\t\t\t<img fetchpriority=\"high\" decoding=\"async\" width=\"540\" height=\"540\" src=\"https:\/\/servifibal.cat\/wp-content\/uploads\/2026\/01\/Edu.webp\" class=\"attachment-large size-large wp-image-76143\" alt=\"\" srcset=\"https:\/\/servifibal.cat\/wp-content\/uploads\/2026\/01\/Edu.webp 540w, https:\/\/servifibal.cat\/wp-content\/uploads\/2026\/01\/Edu-300x300.webp 300w, https:\/\/servifibal.cat\/wp-content\/uploads\/2026\/01\/Edu-150x150.webp 150w, https:\/\/servifibal.cat\/wp-content\/uploads\/2026\/01\/Edu-100x100.webp 100w\" sizes=\"(max-width: 540px) 100vw, 540px\" \/>\t\t\t\t\t\t\t\t\t\t\t\t\t\t\t<\/div>\n\t\t\t\t<div class=\"elementor-element elementor-element-d25f382 elementor-widget elementor-widget-heading\" data-id=\"d25f382\" data-element_type=\"widget\" data-e-type=\"widget\" data-widget_type=\"heading.default\">\n\t\t\t\t\t<span class=\"elementor-heading-title elementor-size-default\">Edu Vengohechea\n<\/span>\t\t\t\t<\/div>\n\t\t\t\t<div class=\"elementor-element elementor-element-c584dd9 elementor-widget elementor-widget-text-editor\" data-id=\"c584dd9\" data-element_type=\"widget\" data-e-type=\"widget\" data-widget_type=\"text-editor.default\">\n\t\t\t\t\t\t\t\t\t<p>Direcci\u00f3n Comercial y Direcci\u00f3n Servicio T\u00e9cnico<\/p>\t\t\t\t\t\t\t\t<\/div>\n\t\t\t\t<\/div>\n\t\t<div class=\"elementor-element elementor-element-a5e2896 e-con-full e-flex e-con e-child\" data-id=\"a5e2896\" data-element_type=\"container\" data-e-type=\"container\">\n\t\t\t\t<div class=\"elementor-element elementor-element-62850e0 elementor-widget elementor-widget-image\" data-id=\"62850e0\" data-element_type=\"widget\" data-e-type=\"widget\" data-widget_type=\"image.default\">\n\t\t\t\t\t\t\t\t\t\t\t\t\t\t\t<img decoding=\"async\" width=\"540\" height=\"540\" src=\"https:\/\/servifibal.cat\/wp-content\/uploads\/2026\/01\/Jefe.webp\" class=\"attachment-large size-large wp-image-76144\" alt=\"\" srcset=\"https:\/\/servifibal.cat\/wp-content\/uploads\/2026\/01\/Jefe.webp 540w, https:\/\/servifibal.cat\/wp-content\/uploads\/2026\/01\/Jefe-300x300.webp 300w, https:\/\/servifibal.cat\/wp-content\/uploads\/2026\/01\/Jefe-150x150.webp 150w, https:\/\/servifibal.cat\/wp-content\/uploads\/2026\/01\/Jefe-100x100.webp 100w\" sizes=\"(max-width: 540px) 100vw, 540px\" \/>\t\t\t\t\t\t\t\t\t\t\t\t\t\t\t<\/div>\n\t\t\t\t<div class=\"elementor-element elementor-element-ead17a5 elementor-widget elementor-widget-heading\" data-id=\"ead17a5\" data-element_type=\"widget\" data-e-type=\"widget\" data-widget_type=\"heading.default\">\n\t\t\t\t\t<span class=\"elementor-heading-title elementor-size-default\">Eduard Vengohechea\n<\/span>\t\t\t\t<\/div>\n\t\t\t\t<div class=\"elementor-element elementor-element-f73778f elementor-widget elementor-widget-text-editor\" data-id=\"f73778f\" data-element_type=\"widget\" data-e-type=\"widget\" data-widget_type=\"text-editor.default\">\n\t\t\t\t\t\t\t\t\t<p>T\u00e9cnico Comercial<\/p>\t\t\t\t\t\t\t\t<\/div>\n\t\t\t\t<\/div>\n\t\t<div class=\"elementor-element elementor-element-db172f8 e-con-full e-flex e-con e-child\" data-id=\"db172f8\" data-element_type=\"container\" data-e-type=\"container\">\n\t\t\t\t<div class=\"elementor-element elementor-element-6d09da8 elementor-widget elementor-widget-image\" data-id=\"6d09da8\" data-element_type=\"widget\" data-e-type=\"widget\" data-widget_type=\"image.default\">\n\t\t\t\t\t\t\t\t\t\t\t\t\t\t\t<img decoding=\"async\" width=\"540\" height=\"540\" src=\"https:\/\/servifibal.cat\/wp-content\/uploads\/2026\/01\/Bego.webp\" class=\"attachment-large size-large wp-image-76145\" alt=\"\" srcset=\"https:\/\/servifibal.cat\/wp-content\/uploads\/2026\/01\/Bego.webp 540w, https:\/\/servifibal.cat\/wp-content\/uploads\/2026\/01\/Bego-300x300.webp 300w, https:\/\/servifibal.cat\/wp-content\/uploads\/2026\/01\/Bego-150x150.webp 150w, https:\/\/servifibal.cat\/wp-content\/uploads\/2026\/01\/Bego-100x100.webp 100w\" sizes=\"(max-width: 540px) 100vw, 540px\" \/>\t\t\t\t\t\t\t\t\t\t\t\t\t\t\t<\/div>\n\t\t\t\t<div class=\"elementor-element elementor-element-7fe0ab9 elementor-widget elementor-widget-heading\" data-id=\"7fe0ab9\" data-element_type=\"widget\" data-e-type=\"widget\" data-widget_type=\"heading.default\">\n\t\t\t\t\t<span class=\"elementor-heading-title elementor-size-default\">Bego\u00f1a Llorens<\/span>\t\t\t\t<\/div>\n\t\t\t\t<div class=\"elementor-element elementor-element-e4232de elementor-widget elementor-widget-text-editor\" data-id=\"e4232de\" data-element_type=\"widget\" data-e-type=\"widget\" data-widget_type=\"text-editor.default\">\n\t\t\t\t\t\t\t\t\t<p>Direcci\u00f3n Administrativa y T\u00e9cnico Inform\u00e1tico<\/p>\t\t\t\t\t\t\t\t<\/div>\n\t\t\t\t<\/div>\n\t\t<div class=\"elementor-element elementor-element-497c97a e-con-full e-flex e-con e-child\" data-id=\"497c97a\" data-element_type=\"container\" data-e-type=\"container\">\n\t\t\t\t<div class=\"elementor-element elementor-element-cf824ac elementor-widget elementor-widget-image\" data-id=\"cf824ac\" data-element_type=\"widget\" data-e-type=\"widget\" data-widget_type=\"image.default\">\n\t\t\t\t\t\t\t\t\t\t\t\t\t\t\t<img loading=\"lazy\" decoding=\"async\" width=\"768\" height=\"768\" src=\"https:\/\/servifibal.cat\/wp-content\/uploads\/2026\/01\/Fran-768x768-1.webp\" class=\"attachment-large size-large wp-image-76146\" alt=\"\" srcset=\"https:\/\/servifibal.cat\/wp-content\/uploads\/2026\/01\/Fran-768x768-1.webp 768w, https:\/\/servifibal.cat\/wp-content\/uploads\/2026\/01\/Fran-768x768-1-300x300.webp 300w, https:\/\/servifibal.cat\/wp-content\/uploads\/2026\/01\/Fran-768x768-1-150x150.webp 150w, https:\/\/servifibal.cat\/wp-content\/uploads\/2026\/01\/Fran-768x768-1-600x600.webp 600w, https:\/\/servifibal.cat\/wp-content\/uploads\/2026\/01\/Fran-768x768-1-100x100.webp 100w\" sizes=\"(max-width: 768px) 100vw, 768px\" \/>\t\t\t\t\t\t\t\t\t\t\t\t\t\t\t<\/div>\n\t\t\t\t<div class=\"elementor-element elementor-element-a85fa65 elementor-widget elementor-widget-heading\" data-id=\"a85fa65\" data-element_type=\"widget\" data-e-type=\"widget\" data-widget_type=\"heading.default\">\n\t\t\t\t\t<span class=\"elementor-heading-title elementor-size-default\">Fran<\/span>\t\t\t\t<\/div>\n\t\t\t\t<div class=\"elementor-element elementor-element-0cce22d elementor-widget elementor-widget-text-editor\" data-id=\"0cce22d\" data-element_type=\"widget\" data-e-type=\"widget\" data-widget_type=\"text-editor.default\">\n\t\t\t\t\t\t\t\t\t<p>Servicio t\u00e9cnico<\/p>\t\t\t\t\t\t\t\t<\/div>\n\t\t\t\t<\/div>\n\t\t\t\t<\/div>\n\t\t\t\t<\/div>\n\t\t<div class=\"elementor-element elementor-element-d9a2f9e e-con-full e-flex e-con e-child\" data-id=\"d9a2f9e\" data-element_type=\"container\" data-e-type=\"container\">\n\t\t\t\t<div class=\"elementor-element elementor-element-6c4a077 elementor-widget elementor-widget-heading\" data-id=\"6c4a077\" data-element_type=\"widget\" data-e-type=\"widget\" data-widget_type=\"heading.default\">\n\t\t\t\t\t<h2 class=\"elementor-heading-title elementor-size-default\">Contacta con nosotros<\/h2>\t\t\t\t<\/div>\n\t\t\t\t<div class=\"elementor-element elementor-element-bcacde1 elementor-widget elementor-widget-shortcode\" data-id=\"bcacde1\" data-element_type=\"widget\" data-e-type=\"widget\" data-widget_type=\"shortcode.default\">\n\t\t\t\t\t\t\t<div class=\"elementor-shortcode\">\n<div class=\"wpcf7 no-js\" id=\"wpcf7-f76240-o1\" lang=\"es-ES\" dir=\"ltr\" data-wpcf7-id=\"76240\">\n<div class=\"screen-reader-response\"><p role=\"status\" aria-live=\"polite\" aria-atomic=\"true\"><\/p> <ul><\/ul><\/div>\n<form action=\"\/es\/wp-json\/wp\/v2\/pages\/76241#wpcf7-f76240-o1\" method=\"post\" class=\"wpcf7-form init\" aria-label=\"Formulario de contacto\" novalidate=\"novalidate\" data-status=\"init\">\n<fieldset class=\"hidden-fields-container\"><input type=\"hidden\" name=\"_wpcf7\" value=\"76240\" \/><input type=\"hidden\" name=\"_wpcf7_version\" value=\"6.1.5\" \/><input type=\"hidden\" name=\"_wpcf7_locale\" value=\"es_ES\" \/><input type=\"hidden\" name=\"_wpcf7_unit_tag\" value=\"wpcf7-f76240-o1\" \/><input type=\"hidden\" name=\"_wpcf7_container_post\" value=\"0\" \/><input type=\"hidden\" name=\"_wpcf7_posted_data_hash\" value=\"\" \/><input type=\"hidden\" name=\"_wpcf7_recaptcha_response\" value=\"\" \/>\n<\/fieldset>\n<div class=\"cos-formulari\">\n\t<div class=\"row\">\n\t\t<div class=\"col-lg-6 col-md-6\">\n\t\t\t<p>Nombre (necesario)\n\t\t\t<\/p>\n\t\t\t<p><span class=\"wpcf7-form-control-wrap\" data-name=\"your-name\"><input size=\"40\" maxlength=\"400\" class=\"wpcf7-form-control wpcf7-text wpcf7-validates-as-required\" aria-required=\"true\" aria-invalid=\"false\" value=\"\" type=\"text\" name=\"your-name\" \/><\/span>\n\t\t\t<\/p>\n\t\t\t<p>Tu correo electr\u00f3nico (necesario)\n\t\t\t<\/p>\n\t\t\t<p><span class=\"wpcf7-form-control-wrap\" data-name=\"your-email\"><input size=\"40\" maxlength=\"400\" class=\"wpcf7-form-control wpcf7-email wpcf7-validates-as-required wpcf7-text wpcf7-validates-as-email\" aria-required=\"true\" aria-invalid=\"false\" value=\"\" type=\"email\" name=\"your-email\" \/><\/span>\n\t\t\t<\/p>\n\t\t\t<p>Tu tel\u00e9fono\n\t\t\t<\/p>\n\t\t\t<p><span class=\"wpcf7-form-control-wrap\" data-name=\"your-phone\"><input size=\"40\" maxlength=\"400\" class=\"wpcf7-form-control wpcf7-tel wpcf7-text wpcf7-validates-as-tel\" aria-invalid=\"false\" value=\"\" type=\"tel\" name=\"your-phone\" \/><\/span>\n\t\t\t<\/p>\n\t\t\t<p>Nombre de la empresa\n\t\t\t<\/p>\n\t\t\t<p><span class=\"wpcf7-form-control-wrap\" data-name=\"company-name\"><input size=\"40\" maxlength=\"400\" class=\"wpcf7-form-control wpcf7-text\" aria-invalid=\"false\" value=\"\" type=\"text\" name=\"company-name\" \/><\/span>\n\t\t\t<\/p>\n\t\t<\/div>\n\t\t<div class=\"col-lg-6 col-md-6\">\n\t\t\t<p><span class=\"hint\">Expl\u00edcanos que necesitas<\/span>\n\t\t\t<\/p>\n\t\t\t<p><span class=\"wpcf7-form-control-wrap\" data-name=\"your-subject\"><input size=\"40\" maxlength=\"400\" class=\"wpcf7-form-control wpcf7-text\" aria-invalid=\"false\" value=\"\" type=\"text\" name=\"your-subject\" \/><\/span>\n\t\t\t<\/p>\n\t\t\t<p>Tu mensaje\n\t\t\t<\/p>\n\t\t\t<p><span class=\"wpcf7-form-control-wrap\" data-name=\"your-message\"><textarea cols=\"40\" rows=\"10\" maxlength=\"2000\" class=\"wpcf7-form-control wpcf7-textarea\" aria-invalid=\"false\" name=\"your-message\"><\/textarea><\/span>\n\t\t\t<\/p>\n\t\t<\/div>\n\t<\/div>\n\t<p><input class=\"wpcf7-form-control wpcf7-submit has-spinner\" type=\"submit\" value=\"Envia\" \/>\n\t<\/p>\n\t<p><span class=\"wpcf7-form-control-wrap\" data-name=\"privadesa\"><span class=\"wpcf7-form-control wpcf7-checkbox wpcf7-validates-as-required\" id=\"privades\"><span class=\"wpcf7-list-item first last\"><input type=\"checkbox\" name=\"privadesa[]\" value=\"He le\u00eddo y acepto recibir publicidad o informaci\u00f3n promocional de SERVIFIBAL SL.\" \/><span class=\"wpcf7-list-item-label\">He le\u00eddo y acepto recibir publicidad o informaci\u00f3n promocional de SERVIFIBAL SL.<\/span><\/span><\/span><\/span>\n\t<\/p>\n<\/div>\n<div class=\"text-legal-landing\">\n\t<p>De conformidad con lo establecido en la normativa vigente en Protecci\u00f3n de Datos de Car\u00e1cter Personal, le informamos que sus datos ser\u00e1n incorporados al sistema de tratamiento titularidad de SERVIFIBAL SL, con CIF B62008768 y domicilio social situado en SALVADOR ESPRIU 5, 08328, ALELLA (BARCELONA), con la finalidad de gestionar y tramitar el presupuesto solicitado. En cumplimiento de la normativa vigente, SERVIFIBAL SL informa que los datos ser\u00e1n conservados durante el plazo estrictamente necesario para cumplir con los preceptos mencionados anteriormente.\n\t<\/p>\n\t<p>Le informamos que el tratamiento de sus datos est\u00e1 legitimado por su consentimiento.\n\t<\/p>\n\t<p>SERVIFIBAL SL informa que proceder\u00e1 a tratar los datos de manera l\u00edcita, leal, transparente, adecuada, pertinente, limitada, exacta y actualizada. Por ello, SERVIFIBAL SL se compromete a adoptar todas las medidas razonables para que estos se supriman o rectifiquen sin dilaci\u00f3n cuando sean inexactos.\n\t<\/p>\n\t<p>De acuerdo con los derechos que le confiere la normativa vigente en protecci\u00f3n de datos, podr\u00e1 ejercer los derechos de acceso, rectificaci\u00f3n, limitaci\u00f3n del tratamiento, supresi\u00f3n, portabilidad y oposici\u00f3n al tratamiento de sus datos de car\u00e1cter personal, as\u00ed como retirar el consentimiento otorgado para el tratamiento de los mismos, dirigiendo su solicitud a la direcci\u00f3n postal indicada m\u00e1s arriba o al correo electr\u00f3nico hola@servifibal.cat.\n\t<\/p>\n\t<p>Mientras no nos comunique lo contrario, entenderemos que sus datos no han sido modificados y que se compromete a notificarnos cualquier variaci\u00f3n, as\u00ed como que tenemos su consentimiento para utilizarlos para la finalidad establecida anteriormente, as\u00ed como para enviarle por correo ordinario o por correo electr\u00f3nico la informaci\u00f3n solicitada.\n\t<\/p>\n\t<p>Asimismo, y de acuerdo con lo establecido en la Ley 34\/2002, de 11 de julio, de Servicios de la Sociedad de la Informaci\u00f3n y de Comercio Electr\u00f3nico, en su art\u00edculo 21, solicitamos tambi\u00e9n su consentimiento expreso para enviarle publicidad de nuestros productos o promociones que consideremos puedan ser de su inter\u00e9s, por correo electr\u00f3nico o por cualquier otro medio de comunicaci\u00f3n electr\u00f3nica equivalente.\n\t<\/p>\n\t<p>Asimismo, le informamos que podr\u00e1 revocar en cualquier momento el consentimiento otorgado para recibir comunicaciones comerciales enviando un correo electr\u00f3nico a la direcci\u00f3n hola@servifibal.cat.\n\t<\/p>\n\t<p>El env\u00edo de estos datos implica la aceptaci\u00f3n de esta cl\u00e1usula.\n\t<\/p>\n<\/div>\n<style>\n.text-legal-landing{\n font-size: 10px;\n line-height: 12px;\n padding: 20px;\n}\n.cos-formulari {\n background-image: url(\"https:\/\/servifibal.cat\/wp-content\/uploads\/2025\/11\/04-BlueBox_logo-3.png\");\n background-repeat: repeat-y;\n background-size: 100% auto;\n background-position: top left;\n padding: 20px;\n color: white;\n}\n\n.cos-formulari input{\n border-radius: 13px;\n}\n<\/style><div class=\"wpcf7-response-output\" aria-hidden=\"true\"><\/div>\n<\/form>\n<\/div>\n<\/div>\n\t\t\t\t\t\t<\/div>\n\t\t\t\t<\/div>\n\t\t\t\t\t<\/div>\n\t\t\t\t<\/div>\n\t\t<div class=\"elementor-element elementor-element-d196c6c e-con-full e-flex e-con e-parent\" data-id=\"d196c6c\" data-element_type=\"container\" data-e-type=\"container\">\n\t\t<div class=\"elementor-element elementor-element-c777b44 e-con-full e-flex e-con e-child\" data-id=\"c777b44\" data-element_type=\"container\" data-e-type=\"container\">\n\t\t\t\t<div class=\"elementor-element elementor-element-19b3899 elementor-widget elementor-widget-google_maps\" data-id=\"19b3899\" data-element_type=\"widget\" data-e-type=\"widget\" data-widget_type=\"google_maps.default\">\n\t\t\t\t\t\t\t<div class=\"elementor-custom-embed\">\n\t\t\t<iframe loading=\"lazy\"\n\t\t\t\t\tsrc=\"https:\/\/maps.google.com\/maps?q=C%2F%20Escultor%20Llimona%2C%205%2C%2008328%20Alella%2C%20Barcelona&#038;t=m&#038;z=12&#038;output=embed&#038;iwloc=near\"\n\t\t\t\t\ttitle=\"C\/ Escultor Llimona, 5, 08328 Alella, Barcelona\"\n\t\t\t\t\taria-label=\"C\/ Escultor Llimona, 5, 08328 Alella, Barcelona\"\n\t\t\t><\/iframe>\n\t\t<\/div>\n\t\t\t\t\t\t<\/div>\n\t\t\t\t<\/div>\n\t\t\t\t<\/div>\n\t\t\t\t<\/div>\n\t\t","protected":false},"excerpt":{"rendered":"<p>Edu Vengohechea Direcci\u00f3n Comercial y Direcci\u00f3n Servicio T\u00e9cnico Eduard Vengohechea T\u00e9cnico Comercial Bego\u00f1a Llorens Direcci\u00f3n Administrativa y T\u00e9cnico Inform\u00e1tico Fran Servicio t\u00e9cnico Contacta con nosotros<\/p>\n","protected":false},"author":1,"featured_media":0,"parent":0,"menu_order":0,"comment_status":"closed","ping_status":"closed","template":"","meta":{"_joinchat":[],"footnotes":""},"class_list":["post-76241","page","type-page","status-publish","hentry"],"yoast_head":"<!-- This site is optimized with the Yoast SEO plugin v27.5 - https:\/\/yoast.com\/product\/yoast-seo-wordpress\/ -->\n<title>Contacta - Servifibal<\/title>\n<meta name=\"robots\" content=\"index, follow, max-snippet:-1, max-image-preview:large, max-video-preview:-1\" \/>\n<link rel=\"canonical\" href=\"https:\/\/servifibal.cat\/es\/contacta\/\" \/>\n<meta property=\"og:locale\" content=\"es_ES\" \/>\n<meta property=\"og:type\" content=\"article\" \/>\n<meta property=\"og:title\" content=\"Contacta - Servifibal\" \/>\n<meta property=\"og:description\" content=\"Edu Vengohechea Direcci\u00f3n Comercial y Direcci\u00f3n Servicio T\u00e9cnico Eduard Vengohechea T\u00e9cnico Comercial Bego\u00f1a Llorens Direcci\u00f3n Administrativa y T\u00e9cnico Inform\u00e1tico Fran Servicio t\u00e9cnico Contacta con nosotros\" \/>\n<meta property=\"og:url\" content=\"https:\/\/servifibal.cat\/es\/contacta\/\" \/>\n<meta property=\"og:site_name\" content=\"Servifibal\" \/>\n<meta property=\"article:modified_time\" content=\"2026-01-30T18:07:29+00:00\" \/>\n<meta property=\"og:image\" content=\"https:\/\/servifibal.cat\/wp-content\/uploads\/2026\/01\/Edu.webp\" \/>\n<meta name=\"twitter:card\" content=\"summary_large_image\" \/>\n<meta name=\"twitter:label1\" content=\"Tiempo de lectura\" \/>\n\t<meta name=\"twitter:data1\" content=\"2 minutos\" \/>\n<script type=\"application\/ld+json\" class=\"yoast-schema-graph\">{\"@context\":\"https:\\\/\\\/schema.org\",\"@graph\":[{\"@type\":\"WebPage\",\"@id\":\"https:\\\/\\\/servifibal.cat\\\/es\\\/contacta\\\/\",\"url\":\"https:\\\/\\\/servifibal.cat\\\/es\\\/contacta\\\/\",\"name\":\"Contacta - Servifibal\",\"isPartOf\":{\"@id\":\"https:\\\/\\\/servifibal.cat\\\/es\\\/#website\"},\"primaryImageOfPage\":{\"@id\":\"https:\\\/\\\/servifibal.cat\\\/es\\\/contacta\\\/#primaryimage\"},\"image\":{\"@id\":\"https:\\\/\\\/servifibal.cat\\\/es\\\/contacta\\\/#primaryimage\"},\"thumbnailUrl\":\"https:\\\/\\\/servifibal.cat\\\/wp-content\\\/uploads\\\/2026\\\/01\\\/Edu.webp\",\"datePublished\":\"2026-01-25T22:38:01+00:00\",\"dateModified\":\"2026-01-30T18:07:29+00:00\",\"breadcrumb\":{\"@id\":\"https:\\\/\\\/servifibal.cat\\\/es\\\/contacta\\\/#breadcrumb\"},\"inLanguage\":\"es\",\"potentialAction\":[{\"@type\":\"ReadAction\",\"target\":[\"https:\\\/\\\/servifibal.cat\\\/es\\\/contacta\\\/\"]}]},{\"@type\":\"ImageObject\",\"inLanguage\":\"es\",\"@id\":\"https:\\\/\\\/servifibal.cat\\\/es\\\/contacta\\\/#primaryimage\",\"url\":\"https:\\\/\\\/servifibal.cat\\\/wp-content\\\/uploads\\\/2026\\\/01\\\/Edu.webp\",\"contentUrl\":\"https:\\\/\\\/servifibal.cat\\\/wp-content\\\/uploads\\\/2026\\\/01\\\/Edu.webp\"},{\"@type\":\"BreadcrumbList\",\"@id\":\"https:\\\/\\\/servifibal.cat\\\/es\\\/contacta\\\/#breadcrumb\",\"itemListElement\":[{\"@type\":\"ListItem\",\"position\":1,\"name\":\"Portada\",\"item\":\"https:\\\/\\\/servifibal.cat\\\/es\\\/inicio\\\/\"},{\"@type\":\"ListItem\",\"position\":2,\"name\":\"Contacta\"}]},{\"@type\":\"WebSite\",\"@id\":\"https:\\\/\\\/servifibal.cat\\\/es\\\/#website\",\"url\":\"https:\\\/\\\/servifibal.cat\\\/es\\\/\",\"name\":\"Servifibal\",\"description\":\"Solucions per al petit comer\u00e7\",\"publisher\":{\"@id\":\"https:\\\/\\\/servifibal.cat\\\/es\\\/#organization\"},\"potentialAction\":[{\"@type\":\"SearchAction\",\"target\":{\"@type\":\"EntryPoint\",\"urlTemplate\":\"https:\\\/\\\/servifibal.cat\\\/es\\\/?s={search_term_string}\"},\"query-input\":{\"@type\":\"PropertyValueSpecification\",\"valueRequired\":true,\"valueName\":\"search_term_string\"}}],\"inLanguage\":\"es\"},{\"@type\":\"Organization\",\"@id\":\"https:\\\/\\\/servifibal.cat\\\/es\\\/#organization\",\"name\":\"Servifibal\",\"url\":\"https:\\\/\\\/servifibal.cat\\\/es\\\/\",\"logo\":{\"@type\":\"ImageObject\",\"inLanguage\":\"es\",\"@id\":\"https:\\\/\\\/servifibal.cat\\\/es\\\/#\\\/schema\\\/logo\\\/image\\\/\",\"url\":\"https:\\\/\\\/servifibal.cat\\\/wp-content\\\/uploads\\\/2025\\\/11\\\/00-Logo-nou-blanc.png\",\"contentUrl\":\"https:\\\/\\\/servifibal.cat\\\/wp-content\\\/uploads\\\/2025\\\/11\\\/00-Logo-nou-blanc.png\",\"width\":176,\"height\":38,\"caption\":\"Servifibal\"},\"image\":{\"@id\":\"https:\\\/\\\/servifibal.cat\\\/es\\\/#\\\/schema\\\/logo\\\/image\\\/\"}}]}<\/script>\n<!-- \/ Yoast SEO plugin. -->","yoast_head_json":{"title":"Contacta - Servifibal","robots":{"index":"index","follow":"follow","max-snippet":"max-snippet:-1","max-image-preview":"max-image-preview:large","max-video-preview":"max-video-preview:-1"},"canonical":"https:\/\/servifibal.cat\/es\/contacta\/","og_locale":"es_ES","og_type":"article","og_title":"Contacta - Servifibal","og_description":"Edu Vengohechea Direcci\u00f3n Comercial y Direcci\u00f3n Servicio T\u00e9cnico Eduard Vengohechea T\u00e9cnico Comercial Bego\u00f1a Llorens Direcci\u00f3n Administrativa y T\u00e9cnico Inform\u00e1tico Fran Servicio t\u00e9cnico Contacta con nosotros","og_url":"https:\/\/servifibal.cat\/es\/contacta\/","og_site_name":"Servifibal","article_modified_time":"2026-01-30T18:07:29+00:00","og_image":[{"url":"https:\/\/servifibal.cat\/wp-content\/uploads\/2026\/01\/Edu.webp","type":"","width":"","height":""}],"twitter_card":"summary_large_image","twitter_misc":{"Tiempo de lectura":"2 minutos"},"schema":{"@context":"https:\/\/schema.org","@graph":[{"@type":"WebPage","@id":"https:\/\/servifibal.cat\/es\/contacta\/","url":"https:\/\/servifibal.cat\/es\/contacta\/","name":"Contacta - Servifibal","isPartOf":{"@id":"https:\/\/servifibal.cat\/es\/#website"},"primaryImageOfPage":{"@id":"https:\/\/servifibal.cat\/es\/contacta\/#primaryimage"},"image":{"@id":"https:\/\/servifibal.cat\/es\/contacta\/#primaryimage"},"thumbnailUrl":"https:\/\/servifibal.cat\/wp-content\/uploads\/2026\/01\/Edu.webp","datePublished":"2026-01-25T22:38:01+00:00","dateModified":"2026-01-30T18:07:29+00:00","breadcrumb":{"@id":"https:\/\/servifibal.cat\/es\/contacta\/#breadcrumb"},"inLanguage":"es","potentialAction":[{"@type":"ReadAction","target":["https:\/\/servifibal.cat\/es\/contacta\/"]}]},{"@type":"ImageObject","inLanguage":"es","@id":"https:\/\/servifibal.cat\/es\/contacta\/#primaryimage","url":"https:\/\/servifibal.cat\/wp-content\/uploads\/2026\/01\/Edu.webp","contentUrl":"https:\/\/servifibal.cat\/wp-content\/uploads\/2026\/01\/Edu.webp"},{"@type":"BreadcrumbList","@id":"https:\/\/servifibal.cat\/es\/contacta\/#breadcrumb","itemListElement":[{"@type":"ListItem","position":1,"name":"Portada","item":"https:\/\/servifibal.cat\/es\/inicio\/"},{"@type":"ListItem","position":2,"name":"Contacta"}]},{"@type":"WebSite","@id":"https:\/\/servifibal.cat\/es\/#website","url":"https:\/\/servifibal.cat\/es\/","name":"Servifibal","description":"Solucions per al petit comer\u00e7","publisher":{"@id":"https:\/\/servifibal.cat\/es\/#organization"},"potentialAction":[{"@type":"SearchAction","target":{"@type":"EntryPoint","urlTemplate":"https:\/\/servifibal.cat\/es\/?s={search_term_string}"},"query-input":{"@type":"PropertyValueSpecification","valueRequired":true,"valueName":"search_term_string"}}],"inLanguage":"es"},{"@type":"Organization","@id":"https:\/\/servifibal.cat\/es\/#organization","name":"Servifibal","url":"https:\/\/servifibal.cat\/es\/","logo":{"@type":"ImageObject","inLanguage":"es","@id":"https:\/\/servifibal.cat\/es\/#\/schema\/logo\/image\/","url":"https:\/\/servifibal.cat\/wp-content\/uploads\/2025\/11\/00-Logo-nou-blanc.png","contentUrl":"https:\/\/servifibal.cat\/wp-content\/uploads\/2025\/11\/00-Logo-nou-blanc.png","width":176,"height":38,"caption":"Servifibal"},"image":{"@id":"https:\/\/servifibal.cat\/es\/#\/schema\/logo\/image\/"}}]}},"_links":{"self":[{"href":"https:\/\/servifibal.cat\/es\/wp-json\/wp\/v2\/pages\/76241","targetHints":{"allow":["GET"]}}],"collection":[{"href":"https:\/\/servifibal.cat\/es\/wp-json\/wp\/v2\/pages"}],"about":[{"href":"https:\/\/servifibal.cat\/es\/wp-json\/wp\/v2\/types\/page"}],"author":[{"embeddable":true,"href":"https:\/\/servifibal.cat\/es\/wp-json\/wp\/v2\/users\/1"}],"replies":[{"embeddable":true,"href":"https:\/\/servifibal.cat\/es\/wp-json\/wp\/v2\/comments?post=76241"}],"version-history":[{"count":6,"href":"https:\/\/servifibal.cat\/es\/wp-json\/wp\/v2\/pages\/76241\/revisions"}],"predecessor-version":[{"id":76247,"href":"https:\/\/servifibal.cat\/es\/wp-json\/wp\/v2\/pages\/76241\/revisions\/76247"}],"wp:attachment":[{"href":"https:\/\/servifibal.cat\/es\/wp-json\/wp\/v2\/media?parent=76241"}],"curies":[{"name":"wp","href":"https:\/\/api.w.org\/{rel}","templated":true}]}}