{"id":76197,"date":"2025-11-14T18:42:29","date_gmt":"2025-11-14T18:42:29","guid":{"rendered":"https:\/\/servifibal.cat\/politica-de-privacidad\/"},"modified":"2026-01-30T17:32:16","modified_gmt":"2026-01-30T17:32:16","slug":"politica-de-privacidad","status":"publish","type":"page","link":"https:\/\/servifibal.cat\/es\/politica-de-privacidad\/","title":{"rendered":"Pol\u00edtica de privacidad"},"content":{"rendered":"\n<p>Fecha de vigencia: 01 de Octubre de 2019<br\/>Servifibal valora la privacidad de los visitantes de nuestro sitio web y las personas cuya informaci\u00f3n personal recibimos a trav\u00e9s del uso de presentaciones de formularios y otros servicios relacionados. Esta pol\u00edtica de privacidad explica c\u00f3mo recopilamos informaci\u00f3n personal en nuestro sitio web y c\u00f3mo usamos y divulgamos esa informaci\u00f3n personal.<br\/>Al proporcionar su informaci\u00f3n personal a nuestro sitio web, acepta las pr\u00e1cticas de manejo de informaci\u00f3n descritas en esta pol\u00edtica de privacidad. Le recomendamos que lea la secci\u00f3n titulada \u201cSus opciones\u201d a continuaci\u00f3n para comprender las opciones que tiene con respecto a su informaci\u00f3n personal.<br\/>Esta Pol\u00edtica de privacidad tambi\u00e9n se aplica a la informaci\u00f3n personal que recopilamos por otros medios, que combinamos con la informaci\u00f3n personal recopilada en nuestros sitios web o a trav\u00e9s de la operaci\u00f3n y entrega de nuestros servicios.  <\/p>\n\n<h3 class=\"wp-block-heading\">Identificaci\u00f3n del responsable del tratamiento.<\/h3>\n\n<p>El responsable del tratamiento de los datos recabados a trav\u00e9s del presente sitio web es Servifibal, S.L. C\/ Salvador Espriu n5 08328 Alella, Barcelona<\/p>\n\n<h2 class=\"wp-block-heading\">1. Sitios web cubiertos<\/h2>\n\n<p>Esta pol\u00edtica de privacidad cubre las pr\u00e1cticas de informaci\u00f3n del sitio Servifibal.cat . Este sitio web puede contener enlaces a sitios web operados por terceros. Servifibalno es responsable de las pr\u00e1cticas de privacidad ni del contenido de dichos sitios web. Lo alentamos a que conozca las pol\u00edticas de privacidad y seguridad de dichos terceros antes de proporcionarles informaci\u00f3n personal.   <\/p>\n\n<h2 class=\"wp-block-heading\">2. Informaci\u00f3n que recopilamos<\/h2>\n\n<p>Recopilamos los siguientes datos sobre los usuarios: (1) informaci\u00f3n que nos env\u00eda voluntariamente (\u201cInformaci\u00f3n suministrada por el usuario\u201d); (2) datos t\u00e9cnicos recopilados autom\u00e1ticamente de todos los visitantes del sitio web(que se describe a continuaci\u00f3n en \u201cColecci\u00f3n de datos pasivos\u201d); (3) informaci\u00f3n que recopilamos a trav\u00e9s de nuestros Servicios; y (4) informaci\u00f3n que recopilamos de fuentes de terceros.<br\/>Informaci\u00f3n suministrada por el usuario. Podemos recopilar informaci\u00f3n proporcionada por el usuario cuando elige proporcionarnos su informaci\u00f3n personal a trav\u00e9s del sitio web, incluso cuando nos env\u00eda un correo electr\u00f3nico haciendo una pregunta, se registra para asistir a un evento, env\u00eda un formulario para recibir materiales de marketing o boletines electr\u00f3nicos. , o solicite cualquier investigaci\u00f3n o documentaci\u00f3n t\u00e9cnica.<br\/>Recopilaci\u00f3n pasiva de datos. Al igual que la mayor\u00eda de los servicios basados en web, recibimos y registramos autom\u00e1ticamente la informaci\u00f3n en los registros de nuestro servidor desde su navegador cuando utiliza el sitio web. Podemos utilizar una variedad de m\u00e9todos, incluidos GIF o p\u00edxeles claros (tambi\u00e9n conocidos como \u201cweb beacons\u201d) y \u201ccookies\u201d, para recopilar esta informaci\u00f3n. Usamos cookies de sesi\u00f3n y persistentes. La informaci\u00f3n que podemos recopilar con estos m\u00e9todos automatizados puede incluir, por ejemplo, su direcci\u00f3n IP, informaci\u00f3n de cookies, un dispositivo \u00fanico o ID de usuario, tipo de navegador, tipo de sistema, el contenido y las p\u00e1ginas a las que accede, la frecuencia y duraci\u00f3n de sus visitas al sitio , y la \u201cURL de referencia\u201d (es decir, la p\u00e1gina desde la que naveg\u00f3 a la web). Tambi\u00e9n podemos usar cookies para almacenar validadores de sesi\u00f3n en su disco duro. Si combinamos directamente cualquier informaci\u00f3n recopilada a trav\u00e9s de medios pasivos con informaci\u00f3n personal, tratamos la informaci\u00f3n combinada como informaci\u00f3n personal en virtud de esta pol\u00edtica de privacidad. De lo contrario, utilizamos la informaci\u00f3n recopilada por medios pasivos en formas agregadas.<br\/>Para obtener informaci\u00f3n adicional sobre las tecnolog\u00edas que utilizamos y c\u00f3mo funcionan, consulte nuestra Pol\u00edtica de cookies a continuaci\u00f3n.         <\/p>\n\n<h2 class=\"wp-block-heading\">3. Uso de la informaci\u00f3n recopilada<\/h2>\n\n<p>Usamos informaci\u00f3n personal para establecer y mejorar nuestra relaci\u00f3n con usted. Podemos utilizar informaci\u00f3n personal para operar, proporcionar, mejorar y mantener el sitio web; prevenir el uso abusivo y fraudulento; personalizar y mostrar contenido en el sitio; donde lo permita la ley aplicable, para enviarle informaci\u00f3n, incluso por correo electr\u00f3nico, sobre nuestros productos y Servicios en los que creemos que pueda estar interesado; para responder a sus preguntas y para otros prop\u00f3sitos de servicio al cliente; y para otros fines administrativos y de negocios internos.<br\/>Podemos utilizar su direcci\u00f3n de correo electr\u00f3nico, incluida cualquier direcci\u00f3n de correo electr\u00f3nico proporcionada en Servifibal, tal como se establece en la secci\u00f3n \u201cComunicaciones de marketing no solicitadas\u201d.<br\/>Podemos usar datos recopilados pasivamente para: (a) recordar su informaci\u00f3n para que no tenga que volver a ingresarla durante su visita o la pr\u00f3xima vez que visite el sitio; y (b) controle las m\u00e9tricas de uso agregado del sitio web, como el n\u00famero total de visitantes y las p\u00e1ginas visitadas.   <\/p>\n\n<h2 class=\"wp-block-heading\">4. Divulgaci\u00f3n de informaci\u00f3n recopilada<\/h2>\n\n<p>No vendemos ni alquilamos direcciones de correo electr\u00f3nico y otra informaci\u00f3n personal que recopilamos directamente a trav\u00e9s del sitio web. Sin embargo, tenga en cuenta que cualquier informaci\u00f3n que voluntariamente elija mostrar en cualquier parte disponible p\u00fablicamente en el sitio, o en cualquier servicio, queda a disposici\u00f3n del p\u00fablico y puede ser recopilada y utilizada por nosotros u otros sin restricci\u00f3n. Compartimos su informaci\u00f3n, incluida la informaci\u00f3n personal, de la siguiente manera:<br\/>Proveedores de servicios.<br\/>Podemos proporcionar informaci\u00f3n personal a terceros para su uso en la realizaci\u00f3n de funciones comerciales internas (por ejemplo, mantenimiento, seguridad, an\u00e1lisis de datos, transmisi\u00f3n de correo electr\u00f3nico, CRM, servicios de administraci\u00f3n de bases de datos, marketing por correo electr\u00f3nico, encuestas o alojamiento de datos) en nuestro nombre. Requerimos que dichos terceros acuerden usar solo su informaci\u00f3n personal de acuerdo con esta Pol\u00edtica de Privacidad y con el \u00fanico prop\u00f3sito de proporcionarnos los servicios necesarios.   <\/p>\n\n<p>email m\u00e0rqueting<br\/>Sendinblue<br\/>https:\/\/es.sendinblue.com<\/p>\n\n<p>Estad\u00edstiques web<br\/>Google analytics<br\/>https:\/\/www.google.com\/analytics\/learn\/privacy.html?hl=es<\/p>\n\n<h3 class=\"wp-block-heading\">Requerimientos legales<\/h3>\n\n<p>Podemos divulgar informaci\u00f3n personal si tenemos una creencia de buena fe de que hacerlo as\u00ed lo requiere una citaci\u00f3n u otra orden judicial o administrativa o si as\u00ed lo exige la ley. Adem\u00e1s, podemos divulgar informaci\u00f3n personal cuando, de buena fe, lo consideremos apropiado o necesario para evitar la violaci\u00f3n de los T\u00e9rminos de Servicio, o de nuestros otros acuerdos; tomar precauciones contra la responsabilidad; proteger los derechos, la propiedad o la seguridad de Servifibal, cualquier persona o el p\u00fablico en general; mantener y proteger la seguridad y la integridad de nuestros Servicios o infraestructura; protegernos a nosotros mismos y a nuestros Servicios de usos fraudulentos, abusivos o ilegales; investigar y defendernos contra reclamos o acusaciones de terceros; o ayudar a las agencias de aplicaci\u00f3n del gobierno.<br\/>Informaci\u00f3n agregada e informaci\u00f3n no identificativa<br\/>Podemos compartir informaci\u00f3n agregada con Clientes, Clientes potenciales, socios o la prensa para demostrar el uso del Servicio, identificar las tendencias de la industria y la publicidad, y generar publicidad. <\/p>\n\n<h2 class=\"wp-block-heading\">5. Tus elecciones<\/h2>\n\n<p>Como visitante de nuestro sitio web, puede optar por no proporcionarnos informaci\u00f3n personal. Tambi\u00e9n puede, en cualquier momento, acceder a su informaci\u00f3n personal para actualizar, corregir o eliminar cierta informaci\u00f3n personal acerca de usted poni\u00e9ndose en contacto con nosotros en servifibal@servifibal.cat o en la direcci\u00f3n que se establece a continuaci\u00f3n en la secci\u00f3n \u201cCont\u00e1ctenos\u201d. Tambi\u00e9n tiene derecho a obtener de Servifibal el borrado de los datos personales sobre usted de acuerdo con las leyes de privacidad de datos aplicables. Puede ejercer sus derechos con las siguientes solicitudes:   <\/p>\n\n<p>Adem\u00e1s, puede optar por no participar, ya sea cuando proporciona a Servifibal informaci\u00f3n personal, para recibir informaci\u00f3n comercial de Servifibal sobre productos y servicios (incluidos nuestros productos y servicios y los de terceros). Consulte tambi\u00e9n la Secci\u00f3n 6, \u201cComunicaciones y comunicaciones de marketing no solicitadas\u201d, para obtener informaci\u00f3n adicional sobre c\u00f3mo cambiar sus preferencias u optar por no recibir informaci\u00f3n de marketing.<br\/>Tenga en cuenta que incluso si actualiza o elimina la informaci\u00f3n personal que nos ha proporcionado, su informaci\u00f3n personal puede conservarse en nuestros archivos y archivos de respaldo durante un per\u00edodo de tiempo razonable para fines legales. <\/p>\n\n<h2 class=\"wp-block-heading\">6. Comunicaciones y comunicaciones de marketing no solicitadas<\/h2>\n\n<p>Si opt\u00f3 por recibir nuestras comunicaciones, incluso a trav\u00e9s de servifibal@servifibal.cat podemos enviarle mensajes administrativos y actualizaciones sobre su cuenta, actualizaciones sobre el sitio web de servifibal.cat y, cuando lo permita la ley aplicable, informaci\u00f3n sobre nuestra oferta, productos y servicios, incluidos, sin limitaci\u00f3n, mediante actualizaciones de redes sociales, por correo electr\u00f3nico y correo postal. Si ya no desea recibir mensajes de correo electr\u00f3nico comerciales, puede indicar sus preferencias con respecto a los mensajes de correo electr\u00f3nico comerciales siguiendo los pasos que se describen en dichos mensajes. Adem\u00e1s, puede indicar sus preferencias con respecto a los mensajes de correo electr\u00f3nico comerciales y los mensajes de correo postal poni\u00e9ndose en contacto con nosotros utilizando la informaci\u00f3n en la secci\u00f3n \u201cCont\u00e1ctenos\u201d a continuaci\u00f3n.  <\/p>\n\n<h2 class=\"wp-block-heading\">7. Seguridad<\/h2>\n\n<p>La seguridad de su informaci\u00f3n es importante para nosotros, incluida, entre otras, la informaci\u00f3n personal recopilada a trav\u00e9s de los sitios web y servicios deServifibal. Utilizamos medidas de seguridad razonables para proteger contra la p\u00e9rdida, uso indebido y alteraci\u00f3n de la informaci\u00f3n personal bajo nuestro control, tanto durante la transmisi\u00f3n como una vez que la recibamos. Esto incluye, pero no se limita a, el uso de firewall y cifrado. Aunque hacemos esfuerzos de buena fe por mantener la seguridad de esta informaci\u00f3n personal, ning\u00fan m\u00e9todo de transmisi\u00f3n a trav\u00e9s de Internet o m\u00e9todo de almacenamiento electr\u00f3nico es 100% seguro y no podemos garantizar que permanecer\u00e1 libre de acceso no autorizado, uso, divulgaci\u00f3n o modificaci\u00f3n. Adem\u00e1s, si bien trabajamos arduamente para garantizar la integridad y seguridad de nuestra red y nuestros sistemas, no podemos garantizar que nuestras medidas de seguridad impidan que los hackers u otras personas no autorizadas accedan u obtengan ilegalmente esta informaci\u00f3n.<br\/>Si nos enteramos de una violaci\u00f3n de seguridad que involucre a su informaci\u00f3n personal, podemos intentar notificarle electr\u00f3nicamente para que pueda tomar las medidas de protecci\u00f3n adecuadas. Al utilizar el sitio web Servifibal.cat o al proporcionarnos informaci\u00f3n personal, usted acepta que podamos comunicarnos con usted electr\u00f3nicamente en relaci\u00f3n con cuestiones de seguridad, privacidad y administrativas relacionadas con su uso del sitio. Si ocurre un incumplimiento de los sistemas de seguridad, podemos publicar un aviso en nuestra p\u00e1gina de inicio (servifibal.cat) y podemos enviarle un correo electr\u00f3nico a la direcci\u00f3n de correo electr\u00f3nico que nos haya proporcionado. Dependiendo de d\u00f3nde viva, es posible que tenga el derecho legal de recibir un aviso de una violaci\u00f3n de seguridad, que involucre su informaci\u00f3n personal, por escrito.<\/p>\n\n<h2 class=\"wp-block-heading\">8. Anal\u00edtica<\/h2>\n\n<p>Adem\u00e1s, utilizamos Google Analytics para analizar el uso de nuestros usuarios del sitio. Google Analytics nos proporciona datos agregados para ayudarnos a tomar decisiones comerciales informadas. Al final, Google, como tercero, controla la informaci\u00f3n recopilada a trav\u00e9s de Google Analytics y usted debe verificar y sentirse c\u00f3modo con sus pr\u00e1cticas de privacidad antes de utilizar la p\u00e1gina. Puede revisar la informaci\u00f3n sobre las pr\u00e1cticas de privacidad de Google sobre Google Analytics en http:\/\/www.google.com\/analytics\/learn\/privacy.html.<\/p>\n\n<h2 class=\"wp-block-heading\">9. Actualizaciones a esta pol\u00edtica de privacidad<\/h2>\n\n<p>Ocasionalmente podemos actualizar esta pol\u00edtica de privacidad. Si lo hacemos, cambiaremos la \u00abfecha de entrada en vigencia\u00bb en la parte superior de la pol\u00edtica de privacidad. Antes de realizar cualquier actualizaci\u00f3n que haga que esta pol\u00edtica de privacidad sea materialmente menos restrictiva en nuestro uso o divulgaci\u00f3n de la informaci\u00f3n personal recopilada antes de la actualizaci\u00f3n, le enviaremos un aviso previo de la actualizaci\u00f3n mediante la publicaci\u00f3n de un aviso en nuestro sitio web en la parte superior o inferior de la pol\u00edtica de privacidad actual. Le recomendamos que revise peri\u00f3dicamente esta pol\u00edtica de privacidad para mantenerse informado sobre nuestra recopilaci\u00f3n, uso y divulgaci\u00f3n de informaci\u00f3n personal. El uso continuado de nuestros sitios web constituye su aceptaci\u00f3n de nuestra pol\u00edtica de privacidad vigente en ese momento.<\/p>\n\n<h2 class=\"wp-block-heading\">10. Cont\u00e1ctanos<\/h2>\n\n<p>Si tiene preguntas sobre esta pol\u00edtica de privacidad, puede contactarnos a hola@servifibal.cat<\/p>\n","protected":false},"excerpt":{"rendered":"<p>Fecha de vigencia: 01 de Octubre de 2019Servifibal valora la privacidad de los visitantes de nuestro sitio web y las personas cuya informaci\u00f3n personal recibimos a trav\u00e9s del uso de presentaciones de formularios y otros servicios relacionados. Esta pol\u00edtica de privacidad explica c\u00f3mo recopilamos informaci\u00f3n personal en nuestro sitio web y c\u00f3mo usamos y divulgamos [&hellip;]<\/p>\n","protected":false},"author":1,"featured_media":0,"parent":0,"menu_order":0,"comment_status":"closed","ping_status":"closed","template":"","meta":{"_joinchat":[],"footnotes":""},"class_list":["post-76197","page","type-page","status-publish","hentry"],"yoast_head":"<!-- This site is optimized with the Yoast SEO plugin v27.1.1 - https:\/\/yoast.com\/product\/yoast-seo-wordpress\/ -->\n<title>Pol\u00edtica de privacidad - Servifibal<\/title>\n<meta name=\"robots\" content=\"index, follow, max-snippet:-1, max-image-preview:large, max-video-preview:-1\" \/>\n<link rel=\"canonical\" href=\"https:\/\/servifibal.cat\/es\/politica-de-privacidad\/\" \/>\n<meta property=\"og:locale\" content=\"es_ES\" \/>\n<meta property=\"og:type\" content=\"article\" \/>\n<meta property=\"og:title\" content=\"Pol\u00edtica de privacidad - Servifibal\" \/>\n<meta property=\"og:description\" content=\"Fecha de vigencia: 01 de Octubre de 2019Servifibal valora la privacidad de los visitantes de nuestro sitio web y las personas cuya informaci\u00f3n personal recibimos a trav\u00e9s del uso de presentaciones de formularios y otros servicios relacionados. Esta pol\u00edtica de privacidad explica c\u00f3mo recopilamos informaci\u00f3n personal en nuestro sitio web y c\u00f3mo usamos y divulgamos [&hellip;]\" \/>\n<meta property=\"og:url\" content=\"https:\/\/servifibal.cat\/es\/politica-de-privacidad\/\" \/>\n<meta property=\"og:site_name\" content=\"Servifibal\" \/>\n<meta property=\"article:modified_time\" content=\"2026-01-30T17:32:16+00:00\" \/>\n<meta name=\"twitter:card\" content=\"summary_large_image\" \/>\n<meta name=\"twitter:label1\" content=\"Tiempo de lectura\" \/>\n\t<meta name=\"twitter:data1\" content=\"11 minutos\" \/>\n<script type=\"application\/ld+json\" class=\"yoast-schema-graph\">{\"@context\":\"https:\/\/schema.org\",\"@graph\":[{\"@type\":\"WebPage\",\"@id\":\"https:\/\/servifibal.cat\/es\/politica-de-privacidad\/\",\"url\":\"https:\/\/servifibal.cat\/es\/politica-de-privacidad\/\",\"name\":\"Pol\u00edtica de privacidad - Servifibal\",\"isPartOf\":{\"@id\":\"https:\/\/servifibal.cat\/es\/#website\"},\"datePublished\":\"2025-11-14T18:42:29+00:00\",\"dateModified\":\"2026-01-30T17:32:16+00:00\",\"breadcrumb\":{\"@id\":\"https:\/\/servifibal.cat\/es\/politica-de-privacidad\/#breadcrumb\"},\"inLanguage\":\"es\",\"potentialAction\":[{\"@type\":\"ReadAction\",\"target\":[\"https:\/\/servifibal.cat\/es\/politica-de-privacidad\/\"]}]},{\"@type\":\"BreadcrumbList\",\"@id\":\"https:\/\/servifibal.cat\/es\/politica-de-privacidad\/#breadcrumb\",\"itemListElement\":[{\"@type\":\"ListItem\",\"position\":1,\"name\":\"Portada\",\"item\":\"https:\/\/servifibal.cat\/es\/inicio\/\"},{\"@type\":\"ListItem\",\"position\":2,\"name\":\"Pol\u00edtica de privacidad\"}]},{\"@type\":\"WebSite\",\"@id\":\"https:\/\/servifibal.cat\/es\/#website\",\"url\":\"https:\/\/servifibal.cat\/es\/\",\"name\":\"Servifibal\",\"description\":\"Solucions per al petit comer\u00e7\",\"publisher\":{\"@id\":\"https:\/\/servifibal.cat\/es\/#organization\"},\"potentialAction\":[{\"@type\":\"SearchAction\",\"target\":{\"@type\":\"EntryPoint\",\"urlTemplate\":\"https:\/\/servifibal.cat\/es\/?s={search_term_string}\"},\"query-input\":{\"@type\":\"PropertyValueSpecification\",\"valueRequired\":true,\"valueName\":\"search_term_string\"}}],\"inLanguage\":\"es\"},{\"@type\":\"Organization\",\"@id\":\"https:\/\/servifibal.cat\/es\/#organization\",\"name\":\"Servifibal\",\"url\":\"https:\/\/servifibal.cat\/es\/\",\"logo\":{\"@type\":\"ImageObject\",\"inLanguage\":\"es\",\"@id\":\"https:\/\/servifibal.cat\/es\/#\/schema\/logo\/image\/\",\"url\":\"https:\/\/servifibal.cat\/wp-content\/uploads\/2025\/11\/00-Logo-nou-blanc.png\",\"contentUrl\":\"https:\/\/servifibal.cat\/wp-content\/uploads\/2025\/11\/00-Logo-nou-blanc.png\",\"width\":176,\"height\":38,\"caption\":\"Servifibal\"},\"image\":{\"@id\":\"https:\/\/servifibal.cat\/es\/#\/schema\/logo\/image\/\"}}]}<\/script>\n<!-- \/ Yoast SEO plugin. -->","yoast_head_json":{"title":"Pol\u00edtica de privacidad - Servifibal","robots":{"index":"index","follow":"follow","max-snippet":"max-snippet:-1","max-image-preview":"max-image-preview:large","max-video-preview":"max-video-preview:-1"},"canonical":"https:\/\/servifibal.cat\/es\/politica-de-privacidad\/","og_locale":"es_ES","og_type":"article","og_title":"Pol\u00edtica de privacidad - Servifibal","og_description":"Fecha de vigencia: 01 de Octubre de 2019Servifibal valora la privacidad de los visitantes de nuestro sitio web y las personas cuya informaci\u00f3n personal recibimos a trav\u00e9s del uso de presentaciones de formularios y otros servicios relacionados. Esta pol\u00edtica de privacidad explica c\u00f3mo recopilamos informaci\u00f3n personal en nuestro sitio web y c\u00f3mo usamos y divulgamos [&hellip;]","og_url":"https:\/\/servifibal.cat\/es\/politica-de-privacidad\/","og_site_name":"Servifibal","article_modified_time":"2026-01-30T17:32:16+00:00","twitter_card":"summary_large_image","twitter_misc":{"Tiempo de lectura":"11 minutos"},"schema":{"@context":"https:\/\/schema.org","@graph":[{"@type":"WebPage","@id":"https:\/\/servifibal.cat\/es\/politica-de-privacidad\/","url":"https:\/\/servifibal.cat\/es\/politica-de-privacidad\/","name":"Pol\u00edtica de privacidad - Servifibal","isPartOf":{"@id":"https:\/\/servifibal.cat\/es\/#website"},"datePublished":"2025-11-14T18:42:29+00:00","dateModified":"2026-01-30T17:32:16+00:00","breadcrumb":{"@id":"https:\/\/servifibal.cat\/es\/politica-de-privacidad\/#breadcrumb"},"inLanguage":"es","potentialAction":[{"@type":"ReadAction","target":["https:\/\/servifibal.cat\/es\/politica-de-privacidad\/"]}]},{"@type":"BreadcrumbList","@id":"https:\/\/servifibal.cat\/es\/politica-de-privacidad\/#breadcrumb","itemListElement":[{"@type":"ListItem","position":1,"name":"Portada","item":"https:\/\/servifibal.cat\/es\/inicio\/"},{"@type":"ListItem","position":2,"name":"Pol\u00edtica de privacidad"}]},{"@type":"WebSite","@id":"https:\/\/servifibal.cat\/es\/#website","url":"https:\/\/servifibal.cat\/es\/","name":"Servifibal","description":"Solucions per al petit comer\u00e7","publisher":{"@id":"https:\/\/servifibal.cat\/es\/#organization"},"potentialAction":[{"@type":"SearchAction","target":{"@type":"EntryPoint","urlTemplate":"https:\/\/servifibal.cat\/es\/?s={search_term_string}"},"query-input":{"@type":"PropertyValueSpecification","valueRequired":true,"valueName":"search_term_string"}}],"inLanguage":"es"},{"@type":"Organization","@id":"https:\/\/servifibal.cat\/es\/#organization","name":"Servifibal","url":"https:\/\/servifibal.cat\/es\/","logo":{"@type":"ImageObject","inLanguage":"es","@id":"https:\/\/servifibal.cat\/es\/#\/schema\/logo\/image\/","url":"https:\/\/servifibal.cat\/wp-content\/uploads\/2025\/11\/00-Logo-nou-blanc.png","contentUrl":"https:\/\/servifibal.cat\/wp-content\/uploads\/2025\/11\/00-Logo-nou-blanc.png","width":176,"height":38,"caption":"Servifibal"},"image":{"@id":"https:\/\/servifibal.cat\/es\/#\/schema\/logo\/image\/"}}]}},"_links":{"self":[{"href":"https:\/\/servifibal.cat\/es\/wp-json\/wp\/v2\/pages\/76197","targetHints":{"allow":["GET"]}}],"collection":[{"href":"https:\/\/servifibal.cat\/es\/wp-json\/wp\/v2\/pages"}],"about":[{"href":"https:\/\/servifibal.cat\/es\/wp-json\/wp\/v2\/types\/page"}],"author":[{"embeddable":true,"href":"https:\/\/servifibal.cat\/es\/wp-json\/wp\/v2\/users\/1"}],"replies":[{"embeddable":true,"href":"https:\/\/servifibal.cat\/es\/wp-json\/wp\/v2\/comments?post=76197"}],"version-history":[{"count":1,"href":"https:\/\/servifibal.cat\/es\/wp-json\/wp\/v2\/pages\/76197\/revisions"}],"predecessor-version":[{"id":76198,"href":"https:\/\/servifibal.cat\/es\/wp-json\/wp\/v2\/pages\/76197\/revisions\/76198"}],"wp:attachment":[{"href":"https:\/\/servifibal.cat\/es\/wp-json\/wp\/v2\/media?parent=76197"}],"curies":[{"name":"wp","href":"https:\/\/api.w.org\/{rel}","templated":true}]}}