{"id":76195,"date":"2025-11-14T18:45:53","date_gmt":"2025-11-14T18:45:53","guid":{"rendered":"https:\/\/servifibal.cat\/redes-sociales\/"},"modified":"2026-01-30T17:26:07","modified_gmt":"2026-01-30T17:26:07","slug":"redes-sociales","status":"publish","type":"page","link":"https:\/\/servifibal.cat\/es\/redes-sociales\/","title":{"rendered":"Redes sociales"},"content":{"rendered":"\n<h4 class=\"wp-block-heading\">POL\u00cdTICA DE PRIVACIDAD REDES SOCIALES<\/h4>\n\n<p>De conformidad con lo que se establece en la normativa vigente y aplicable de protecci\u00f3n de datos de car\u00e1cter<br\/> personal y la Ley 34\/2002, de 11 de julio, de Servicios de la Sociedad de la Informaci\u00f3n y de Comercio<br\/> Electr\u00f3nico (LSSI-CE), SERVIFIBAL SL informa a los usuarios, que ha procedido a crear un perfil en la\/s Red\/es<br\/> Social\/es Facebook, Instagram, con la finalidad principal de publicitar sus productos y servicios.<\/p>\n\n<h4 class=\"wp-block-heading\">Datos de SERVIFIBAL SL:<\/h4>\n\n<ul class=\"wp-block-list\">\n<li>NIF: B62008768<\/li>\n\n\n\n<li>DIRECCI\u00d3N: SALVADOR ESPRIU 5,08328 ALELLA(BARCELONA)<\/li>\n\n\n\n<li>CORREO ELECTR\u00d3NICO: HOLA@SERVIFIBAL.CAT .<\/li>\n<\/ul>\n\n<p>El usuario dispone de un perfil en la misma Red Social y ha decidido unirse a la p\u00e1gina creada por SERVIFIBAL<br\/> SL, mostrando as\u00ed inter\u00e9s en la informaci\u00f3n que se publicite en la Red. Al unirse a nuestra p\u00e1gina, nos facilita su<br\/> consentimiento para el tratamiento de aquellos datos personales publicados en su perfil. <\/p>\n\n<p>El usuario puede acceder en todo momento a las pol\u00edticas de privacidad de la propia Red Social, as\u00ed como<br\/> configurar su perfil para garantizar su privacidad.<\/p>\n\n<p>SERVIFIBAL SL tiene acceso y trata aquella informaci\u00f3n p\u00fablica del usuario, especialmente, su nombre de<br\/> contacto. Estos datos s\u00f3lo son utilizados dentro de la propia Red Social. No son incorporados a ning\u00fan sistema<br\/> de tratamiento.  <\/p>\n\n<h4 class=\"wp-block-heading\">Derechos de los interesados<\/h4>\n\n<p>En relaci\u00f3n con los derechos de acceso, rectificaci\u00f3n, limitaci\u00f3n de tratamiento, supresi\u00f3n, portabilidad y oposici\u00f3n<br\/> al tratamiento de sus datos de car\u00e1cter personal, de los que usted dispone y que pueden ser ejercitados ante<br\/> SERVIFIBAL SL, de acuerdo con la RGPD, debe tener en cuenta los siguientes matices:<\/p>\n\n<ul class=\"wp-block-list\">\n<li>Derecho de Acceso: Es el derecho del usuario a obtener informaci\u00f3n sobre sus datos concretos de<br\/> car\u00e1cter personal y del tratamiento que se haya realizado o realice, as\u00ed como de la informaci\u00f3n<br\/> disponible sobre el origen de estos datos y las comunicaciones realizadas o previstas de \u00e9stos.<\/li>\n\n\n\n<li>Derecho de Rectificaci\u00f3n: Es el derecho del afectado a que se modifiquen los datos que resulten ser<br\/> inexactos o incompletos. S\u00f3lo podr\u00e1 satisfacerse en relaci\u00f3n a aquella informaci\u00f3n que se encuentre<br\/> bajo el control de SERVIFIBAL SL, por ejemplo, eliminar comentarios publicados en la propia p\u00e1gina,<br\/> im\u00e1genes o contenidos web donde consten datos de car\u00e1cter personal del usuario. <\/li>\n\n\n\n<li>Derecho a la Limitaci\u00f3n de tratamiento: Es el derecho a que se limiten los fines del tratamiento previstos<br\/> de forma original por el responsable del tratamiento.<\/li>\n\n\n\n<li>Derecho de Supresi\u00f3n: Es el derecho a suprimir los datos de car\u00e1cter personal del usuario, a excepci\u00f3n<br\/> de lo que se prev\u00e9 en el propio RGPD o en otras normativas aplicables que determinen la obligatoriedad de<br\/> su conservaci\u00f3n, en tiempo y forma.<\/li>\n\n\n\n<li>Derecho de portabilidad: El derecho a recibir los datos personales que el usuario, haya facilitado, en un<br\/> formato estructurado, de uso com\u00fan y lectura mec\u00e1nica, y transmitirlos a otro responsable.<\/li>\n\n\n\n<li>Derecho de Oposici\u00f3n: Es el derecho del usuario a que no se lleve a cabo el tratamiento de sus datos de car\u00e1cter personal o se cese el tratamiento de los mismos por SERVIFIBAL SL.<\/li>\n<\/ul>\n\n<p>SERVIFIBAL SL realizar\u00e1 las siguientes actuaciones:<\/p>\n\n<ul class=\"wp-block-list\">\n<li>Acceso a la informaci\u00f3n p\u00fablica del perfil.<\/li>\n\n\n\n<li>Publicaci\u00f3n en el perfil del usuario de toda esa informaci\u00f3n ya publicada en la p\u00e1gina de SERVIFIBAL SL.<\/li>\n\n\n\n<li>Enviar mensajes personales e individuales a trav\u00e9s de los canales de la Red Social.<\/li>\n\n\n\n<li>Actualizaciones del estado de la p\u00e1gina que se publicar\u00e1n en el perfil del usuario.<\/li>\n<\/ul>\n\n<p>El usuario siempre puede controlar sus conexiones, eliminar los contenidos que dejen de interesarle y restringir<br\/> con quien comparte sus conexiones, para ello deber\u00e1 acceder a su configuraci\u00f3n de privacidad.<\/p>\n\n<h4 class=\"wp-block-heading\">Publicaciones<\/h4>\n\n<p>El usuario, una vez unido a la p\u00e1gina de SERVIFIBAL SL, podr\u00e1 publicar en esta \u00faltima comentarios, enlaces,<br\/> im\u00e1genes o fotograf\u00edas o cualquier otro tipo de contenido multimedia soportado por la Red Social. El usuario, en<br\/> todos los casos, debe ser el titular de \u00e9stos, gozar de los derechos de autor y de propiedad intelectual o<br\/> contar con el consentimiento de los terceros afectados. Se proh\u00edbe expresamente cualquier publicaci\u00f3n en la<br\/> p\u00e1gina, ya sean textos, gr\u00e1ficos, fotograf\u00edas, v\u00eddeos, etc. que atenten o sean susceptibles de atentar contra la<br\/> moral, la \u00e9tica, el buen gusto o el decoro, y\/o que infrinjan, violen o infrinjan los derechos de propiedad<br\/> intelectual o industrial, el derecho a la imagen o la ley. En estos casos, SERVIFIBAL SL se reserva el derecho a<br\/> retirar de inmediato el contenido, pudiendo solicitar el bloqueo permanente del usuario.   <\/p>\n\n<p>SERVIFIBAL SL no se har\u00e1 responsable de los contenidos que libremente ha publicado un usuario.<\/p>\n\n<p>El usuario debe tener presente que sus publicaciones ser\u00e1n conocidas por los dem\u00e1s usuarios, por lo que \u00e9l<br\/> mismo es el principal responsable de su privacidad.<\/p>\n\n<p>Las im\u00e1genes que puedan publicarse en la p\u00e1gina no ser\u00e1n almacenadas en ning\u00fan sistema de tratamiento por<br\/> parte de SERVIFIBAL SL, pero s\u00ed que permanecer\u00e1n en la Red Social.<\/p>\n\n<h4 class=\"wp-block-heading\">Concursos y promociones<\/h4>\n\n<p>SERVIFIBAL SL se reserva el derecho a realizar concursos y promociones, en los que podr\u00e1 participar el usuario<br\/> unido a su p\u00e1gina. Las bases de cada uno de ellos, cuando se utilice para ello la plataforma de la Red Social,<br\/> ser\u00e1n publicadas en \u00e9sta. Cumpliendo siempre con la LSSI-CE y cualquier otra norma que le sea aplicable.  <\/p>\n\n<p>La Red Social no patrocina, avala ni administra, de ning\u00fan modo, ninguna de nuestras promociones, ni est\u00e1<br\/> asociada a ninguna de ellas.<\/p>\n\n<h4 class=\"wp-block-heading\">Publicidad<\/h4>\n\n<p>SERVIFIBAL SL utilizar\u00e1 la Red Social para publicitar sus productos y servicios, en todo caso, si decide tratar<br\/> sus datos de contacto para realizar acciones directas de prospecci\u00f3n comercial, ser\u00e1 siempre, cumpliendo con<br\/> las exigencias legales de la normativa en materia de protecci\u00f3n de datos y de la LSSI-CE.<\/p>\n\n<p>No se considerar\u00e1 publicidad recomendar a otros usuarios la p\u00e1gina de SERVIFIBAL SL para que<br\/> tambi\u00e9n ellos puedan gozar de las promociones o estar informados de su actividad.<\/p>\n\n<p>A continuaci\u00f3n, detallamos el enlace a la pol\u00edtica de privacidad de la Red Social:<\/p>\n\n<ul class=\"wp-block-list\">\n<li>Facebook: https:\/\/es-es.facebook.com\/privacy\/explanation<\/li>\n\n\n\n<li>Instagram: http:\/\/instagram.com\/about\/legal\/privacy\/<\/li>\n<\/ul>\n","protected":false},"excerpt":{"rendered":"<p>POL\u00cdTICA DE PRIVACIDAD REDES SOCIALES De conformidad con lo que se establece en la normativa vigente y aplicable de protecci\u00f3n de datos de car\u00e1cter personal y la Ley 34\/2002, de 11 de julio, de Servicios de la Sociedad de la Informaci\u00f3n y de Comercio Electr\u00f3nico (LSSI-CE), SERVIFIBAL SL informa a los usuarios, que ha procedido [&hellip;]<\/p>\n","protected":false},"author":1,"featured_media":0,"parent":0,"menu_order":0,"comment_status":"closed","ping_status":"closed","template":"","meta":{"_joinchat":[],"footnotes":""},"class_list":["post-76195","page","type-page","status-publish","hentry"],"yoast_head":"<!-- This site is optimized with the Yoast SEO plugin v27.5 - https:\/\/yoast.com\/product\/yoast-seo-wordpress\/ -->\n<title>Redes sociales - Servifibal<\/title>\n<meta name=\"robots\" content=\"index, follow, max-snippet:-1, max-image-preview:large, max-video-preview:-1\" \/>\n<link rel=\"canonical\" href=\"https:\/\/servifibal.cat\/es\/redes-sociales\/\" \/>\n<meta property=\"og:locale\" content=\"es_ES\" \/>\n<meta property=\"og:type\" content=\"article\" \/>\n<meta property=\"og:title\" content=\"Redes sociales - Servifibal\" \/>\n<meta property=\"og:description\" content=\"POL\u00cdTICA DE PRIVACIDAD REDES SOCIALES De conformidad con lo que se establece en la normativa vigente y aplicable de protecci\u00f3n de datos de car\u00e1cter personal y la Ley 34\/2002, de 11 de julio, de Servicios de la Sociedad de la Informaci\u00f3n y de Comercio Electr\u00f3nico (LSSI-CE), SERVIFIBAL SL informa a los usuarios, que ha procedido [&hellip;]\" \/>\n<meta property=\"og:url\" content=\"https:\/\/servifibal.cat\/es\/redes-sociales\/\" \/>\n<meta property=\"og:site_name\" content=\"Servifibal\" \/>\n<meta property=\"article:modified_time\" content=\"2026-01-30T17:26:07+00:00\" \/>\n<meta name=\"twitter:card\" content=\"summary_large_image\" \/>\n<meta name=\"twitter:label1\" content=\"Tiempo de lectura\" \/>\n\t<meta name=\"twitter:data1\" content=\"5 minutos\" \/>\n<script type=\"application\/ld+json\" class=\"yoast-schema-graph\">{\"@context\":\"https:\\\/\\\/schema.org\",\"@graph\":[{\"@type\":\"WebPage\",\"@id\":\"https:\\\/\\\/servifibal.cat\\\/es\\\/redes-sociales\\\/\",\"url\":\"https:\\\/\\\/servifibal.cat\\\/es\\\/redes-sociales\\\/\",\"name\":\"Redes sociales - Servifibal\",\"isPartOf\":{\"@id\":\"https:\\\/\\\/servifibal.cat\\\/es\\\/#website\"},\"datePublished\":\"2025-11-14T18:45:53+00:00\",\"dateModified\":\"2026-01-30T17:26:07+00:00\",\"breadcrumb\":{\"@id\":\"https:\\\/\\\/servifibal.cat\\\/es\\\/redes-sociales\\\/#breadcrumb\"},\"inLanguage\":\"es\",\"potentialAction\":[{\"@type\":\"ReadAction\",\"target\":[\"https:\\\/\\\/servifibal.cat\\\/es\\\/redes-sociales\\\/\"]}]},{\"@type\":\"BreadcrumbList\",\"@id\":\"https:\\\/\\\/servifibal.cat\\\/es\\\/redes-sociales\\\/#breadcrumb\",\"itemListElement\":[{\"@type\":\"ListItem\",\"position\":1,\"name\":\"Portada\",\"item\":\"https:\\\/\\\/servifibal.cat\\\/es\\\/inicio\\\/\"},{\"@type\":\"ListItem\",\"position\":2,\"name\":\"Redes sociales\"}]},{\"@type\":\"WebSite\",\"@id\":\"https:\\\/\\\/servifibal.cat\\\/es\\\/#website\",\"url\":\"https:\\\/\\\/servifibal.cat\\\/es\\\/\",\"name\":\"Servifibal\",\"description\":\"Solucions per al petit comer\u00e7\",\"publisher\":{\"@id\":\"https:\\\/\\\/servifibal.cat\\\/es\\\/#organization\"},\"potentialAction\":[{\"@type\":\"SearchAction\",\"target\":{\"@type\":\"EntryPoint\",\"urlTemplate\":\"https:\\\/\\\/servifibal.cat\\\/es\\\/?s={search_term_string}\"},\"query-input\":{\"@type\":\"PropertyValueSpecification\",\"valueRequired\":true,\"valueName\":\"search_term_string\"}}],\"inLanguage\":\"es\"},{\"@type\":\"Organization\",\"@id\":\"https:\\\/\\\/servifibal.cat\\\/es\\\/#organization\",\"name\":\"Servifibal\",\"url\":\"https:\\\/\\\/servifibal.cat\\\/es\\\/\",\"logo\":{\"@type\":\"ImageObject\",\"inLanguage\":\"es\",\"@id\":\"https:\\\/\\\/servifibal.cat\\\/es\\\/#\\\/schema\\\/logo\\\/image\\\/\",\"url\":\"https:\\\/\\\/servifibal.cat\\\/wp-content\\\/uploads\\\/2025\\\/11\\\/00-Logo-nou-blanc.png\",\"contentUrl\":\"https:\\\/\\\/servifibal.cat\\\/wp-content\\\/uploads\\\/2025\\\/11\\\/00-Logo-nou-blanc.png\",\"width\":176,\"height\":38,\"caption\":\"Servifibal\"},\"image\":{\"@id\":\"https:\\\/\\\/servifibal.cat\\\/es\\\/#\\\/schema\\\/logo\\\/image\\\/\"}}]}<\/script>\n<!-- \/ Yoast SEO plugin. -->","yoast_head_json":{"title":"Redes sociales - Servifibal","robots":{"index":"index","follow":"follow","max-snippet":"max-snippet:-1","max-image-preview":"max-image-preview:large","max-video-preview":"max-video-preview:-1"},"canonical":"https:\/\/servifibal.cat\/es\/redes-sociales\/","og_locale":"es_ES","og_type":"article","og_title":"Redes sociales - Servifibal","og_description":"POL\u00cdTICA DE PRIVACIDAD REDES SOCIALES De conformidad con lo que se establece en la normativa vigente y aplicable de protecci\u00f3n de datos de car\u00e1cter personal y la Ley 34\/2002, de 11 de julio, de Servicios de la Sociedad de la Informaci\u00f3n y de Comercio Electr\u00f3nico (LSSI-CE), SERVIFIBAL SL informa a los usuarios, que ha procedido [&hellip;]","og_url":"https:\/\/servifibal.cat\/es\/redes-sociales\/","og_site_name":"Servifibal","article_modified_time":"2026-01-30T17:26:07+00:00","twitter_card":"summary_large_image","twitter_misc":{"Tiempo de lectura":"5 minutos"},"schema":{"@context":"https:\/\/schema.org","@graph":[{"@type":"WebPage","@id":"https:\/\/servifibal.cat\/es\/redes-sociales\/","url":"https:\/\/servifibal.cat\/es\/redes-sociales\/","name":"Redes sociales - Servifibal","isPartOf":{"@id":"https:\/\/servifibal.cat\/es\/#website"},"datePublished":"2025-11-14T18:45:53+00:00","dateModified":"2026-01-30T17:26:07+00:00","breadcrumb":{"@id":"https:\/\/servifibal.cat\/es\/redes-sociales\/#breadcrumb"},"inLanguage":"es","potentialAction":[{"@type":"ReadAction","target":["https:\/\/servifibal.cat\/es\/redes-sociales\/"]}]},{"@type":"BreadcrumbList","@id":"https:\/\/servifibal.cat\/es\/redes-sociales\/#breadcrumb","itemListElement":[{"@type":"ListItem","position":1,"name":"Portada","item":"https:\/\/servifibal.cat\/es\/inicio\/"},{"@type":"ListItem","position":2,"name":"Redes sociales"}]},{"@type":"WebSite","@id":"https:\/\/servifibal.cat\/es\/#website","url":"https:\/\/servifibal.cat\/es\/","name":"Servifibal","description":"Solucions per al petit comer\u00e7","publisher":{"@id":"https:\/\/servifibal.cat\/es\/#organization"},"potentialAction":[{"@type":"SearchAction","target":{"@type":"EntryPoint","urlTemplate":"https:\/\/servifibal.cat\/es\/?s={search_term_string}"},"query-input":{"@type":"PropertyValueSpecification","valueRequired":true,"valueName":"search_term_string"}}],"inLanguage":"es"},{"@type":"Organization","@id":"https:\/\/servifibal.cat\/es\/#organization","name":"Servifibal","url":"https:\/\/servifibal.cat\/es\/","logo":{"@type":"ImageObject","inLanguage":"es","@id":"https:\/\/servifibal.cat\/es\/#\/schema\/logo\/image\/","url":"https:\/\/servifibal.cat\/wp-content\/uploads\/2025\/11\/00-Logo-nou-blanc.png","contentUrl":"https:\/\/servifibal.cat\/wp-content\/uploads\/2025\/11\/00-Logo-nou-blanc.png","width":176,"height":38,"caption":"Servifibal"},"image":{"@id":"https:\/\/servifibal.cat\/es\/#\/schema\/logo\/image\/"}}]}},"_links":{"self":[{"href":"https:\/\/servifibal.cat\/es\/wp-json\/wp\/v2\/pages\/76195","targetHints":{"allow":["GET"]}}],"collection":[{"href":"https:\/\/servifibal.cat\/es\/wp-json\/wp\/v2\/pages"}],"about":[{"href":"https:\/\/servifibal.cat\/es\/wp-json\/wp\/v2\/types\/page"}],"author":[{"embeddable":true,"href":"https:\/\/servifibal.cat\/es\/wp-json\/wp\/v2\/users\/1"}],"replies":[{"embeddable":true,"href":"https:\/\/servifibal.cat\/es\/wp-json\/wp\/v2\/comments?post=76195"}],"version-history":[{"count":1,"href":"https:\/\/servifibal.cat\/es\/wp-json\/wp\/v2\/pages\/76195\/revisions"}],"predecessor-version":[{"id":76196,"href":"https:\/\/servifibal.cat\/es\/wp-json\/wp\/v2\/pages\/76195\/revisions\/76196"}],"wp:attachment":[{"href":"https:\/\/servifibal.cat\/es\/wp-json\/wp\/v2\/media?parent=76195"}],"curies":[{"name":"wp","href":"https:\/\/api.w.org\/{rel}","templated":true}]}}